{"id":20622,"date":"2024-06-21T15:15:42","date_gmt":"2024-06-21T13:15:42","guid":{"rendered":"https:\/\/bancasempione.ch\/ihre-karriere-bei-uns\/"},"modified":"2025-11-04T12:25:23","modified_gmt":"2025-11-04T11:25:23","slug":"ihre-karriere-bei-uns","status":"publish","type":"page","link":"https:\/\/www.bancasempione.ch\/de\/ihre-karriere-bei-uns\/","title":{"rendered":"Ihre Karriere bei uns"},"content":{"rendered":"<section class=\"content-block-bg alignfull\" style=\"background: linear-gradient(0deg, rgba(0, 0, 0, 50%), rgba(0, 0, 0, 50%)), url(https:\/\/www.bancasempione.ch\/wp-content\/uploads\/banca_sempione_lavora_con_noi.jpg) ;  background-position-x: 50% !important;  min-height:70vh;\"><div class=\"content-block is-position-bottom-left   \" style=\" min-height:70vh;\" ><div class=\"wp-block-cover__inner-container\">\n\n<p class=\"has-primario-color has-text-color\">IHRE KARRIERE BEI UNS<\/p>\n\n\n\n<h1 class=\"wp-block-heading has-white-color has-text-color has-titolo-xxxl-font-size\" style=\"font-style:normal;font-weight:300\">Wir bieten Ihnen <strong>die Sicherheit<\/strong>, <strong>die Erfahrung und die Werte<\/strong> einer soliden und etablierten Gruppe.<\/h1>\n\n<\/div><\/div><\/section>\n\n\n<div class=\"wp-block-group alignfull has-background is-layout-flow wp-block-group-is-layout-flow\" style=\"background-color:#eeeeee\"><section class=\"content-block-bg alignfull\" style=\" min-height:10vh;\"><div class=\"content-block is-position-center-center  has-black-color has-text-color \" style=\" min-height:10vh;\" ><div class=\"wp-block-cover__inner-container\">\n\n<div class=\"wp-block-columns is-layout-flex wp-container-core-columns-is-layout-24c49c62 wp-block-columns-is-layout-flex\" style=\"margin-top:0;padding-top:0;padding-right:0;padding-bottom:0;padding-left:0\">\n<div class=\"wp-block-column is-vertically-aligned-top is-layout-flow wp-block-column-is-layout-flow\" style=\"flex-basis:40%\">\n<p class=\"has-text-align-left has-primario-color has-text-color\" style=\"text-transform:uppercase\">IHRE KARRIERE BEI UNS<\/p>\n\n\n\n<h3 class=\"wp-block-heading has-text-align-left has-titolo-xl-font-size\" style=\"font-style:normal;font-weight:300\"><strong>3 optimale Gr\u00fcnde<\/strong>, in unserer Team einzusteigen<\/h3>\n<\/div>\n\n\n\n<div class=\"wp-block-column is-layout-flow wp-block-column-is-layout-flow\">\n<p><\/p>\n<\/div>\n\n\n\n<div class=\"wp-block-column is-layout-flow wp-block-column-is-layout-flow\" style=\"flex-basis:50%\">\n<div style=\"height:80px\" aria-hidden=\"true\" class=\"wp-block-spacer no-mobile\"><\/div>\n\n\n\n<p class=\"has-titolo-font-size\" style=\"font-style:normal;font-weight:300\">1. Bei uns steht der <strong>Mensch<\/strong> an erster Stelle<\/p>\n\n\n\n<p class=\"has-black-color has-text-color\">Unsere Bank st\u00fctzt sich auf den wertvollsten Wert: den Menschen. Wir erkennen und sch\u00e4tzen das einzigartige Talent jedes einzelnen Mitarbeitenden, der das pulsierende Herz unserer Organisation ist.<\/p>\n\n\n\n<hr class=\"wp-block-separator has-text-color has-cyan-bluish-gray-color has-alpha-channel-opacity has-cyan-bluish-gray-background-color has-background is-style-wide\" style=\"margin-top:var(--wp--preset--spacing--30);margin-bottom:0\"\/>\n\n\n\n<p class=\"has-titolo-font-size\" style=\"font-style:normal;font-weight:300\">2. Eine <strong>Schweizer Privatbank<\/strong> mit Blick in die Welt<\/p>\n\n\n\n<p>Wir sind im Tessin zu Hause und unser Hauptsitz befindet sich in Lugano, aber unser Blick ist stets in die Welt gerichtet.<\/p>\n\n\n\n<hr class=\"wp-block-separator has-text-color has-cyan-bluish-gray-color has-alpha-channel-opacity has-cyan-bluish-gray-background-color has-background is-style-wide\" style=\"margin-top:var(--wp--preset--spacing--30);margin-bottom:0\"\/>\n\n\n\n<p class=\"has-titolo-font-size\" style=\"font-style:normal;font-weight:300\">3. <strong>Wohlbefinden und Gleichgewicht<\/strong><\/p>\n\n\n\n<p>Wir bieten ein gesundes Arbeitsumfeld, ein Faktor, der f\u00fcr das Wohlbefinden unserer Mitarbeitenden unerl\u00e4sslich ist. Gleichzeitig f\u00f6rdern wir die Optimierung individueller und kollektiver Leistungen. Jede Woche bieten wir frisches Obst an, um eine gesunde Lebensweise zu f\u00f6rdern. Wir haben einen Gem\u00fcsegarten, in dem man eine \u201ealternative&#8220; Pause verbringen kann, und wir stellen allen Mitarbeitenden Welfare-Plattformen und Verg\u00fcnstigungen aller Art zur Verf\u00fcgung.<br>Wir f\u00f6rdern gegenseitigen Respekt, Transparenz, Fairness und Inklusion und verfolgen einen ganzheitlichen Ansatz, der die Vereinbarkeit von Berufs- und Privatleben erleichtert, z. B. durch unsere flexible Smart Working-Politik.<\/p>\n<\/div>\n<\/div>\n\n<\/div><\/div><\/section><\/div>\n\n\n\n<div class=\"wp-block-group has-global-padding is-layout-constrained wp-block-group-is-layout-constrained\">\n<div style=\"height:50px\" aria-hidden=\"true\" class=\"wp-block-spacer\"><\/div>\n\n\n\n<h2 class=\"wp-block-heading has-titolo-xl-font-size\" style=\"font-style:normal;font-weight:300\">Entdecken Sie unsere <strong>offenen Stellen<\/strong><\/h2>\n\n\n\n<div style=\"height:50px\" aria-hidden=\"true\" class=\"wp-block-spacer\"><\/div>\n\n\n\n<div class=\"wp-block-query alignfull has-global-padding is-layout-constrained wp-block-query-is-layout-constrained\">\n\n\n\n<div class=\"wp-block-query-no-results\">\n\n<p class=\"has-text-align-center has-light-gray-color has-text-color\">Keine offenen Stellen.<\/p>\n\n\n\n<div style=\"height:100px\" aria-hidden=\"true\" class=\"wp-block-spacer\"><\/div>\n\n<\/div><\/div>\n<\/div>\n\n\n\n<div class=\"wp-block-group alignfull has-background has-global-padding is-layout-constrained wp-block-group-is-layout-constrained\" style=\"background-color:#eeeeee;margin-top:0vh;margin-bottom:0vw;padding-top:8vh;padding-bottom:8vh\">\n<p class=\"has-text-align-center has-titolo-xl-font-size\" style=\"margin-bottom:0;padding-right:0;padding-left:0\">Sie haben nicht die <strong>Position<\/strong> gefunden, die Sie interessiert?<br>Schicken Sie Ihre Bewerbung trotzdem ab.<\/p>\n\n\n\n\n<div class=\"wp-block-buttons wp-block-button is-content-justification-center is-layout-flex wp-container-core-buttons-is-layout-0b1bf01a wp-block-buttons-is-layout-flex\">\n<div class=\"wp-block-frm-modal-button wp-block-button\"><a data-toggle=\"modal\" data-bs-toggle=\"modal\" data-target=\"#frm-modal-0\" data-bs-target=\"#frm-modal-0\" class=\"wp-block-frm-modal-button__link wp-block-button__link wp-element-button\">SPONTANBEWERBUNG<\/a><\/div>\n<\/div>\n\n\n\n<\/div>\n","protected":false},"excerpt":{"rendered":"<p>Entdecken Sie unsere offenen Stellen Sie haben nicht die Position gefunden, die Sie interessiert?Schicken Sie Ihre Bewerbung trotzdem ab.<\/p>\n","protected":false},"author":1,"featured_media":0,"parent":0,"menu_order":0,"comment_status":"closed","ping_status":"closed","template":"Light Header","meta":{"_acf_changed":false,"footnotes":""},"class_list":["post-20622","page","type-page","status-publish","hentry"],"acf":[],"yoast_head":"<!-- This site is optimized with the Yoast SEO plugin v27.4 - https:\/\/yoast.com\/product\/yoast-seo-wordpress\/ -->\n<title>Ihre Karriere bei uns - Banca del Sempione<\/title>\n<meta name=\"robots\" content=\"index, follow, max-snippet:-1, max-image-preview:large, max-video-preview:-1\" \/>\n<link rel=\"canonical\" href=\"https:\/\/www.bancasempione.ch\/de\/ihre-karriere-bei-uns\/\" \/>\n<meta property=\"og:locale\" content=\"de_DE\" \/>\n<meta property=\"og:type\" content=\"article\" \/>\n<meta property=\"og:title\" content=\"Ihre Karriere bei uns - Banca del Sempione\" \/>\n<meta property=\"og:description\" content=\"Entdecken Sie unsere offenen Stellen Sie haben nicht die Position gefunden, die Sie interessiert?Schicken Sie Ihre Bewerbung trotzdem ab.\" \/>\n<meta property=\"og:url\" content=\"https:\/\/www.bancasempione.ch\/de\/ihre-karriere-bei-uns\/\" \/>\n<meta property=\"og:site_name\" content=\"Banca del Sempione\" \/>\n<meta property=\"article:publisher\" content=\"https:\/\/www.facebook.com\/profile.php?id=100075458006919\" \/>\n<meta property=\"article:modified_time\" content=\"2025-11-04T11:25:23+00:00\" \/>\n<meta name=\"twitter:card\" content=\"summary_large_image\" \/>\n<meta name=\"twitter:label1\" content=\"Gesch\u00e4tzte Lesezeit\" \/>\n\t<meta name=\"twitter:data1\" content=\"2\u00a0Minuten\" \/>\n<script type=\"application\/ld+json\" class=\"yoast-schema-graph\">{\"@context\":\"https:\\\/\\\/schema.org\",\"@graph\":[{\"@type\":\"WebPage\",\"@id\":\"https:\\\/\\\/www.bancasempione.ch\\\/de\\\/ihre-karriere-bei-uns\\\/\",\"url\":\"https:\\\/\\\/www.bancasempione.ch\\\/de\\\/ihre-karriere-bei-uns\\\/\",\"name\":\"Ihre Karriere bei uns - Banca del Sempione\",\"isPartOf\":{\"@id\":\"https:\\\/\\\/www.bancasempione.ch\\\/de\\\/#website\"},\"datePublished\":\"2024-06-21T13:15:42+00:00\",\"dateModified\":\"2025-11-04T11:25:23+00:00\",\"breadcrumb\":{\"@id\":\"https:\\\/\\\/www.bancasempione.ch\\\/de\\\/ihre-karriere-bei-uns\\\/#breadcrumb\"},\"inLanguage\":\"de\",\"potentialAction\":[{\"@type\":\"ReadAction\",\"target\":[\"https:\\\/\\\/www.bancasempione.ch\\\/de\\\/ihre-karriere-bei-uns\\\/\"]}]},{\"@type\":\"BreadcrumbList\",\"@id\":\"https:\\\/\\\/www.bancasempione.ch\\\/de\\\/ihre-karriere-bei-uns\\\/#breadcrumb\",\"itemListElement\":[{\"@type\":\"ListItem\",\"position\":1,\"name\":\"Home\",\"item\":\"https:\\\/\\\/www.bancasempione.ch\\\/de\\\/\"},{\"@type\":\"ListItem\",\"position\":2,\"name\":\"Ihre Karriere bei uns\"}]},{\"@type\":\"WebSite\",\"@id\":\"https:\\\/\\\/www.bancasempione.ch\\\/de\\\/#website\",\"url\":\"https:\\\/\\\/www.bancasempione.ch\\\/de\\\/\",\"name\":\"Banca del Sempione\",\"description\":\"\",\"publisher\":{\"@id\":\"https:\\\/\\\/www.bancasempione.ch\\\/de\\\/#organization\"},\"potentialAction\":[{\"@type\":\"SearchAction\",\"target\":{\"@type\":\"EntryPoint\",\"urlTemplate\":\"https:\\\/\\\/www.bancasempione.ch\\\/de\\\/?s={search_term_string}\"},\"query-input\":{\"@type\":\"PropertyValueSpecification\",\"valueRequired\":true,\"valueName\":\"search_term_string\"}}],\"inLanguage\":\"de\"},{\"@type\":\"Organization\",\"@id\":\"https:\\\/\\\/www.bancasempione.ch\\\/de\\\/#organization\",\"name\":\"Banca del Sempione\",\"url\":\"https:\\\/\\\/www.bancasempione.ch\\\/de\\\/\",\"logo\":{\"@type\":\"ImageObject\",\"inLanguage\":\"de\",\"@id\":\"https:\\\/\\\/www.bancasempione.ch\\\/de\\\/#\\\/schema\\\/logo\\\/image\\\/\",\"url\":\"https:\\\/\\\/www.bancasempione.ch\\\/wp-content\\\/uploads\\\/bancadelsempione_eng.svg\",\"contentUrl\":\"https:\\\/\\\/www.bancasempione.ch\\\/wp-content\\\/uploads\\\/bancadelsempione_eng.svg\",\"caption\":\"Banca del Sempione\"},\"image\":{\"@id\":\"https:\\\/\\\/www.bancasempione.ch\\\/de\\\/#\\\/schema\\\/logo\\\/image\\\/\"},\"sameAs\":[\"https:\\\/\\\/www.facebook.com\\\/profile.php?id=100075458006919\",\"https:\\\/\\\/www.linkedin.com\\\/company\\\/bancasempione\\\/\",\"https:\\\/\\\/www.instagram.com\\\/bancasempione\\\/\"]}]}<\/script>\n<!-- \/ Yoast SEO plugin. -->","yoast_head_json":{"title":"Ihre Karriere bei uns - Banca del Sempione","robots":{"index":"index","follow":"follow","max-snippet":"max-snippet:-1","max-image-preview":"max-image-preview:large","max-video-preview":"max-video-preview:-1"},"canonical":"https:\/\/www.bancasempione.ch\/de\/ihre-karriere-bei-uns\/","og_locale":"de_DE","og_type":"article","og_title":"Ihre Karriere bei uns - Banca del Sempione","og_description":"Entdecken Sie unsere offenen Stellen Sie haben nicht die Position gefunden, die Sie interessiert?Schicken Sie Ihre Bewerbung trotzdem ab.","og_url":"https:\/\/www.bancasempione.ch\/de\/ihre-karriere-bei-uns\/","og_site_name":"Banca del Sempione","article_publisher":"https:\/\/www.facebook.com\/profile.php?id=100075458006919","article_modified_time":"2025-11-04T11:25:23+00:00","twitter_card":"summary_large_image","twitter_misc":{"Gesch\u00e4tzte Lesezeit":"2\u00a0Minuten"},"schema":{"@context":"https:\/\/schema.org","@graph":[{"@type":"WebPage","@id":"https:\/\/www.bancasempione.ch\/de\/ihre-karriere-bei-uns\/","url":"https:\/\/www.bancasempione.ch\/de\/ihre-karriere-bei-uns\/","name":"Ihre Karriere bei uns - Banca del Sempione","isPartOf":{"@id":"https:\/\/www.bancasempione.ch\/de\/#website"},"datePublished":"2024-06-21T13:15:42+00:00","dateModified":"2025-11-04T11:25:23+00:00","breadcrumb":{"@id":"https:\/\/www.bancasempione.ch\/de\/ihre-karriere-bei-uns\/#breadcrumb"},"inLanguage":"de","potentialAction":[{"@type":"ReadAction","target":["https:\/\/www.bancasempione.ch\/de\/ihre-karriere-bei-uns\/"]}]},{"@type":"BreadcrumbList","@id":"https:\/\/www.bancasempione.ch\/de\/ihre-karriere-bei-uns\/#breadcrumb","itemListElement":[{"@type":"ListItem","position":1,"name":"Home","item":"https:\/\/www.bancasempione.ch\/de\/"},{"@type":"ListItem","position":2,"name":"Ihre Karriere bei uns"}]},{"@type":"WebSite","@id":"https:\/\/www.bancasempione.ch\/de\/#website","url":"https:\/\/www.bancasempione.ch\/de\/","name":"Banca del Sempione","description":"","publisher":{"@id":"https:\/\/www.bancasempione.ch\/de\/#organization"},"potentialAction":[{"@type":"SearchAction","target":{"@type":"EntryPoint","urlTemplate":"https:\/\/www.bancasempione.ch\/de\/?s={search_term_string}"},"query-input":{"@type":"PropertyValueSpecification","valueRequired":true,"valueName":"search_term_string"}}],"inLanguage":"de"},{"@type":"Organization","@id":"https:\/\/www.bancasempione.ch\/de\/#organization","name":"Banca del Sempione","url":"https:\/\/www.bancasempione.ch\/de\/","logo":{"@type":"ImageObject","inLanguage":"de","@id":"https:\/\/www.bancasempione.ch\/de\/#\/schema\/logo\/image\/","url":"https:\/\/www.bancasempione.ch\/wp-content\/uploads\/bancadelsempione_eng.svg","contentUrl":"https:\/\/www.bancasempione.ch\/wp-content\/uploads\/bancadelsempione_eng.svg","caption":"Banca del Sempione"},"image":{"@id":"https:\/\/www.bancasempione.ch\/de\/#\/schema\/logo\/image\/"},"sameAs":["https:\/\/www.facebook.com\/profile.php?id=100075458006919","https:\/\/www.linkedin.com\/company\/bancasempione\/","https:\/\/www.instagram.com\/bancasempione\/"]}]}},"_links":{"self":[{"href":"https:\/\/www.bancasempione.ch\/de\/wp-json\/wp\/v2\/pages\/20622","targetHints":{"allow":["GET"]}}],"collection":[{"href":"https:\/\/www.bancasempione.ch\/de\/wp-json\/wp\/v2\/pages"}],"about":[{"href":"https:\/\/www.bancasempione.ch\/de\/wp-json\/wp\/v2\/types\/page"}],"author":[{"embeddable":true,"href":"https:\/\/www.bancasempione.ch\/de\/wp-json\/wp\/v2\/users\/1"}],"replies":[{"embeddable":true,"href":"https:\/\/www.bancasempione.ch\/de\/wp-json\/wp\/v2\/comments?post=20622"}],"version-history":[{"count":2,"href":"https:\/\/www.bancasempione.ch\/de\/wp-json\/wp\/v2\/pages\/20622\/revisions"}],"predecessor-version":[{"id":20947,"href":"https:\/\/www.bancasempione.ch\/de\/wp-json\/wp\/v2\/pages\/20622\/revisions\/20947"}],"wp:attachment":[{"href":"https:\/\/www.bancasempione.ch\/de\/wp-json\/wp\/v2\/media?parent=20622"}],"curies":[{"name":"wp","href":"https:\/\/api.w.org\/{rel}","templated":true}]}}