{"id":20636,"date":"2025-05-23T11:15:21","date_gmt":"2025-05-23T09:15:21","guid":{"rendered":"https:\/\/bancasempione.ch\/automatischer-informationsaustausch-aia\/"},"modified":"2025-11-03T11:31:25","modified_gmt":"2025-11-03T10:31:25","slug":"automatischer-informationsaustausch-aia","status":"publish","type":"page","link":"https:\/\/www.bancasempione.ch\/de\/rechtliches\/automatischer-informationsaustausch-aia\/","title":{"rendered":"Automatischer Informationsaustausch (AIA)"},"content":{"rendered":"\n<p><\/p>\n\n<p class=\"has-titolo-font-size\"><strong>Automatischer Informationsaustausch (AIA)<\/strong><\/p>\n\n<p><br\/><strong>Worin besteht der Austausch und mit welchen Staaten findet er statt?<\/strong><br\/>Der automatische Informationsaustausch in Steuersachen (AIA) ist ein internationaler Standard mit dem Ziel, Transparenz \u00fcber im Ausland gehaltene Verm\u00f6genswerte herzustellen und grenz\u00fcberschreitende Steuerhinterziehung zu verhindern. Bis heute haben mehr als hundert Staaten, darunter auch die Schweiz, diesen Standard \u00fcbernommen. Im vorliegenden Fall erfolgt der Austausch auf Jahresbasis nur mit Partnerstaaten, mit denen die Schweiz ein bilaterales Abkommen geschlossen hat.<\/p>\n\n<ul class=\"wp-block-list\">\n<li>Aktualisiertes Verzeichnis der Partnerstaaten <a href=\"https:\/\/www.sif.admin.ch\/it\/scambio-automatico-informazioni-sai\"><span style=\"text-decoration: underline;\">Automatischer Informationsaustausch \u00fcber Finanzkonten<\/span><\/a><\/li>\n\n\n\n<li>Erkl\u00e4rungen zum Ablauf des Austauschs: <span style=\"text-decoration: underline;\"><a href=\"https:\/\/www.estv.admin.ch\/estv\/it\/home\/diritto-fiscale-internationale\/scambio-automatico-informazioni-sai.html\">Automatischer internationaler Informationsaustausch (AIA)<\/a><\/span><\/li>\n<\/ul>\n\n<p><br\/><strong>Wer ist vom AIA betroffen?<\/strong><br\/>Alle Kunden \u2013 nat\u00fcrliche und juristische Personen \u2013 sowie Personen, die Kontrolle \u00fcber solche Einheiten aus\u00fcben, und die ihr (Haupt-)Steuerdomizil in einem Partnerstaat haben (d.h. einem Staat, mit dem die Schweiz ein Abkommen \u00fcber den automatischen Informationsaustausch [AIA] gem\u00e4\u00df dem Common Reporting Standard [CRS] abgeschlossen hat.)<\/p>\n\n<ul class=\"wp-block-list\">\n<li>N\u00fctzliche Informationen in englischer Sprache f\u00fcr Kunden, die vom AIA betroffen sind: <a href=\"https:\/\/web-archive.oecd.org\/tax\/automatic-exchange\/crs-implementation-and-assistance\/\"><span style=\"text-decoration: underline;\">CRS Implementation and Assistance &#8211; Organisation for Economic Co-operation and Development<\/span><\/a><\/li>\n<\/ul>\n\n<p><br\/><strong>Welche Informationen werden ausgetauscht?<\/strong><br\/><br\/><em>Personenbezogene Informationen:<\/em><\/p>\n\n<ul class=\"wp-block-list\">\n<li>Vor- und Nachname \/ Firmenname<\/li>\n\n\n\n<li>Geburtsdatum (nur bei nat\u00fcrlichen Personen) und ggf. Geburtsort;<\/li>\n\n\n\n<li>Vollst\u00e4ndige Adresse;<\/li>\n\n\n\n<li>Staat des steuerlichen Wohnsitzes bzw. des Steuerdomizils (alle);<\/li>\n\n\n\n<li>Steueridentifikationsnummer (TIN);<\/li>\n\n\n\n<li>Ausstellende Beh\u00f6rde\/n der TIN;<\/li>\n\n\n\n<li>Art der Kontoinhaberschaft (nur f\u00fcr juristische Personen);<\/li>\n\n\n\n<li>Funktion der kontrollierenden Person (nur f\u00fcr juristische Personen)<\/li>\n<\/ul>\n\n<p><em>Konto- bzw. Finanzinformationen:<\/em><\/p>\n\n<ul class=\"wp-block-list\">\n<li>Berichtsnummern, Kontonummern;<\/li>\n\n\n\n<li>Name und Anschrift der Bank;<\/li>\n\n\n\n<li>IDI der Bank;<\/li>\n\n\n\n<li>Gesamtbruttoertr\u00e4ge aus Dividenden, Zinsen und sonstigen Finanzeink\u00fcnften, die dem Konto gutgeschrieben wurden;<\/li>\n\n\n\n<li>Gesamtbruttoertr\u00e4ge aus der Ver\u00e4u\u00dferung oder dem R\u00fcckkauf von Finanzanlagen;<\/li>\n\n\n\n<li>Gesamtwert des Verm\u00f6gens am Ende des jeweiligen Kalenderjahres bzw. zum Bilanzstichtag<br\/>(ohne Abzug von m\u00f6glichen Verbindlichkeiten);<\/li>\n\n\n\n<li>Etwaige Geldaussch\u00fcttungen an Aktion\u00e4re\/Beg\u00fcnstigte einer professionell verwalteten Investmentgesellschaft<br\/>(PMIE) (seitens des meldepflichtigen Finanzinstituts)<\/li>\n<\/ul>\n\n<p><br\/><strong>Welche Rechte hat der Kunde?<\/strong><br\/><br\/>Nach dem AIAG (Bundesgesetz \u00fcber den internationalen automatischen Informationsaustausch in Steuersachen) und dem Bundesdatenschutzgesetz (BDSG) hat der Kunde die folgenden Rechte:<\/p>\n\n<ul class=\"wp-block-list\">\n<li>Der Kunde kann <em>gegen\u00fcber der Banca del Sempione SA<\/em> einen Anspruch auf umfassenden Rechtsschutz gem\u00e4\u00df des BDSG geltend machen. Im vorliegenden Fall kann er weitere Ausk\u00fcnfte dar\u00fcber verlangen, welche Informationen \u00fcber seine Person an die ESTV (Eidgen\u00f6ssische Steuerverwaltung) mitgeteilt wurden. Auf besondere Anfrage ist die Banca del Sempione SA verpflichtet, dem Kunden eine Kopie der Meldung an die ESTV auszuh\u00e4ndigen. In diesem Zusammenhang ist zu beachten, dass die erfassten und weitergeleiteten Informationen von den f\u00fcr den Kunden steuerlich relevanten Informationen abweichen k\u00f6nnen. Der Kunde kann auch verlangen, dass eventuell unrichtige Daten in den Systemen der Banca del Sempione SA korrigiert werden.<br\/><\/li>\n<\/ul>\n\n<ul class=\"wp-block-list\">\n<li><em>Gegen\u00fcber der ESTV<\/em> kann der Kunde nur sein Recht auf Auskunft geltend machen und die Berichtigung unrichtiger Daten aufgrund von \u00dcbertragungsfehlern verlangen. Ist die Daten\u00fcbertragung f\u00fcr den Kunden wegen fehlender rechtsstaatlicher Garantien mit unzumutbaren Nachteilen verbunden, werden zu seinen Gunsten Rechte nach Artikel 25a des Bundesgesetzes \u00fcber das Verwaltungsverfahren gew\u00e4hrt. Das Recht auf Einsichtnahme in die Akten gegen\u00fcber der ESTV wird hingegen nicht anerkannt. Die Sperrung der \u00dcbertragung von personenbezogenen Daten an die ESTV ist folglich ausgeschlossen. Dar\u00fcber hinaus kann der Kunde weder die \u00dcberpr\u00fcfung der Rechtm\u00e4\u00dfigkeit der \u00dcbertragung von Informationen ins Ausland noch die Sperrung einer unzul\u00e4ssigen \u00dcbertagung bzw. die Vernichtung von Daten, die ohne ausreichende Rechtsgrundlage verarbeitet wurden, verlangen.<\/li>\n<\/ul>\n\n<p><\/p>\n\n<p><\/p>\n","protected":false},"excerpt":{"rendered":"<p>Automatischer Informationsaustausch (AIA) Worin besteht der Austausch und mit welchen Staaten findet er statt?Der automatische Informationsaustausch in Steuersachen (AIA) ist ein internationaler Standard mit dem Ziel, Transparenz \u00fcber im Ausland gehaltene Verm\u00f6genswerte herzustellen und grenz\u00fcberschreitende Steuerhinterziehung zu verhindern. Bis heute haben mehr als hundert Staaten, darunter auch die Schweiz, diesen Standard \u00fcbernommen. Im vorliegenden Fall [&hellip;]<\/p>\n","protected":false},"author":7,"featured_media":0,"parent":20690,"menu_order":0,"comment_status":"closed","ping_status":"closed","template":"No Hero","meta":{"_acf_changed":false,"footnotes":""},"class_list":["post-20636","page","type-page","status-publish","hentry"],"acf":[],"yoast_head":"<!-- This site is optimized with the Yoast SEO plugin v27.4 - https:\/\/yoast.com\/product\/yoast-seo-wordpress\/ -->\n<title>Automatischer Informationsaustausch (AIA) - Banca del Sempione<\/title>\n<meta name=\"robots\" content=\"index, follow, max-snippet:-1, max-image-preview:large, max-video-preview:-1\" \/>\n<link rel=\"canonical\" href=\"https:\/\/www.bancasempione.ch\/de\/rechtliches\/automatischer-informationsaustausch-aia\/\" \/>\n<meta property=\"og:locale\" content=\"de_DE\" \/>\n<meta property=\"og:type\" content=\"article\" \/>\n<meta property=\"og:title\" content=\"Automatischer Informationsaustausch (AIA) - Banca del Sempione\" \/>\n<meta property=\"og:description\" content=\"Automatischer Informationsaustausch (AIA) Worin besteht der Austausch und mit welchen Staaten findet er statt?Der automatische Informationsaustausch in Steuersachen (AIA) ist ein internationaler Standard mit dem Ziel, Transparenz \u00fcber im Ausland gehaltene Verm\u00f6genswerte herzustellen und grenz\u00fcberschreitende Steuerhinterziehung zu verhindern. Bis heute haben mehr als hundert Staaten, darunter auch die Schweiz, diesen Standard \u00fcbernommen. Im vorliegenden Fall [&hellip;]\" \/>\n<meta property=\"og:url\" content=\"https:\/\/www.bancasempione.ch\/de\/rechtliches\/automatischer-informationsaustausch-aia\/\" \/>\n<meta property=\"og:site_name\" content=\"Banca del Sempione\" \/>\n<meta property=\"article:publisher\" content=\"https:\/\/www.facebook.com\/profile.php?id=100075458006919\" \/>\n<meta property=\"article:modified_time\" content=\"2025-11-03T10:31:25+00:00\" \/>\n<meta name=\"twitter:card\" content=\"summary_large_image\" \/>\n<meta name=\"twitter:label1\" content=\"Gesch\u00e4tzte Lesezeit\" \/>\n\t<meta name=\"twitter:data1\" content=\"3\u00a0Minuten\" \/>\n<script type=\"application\/ld+json\" class=\"yoast-schema-graph\">{\"@context\":\"https:\\\/\\\/schema.org\",\"@graph\":[{\"@type\":\"WebPage\",\"@id\":\"https:\\\/\\\/www.bancasempione.ch\\\/de\\\/rechtliches\\\/automatischer-informationsaustausch-aia\\\/\",\"url\":\"https:\\\/\\\/www.bancasempione.ch\\\/de\\\/rechtliches\\\/automatischer-informationsaustausch-aia\\\/\",\"name\":\"Automatischer Informationsaustausch (AIA) - Banca del Sempione\",\"isPartOf\":{\"@id\":\"https:\\\/\\\/www.bancasempione.ch\\\/de\\\/#website\"},\"datePublished\":\"2025-05-23T09:15:21+00:00\",\"dateModified\":\"2025-11-03T10:31:25+00:00\",\"breadcrumb\":{\"@id\":\"https:\\\/\\\/www.bancasempione.ch\\\/de\\\/rechtliches\\\/automatischer-informationsaustausch-aia\\\/#breadcrumb\"},\"inLanguage\":\"de\",\"potentialAction\":[{\"@type\":\"ReadAction\",\"target\":[\"https:\\\/\\\/www.bancasempione.ch\\\/de\\\/rechtliches\\\/automatischer-informationsaustausch-aia\\\/\"]}]},{\"@type\":\"BreadcrumbList\",\"@id\":\"https:\\\/\\\/www.bancasempione.ch\\\/de\\\/rechtliches\\\/automatischer-informationsaustausch-aia\\\/#breadcrumb\",\"itemListElement\":[{\"@type\":\"ListItem\",\"position\":1,\"name\":\"Home\",\"item\":\"https:\\\/\\\/www.bancasempione.ch\\\/de\\\/\"},{\"@type\":\"ListItem\",\"position\":2,\"name\":\"Rechtliches\",\"item\":\"https:\\\/\\\/www.bancasempione.ch\\\/de\\\/area-legale\\\/\"},{\"@type\":\"ListItem\",\"position\":3,\"name\":\"Automatischer Informationsaustausch (AIA)\"}]},{\"@type\":\"WebSite\",\"@id\":\"https:\\\/\\\/www.bancasempione.ch\\\/de\\\/#website\",\"url\":\"https:\\\/\\\/www.bancasempione.ch\\\/de\\\/\",\"name\":\"Banca del Sempione\",\"description\":\"\",\"publisher\":{\"@id\":\"https:\\\/\\\/www.bancasempione.ch\\\/de\\\/#organization\"},\"potentialAction\":[{\"@type\":\"SearchAction\",\"target\":{\"@type\":\"EntryPoint\",\"urlTemplate\":\"https:\\\/\\\/www.bancasempione.ch\\\/de\\\/?s={search_term_string}\"},\"query-input\":{\"@type\":\"PropertyValueSpecification\",\"valueRequired\":true,\"valueName\":\"search_term_string\"}}],\"inLanguage\":\"de\"},{\"@type\":\"Organization\",\"@id\":\"https:\\\/\\\/www.bancasempione.ch\\\/de\\\/#organization\",\"name\":\"Banca del Sempione\",\"url\":\"https:\\\/\\\/www.bancasempione.ch\\\/de\\\/\",\"logo\":{\"@type\":\"ImageObject\",\"inLanguage\":\"de\",\"@id\":\"https:\\\/\\\/www.bancasempione.ch\\\/de\\\/#\\\/schema\\\/logo\\\/image\\\/\",\"url\":\"https:\\\/\\\/www.bancasempione.ch\\\/wp-content\\\/uploads\\\/bancadelsempione_eng.svg\",\"contentUrl\":\"https:\\\/\\\/www.bancasempione.ch\\\/wp-content\\\/uploads\\\/bancadelsempione_eng.svg\",\"caption\":\"Banca del Sempione\"},\"image\":{\"@id\":\"https:\\\/\\\/www.bancasempione.ch\\\/de\\\/#\\\/schema\\\/logo\\\/image\\\/\"},\"sameAs\":[\"https:\\\/\\\/www.facebook.com\\\/profile.php?id=100075458006919\",\"https:\\\/\\\/www.linkedin.com\\\/company\\\/bancasempione\\\/\",\"https:\\\/\\\/www.instagram.com\\\/bancasempione\\\/\"]}]}<\/script>\n<!-- \/ Yoast SEO plugin. -->","yoast_head_json":{"title":"Automatischer Informationsaustausch (AIA) - Banca del Sempione","robots":{"index":"index","follow":"follow","max-snippet":"max-snippet:-1","max-image-preview":"max-image-preview:large","max-video-preview":"max-video-preview:-1"},"canonical":"https:\/\/www.bancasempione.ch\/de\/rechtliches\/automatischer-informationsaustausch-aia\/","og_locale":"de_DE","og_type":"article","og_title":"Automatischer Informationsaustausch (AIA) - Banca del Sempione","og_description":"Automatischer Informationsaustausch (AIA) Worin besteht der Austausch und mit welchen Staaten findet er statt?Der automatische Informationsaustausch in Steuersachen (AIA) ist ein internationaler Standard mit dem Ziel, Transparenz \u00fcber im Ausland gehaltene Verm\u00f6genswerte herzustellen und grenz\u00fcberschreitende Steuerhinterziehung zu verhindern. Bis heute haben mehr als hundert Staaten, darunter auch die Schweiz, diesen Standard \u00fcbernommen. Im vorliegenden Fall [&hellip;]","og_url":"https:\/\/www.bancasempione.ch\/de\/rechtliches\/automatischer-informationsaustausch-aia\/","og_site_name":"Banca del Sempione","article_publisher":"https:\/\/www.facebook.com\/profile.php?id=100075458006919","article_modified_time":"2025-11-03T10:31:25+00:00","twitter_card":"summary_large_image","twitter_misc":{"Gesch\u00e4tzte Lesezeit":"3\u00a0Minuten"},"schema":{"@context":"https:\/\/schema.org","@graph":[{"@type":"WebPage","@id":"https:\/\/www.bancasempione.ch\/de\/rechtliches\/automatischer-informationsaustausch-aia\/","url":"https:\/\/www.bancasempione.ch\/de\/rechtliches\/automatischer-informationsaustausch-aia\/","name":"Automatischer Informationsaustausch (AIA) - Banca del Sempione","isPartOf":{"@id":"https:\/\/www.bancasempione.ch\/de\/#website"},"datePublished":"2025-05-23T09:15:21+00:00","dateModified":"2025-11-03T10:31:25+00:00","breadcrumb":{"@id":"https:\/\/www.bancasempione.ch\/de\/rechtliches\/automatischer-informationsaustausch-aia\/#breadcrumb"},"inLanguage":"de","potentialAction":[{"@type":"ReadAction","target":["https:\/\/www.bancasempione.ch\/de\/rechtliches\/automatischer-informationsaustausch-aia\/"]}]},{"@type":"BreadcrumbList","@id":"https:\/\/www.bancasempione.ch\/de\/rechtliches\/automatischer-informationsaustausch-aia\/#breadcrumb","itemListElement":[{"@type":"ListItem","position":1,"name":"Home","item":"https:\/\/www.bancasempione.ch\/de\/"},{"@type":"ListItem","position":2,"name":"Rechtliches","item":"https:\/\/www.bancasempione.ch\/de\/area-legale\/"},{"@type":"ListItem","position":3,"name":"Automatischer Informationsaustausch (AIA)"}]},{"@type":"WebSite","@id":"https:\/\/www.bancasempione.ch\/de\/#website","url":"https:\/\/www.bancasempione.ch\/de\/","name":"Banca del Sempione","description":"","publisher":{"@id":"https:\/\/www.bancasempione.ch\/de\/#organization"},"potentialAction":[{"@type":"SearchAction","target":{"@type":"EntryPoint","urlTemplate":"https:\/\/www.bancasempione.ch\/de\/?s={search_term_string}"},"query-input":{"@type":"PropertyValueSpecification","valueRequired":true,"valueName":"search_term_string"}}],"inLanguage":"de"},{"@type":"Organization","@id":"https:\/\/www.bancasempione.ch\/de\/#organization","name":"Banca del Sempione","url":"https:\/\/www.bancasempione.ch\/de\/","logo":{"@type":"ImageObject","inLanguage":"de","@id":"https:\/\/www.bancasempione.ch\/de\/#\/schema\/logo\/image\/","url":"https:\/\/www.bancasempione.ch\/wp-content\/uploads\/bancadelsempione_eng.svg","contentUrl":"https:\/\/www.bancasempione.ch\/wp-content\/uploads\/bancadelsempione_eng.svg","caption":"Banca del Sempione"},"image":{"@id":"https:\/\/www.bancasempione.ch\/de\/#\/schema\/logo\/image\/"},"sameAs":["https:\/\/www.facebook.com\/profile.php?id=100075458006919","https:\/\/www.linkedin.com\/company\/bancasempione\/","https:\/\/www.instagram.com\/bancasempione\/"]}]}},"_links":{"self":[{"href":"https:\/\/www.bancasempione.ch\/de\/wp-json\/wp\/v2\/pages\/20636","targetHints":{"allow":["GET"]}}],"collection":[{"href":"https:\/\/www.bancasempione.ch\/de\/wp-json\/wp\/v2\/pages"}],"about":[{"href":"https:\/\/www.bancasempione.ch\/de\/wp-json\/wp\/v2\/types\/page"}],"author":[{"embeddable":true,"href":"https:\/\/www.bancasempione.ch\/de\/wp-json\/wp\/v2\/users\/7"}],"replies":[{"embeddable":true,"href":"https:\/\/www.bancasempione.ch\/de\/wp-json\/wp\/v2\/comments?post=20636"}],"version-history":[{"count":1,"href":"https:\/\/www.bancasempione.ch\/de\/wp-json\/wp\/v2\/pages\/20636\/revisions"}],"predecessor-version":[{"id":20637,"href":"https:\/\/www.bancasempione.ch\/de\/wp-json\/wp\/v2\/pages\/20636\/revisions\/20637"}],"up":[{"embeddable":true,"href":"https:\/\/www.bancasempione.ch\/de\/wp-json\/wp\/v2\/pages\/20690"}],"wp:attachment":[{"href":"https:\/\/www.bancasempione.ch\/de\/wp-json\/wp\/v2\/media?parent=20636"}],"curies":[{"name":"wp","href":"https:\/\/api.w.org\/{rel}","templated":true}]}}