{"id":20665,"date":"2024-03-05T15:35:09","date_gmt":"2024-03-05T14:35:09","guid":{"rendered":"https:\/\/bancasempione.ch\/banca-del-sempione-middle-east-ltd\/"},"modified":"2025-11-26T15:12:49","modified_gmt":"2025-11-26T14:12:49","slug":"banca-del-sempione-middle-east-ltd","status":"publish","type":"page","link":"https:\/\/www.bancasempione.ch\/de\/gruppe\/banca-del-sempione-middle-east-ltd\/","title":{"rendered":"Banca del Sempione (Middle East) Ltd."},"content":{"rendered":"<section class=\"content-block-bg alignfull\" style=\"background: linear-gradient(0deg, rgba(0, 0, 0, 40%), rgba(0, 0, 0, 40%)), url(https:\/\/www.bancasempione.ch\/wp-content\/uploads\/Dubai-Financial-Centre-scaled.jpg) ;  background-position-x: 50% !important; min-height: 100vh !important;  min-height:10vh;\"><div class=\"content-block is-position-center-left  has-white-color has-text-color \" style=\"min-height: 100vh !important;  min-height:10vh;\" ><div class=\"wp-block-cover__inner-container\">\n\n<p class=\"has-text-align-left has-primario-color has-text-color\" style=\"text-transform:uppercase\">GRUPPE<\/p>\n\n\n\n<h1 class=\"wp-block-heading has-text-align-left has-titolo-xxl-font-size has-white-color has-text-color has-link-color has-titolo-xxxl-font-size wp-elements-6a01221dccf9b30f77d24982ffee1b75\" id=\"splitme\" style=\"font-style:normal;font-weight:700\"><strong>Banca del Sempion<\/strong>e<br>(Middle East)<\/h1>\n\n<\/div><\/div><\/section>\n\n\n<div class=\"wp-block-group alignfull has-background has-global-padding is-layout-constrained wp-block-group-is-layout-constrained\" id=\"AFTER-HERO\" style=\"background-color:#eeeeee;padding-top:8vh;padding-bottom:8vh\">\n<div class=\"wp-block-columns is-layout-flex wp-container-core-columns-is-layout-28f84493 wp-block-columns-is-layout-flex\">\n<div class=\"wp-block-column is-layout-flow wp-block-column-is-layout-flow\" style=\"flex-basis:10%\"><\/div>\n\n\n\n<div class=\"wp-block-column is-layout-flow wp-block-column-is-layout-flow\" style=\"flex-basis:90%\">\n<h2 class=\"wp-block-heading has-text-align-center has-titolo-xl-font-size\" style=\"font-style:normal;font-weight:300\">Hier werden Sie modernste Dienstleistungen in den Bereichen <strong>Verm\u00f6gensverwaltung<\/strong> und <strong>Finanzplanung<\/strong> finden.<\/h2>\n<\/div>\n\n\n\n<div class=\"wp-block-column is-layout-flow wp-block-column-is-layout-flow\" style=\"flex-basis:10%\"><\/div>\n<\/div>\n<\/div>\n\n\n\n<div class=\"wp-block-columns is-layout-flex wp-container-core-columns-is-layout-28f84493 wp-block-columns-is-layout-flex\">\n<div class=\"wp-block-column is-layout-flow wp-block-column-is-layout-flow\"><\/div>\n<\/div>\n\n\n<section class=\"content-block-bg alignfull\" style=\"background: linear-gradient(0deg, rgba(0, 0, 0, 30%), rgba(0, 0, 0, 30%)), url(https:\/\/www.bancasempione.ch\/wp-content\/uploads\/Raggruppa-13713-e1683709782174.jpg) ;  background-position-x: 50% !important;  min-height:10vh;\"><div class=\"content-block is-position-center-center  has-white-color has-text-color \" style=\" min-height:10vh;\" ><div class=\"wp-block-cover__inner-container\">\n\n<div class=\"wp-block-columns is-layout-flex wp-container-core-columns-is-layout-e9dadf76 wp-block-columns-is-layout-flex\" style=\"margin-top:var(--wp--preset--spacing--80);padding-top:0;padding-right:0;padding-bottom:0;padding-left:0\">\n<div class=\"wp-block-column is-vertically-aligned-top is-layout-flow wp-block-column-is-layout-flow\" style=\"flex-basis:40%\">\n<p class=\"has-text-align-left has-primario-color has-text-color\" style=\"text-transform:uppercase\">GRUPPE<\/p>\n\n\n\n<h3 class=\"wp-block-heading has-titolo-xl-font-size\" style=\"font-style:normal;font-weight:300\"><strong>Tradition <\/strong>und <strong>Dynamik <\/strong>in Dubai<\/h3>\n<\/div>\n\n\n\n<div class=\"wp-block-column is-layout-flow wp-block-column-is-layout-flow\">\n<p><\/p>\n<\/div>\n\n\n\n<div class=\"wp-block-column is-layout-flow wp-block-column-is-layout-flow\" style=\"flex-basis:50%\">\n<div style=\"height:80px\" aria-hidden=\"true\" class=\"wp-block-spacer no-mobile\"><\/div>\n\n\n\n<p>Eine <strong>anregende <\/strong>und <strong>spannende <\/strong>Herausforderung in einem schnell wachsenden Gebiet. Anfang 2024 gr\u00fcndete die Banca del Sempione die <strong>Banca del Sempione (Middle East),<\/strong> ein hundertprozentiges Tochterunternehmen der Schweizer Muttergesellschaft.<\/p>\n\n\n\n<div style=\"height:40px\" aria-hidden=\"true\" class=\"wp-block-spacer no-mobile\"><\/div>\n<\/div>\n<\/div>\n\n\n\n<div class=\"wp-block-group has-global-padding is-layout-constrained wp-block-group-is-layout-constrained\"><\/div>\n\n\n\n<div class=\"wp-block-group has-global-padding is-layout-constrained wp-block-group-is-layout-constrained\"><\/div>\n\n\n\n<div class=\"wp-block-group has-global-padding is-layout-constrained wp-block-group-is-layout-constrained\"><div class=\"lista-documenti-block\"><hr><a href =\"https:\/\/www.bancasempione.ch\/wp-content\/uploads\/Privacy-notice.pdf\" target=\"_blank\"><p class=\"has-titolo-font-size titolo-lista-documenti\" style=\"padding-bottom:0\">DIFC Data Protection \u2013 Privacy Notice<\/p><\/a><p class=\"\" style=\"padding-top:0\">5. M\u00e4rz 2024<\/p><hr><\/div><style>\n  .titolo-lista-documenti {\n    padding-right: 45px;\n  }\n\n  .titolo-lista-documenti::after {\n    content: \"\";\n    position: absolute;\n    right: 0;\n    top: 50%;\n    background: url(\"\/wp-content\/themes\/bancasempionetheme\/assets\/images\/pdf-document-new.svg\");\n    width: 35px;\n    height: 35px;\n    background-size: cover;\n    transition: var(--link-transition);\n  }\n\n  .titolo-lista-documenti:hover::after {\n    transform: translateY(-3px);\n  }\n<\/style><\/div>\n\n\n\n<p class=\"has-titolo-font-size\"><\/p>\n\n\n\n<div class=\"wp-block-group has-white-background-color has-background is-nowrap is-layout-flex wp-container-core-group-is-layout-6c531013 wp-block-group-is-layout-flex\">\n<hr class=\"wp-block-separator has-alpha-channel-opacity\"\/>\n<\/div>\n\n\n\n<p style=\"font-size:clamp(14px, 0.875rem + ((1vw - 3.2px) * 0.566), 20px);line-height:1.3\"><strong>Banca del Sempione (Middle East) Ltd.<\/strong><\/p>\n\n\n\n<p>Unit 409, Level 4, Tower 1, Al Fattan Currency House<br>Dubai International Financial Centre<br>Dubai, United Arab Emirates<br>P.O. Box 567028<\/p>\n\n\n\n<p>Tel. +971 4 2828937<\/p>\n\n<\/div><\/div><\/section>\n\n\n<div class=\"wp-block-group is-layout-flow wp-block-group-is-layout-flow\" style=\"padding-top:8vh;padding-bottom:2vh\">\n<h3 class=\"wp-block-heading has-text-align-left has-titolo-font-size\" style=\"font-style:normal;font-weight:300\">Die anderen <strong>Gesellschaften der Gruppe<\/strong><\/h3>\n<\/div>\n\n\n\n<hr class=\"wp-block-separator has-alpha-channel-opacity is-style-wide\"\/>\n\n\n\n<div class=\"wp-block-group is-layout-flow wp-block-group-is-layout-flow\" style=\"padding-top:8vh;padding-bottom:8vh\">\n<div class=\"wp-block-columns is-layout-flex wp-container-core-columns-is-layout-28f84493 wp-block-columns-is-layout-flex\">\n<div class=\"wp-block-column is-layout-flow wp-block-column-is-layout-flow\" style=\"padding-top:0vw;flex-basis:40%\">\n<p class=\"has-text-align-left has-primario-color has-text-color\" style=\"text-transform:uppercase\">GESELLSCHAFT<\/p>\n\n\n\n<h3 class=\"wp-block-heading has-titolo-xl-font-size\" style=\"font-style:normal;font-weight:300\">Sempione<br><strong>SIM<\/strong><\/h3>\n<\/div>\n\n\n\n<div class=\"wp-block-column is-layout-flow wp-block-column-is-layout-flow\" style=\"padding-top:0vw\"><\/div>\n\n\n\n<div class=\"wp-block-column is-layout-flow wp-block-column-is-layout-flow\" style=\"flex-basis:50%\">\n<h4 class=\"wp-block-heading has-titolo-font-size\" style=\"font-style:normal;font-weight:300\">Der Partner Ihres Vertrauens f\u00fcr die Verwaltung Ihres Verm\u00f6gens<\/h4>\n\n\n\n<p>Sempione SIM Spa bietet Ihnen ein Paket exklusiver Dienstleistungen. Dazu geh\u00f6ren die <strong>Verm\u00f6gensverwaltung<\/strong>, die <strong>pers\u00f6nliche Beratung<\/strong>, der <strong>Kauf und Verkauf<\/strong> von Finanzinstrumenten, die <strong>Annahme und Ausf\u00fchrung<\/strong> von Auftr\u00e4gen und die <strong>Platzierung<\/strong> neuer Emissionen am Markt.<\/p>\n\n\n\n<div class=\"wp-block-buttons is-layout-flex wp-block-buttons-is-layout-flex\">\n<div class=\"wp-block-button\"><a class=\"wp-block-button__link wp-element-button\" href=\"https:\/\/bancasempione.ch\/de\/gruppe\/sempione-sim-spa\/\">Mehr entdecken<\/a><\/div>\n<\/div>\n<\/div>\n<\/div>\n<\/div>\n\n\n\n<hr class=\"wp-block-separator has-alpha-channel-opacity is-style-wide\"\/>\n\n\n\n<div class=\"wp-block-group is-layout-flow wp-block-group-is-layout-flow\" style=\"padding-top:8vh;padding-bottom:8vh\">\n<div class=\"wp-block-columns is-layout-flex wp-container-core-columns-is-layout-28f84493 wp-block-columns-is-layout-flex\">\n<div class=\"wp-block-column is-layout-flow wp-block-column-is-layout-flow\" style=\"padding-top:0vw;flex-basis:40%\">\n<p class=\"has-text-align-left has-primario-color has-text-color\" style=\"text-transform:uppercase\">GESELLSCHAFT<\/p>\n\n\n\n<h3 class=\"wp-block-heading has-titolo-xl-font-size\" style=\"font-style:normal;font-weight:300\">Base Investments <strong>SICAV<\/strong><\/h3>\n<\/div>\n\n\n\n<div class=\"wp-block-column is-layout-flow wp-block-column-is-layout-flow\" style=\"padding-top:0vw\"><\/div>\n\n\n\n<div class=\"wp-block-column is-layout-flow wp-block-column-is-layout-flow\" style=\"flex-basis:50%\">\n<h4 class=\"wp-block-heading has-titolo-font-size\" style=\"font-style:normal;font-weight:300\">Dynamik und Risikokontrolle bei der Verwaltung Ihres Kapitals<\/h4>\n\n\n\n<p>Eine <strong>Investmentgesellschaft mit variablem Kapital<\/strong>, die Zugang zu einer breiten Palette von Investmentfonds bietet.<br>Die Anlagepolitik der Teilfonds der Base Investments SICAV ist darauf ausgerichtet, <strong>das investierte Kapital zu bewahren und das Verm\u00f6gen zu steigern<\/strong>, indem je nach Risikoprofil und Anlagehorizont diversifizierte Verwaltungsstrategien angewendet werden.<\/p>\n\n\n\n<div class=\"wp-block-buttons is-layout-flex wp-block-buttons-is-layout-flex\">\n<div class=\"wp-block-button\"><a class=\"wp-block-button__link wp-element-button\" href=\"https:\/\/bancasempione.ch\/de\/gruppe\/base-investments-sicav\/\">Mehr entdecken<\/a><\/div>\n<\/div>\n<\/div>\n<\/div>\n\n\n\n<p><\/p>\n\n\n\n<hr class=\"wp-block-separator has-alpha-channel-opacity is-style-wide\"\/>\n\n\n\n<div class=\"wp-block-group is-layout-flow wp-block-group-is-layout-flow\" style=\"padding-top:8vh;padding-bottom:8vh\">\n<div class=\"wp-block-columns is-layout-flex wp-container-core-columns-is-layout-28f84493 wp-block-columns-is-layout-flex\">\n<div class=\"wp-block-column is-layout-flow wp-block-column-is-layout-flow\" style=\"padding-top:0vw;flex-basis:40%\">\n<p class=\"has-text-align-left has-primario-color has-text-color\" style=\"text-transform:uppercase\">GESELLSCHAFT<\/p>\n\n\n\n<h3 class=\"wp-block-heading has-titolo-xl-font-size\" style=\"font-style:normal;font-weight:300\">Banca del Sempione<strong> (Overseas)<\/strong><\/h3>\n<\/div>\n\n\n\n<div class=\"wp-block-column is-layout-flow wp-block-column-is-layout-flow\" style=\"padding-top:0vw\"><\/div>\n\n\n\n<div class=\"wp-block-column is-layout-flow wp-block-column-is-layout-flow\" style=\"flex-basis:50%\">\n<div style=\"height:80px\" aria-hidden=\"true\" class=\"wp-block-spacer no-mobile\"><\/div>\n\n\n\n<h4 class=\"wp-block-heading has-titolo-font-size\" style=\"font-style:normal;font-weight:300\">Ein offenes Fenster zur Welt<\/h4>\n\n\n\n<p><strong>Eine zuverl\u00e4ssige Alternative f\u00fcr die Verm\u00f6gensverwaltung<\/strong> auf der Inselgruppe der Bahamas. Die Banca del Sempione (Overseas) Ltd. wurde im Jahr 2000 in Nassau gegr\u00fcndet und ist <strong>ein hundertprozentiges Tochterunternehmen<\/strong> der Schweizer Muttergesellschaft.<\/p>\n\n\n\n<div class=\"wp-block-buttons is-layout-flex wp-block-buttons-is-layout-flex\">\n<div class=\"wp-block-button\"><a class=\"wp-block-button__link wp-element-button\" href=\"https:\/\/bancasempione.ch\/de\/gruppe\/banca-del-sempione-overseas-ltd\/\">Mehr entdecken<\/a><\/div>\n<\/div>\n<\/div>\n<\/div>\n<\/div>\n\n\n\n<p style=\"font-size:clamp(14px, 0.875rem + ((1vw - 3.2px) * 0.566), 20px);line-height:1.3\"><\/p>\n<\/div>\n\n\n\n<p><\/p>\n","protected":false},"excerpt":{"rendered":"<p>Hier werden Sie modernste Dienstleistungen in den Bereichen Verm\u00f6gensverwaltung und Finanzplanung finden. Die anderen Gesellschaften der Gruppe GESELLSCHAFT SempioneSIM Der Partner Ihres Vertrauens f\u00fcr die Verwaltung Ihres Verm\u00f6gens Sempione SIM Spa bietet Ihnen ein Paket exklusiver Dienstleistungen. Dazu geh\u00f6ren die Verm\u00f6gensverwaltung, die pers\u00f6nliche Beratung, der Kauf und Verkauf von Finanzinstrumenten, die Annahme und Ausf\u00fchrung von [&hellip;]<\/p>\n","protected":false},"author":7,"featured_media":20671,"parent":20752,"menu_order":0,"comment_status":"closed","ping_status":"closed","template":"Light Header","meta":{"_acf_changed":false,"footnotes":""},"class_list":["post-20665","page","type-page","status-publish","has-post-thumbnail","hentry"],"acf":[],"yoast_head":"<!-- This site is optimized with the Yoast SEO plugin v27.4 - https:\/\/yoast.com\/product\/yoast-seo-wordpress\/ -->\n<title>Banca del Sempione (Middle East) Ltd. - Banca del Sempione<\/title>\n<meta name=\"robots\" content=\"index, follow, max-snippet:-1, max-image-preview:large, max-video-preview:-1\" \/>\n<link rel=\"canonical\" href=\"https:\/\/www.bancasempione.ch\/de\/gruppe\/banca-del-sempione-middle-east-ltd\/\" \/>\n<meta property=\"og:locale\" content=\"de_DE\" \/>\n<meta property=\"og:type\" content=\"article\" \/>\n<meta property=\"og:title\" content=\"Banca del Sempione (Middle East) Ltd. - Banca del Sempione\" \/>\n<meta property=\"og:description\" content=\"Hier werden Sie modernste Dienstleistungen in den Bereichen Verm\u00f6gensverwaltung und Finanzplanung finden. Die anderen Gesellschaften der Gruppe GESELLSCHAFT SempioneSIM Der Partner Ihres Vertrauens f\u00fcr die Verwaltung Ihres Verm\u00f6gens Sempione SIM Spa bietet Ihnen ein Paket exklusiver Dienstleistungen. Dazu geh\u00f6ren die Verm\u00f6gensverwaltung, die pers\u00f6nliche Beratung, der Kauf und Verkauf von Finanzinstrumenten, die Annahme und Ausf\u00fchrung von [&hellip;]\" \/>\n<meta property=\"og:url\" content=\"https:\/\/www.bancasempione.ch\/de\/gruppe\/banca-del-sempione-middle-east-ltd\/\" \/>\n<meta property=\"og:site_name\" content=\"Banca del Sempione\" \/>\n<meta property=\"article:publisher\" content=\"https:\/\/www.facebook.com\/profile.php?id=100075458006919\" \/>\n<meta property=\"article:modified_time\" content=\"2025-11-26T14:12:49+00:00\" \/>\n<meta property=\"og:image\" content=\"https:\/\/www.bancasempione.ch\/wp-content\/uploads\/Dubai-Financial-Centre-scaled.jpg\" \/>\n\t<meta property=\"og:image:width\" content=\"2560\" \/>\n\t<meta property=\"og:image:height\" content=\"1707\" \/>\n\t<meta property=\"og:image:type\" content=\"image\/jpeg\" \/>\n<meta name=\"twitter:card\" content=\"summary_large_image\" \/>\n<meta name=\"twitter:label1\" content=\"Gesch\u00e4tzte Lesezeit\" \/>\n\t<meta name=\"twitter:data1\" content=\"2\u00a0Minuten\" \/>\n<script type=\"application\/ld+json\" class=\"yoast-schema-graph\">{\"@context\":\"https:\\\/\\\/schema.org\",\"@graph\":[{\"@type\":\"WebPage\",\"@id\":\"https:\\\/\\\/www.bancasempione.ch\\\/de\\\/gruppe\\\/banca-del-sempione-middle-east-ltd\\\/\",\"url\":\"https:\\\/\\\/www.bancasempione.ch\\\/de\\\/gruppe\\\/banca-del-sempione-middle-east-ltd\\\/\",\"name\":\"Banca del Sempione (Middle East) Ltd. - Banca del Sempione\",\"isPartOf\":{\"@id\":\"https:\\\/\\\/www.bancasempione.ch\\\/de\\\/#website\"},\"primaryImageOfPage\":{\"@id\":\"https:\\\/\\\/www.bancasempione.ch\\\/de\\\/gruppe\\\/banca-del-sempione-middle-east-ltd\\\/#primaryimage\"},\"image\":{\"@id\":\"https:\\\/\\\/www.bancasempione.ch\\\/de\\\/gruppe\\\/banca-del-sempione-middle-east-ltd\\\/#primaryimage\"},\"thumbnailUrl\":\"https:\\\/\\\/www.bancasempione.ch\\\/wp-content\\\/uploads\\\/Dubai-Financial-Centre-scaled.jpg\",\"datePublished\":\"2024-03-05T14:35:09+00:00\",\"dateModified\":\"2025-11-26T14:12:49+00:00\",\"breadcrumb\":{\"@id\":\"https:\\\/\\\/www.bancasempione.ch\\\/de\\\/gruppe\\\/banca-del-sempione-middle-east-ltd\\\/#breadcrumb\"},\"inLanguage\":\"de\",\"potentialAction\":[{\"@type\":\"ReadAction\",\"target\":[\"https:\\\/\\\/www.bancasempione.ch\\\/de\\\/gruppe\\\/banca-del-sempione-middle-east-ltd\\\/\"]}]},{\"@type\":\"ImageObject\",\"inLanguage\":\"de\",\"@id\":\"https:\\\/\\\/www.bancasempione.ch\\\/de\\\/gruppe\\\/banca-del-sempione-middle-east-ltd\\\/#primaryimage\",\"url\":\"https:\\\/\\\/www.bancasempione.ch\\\/wp-content\\\/uploads\\\/Dubai-Financial-Centre-scaled.jpg\",\"contentUrl\":\"https:\\\/\\\/www.bancasempione.ch\\\/wp-content\\\/uploads\\\/Dubai-Financial-Centre-scaled.jpg\",\"width\":2560,\"height\":1707},{\"@type\":\"BreadcrumbList\",\"@id\":\"https:\\\/\\\/www.bancasempione.ch\\\/de\\\/gruppe\\\/banca-del-sempione-middle-east-ltd\\\/#breadcrumb\",\"itemListElement\":[{\"@type\":\"ListItem\",\"position\":1,\"name\":\"Home\",\"item\":\"https:\\\/\\\/www.bancasempione.ch\\\/de\\\/\"},{\"@type\":\"ListItem\",\"position\":2,\"name\":\"Gruppe\",\"item\":\"https:\\\/\\\/www.bancasempione.ch\\\/de\\\/gruppe\\\/\"},{\"@type\":\"ListItem\",\"position\":3,\"name\":\"Banca del Sempione (Middle East) Ltd.\"}]},{\"@type\":\"WebSite\",\"@id\":\"https:\\\/\\\/www.bancasempione.ch\\\/de\\\/#website\",\"url\":\"https:\\\/\\\/www.bancasempione.ch\\\/de\\\/\",\"name\":\"Banca del Sempione\",\"description\":\"\",\"publisher\":{\"@id\":\"https:\\\/\\\/www.bancasempione.ch\\\/de\\\/#organization\"},\"potentialAction\":[{\"@type\":\"SearchAction\",\"target\":{\"@type\":\"EntryPoint\",\"urlTemplate\":\"https:\\\/\\\/www.bancasempione.ch\\\/de\\\/?s={search_term_string}\"},\"query-input\":{\"@type\":\"PropertyValueSpecification\",\"valueRequired\":true,\"valueName\":\"search_term_string\"}}],\"inLanguage\":\"de\"},{\"@type\":\"Organization\",\"@id\":\"https:\\\/\\\/www.bancasempione.ch\\\/de\\\/#organization\",\"name\":\"Banca del Sempione\",\"url\":\"https:\\\/\\\/www.bancasempione.ch\\\/de\\\/\",\"logo\":{\"@type\":\"ImageObject\",\"inLanguage\":\"de\",\"@id\":\"https:\\\/\\\/www.bancasempione.ch\\\/de\\\/#\\\/schema\\\/logo\\\/image\\\/\",\"url\":\"https:\\\/\\\/www.bancasempione.ch\\\/wp-content\\\/uploads\\\/bancadelsempione_eng.svg\",\"contentUrl\":\"https:\\\/\\\/www.bancasempione.ch\\\/wp-content\\\/uploads\\\/bancadelsempione_eng.svg\",\"caption\":\"Banca del Sempione\"},\"image\":{\"@id\":\"https:\\\/\\\/www.bancasempione.ch\\\/de\\\/#\\\/schema\\\/logo\\\/image\\\/\"},\"sameAs\":[\"https:\\\/\\\/www.facebook.com\\\/profile.php?id=100075458006919\",\"https:\\\/\\\/www.linkedin.com\\\/company\\\/bancasempione\\\/\",\"https:\\\/\\\/www.instagram.com\\\/bancasempione\\\/\"]}]}<\/script>\n<!-- \/ Yoast SEO plugin. -->","yoast_head_json":{"title":"Banca del Sempione (Middle East) Ltd. - Banca del Sempione","robots":{"index":"index","follow":"follow","max-snippet":"max-snippet:-1","max-image-preview":"max-image-preview:large","max-video-preview":"max-video-preview:-1"},"canonical":"https:\/\/www.bancasempione.ch\/de\/gruppe\/banca-del-sempione-middle-east-ltd\/","og_locale":"de_DE","og_type":"article","og_title":"Banca del Sempione (Middle East) Ltd. - Banca del Sempione","og_description":"Hier werden Sie modernste Dienstleistungen in den Bereichen Verm\u00f6gensverwaltung und Finanzplanung finden. Die anderen Gesellschaften der Gruppe GESELLSCHAFT SempioneSIM Der Partner Ihres Vertrauens f\u00fcr die Verwaltung Ihres Verm\u00f6gens Sempione SIM Spa bietet Ihnen ein Paket exklusiver Dienstleistungen. Dazu geh\u00f6ren die Verm\u00f6gensverwaltung, die pers\u00f6nliche Beratung, der Kauf und Verkauf von Finanzinstrumenten, die Annahme und Ausf\u00fchrung von [&hellip;]","og_url":"https:\/\/www.bancasempione.ch\/de\/gruppe\/banca-del-sempione-middle-east-ltd\/","og_site_name":"Banca del Sempione","article_publisher":"https:\/\/www.facebook.com\/profile.php?id=100075458006919","article_modified_time":"2025-11-26T14:12:49+00:00","og_image":[{"width":2560,"height":1707,"url":"https:\/\/www.bancasempione.ch\/wp-content\/uploads\/Dubai-Financial-Centre-scaled.jpg","type":"image\/jpeg"}],"twitter_card":"summary_large_image","twitter_misc":{"Gesch\u00e4tzte Lesezeit":"2\u00a0Minuten"},"schema":{"@context":"https:\/\/schema.org","@graph":[{"@type":"WebPage","@id":"https:\/\/www.bancasempione.ch\/de\/gruppe\/banca-del-sempione-middle-east-ltd\/","url":"https:\/\/www.bancasempione.ch\/de\/gruppe\/banca-del-sempione-middle-east-ltd\/","name":"Banca del Sempione (Middle East) Ltd. - Banca del Sempione","isPartOf":{"@id":"https:\/\/www.bancasempione.ch\/de\/#website"},"primaryImageOfPage":{"@id":"https:\/\/www.bancasempione.ch\/de\/gruppe\/banca-del-sempione-middle-east-ltd\/#primaryimage"},"image":{"@id":"https:\/\/www.bancasempione.ch\/de\/gruppe\/banca-del-sempione-middle-east-ltd\/#primaryimage"},"thumbnailUrl":"https:\/\/www.bancasempione.ch\/wp-content\/uploads\/Dubai-Financial-Centre-scaled.jpg","datePublished":"2024-03-05T14:35:09+00:00","dateModified":"2025-11-26T14:12:49+00:00","breadcrumb":{"@id":"https:\/\/www.bancasempione.ch\/de\/gruppe\/banca-del-sempione-middle-east-ltd\/#breadcrumb"},"inLanguage":"de","potentialAction":[{"@type":"ReadAction","target":["https:\/\/www.bancasempione.ch\/de\/gruppe\/banca-del-sempione-middle-east-ltd\/"]}]},{"@type":"ImageObject","inLanguage":"de","@id":"https:\/\/www.bancasempione.ch\/de\/gruppe\/banca-del-sempione-middle-east-ltd\/#primaryimage","url":"https:\/\/www.bancasempione.ch\/wp-content\/uploads\/Dubai-Financial-Centre-scaled.jpg","contentUrl":"https:\/\/www.bancasempione.ch\/wp-content\/uploads\/Dubai-Financial-Centre-scaled.jpg","width":2560,"height":1707},{"@type":"BreadcrumbList","@id":"https:\/\/www.bancasempione.ch\/de\/gruppe\/banca-del-sempione-middle-east-ltd\/#breadcrumb","itemListElement":[{"@type":"ListItem","position":1,"name":"Home","item":"https:\/\/www.bancasempione.ch\/de\/"},{"@type":"ListItem","position":2,"name":"Gruppe","item":"https:\/\/www.bancasempione.ch\/de\/gruppe\/"},{"@type":"ListItem","position":3,"name":"Banca del Sempione (Middle East) Ltd."}]},{"@type":"WebSite","@id":"https:\/\/www.bancasempione.ch\/de\/#website","url":"https:\/\/www.bancasempione.ch\/de\/","name":"Banca del Sempione","description":"","publisher":{"@id":"https:\/\/www.bancasempione.ch\/de\/#organization"},"potentialAction":[{"@type":"SearchAction","target":{"@type":"EntryPoint","urlTemplate":"https:\/\/www.bancasempione.ch\/de\/?s={search_term_string}"},"query-input":{"@type":"PropertyValueSpecification","valueRequired":true,"valueName":"search_term_string"}}],"inLanguage":"de"},{"@type":"Organization","@id":"https:\/\/www.bancasempione.ch\/de\/#organization","name":"Banca del Sempione","url":"https:\/\/www.bancasempione.ch\/de\/","logo":{"@type":"ImageObject","inLanguage":"de","@id":"https:\/\/www.bancasempione.ch\/de\/#\/schema\/logo\/image\/","url":"https:\/\/www.bancasempione.ch\/wp-content\/uploads\/bancadelsempione_eng.svg","contentUrl":"https:\/\/www.bancasempione.ch\/wp-content\/uploads\/bancadelsempione_eng.svg","caption":"Banca del Sempione"},"image":{"@id":"https:\/\/www.bancasempione.ch\/de\/#\/schema\/logo\/image\/"},"sameAs":["https:\/\/www.facebook.com\/profile.php?id=100075458006919","https:\/\/www.linkedin.com\/company\/bancasempione\/","https:\/\/www.instagram.com\/bancasempione\/"]}]}},"_links":{"self":[{"href":"https:\/\/www.bancasempione.ch\/de\/wp-json\/wp\/v2\/pages\/20665","targetHints":{"allow":["GET"]}}],"collection":[{"href":"https:\/\/www.bancasempione.ch\/de\/wp-json\/wp\/v2\/pages"}],"about":[{"href":"https:\/\/www.bancasempione.ch\/de\/wp-json\/wp\/v2\/types\/page"}],"author":[{"embeddable":true,"href":"https:\/\/www.bancasempione.ch\/de\/wp-json\/wp\/v2\/users\/7"}],"replies":[{"embeddable":true,"href":"https:\/\/www.bancasempione.ch\/de\/wp-json\/wp\/v2\/comments?post=20665"}],"version-history":[{"count":2,"href":"https:\/\/www.bancasempione.ch\/de\/wp-json\/wp\/v2\/pages\/20665\/revisions"}],"predecessor-version":[{"id":22336,"href":"https:\/\/www.bancasempione.ch\/de\/wp-json\/wp\/v2\/pages\/20665\/revisions\/22336"}],"up":[{"embeddable":true,"href":"https:\/\/www.bancasempione.ch\/de\/wp-json\/wp\/v2\/pages\/20752"}],"wp:featuredmedia":[{"embeddable":true,"href":"https:\/\/www.bancasempione.ch\/de\/wp-json\/wp\/v2\/media\/20671"}],"wp:attachment":[{"href":"https:\/\/www.bancasempione.ch\/de\/wp-json\/wp\/v2\/media?parent=20665"}],"curies":[{"name":"wp","href":"https:\/\/api.w.org\/{rel}","templated":true}]}}