{"id":20673,"date":"2024-04-05T08:42:19","date_gmt":"2024-04-05T06:42:19","guid":{"rendered":"https:\/\/bancasempione.ch\/einlagensicherung\/"},"modified":"2025-11-03T11:31:25","modified_gmt":"2025-11-03T10:31:25","slug":"einlagensicherung","status":"publish","type":"page","link":"https:\/\/www.bancasempione.ch\/de\/rechtliches\/einlagensicherung\/","title":{"rendered":"Einlagensicherung"},"content":{"rendered":"\n<p class=\"has-titolo-xl-font-size\"><strong>Einlagensicherung<\/strong><\/p>\n\n<p>Wie alle Banken und Wertpapierh\u00e4ndler in der Schweiz erf\u00fcllt die Banca del Sempione SA die Verpflichtung, sich der Vereinbarung der Schweizer Banken und Wertpapierh\u00e4ndler \u00fcber die Einlagensicherung anzuschlie\u00dfen und ist deshalb Mitglied von Esisuisse.<\/p>\n\n<p>Die Einlagensicherung sch\u00fctzt die Guthaben auf den Konten von Privat- und Firmenkunden im Falle des Konkurses einer Bank oder eines Wertpapierhauses. Die Garantie unterliegt den gesetzlichen Bestimmungen.<\/p>\n\n<p>Die Garantie ist auf einen H\u00f6chstbetrag von CHF 100&#8217;000<strong> <\/strong>pro Kunde und Institut beschr\u00e4nkt. Sind mehrere Konten vorhanden, werden diese zusammengerechnet.<\/p>\n\n<p>Es wird ebenfalls darauf hingewiesen, dass mehrere Personen, die gemeinsam Inhaber eines Kontos sind, eine Gemeinschaft bilden, die in Bezug auf die Garantie wie ein separater Kunde behandelt wird. Das bedeutet, dass die dieser Gemeinschaft geh\u00f6renden Guthaben bis zu einem Gesamtbetrag von CHF 100&#8217;000 gesichert sind. Wenn eine solche Gemeinschaft \u00fcber mehrere Konten verf\u00fcgt, werden diese zusammengerechnet.<\/p>\n\n<p>Esisuisse garantiert die Deckung der garantierten Guthaben im Rahmen der Selbstregulierung der Schweizer Banken und Wertpapierh\u00e4user.<\/p>\n\n<p>Die Einlagen bei der Banca del Sempione SA sind durch die Einlagensicherung gedeckt.<\/p>\n\n<p>Ausf\u00fchrliche Informationen finden Sie unter <a href=\"https:\/\/www.esisuisse.ch\/it\">www.esisuisse.ch<\/a>. Die Banca del Sempione SA steht Ihnen f\u00fcr weitere Ausk\u00fcnfte gerne zur Verf\u00fcgung.<\/p>\n\n<p class=\"has-primario-color has-text-color has-link-color wp-elements-99233873190b00a6c036edecaeb04546\" style=\"font-size:clamp(14px, 0.875rem + ((1vw - 3.2px) * 0.377), 18px);\"><\/p>\n","protected":false},"excerpt":{"rendered":"<p>Einlagensicherung Wie alle Banken und Wertpapierh\u00e4ndler in der Schweiz erf\u00fcllt die Banca del Sempione SA die Verpflichtung, sich der Vereinbarung der Schweizer Banken und Wertpapierh\u00e4ndler \u00fcber die Einlagensicherung anzuschlie\u00dfen und ist deshalb Mitglied von Esisuisse. Die Einlagensicherung sch\u00fctzt die Guthaben auf den Konten von Privat- und Firmenkunden im Falle des Konkurses einer Bank oder eines [&hellip;]<\/p>\n","protected":false},"author":7,"featured_media":20674,"parent":20690,"menu_order":0,"comment_status":"closed","ping_status":"closed","template":"No Hero","meta":{"_acf_changed":false,"footnotes":""},"class_list":["post-20673","page","type-page","status-publish","has-post-thumbnail","hentry"],"acf":[],"yoast_head":"<!-- This site is optimized with the Yoast SEO plugin v27.4 - https:\/\/yoast.com\/product\/yoast-seo-wordpress\/ -->\n<title>Einlagensicherung - Banca del Sempione<\/title>\n<meta name=\"robots\" content=\"index, follow, max-snippet:-1, max-image-preview:large, max-video-preview:-1\" \/>\n<link rel=\"canonical\" href=\"https:\/\/www.bancasempione.ch\/de\/rechtliches\/einlagensicherung\/\" \/>\n<meta property=\"og:locale\" content=\"de_DE\" \/>\n<meta property=\"og:type\" content=\"article\" \/>\n<meta property=\"og:title\" content=\"Einlagensicherung - Banca del Sempione\" \/>\n<meta property=\"og:description\" content=\"Einlagensicherung Wie alle Banken und Wertpapierh\u00e4ndler in der Schweiz erf\u00fcllt die Banca del Sempione SA die Verpflichtung, sich der Vereinbarung der Schweizer Banken und Wertpapierh\u00e4ndler \u00fcber die Einlagensicherung anzuschlie\u00dfen und ist deshalb Mitglied von Esisuisse. Die Einlagensicherung sch\u00fctzt die Guthaben auf den Konten von Privat- und Firmenkunden im Falle des Konkurses einer Bank oder eines [&hellip;]\" \/>\n<meta property=\"og:url\" content=\"https:\/\/www.bancasempione.ch\/de\/rechtliches\/einlagensicherung\/\" \/>\n<meta property=\"og:site_name\" content=\"Banca del Sempione\" \/>\n<meta property=\"article:publisher\" content=\"https:\/\/www.facebook.com\/profile.php?id=100075458006919\" \/>\n<meta property=\"article:modified_time\" content=\"2025-11-03T10:31:25+00:00\" \/>\n<meta property=\"og:image\" content=\"https:\/\/www.bancasempione.ch\/wp-content\/uploads\/Banca-Sempione-Team-210565-2.jpg\" \/>\n\t<meta property=\"og:image:width\" content=\"1708\" \/>\n\t<meta property=\"og:image:height\" content=\"1138\" \/>\n\t<meta property=\"og:image:type\" content=\"image\/jpeg\" \/>\n<meta name=\"twitter:card\" content=\"summary_large_image\" \/>\n<meta name=\"twitter:label1\" content=\"Gesch\u00e4tzte Lesezeit\" \/>\n\t<meta name=\"twitter:data1\" content=\"1\u00a0Minute\" \/>\n<script type=\"application\/ld+json\" class=\"yoast-schema-graph\">{\"@context\":\"https:\\\/\\\/schema.org\",\"@graph\":[{\"@type\":\"WebPage\",\"@id\":\"https:\\\/\\\/www.bancasempione.ch\\\/de\\\/rechtliches\\\/einlagensicherung\\\/\",\"url\":\"https:\\\/\\\/www.bancasempione.ch\\\/de\\\/rechtliches\\\/einlagensicherung\\\/\",\"name\":\"Einlagensicherung - Banca del Sempione\",\"isPartOf\":{\"@id\":\"https:\\\/\\\/www.bancasempione.ch\\\/de\\\/#website\"},\"primaryImageOfPage\":{\"@id\":\"https:\\\/\\\/www.bancasempione.ch\\\/de\\\/rechtliches\\\/einlagensicherung\\\/#primaryimage\"},\"image\":{\"@id\":\"https:\\\/\\\/www.bancasempione.ch\\\/de\\\/rechtliches\\\/einlagensicherung\\\/#primaryimage\"},\"thumbnailUrl\":\"https:\\\/\\\/www.bancasempione.ch\\\/wp-content\\\/uploads\\\/Banca-Sempione-Team-210565-2.jpg\",\"datePublished\":\"2024-04-05T06:42:19+00:00\",\"dateModified\":\"2025-11-03T10:31:25+00:00\",\"breadcrumb\":{\"@id\":\"https:\\\/\\\/www.bancasempione.ch\\\/de\\\/rechtliches\\\/einlagensicherung\\\/#breadcrumb\"},\"inLanguage\":\"de\",\"potentialAction\":[{\"@type\":\"ReadAction\",\"target\":[\"https:\\\/\\\/www.bancasempione.ch\\\/de\\\/rechtliches\\\/einlagensicherung\\\/\"]}]},{\"@type\":\"ImageObject\",\"inLanguage\":\"de\",\"@id\":\"https:\\\/\\\/www.bancasempione.ch\\\/de\\\/rechtliches\\\/einlagensicherung\\\/#primaryimage\",\"url\":\"https:\\\/\\\/www.bancasempione.ch\\\/wp-content\\\/uploads\\\/Banca-Sempione-Team-210565-2.jpg\",\"contentUrl\":\"https:\\\/\\\/www.bancasempione.ch\\\/wp-content\\\/uploads\\\/Banca-Sempione-Team-210565-2.jpg\",\"width\":1708,\"height\":1138},{\"@type\":\"BreadcrumbList\",\"@id\":\"https:\\\/\\\/www.bancasempione.ch\\\/de\\\/rechtliches\\\/einlagensicherung\\\/#breadcrumb\",\"itemListElement\":[{\"@type\":\"ListItem\",\"position\":1,\"name\":\"Home\",\"item\":\"https:\\\/\\\/www.bancasempione.ch\\\/de\\\/\"},{\"@type\":\"ListItem\",\"position\":2,\"name\":\"Rechtliches\",\"item\":\"https:\\\/\\\/www.bancasempione.ch\\\/de\\\/area-legale\\\/\"},{\"@type\":\"ListItem\",\"position\":3,\"name\":\"Einlagensicherung\"}]},{\"@type\":\"WebSite\",\"@id\":\"https:\\\/\\\/www.bancasempione.ch\\\/de\\\/#website\",\"url\":\"https:\\\/\\\/www.bancasempione.ch\\\/de\\\/\",\"name\":\"Banca del Sempione\",\"description\":\"\",\"publisher\":{\"@id\":\"https:\\\/\\\/www.bancasempione.ch\\\/de\\\/#organization\"},\"potentialAction\":[{\"@type\":\"SearchAction\",\"target\":{\"@type\":\"EntryPoint\",\"urlTemplate\":\"https:\\\/\\\/www.bancasempione.ch\\\/de\\\/?s={search_term_string}\"},\"query-input\":{\"@type\":\"PropertyValueSpecification\",\"valueRequired\":true,\"valueName\":\"search_term_string\"}}],\"inLanguage\":\"de\"},{\"@type\":\"Organization\",\"@id\":\"https:\\\/\\\/www.bancasempione.ch\\\/de\\\/#organization\",\"name\":\"Banca del Sempione\",\"url\":\"https:\\\/\\\/www.bancasempione.ch\\\/de\\\/\",\"logo\":{\"@type\":\"ImageObject\",\"inLanguage\":\"de\",\"@id\":\"https:\\\/\\\/www.bancasempione.ch\\\/de\\\/#\\\/schema\\\/logo\\\/image\\\/\",\"url\":\"https:\\\/\\\/www.bancasempione.ch\\\/wp-content\\\/uploads\\\/bancadelsempione_eng.svg\",\"contentUrl\":\"https:\\\/\\\/www.bancasempione.ch\\\/wp-content\\\/uploads\\\/bancadelsempione_eng.svg\",\"caption\":\"Banca del Sempione\"},\"image\":{\"@id\":\"https:\\\/\\\/www.bancasempione.ch\\\/de\\\/#\\\/schema\\\/logo\\\/image\\\/\"},\"sameAs\":[\"https:\\\/\\\/www.facebook.com\\\/profile.php?id=100075458006919\",\"https:\\\/\\\/www.linkedin.com\\\/company\\\/bancasempione\\\/\",\"https:\\\/\\\/www.instagram.com\\\/bancasempione\\\/\"]}]}<\/script>\n<!-- \/ Yoast SEO plugin. -->","yoast_head_json":{"title":"Einlagensicherung - Banca del Sempione","robots":{"index":"index","follow":"follow","max-snippet":"max-snippet:-1","max-image-preview":"max-image-preview:large","max-video-preview":"max-video-preview:-1"},"canonical":"https:\/\/www.bancasempione.ch\/de\/rechtliches\/einlagensicherung\/","og_locale":"de_DE","og_type":"article","og_title":"Einlagensicherung - Banca del Sempione","og_description":"Einlagensicherung Wie alle Banken und Wertpapierh\u00e4ndler in der Schweiz erf\u00fcllt die Banca del Sempione SA die Verpflichtung, sich der Vereinbarung der Schweizer Banken und Wertpapierh\u00e4ndler \u00fcber die Einlagensicherung anzuschlie\u00dfen und ist deshalb Mitglied von Esisuisse. Die Einlagensicherung sch\u00fctzt die Guthaben auf den Konten von Privat- und Firmenkunden im Falle des Konkurses einer Bank oder eines [&hellip;]","og_url":"https:\/\/www.bancasempione.ch\/de\/rechtliches\/einlagensicherung\/","og_site_name":"Banca del Sempione","article_publisher":"https:\/\/www.facebook.com\/profile.php?id=100075458006919","article_modified_time":"2025-11-03T10:31:25+00:00","og_image":[{"width":1708,"height":1138,"url":"https:\/\/www.bancasempione.ch\/wp-content\/uploads\/Banca-Sempione-Team-210565-2.jpg","type":"image\/jpeg"}],"twitter_card":"summary_large_image","twitter_misc":{"Gesch\u00e4tzte Lesezeit":"1\u00a0Minute"},"schema":{"@context":"https:\/\/schema.org","@graph":[{"@type":"WebPage","@id":"https:\/\/www.bancasempione.ch\/de\/rechtliches\/einlagensicherung\/","url":"https:\/\/www.bancasempione.ch\/de\/rechtliches\/einlagensicherung\/","name":"Einlagensicherung - Banca del Sempione","isPartOf":{"@id":"https:\/\/www.bancasempione.ch\/de\/#website"},"primaryImageOfPage":{"@id":"https:\/\/www.bancasempione.ch\/de\/rechtliches\/einlagensicherung\/#primaryimage"},"image":{"@id":"https:\/\/www.bancasempione.ch\/de\/rechtliches\/einlagensicherung\/#primaryimage"},"thumbnailUrl":"https:\/\/www.bancasempione.ch\/wp-content\/uploads\/Banca-Sempione-Team-210565-2.jpg","datePublished":"2024-04-05T06:42:19+00:00","dateModified":"2025-11-03T10:31:25+00:00","breadcrumb":{"@id":"https:\/\/www.bancasempione.ch\/de\/rechtliches\/einlagensicherung\/#breadcrumb"},"inLanguage":"de","potentialAction":[{"@type":"ReadAction","target":["https:\/\/www.bancasempione.ch\/de\/rechtliches\/einlagensicherung\/"]}]},{"@type":"ImageObject","inLanguage":"de","@id":"https:\/\/www.bancasempione.ch\/de\/rechtliches\/einlagensicherung\/#primaryimage","url":"https:\/\/www.bancasempione.ch\/wp-content\/uploads\/Banca-Sempione-Team-210565-2.jpg","contentUrl":"https:\/\/www.bancasempione.ch\/wp-content\/uploads\/Banca-Sempione-Team-210565-2.jpg","width":1708,"height":1138},{"@type":"BreadcrumbList","@id":"https:\/\/www.bancasempione.ch\/de\/rechtliches\/einlagensicherung\/#breadcrumb","itemListElement":[{"@type":"ListItem","position":1,"name":"Home","item":"https:\/\/www.bancasempione.ch\/de\/"},{"@type":"ListItem","position":2,"name":"Rechtliches","item":"https:\/\/www.bancasempione.ch\/de\/area-legale\/"},{"@type":"ListItem","position":3,"name":"Einlagensicherung"}]},{"@type":"WebSite","@id":"https:\/\/www.bancasempione.ch\/de\/#website","url":"https:\/\/www.bancasempione.ch\/de\/","name":"Banca del Sempione","description":"","publisher":{"@id":"https:\/\/www.bancasempione.ch\/de\/#organization"},"potentialAction":[{"@type":"SearchAction","target":{"@type":"EntryPoint","urlTemplate":"https:\/\/www.bancasempione.ch\/de\/?s={search_term_string}"},"query-input":{"@type":"PropertyValueSpecification","valueRequired":true,"valueName":"search_term_string"}}],"inLanguage":"de"},{"@type":"Organization","@id":"https:\/\/www.bancasempione.ch\/de\/#organization","name":"Banca del Sempione","url":"https:\/\/www.bancasempione.ch\/de\/","logo":{"@type":"ImageObject","inLanguage":"de","@id":"https:\/\/www.bancasempione.ch\/de\/#\/schema\/logo\/image\/","url":"https:\/\/www.bancasempione.ch\/wp-content\/uploads\/bancadelsempione_eng.svg","contentUrl":"https:\/\/www.bancasempione.ch\/wp-content\/uploads\/bancadelsempione_eng.svg","caption":"Banca del Sempione"},"image":{"@id":"https:\/\/www.bancasempione.ch\/de\/#\/schema\/logo\/image\/"},"sameAs":["https:\/\/www.facebook.com\/profile.php?id=100075458006919","https:\/\/www.linkedin.com\/company\/bancasempione\/","https:\/\/www.instagram.com\/bancasempione\/"]}]}},"_links":{"self":[{"href":"https:\/\/www.bancasempione.ch\/de\/wp-json\/wp\/v2\/pages\/20673","targetHints":{"allow":["GET"]}}],"collection":[{"href":"https:\/\/www.bancasempione.ch\/de\/wp-json\/wp\/v2\/pages"}],"about":[{"href":"https:\/\/www.bancasempione.ch\/de\/wp-json\/wp\/v2\/types\/page"}],"author":[{"embeddable":true,"href":"https:\/\/www.bancasempione.ch\/de\/wp-json\/wp\/v2\/users\/7"}],"replies":[{"embeddable":true,"href":"https:\/\/www.bancasempione.ch\/de\/wp-json\/wp\/v2\/comments?post=20673"}],"version-history":[{"count":1,"href":"https:\/\/www.bancasempione.ch\/de\/wp-json\/wp\/v2\/pages\/20673\/revisions"}],"predecessor-version":[{"id":20675,"href":"https:\/\/www.bancasempione.ch\/de\/wp-json\/wp\/v2\/pages\/20673\/revisions\/20675"}],"up":[{"embeddable":true,"href":"https:\/\/www.bancasempione.ch\/de\/wp-json\/wp\/v2\/pages\/20690"}],"wp:featuredmedia":[{"embeddable":true,"href":"https:\/\/www.bancasempione.ch\/de\/wp-json\/wp\/v2\/media\/20674"}],"wp:attachment":[{"href":"https:\/\/www.bancasempione.ch\/de\/wp-json\/wp\/v2\/media?parent=20673"}],"curies":[{"name":"wp","href":"https:\/\/api.w.org\/{rel}","templated":true}]}}