{"id":20680,"date":"2023-08-11T10:00:34","date_gmt":"2023-08-11T08:00:34","guid":{"rendered":"https:\/\/bancasempione.ch\/einen-termin-vereinbaren\/"},"modified":"2025-12-04T14:15:04","modified_gmt":"2025-12-04T13:15:04","slug":"einen-termin-vereinbaren","status":"publish","type":"page","link":"https:\/\/www.bancasempione.ch\/de\/einen-termin-vereinbaren\/","title":{"rendered":"Einen Termin vereinbaren"},"content":{"rendered":"\n<div class=\"wp-block-group alignfull has-global-padding is-layout-constrained wp-block-group-is-layout-constrained\">\n<div class=\"wp-block-columns is-layout-flex wp-container-core-columns-is-layout-28f84493 wp-block-columns-is-layout-flex\">\n<div class=\"wp-block-column is-layout-flow wp-block-column-is-layout-flow\">\n<h2 class=\"wp-block-heading has-titolo-xl-font-size\" style=\"font-style:normal;font-weight:300\">Einen <strong><\/strong>Termin<strong><\/strong> vereinbaren<\/h2>\n\n\n\n<p><strong>Sind Sie interessiert oder m\u00f6chten Sie mehr \u00fcber eine unserer Dienstleistungen erfahren?<\/strong><br\/>W\u00e4hlen Sie im Kalender Ihre Pr\u00e4ferenz aus, um einen Termin vor Ort zu vereinbaren. Wir setzen uns dann mit Ihnen in Verbindung, um den Termin zu best\u00e4tigen oder gemeinsam einen Termin zu vereinbaren.<br\/><\/p>\n<\/div>\n\n\n\n<div class=\"wp-block-column is-layout-flow wp-block-column-is-layout-flow\" style=\"padding-right:2vw;padding-left:2vw\"><div class=\"booked-calendar-shortcode-wrap\"><div class=\"booked-calendar-wrap large\"><div class=\"booked-calendar\" data-calendar-date=\"2026-04-01\">\n\t\t<div class=\"bc-head\">\n\n\t\t\t\n\t\t\t<div class=\"bc-row top\">\n\t\t\t\t<div class=\"bc-col\">\n\t\t\t\t\t\t\t\t\t\t<span class=\"calendarSavingState\">\n\t\t\t\t\t\t<i class=\"fa-solid fa-circle-notch fa-spin\"><\/i>\n\t\t\t\t\t<\/span>\n\t\t\t\t\t<span class=\"monthName\">\n\t\t\t\t\t\tApril 2026\t\t\t\t\t\t\t\t\t\t\t<\/span>\n\t\t\t\t\t<a href=\"#\" data-goto=\"2026-05-01\" class=\"page-right\"><i class=\"fa-solid fa-arrow-right\"><\/i><\/a>\t\t\t\t<\/div>\n\t\t\t<\/div>\n\t\t\t<div class=\"bc-row days\">\n\t\t\t\t\t\t\t\t<div class=\"bc-col\">Mo.<\/div>\n\t\t\t\t<div class=\"bc-col\">Di.<\/div>\n\t\t\t\t<div class=\"bc-col\">Mi.<\/div>\n\t\t\t\t<div class=\"bc-col\">Do.<\/div>\n\t\t\t\t<div class=\"bc-col\">Fr.<\/div>\n\t\t\t\t<div class=\"bc-col\">Sa.<\/div>\t\t\t\t<div class=\"bc-col\">So.<\/div>\t\t\t<\/div>\n\t\t<\/div>\n\t\t<div class=\"bc-body\"><div class=\"bc-row week\"><div data-date=\"2026-03-30\" class=\"bc-col prev-month prev-date\"><span class=\"date\"><span class=\"number\">30<\/span><\/span><\/div><div data-date=\"2026-03-31\" class=\"bc-col prev-month prev-date\"><span class=\"date\"><span class=\"number\">31<\/span><\/span><\/div><div data-date=\"2026-04-1\" class=\"bc-col prev-date\"><span class=\"date\"><span class=\"number\">1<\/span><\/span><\/div><div data-date=\"2026-04-2\" class=\"bc-col prev-date\"><span class=\"date\"><span class=\"number\">2<\/span><\/span><\/div><div data-date=\"2026-04-3\" class=\"bc-col prev-date\"><span class=\"date\"><span class=\"number\">3<\/span><\/span><\/div><div data-date=\"2026-04-4\" class=\"bc-col prev-date\"><span class=\"date\"><span class=\"number\">4<\/span><\/span><\/div><div data-date=\"2026-04-5\" class=\"bc-col prev-date\"><span class=\"date\"><span class=\"number\">5<\/span><\/span><\/div><\/div><div class=\"bc-row week\"><div data-date=\"2026-04-6\" class=\"bc-col prev-date\"><span class=\"date\"><span class=\"number\">6<\/span><\/span><\/div><div data-date=\"2026-04-7\" class=\"bc-col prev-date\"><span class=\"date\"><span class=\"number\">7<\/span><\/span><\/div><div data-date=\"2026-04-8\" class=\"bc-col prev-date\"><span class=\"date\"><span class=\"number\">8<\/span><\/span><\/div><div data-date=\"2026-04-9\" class=\"bc-col prev-date\"><span class=\"date\"><span class=\"number\">9<\/span><\/span><\/div><div data-date=\"2026-04-10\" class=\"bc-col prev-date\"><span class=\"date\"><span class=\"number\">10<\/span><\/span><\/div><div data-date=\"2026-04-11\" class=\"bc-col prev-date\"><span class=\"date\"><span class=\"number\">11<\/span><\/span><\/div><div data-date=\"2026-04-12\" class=\"bc-col prev-date\"><span class=\"date\"><span class=\"number\">12<\/span><\/span><\/div><\/div><div class=\"bc-row week\"><div data-date=\"2026-04-13\" class=\"bc-col prev-date\"><span class=\"date\"><span class=\"number\">13<\/span><\/span><\/div><div data-date=\"2026-04-14\" class=\"bc-col prev-date\"><span class=\"date\"><span class=\"number\">14<\/span><\/span><\/div><div data-date=\"2026-04-15\" class=\"bc-col prev-date\"><span class=\"date\"><span class=\"number\">15<\/span><\/span><\/div><div data-date=\"2026-04-16\" class=\"bc-col today prev-date\"><span class=\"date\"><span class=\"number\">16<\/span><\/span><\/div><div data-date=\"2026-04-17\" class=\"bc-col \"><span class=\"date\"><span class=\"number\">17<\/span><\/span><\/div><div data-date=\"2026-04-18\" class=\"bc-col prev-date\"><span class=\"date\"><span class=\"number\">18<\/span><\/span><\/div><div data-date=\"2026-04-19\" class=\"bc-col prev-date\"><span class=\"date\"><span class=\"number\">19<\/span><\/span><\/div><\/div><div class=\"bc-row week\"><div data-date=\"2026-04-20\" class=\"bc-col \"><span class=\"date\"><span class=\"number\">20<\/span><\/span><\/div><div data-date=\"2026-04-21\" class=\"bc-col \"><span class=\"date\"><span class=\"number\">21<\/span><\/span><\/div><div data-date=\"2026-04-22\" class=\"bc-col \"><span class=\"date\"><span class=\"number\">22<\/span><\/span><\/div><div data-date=\"2026-04-23\" class=\"bc-col \"><span class=\"date\"><span class=\"number\">23<\/span><\/span><\/div><div data-date=\"2026-04-24\" class=\"bc-col \"><span class=\"date\"><span class=\"number\">24<\/span><\/span><\/div><div data-date=\"2026-04-25\" class=\"bc-col prev-date\"><span class=\"date\"><span class=\"number\">25<\/span><\/span><\/div><div data-date=\"2026-04-26\" class=\"bc-col prev-date\"><span class=\"date\"><span class=\"number\">26<\/span><\/span><\/div><\/div><div class=\"bc-row week\"><div data-date=\"2026-04-27\" class=\"bc-col \"><span class=\"date\"><span class=\"number\">27<\/span><\/span><\/div><div data-date=\"2026-04-28\" class=\"bc-col \"><span class=\"date\"><span class=\"number\">28<\/span><\/span><\/div><div data-date=\"2026-04-29\" class=\"bc-col \"><span class=\"date\"><span class=\"number\">29<\/span><\/span><\/div><div data-date=\"2026-04-30\" class=\"bc-col \"><span class=\"date\"><span class=\"number\">30<\/span><\/span><\/div><div data-date=\"2026-05-1\" class=\"bc-col next-month prev-date\"><span class=\"date\"><span class=\"number\">1<\/span><\/span><\/div><div data-date=\"2026-05-2\" class=\"bc-col next-month prev-date\"><span class=\"date\"><span class=\"number\">2<\/span><\/span><\/div><div data-date=\"2026-05-3\" class=\"bc-col next-month prev-date\"><span class=\"date\"><span class=\"number\">3<\/span><\/span><\/div><\/div>\t\t<\/div>\n\t<\/div><\/div><\/div>\n<\/div>\n<\/div>\n<\/div>\n\n<div style=\"height:50px\" aria-hidden=\"true\" class=\"wp-block-spacer\"><\/div>\n\n<hr class=\"wp-block-separator has-alpha-channel-opacity is-style-wide\"\/>\n\n<div class=\"wp-block-group is-layout-flow wp-block-group-is-layout-flow\" style=\"margin-top:var(--wp--preset--spacing--70);margin-bottom:var(--wp--preset--spacing--70)\">\n<div class=\"wp-block-columns is-layout-flex wp-container-core-columns-is-layout-28f84493 wp-block-columns-is-layout-flex\">\n<div class=\"wp-block-column is-layout-flow wp-block-column-is-layout-flow\" style=\"flex-basis:60%\">\n<h2 class=\"wp-block-heading has-titolo-xl-font-size\" style=\"font-style:normal;font-weight:300\">Unsere <strong>Zweigstellen<\/strong><\/h2>\n<\/div>\n<\/div>\n<\/div>\n\n<div class=\"wp-block-group is-layout-grid wp-container-core-group-is-layout-e766bbef wp-block-group-is-layout-grid\">\n<p><strong>Hauptsitz Lugano<br\/><\/strong>Via P. Peri 5<br\/>CH-6900 Lugano<br\/>Tel. <a data-type=\"tel\" data-id=\"tel:+41(0)919107111\" href=\"tel:+41(0)919107111\"><span style=\"text-decoration: underline;\">+41 (0)91 910 71 11<\/span><\/a><br\/>Fax +41 (0)91 910 71 60<br\/><a href=\"mailto:info@bancasempione.ch\"><span style=\"text-decoration: underline;\">info@bancasempione.ch<\/span><\/a><\/p>\n\n\n\n<p><strong>Zweigstelle Locarno<br\/><\/strong>Via della Stazione 9<br\/>CH-6600 Locarno-Muralto<br\/>Tel. <a href=\"tel:+41(0)919107111\" data-type=\"tel\" data-id=\"tel:+41(0)919107111\"><span style=\"text-decoration: underline;\">+41 (0)91 910 71 11<\/span><\/a><br\/>Fax +41 (0)91 910 73 62<br\/><a href=\"mailto:locarno@bancasempione.ch\"><span style=\"text-decoration: underline;\">locarno@bancasempione.ch<\/span><\/a><\/p>\n\n\n\n<p><strong>Zweigstelle Bellinzona<br\/><\/strong>Viale Stazione 8a<br\/>CH-6500 Bellinzona<br\/>Tel. <a href=\"tel:+41(0)919107111\" data-type=\"tel\" data-id=\"tel:+41(0)919107111\"><span style=\"text-decoration: underline;\">+41 (0)91 910 71 11<\/span><\/a><br\/>Fax +41 (0)91 910 73 60<br\/><a href=\"mailto:bellinzona@bancasempione.ch\"><span style=\"text-decoration: underline;\">bellinzona@bancasempione.ch<\/span><\/a><\/p>\n\n\n\n<p><strong>Zweigstelle Chiasso<br\/><\/strong>Piazza Boffalora 4<br\/>CH-6830 Chiasso<br\/>Tel. <a href=\"tel:+41(0)919107111\" data-type=\"tel\" data-id=\"tel:+41(0)919107111\"><span style=\"text-decoration: underline;\">+41 (0)91 910 71 11<\/span><\/a><br\/>Fax +41 (0)91 910 73 61<br\/><a href=\"mailto:chiasso@bancasempione.ch\"><span style=\"text-decoration: underline;\">chiasso@bancasempione.ch<\/span><\/a><\/p>\n\n\n\n<p><strong>Repr\u00e4sentanzb\u00fcro in Z\u00fcrich<\/strong><br\/>Via Bahnhofstrasse 65<br\/>CH-8001 Zurigo<br\/>Tel. <a data-type=\"tel\" data-id=\"tel:+41(0)919107111\" href=\"tel:+41(0)919107111\"><span style=\"text-decoration: underline;\">+41 (0)91 910 71 11<\/span><\/a><br\/><a href=\"mailto:zuerich@bancasempione.ch\"><span style=\"text-decoration: underline;\">zuerich@bancasempione.ch<\/span><\/a><\/p>\n<\/div>\n\n<div style=\"height:50px\" aria-hidden=\"true\" class=\"wp-block-spacer\"><\/div>\n\n<hr class=\"wp-block-separator has-alpha-channel-opacity is-style-wide\"\/>\n\n<p><\/p>\n","protected":false},"excerpt":{"rendered":"<p>Einen Termin vereinbaren Sind Sie interessiert oder m\u00f6chten Sie mehr \u00fcber eine unserer Dienstleistungen erfahren?W\u00e4hlen Sie im Kalender Ihre Pr\u00e4ferenz aus, um einen Termin vor Ort zu vereinbaren. Wir setzen uns dann mit Ihnen in Verbindung, um den Termin zu best\u00e4tigen oder gemeinsam einen Termin zu vereinbaren. Unsere Zweigstellen Hauptsitz LuganoVia P. Peri 5CH-6900 LuganoTel. [&hellip;]<\/p>\n","protected":false},"author":1,"featured_media":0,"parent":0,"menu_order":0,"comment_status":"closed","ping_status":"closed","template":"No Hero","meta":{"_acf_changed":false,"footnotes":""},"class_list":["post-20680","page","type-page","status-publish","hentry"],"acf":[],"yoast_head":"<!-- This site is optimized with the Yoast SEO plugin v27.4 - https:\/\/yoast.com\/product\/yoast-seo-wordpress\/ -->\n<title>Einen Termin vereinbaren - Banca del Sempione<\/title>\n<meta name=\"robots\" content=\"index, follow, max-snippet:-1, max-image-preview:large, max-video-preview:-1\" \/>\n<link rel=\"canonical\" href=\"https:\/\/www.bancasempione.ch\/de\/einen-termin-vereinbaren\/\" \/>\n<meta property=\"og:locale\" content=\"de_DE\" \/>\n<meta property=\"og:type\" content=\"article\" \/>\n<meta property=\"og:title\" content=\"Einen Termin vereinbaren - Banca del Sempione\" \/>\n<meta property=\"og:description\" content=\"Einen Termin vereinbaren Sind Sie interessiert oder m\u00f6chten Sie mehr \u00fcber eine unserer Dienstleistungen erfahren?W\u00e4hlen Sie im Kalender Ihre Pr\u00e4ferenz aus, um einen Termin vor Ort zu vereinbaren. Wir setzen uns dann mit Ihnen in Verbindung, um den Termin zu best\u00e4tigen oder gemeinsam einen Termin zu vereinbaren. Unsere Zweigstellen Hauptsitz LuganoVia P. Peri 5CH-6900 LuganoTel. [&hellip;]\" \/>\n<meta property=\"og:url\" content=\"https:\/\/www.bancasempione.ch\/de\/einen-termin-vereinbaren\/\" \/>\n<meta property=\"og:site_name\" content=\"Banca del Sempione\" \/>\n<meta property=\"article:publisher\" content=\"https:\/\/www.facebook.com\/profile.php?id=100075458006919\" \/>\n<meta property=\"article:modified_time\" content=\"2025-12-04T13:15:04+00:00\" \/>\n<meta name=\"twitter:card\" content=\"summary_large_image\" \/>\n<meta name=\"twitter:label1\" content=\"Gesch\u00e4tzte Lesezeit\" \/>\n\t<meta name=\"twitter:data1\" content=\"1\u00a0Minute\" \/>\n<script type=\"application\/ld+json\" class=\"yoast-schema-graph\">{\"@context\":\"https:\\\/\\\/schema.org\",\"@graph\":[{\"@type\":\"WebPage\",\"@id\":\"https:\\\/\\\/www.bancasempione.ch\\\/de\\\/einen-termin-vereinbaren\\\/\",\"url\":\"https:\\\/\\\/www.bancasempione.ch\\\/de\\\/einen-termin-vereinbaren\\\/\",\"name\":\"Einen Termin vereinbaren - Banca del Sempione\",\"isPartOf\":{\"@id\":\"https:\\\/\\\/www.bancasempione.ch\\\/de\\\/#website\"},\"datePublished\":\"2023-08-11T08:00:34+00:00\",\"dateModified\":\"2025-12-04T13:15:04+00:00\",\"breadcrumb\":{\"@id\":\"https:\\\/\\\/www.bancasempione.ch\\\/de\\\/einen-termin-vereinbaren\\\/#breadcrumb\"},\"inLanguage\":\"de\",\"potentialAction\":[{\"@type\":\"ReadAction\",\"target\":[\"https:\\\/\\\/www.bancasempione.ch\\\/de\\\/einen-termin-vereinbaren\\\/\"]}]},{\"@type\":\"BreadcrumbList\",\"@id\":\"https:\\\/\\\/www.bancasempione.ch\\\/de\\\/einen-termin-vereinbaren\\\/#breadcrumb\",\"itemListElement\":[{\"@type\":\"ListItem\",\"position\":1,\"name\":\"Home\",\"item\":\"https:\\\/\\\/www.bancasempione.ch\\\/de\\\/\"},{\"@type\":\"ListItem\",\"position\":2,\"name\":\"Einen Termin vereinbaren\"}]},{\"@type\":\"WebSite\",\"@id\":\"https:\\\/\\\/www.bancasempione.ch\\\/de\\\/#website\",\"url\":\"https:\\\/\\\/www.bancasempione.ch\\\/de\\\/\",\"name\":\"Banca del Sempione\",\"description\":\"\",\"publisher\":{\"@id\":\"https:\\\/\\\/www.bancasempione.ch\\\/de\\\/#organization\"},\"potentialAction\":[{\"@type\":\"SearchAction\",\"target\":{\"@type\":\"EntryPoint\",\"urlTemplate\":\"https:\\\/\\\/www.bancasempione.ch\\\/de\\\/?s={search_term_string}\"},\"query-input\":{\"@type\":\"PropertyValueSpecification\",\"valueRequired\":true,\"valueName\":\"search_term_string\"}}],\"inLanguage\":\"de\"},{\"@type\":\"Organization\",\"@id\":\"https:\\\/\\\/www.bancasempione.ch\\\/de\\\/#organization\",\"name\":\"Banca del Sempione\",\"url\":\"https:\\\/\\\/www.bancasempione.ch\\\/de\\\/\",\"logo\":{\"@type\":\"ImageObject\",\"inLanguage\":\"de\",\"@id\":\"https:\\\/\\\/www.bancasempione.ch\\\/de\\\/#\\\/schema\\\/logo\\\/image\\\/\",\"url\":\"https:\\\/\\\/www.bancasempione.ch\\\/wp-content\\\/uploads\\\/bancadelsempione_eng.svg\",\"contentUrl\":\"https:\\\/\\\/www.bancasempione.ch\\\/wp-content\\\/uploads\\\/bancadelsempione_eng.svg\",\"caption\":\"Banca del Sempione\"},\"image\":{\"@id\":\"https:\\\/\\\/www.bancasempione.ch\\\/de\\\/#\\\/schema\\\/logo\\\/image\\\/\"},\"sameAs\":[\"https:\\\/\\\/www.facebook.com\\\/profile.php?id=100075458006919\",\"https:\\\/\\\/www.linkedin.com\\\/company\\\/bancasempione\\\/\",\"https:\\\/\\\/www.instagram.com\\\/bancasempione\\\/\"]}]}<\/script>\n<!-- \/ Yoast SEO plugin. -->","yoast_head_json":{"title":"Einen Termin vereinbaren - Banca del Sempione","robots":{"index":"index","follow":"follow","max-snippet":"max-snippet:-1","max-image-preview":"max-image-preview:large","max-video-preview":"max-video-preview:-1"},"canonical":"https:\/\/www.bancasempione.ch\/de\/einen-termin-vereinbaren\/","og_locale":"de_DE","og_type":"article","og_title":"Einen Termin vereinbaren - Banca del Sempione","og_description":"Einen Termin vereinbaren Sind Sie interessiert oder m\u00f6chten Sie mehr \u00fcber eine unserer Dienstleistungen erfahren?W\u00e4hlen Sie im Kalender Ihre Pr\u00e4ferenz aus, um einen Termin vor Ort zu vereinbaren. Wir setzen uns dann mit Ihnen in Verbindung, um den Termin zu best\u00e4tigen oder gemeinsam einen Termin zu vereinbaren. Unsere Zweigstellen Hauptsitz LuganoVia P. Peri 5CH-6900 LuganoTel. [&hellip;]","og_url":"https:\/\/www.bancasempione.ch\/de\/einen-termin-vereinbaren\/","og_site_name":"Banca del Sempione","article_publisher":"https:\/\/www.facebook.com\/profile.php?id=100075458006919","article_modified_time":"2025-12-04T13:15:04+00:00","twitter_card":"summary_large_image","twitter_misc":{"Gesch\u00e4tzte Lesezeit":"1\u00a0Minute"},"schema":{"@context":"https:\/\/schema.org","@graph":[{"@type":"WebPage","@id":"https:\/\/www.bancasempione.ch\/de\/einen-termin-vereinbaren\/","url":"https:\/\/www.bancasempione.ch\/de\/einen-termin-vereinbaren\/","name":"Einen Termin vereinbaren - Banca del Sempione","isPartOf":{"@id":"https:\/\/www.bancasempione.ch\/de\/#website"},"datePublished":"2023-08-11T08:00:34+00:00","dateModified":"2025-12-04T13:15:04+00:00","breadcrumb":{"@id":"https:\/\/www.bancasempione.ch\/de\/einen-termin-vereinbaren\/#breadcrumb"},"inLanguage":"de","potentialAction":[{"@type":"ReadAction","target":["https:\/\/www.bancasempione.ch\/de\/einen-termin-vereinbaren\/"]}]},{"@type":"BreadcrumbList","@id":"https:\/\/www.bancasempione.ch\/de\/einen-termin-vereinbaren\/#breadcrumb","itemListElement":[{"@type":"ListItem","position":1,"name":"Home","item":"https:\/\/www.bancasempione.ch\/de\/"},{"@type":"ListItem","position":2,"name":"Einen Termin vereinbaren"}]},{"@type":"WebSite","@id":"https:\/\/www.bancasempione.ch\/de\/#website","url":"https:\/\/www.bancasempione.ch\/de\/","name":"Banca del Sempione","description":"","publisher":{"@id":"https:\/\/www.bancasempione.ch\/de\/#organization"},"potentialAction":[{"@type":"SearchAction","target":{"@type":"EntryPoint","urlTemplate":"https:\/\/www.bancasempione.ch\/de\/?s={search_term_string}"},"query-input":{"@type":"PropertyValueSpecification","valueRequired":true,"valueName":"search_term_string"}}],"inLanguage":"de"},{"@type":"Organization","@id":"https:\/\/www.bancasempione.ch\/de\/#organization","name":"Banca del Sempione","url":"https:\/\/www.bancasempione.ch\/de\/","logo":{"@type":"ImageObject","inLanguage":"de","@id":"https:\/\/www.bancasempione.ch\/de\/#\/schema\/logo\/image\/","url":"https:\/\/www.bancasempione.ch\/wp-content\/uploads\/bancadelsempione_eng.svg","contentUrl":"https:\/\/www.bancasempione.ch\/wp-content\/uploads\/bancadelsempione_eng.svg","caption":"Banca del Sempione"},"image":{"@id":"https:\/\/www.bancasempione.ch\/de\/#\/schema\/logo\/image\/"},"sameAs":["https:\/\/www.facebook.com\/profile.php?id=100075458006919","https:\/\/www.linkedin.com\/company\/bancasempione\/","https:\/\/www.instagram.com\/bancasempione\/"]}]}},"_links":{"self":[{"href":"https:\/\/www.bancasempione.ch\/de\/wp-json\/wp\/v2\/pages\/20680","targetHints":{"allow":["GET"]}}],"collection":[{"href":"https:\/\/www.bancasempione.ch\/de\/wp-json\/wp\/v2\/pages"}],"about":[{"href":"https:\/\/www.bancasempione.ch\/de\/wp-json\/wp\/v2\/types\/page"}],"author":[{"embeddable":true,"href":"https:\/\/www.bancasempione.ch\/de\/wp-json\/wp\/v2\/users\/1"}],"replies":[{"embeddable":true,"href":"https:\/\/www.bancasempione.ch\/de\/wp-json\/wp\/v2\/comments?post=20680"}],"version-history":[{"count":2,"href":"https:\/\/www.bancasempione.ch\/de\/wp-json\/wp\/v2\/pages\/20680\/revisions"}],"predecessor-version":[{"id":22584,"href":"https:\/\/www.bancasempione.ch\/de\/wp-json\/wp\/v2\/pages\/20680\/revisions\/22584"}],"wp:attachment":[{"href":"https:\/\/www.bancasempione.ch\/de\/wp-json\/wp\/v2\/media?parent=20680"}],"curies":[{"name":"wp","href":"https:\/\/api.w.org\/{rel}","templated":true}]}}