{"id":20684,"date":"2023-08-10T10:28:42","date_gmt":"2023-08-10T08:28:42","guid":{"rendered":"https:\/\/bancasempione.ch\/risikomanagement\/"},"modified":"2025-11-03T11:31:38","modified_gmt":"2025-11-03T10:31:38","slug":"risikomanagement","status":"publish","type":"page","link":"https:\/\/www.bancasempione.ch\/de\/risikomanagement\/","title":{"rendered":"Risikomanagement"},"content":{"rendered":"\n<p class=\"has-titolo-xl-font-size\"><strong>Die Politik des Risikomanagements<\/strong><\/p>\n\n<p class=\"has-text-align-left has-black-color has-text-color has-link-color wp-elements-393cbcf0649124548d4a4cf7d30db979\">Das Bankgesch\u00e4ft ist mit einer Reihe spezifischer <strong>Risiken <\/strong>verbunden, darunter <strong>Kredit-<\/strong>-, <strong>Markt- <\/strong>und <strong>Liquidit\u00e4tsrisiken <\/strong>sowie <strong>operationelle<\/strong>, <strong>Rechts- <\/strong>und <strong>Reputationsrisiken<\/strong>. Die Gruppe verf\u00fcgt \u00fcber eine Reihe von Verfahren und Vorschriften zur Kontrolle der Risiken in allen T\u00e4tigkeitsbereichen. F\u00fcr jede einzelne Risikoart wurden <strong>eindeutige<\/strong> und <strong>umsichtige Grenzen <\/strong>festgelegt. Deren Einhaltung wird st\u00e4ndig durch von den Verursachern unabh\u00e4ngige Instanzen \u00fcberwacht. Diese Grenzen werden regelm\u00e4\u00dfig <strong>aktualisiert <\/strong>und <strong>an das Risikoprofil<\/strong> der jeweiligen T\u00e4tigkeiten <strong><\/strong>angepasst<strong><\/strong>. Dar\u00fcber hinaus ist ein System zur Zertifizierung und Berichterstattung \u00fcber Kontrollen kodifiziert, um einen angemessenen Informationsfluss auf allen Ebenen zu gew\u00e4hrleisten. Oberstes Ziel ist es, die <strong>Stabilit\u00e4t <\/strong>und den <strong>Ruf <\/strong>der Gruppe auch bei besonders widrigen Bedingungen und Ereignissen zu erhalten.<\/p>\n\n<p class=\"has-text-align-left has-black-color has-text-color has-link-color wp-elements-0ad6585a57f0be2982ccd110e5c9da26\">Der <strong>Verwaltungsrat<\/strong> \u00fcberpr\u00fcft in seiner Funktion als h\u00f6chstes Gremium <strong>im Laufe des Jahres regelm\u00e4\u00dfig<\/strong> die mit den T\u00e4tigkeiten der Gruppe verbundenen Hauptrisiken. Diese Analyse st\u00fctzt sich im Wesentlichen auf Informationen, die aus dem in der Gruppe implementierten Risikomanagementsystem hervorgehen sowie auf Berichte des <strong>internen Audits<\/strong>, der <strong>Gesch\u00e4ftsleitung<\/strong>, der <strong>Risikokontrolle<\/strong> und der <strong>Compliance-Abteilung<\/strong>. Auf der Grundlage seiner Beurteilungen aktualisiert der Verwaltungsrat j\u00e4hrlich die \u201e<strong>Rahmenstrategie des Risikomanagements<\/strong>&#8222;, die die grundlegenden Prinzipien der Risikopolitik der Gruppe festlegt und deren Anwendung \u00fcberwacht.<\/p>\n\n<p class=\"has-black-color has-text-color has-link-color wp-elements-f1020c392316c90cfa6f590405453aa1\">Die <strong>Gesch\u00e4ftsleitung<\/strong> ist f\u00fcr die Umsetzung der vom <strong>Verwaltungsrat<\/strong>erteilten Richtlinien verantwortlich. Sie ist f\u00fcr die Einrichtung eines angemessenen <strong>Risiko\u00fcberwachungssystems<\/strong> und dessen Ausstattung mit geeigneten personellen und technischen Ressourcen zust\u00e4ndig. Die Risiko-Kontrolleinheit, die die Anforderungen an <strong>Unabh\u00e4ngigkeit<\/strong> und <strong>Professionalit\u00e4t<\/strong> erf\u00fcllt, ist operativ f\u00fcr die Identifizierung und Bewertung von Risiken sowie f\u00fcr die <strong>\u00dcberwachung <\/strong>der <strong>Einhaltung <\/strong>der <strong>Politik <\/strong>und der<strong>Grenzen<\/strong>verantwortlich. Die Risikokontrolle erstellt einen<strong><\/strong> viertelj\u00e4hrlichen Bericht<strong><\/strong> \u00fcber die Risiken auf Gruppenebene, der an die Gesch\u00e4ftsleitung und den Verwaltungsrat gerichtet ist.<\/p>\n\n<p class=\"has-black-color has-text-color has-link-color has-titolo-font-size wp-elements-9f0e5c0a0adef66b6e8a0032008a1277\"><strong>Kreditrisiken<\/strong><\/p>\n\n<p><strong>1. Kundenkredite<\/strong><br\/>Die Risiken werden durch die systematische Forderung von dinglichen Sicherheiten und Deckungsmargen an die Kunden minimiert. Das Kreditgesch\u00e4ft erfolgt fast ausschlie\u00dflich durch die <strong>Banca del Sempione SA<\/strong>, die \u00fcber ein Verfahren verf\u00fcgt, das eine strikte Trennung der Funktionen zwischen den Front-Office-Einheiten, denen die Kreditvergabe obliegt, und den \u00dcberwachungseinheiten gew\u00e4hrleistet. Die sehr restriktiven Vorschriften verlangen, dass die Gew\u00e4hrung von einem Kreditausschuss und bei gr\u00f6\u00dferen Betr\u00e4gen und Krediten an verbundene Parteien vom <strong>Verwaltungsrat<\/strong> genehmigt wird. Ausnahmen von den in der Kreditpolitik festgelegten Regeln werden \u00fcberwacht und dem Verwaltungsrat viertelj\u00e4hrlich vorgelegt. Die durch bewegliche G\u00fcter garantierten Dispokredite, die den gr\u00f6\u00dften Teil des Kundenkreditportfolios ausmachen, werden auf der Grundlage von vorsichtig berechneten und t\u00e4glich \u00fcberwachten Vorsch\u00fcssen gew\u00e4hrt. Das Hypothekenportfolio besteht haupts\u00e4chlich aus vom Eigent\u00fcmer selbst genutzten Wohnungen. Der durchschnittliche Saldo der gew\u00e4hrten Kredite bel\u00e4uft sich auf <strong>CHF 585&#8217;000<\/strong>. Der voraussichtliche Wert von Gewerbeimmobilien, Renditeobjekten und Privatwohnungen der gehobenen Klasse wird mit Hilfe von externen Gutachten ermittelt.<\/p>\n\n<p><strong>2. Gegenparteirisiken im Interbankengesch\u00e4ft<\/strong><br\/>Im Interbankengesch\u00e4ft und bei Trading-Aktivit\u00e4ten wird ein System interner Grenzen eingesetzt, deren Einhaltung t\u00e4glich von der Risikokontrollstelle \u00fcberpr\u00fcft wird. Die Gruppe arbeitet haupts\u00e4chlich mit prim\u00e4ren Gegenparteien zusammen. Die H\u00f6he der zugewiesenen Grenze h\u00e4ngt haupts\u00e4chlich vom externen Rating ab. Die Grenzen werden regelm\u00e4\u00dfig \u00fcberpr\u00fcft. Bei extremen Marktbedingungen wird eine t\u00e4gliche Bewertung vorgenommen. Die mit dem ausserb\u00f6rslichen Derivatehandel verbundenen Risiken werden durch die Teilnahme am CLS-System und den Abschluss von <em>Netting<\/em>-Vereinbarungen sowie der Einbringung dinglicher Sicherheiten gemildert.<\/p>\n\n<p class=\"has-titolo-font-size\"><strong>Risiken aus Zinsschwankungen<\/strong><\/p>\n\n<p><strong>Bilanzwirksame Gesch\u00e4fte <\/strong>haben f\u00fcr die Gruppe eine untergeordnete Bedeutung. Die Risiken von Zinsschwankungen werden jedoch viertelj\u00e4hrlich von der Risikokontrollstelle \u00fcberwacht und im Rahmen des Ausschusses<strong><\/strong> ALM (ALCO)<strong><\/strong> bewertet. Die Bemessung erfolgt mit der Methode des \u201e<em>Delta Market Value<\/em>&#8222;, um die potenziellen Auswirkungen auf die Gewinn- und Verlustrechnung und das Kapital im Falle gro\u00dfer, starker Bewegungen in der Zinskurve zu bestimmen. Es werden die im <strong>FINMA-Rundschreiben 2019\/2 \u201eZins\u00e4nderungsrisiken \u2013 Banken\u201c<\/strong> dargestellten Schockszenarien angewendet.\u00a0ALCO hat es bisher nicht f\u00fcr notwendig erachtet, Absicherungsgesch\u00e4fte mit derivativen Finanzinstrumenten zu f\u00f6rdern.<\/p>\n\n<p class=\"has-titolo-font-size\"><strong>Sonstige Marktrisiken<\/strong><\/p>\n\n<p><strong>1. W\u00e4hrungsrisiken<\/strong><br\/>Die Gruppe h\u00e4lt ihr W\u00e4hrungsrisiko st\u00e4ndig innerhalb der von den Organen der Bank festgelegten Grenzen, um die Auswirkungen von Wechselkursschwankungen zu minimieren. Die Position wird t\u00e4glich \u00fcberwacht.<br\/><br\/><strong><strong>2. Trading-Aktivit\u00e4ten<\/strong><br\/><\/strong>Die Risiken sind aufgrund der begrenzten Eigenaktivit\u00e4ten und der restriktiven Auflagen f\u00fcr die operativen Einheiten, die die verschiedenen Eigenportfolios verwalten, gering. Transaktionen mit derivativen Finanzinstrumenten werden haupts\u00e4chlich im Auftrag von Kunden durchgef\u00fchrt.<\/p>\n\n<p class=\"has-titolo-font-size\"><strong>Liquidit\u00e4t<\/strong><\/p>\n\n<p>Das Liquidit\u00e4tsmanagement obliegt der <strong>Gesch\u00e4ftsleitung<\/strong> \u00fcber die Vermittlung von <strong>ALCO<\/strong>. Die Finanzabteilung (Tresorerie) der Muttergesellschaft k\u00fcmmert sich um das operative Gesch\u00e4ft und stellt die Einhaltung der von den \u00fcbergeordneten Organen festgelegten Strategien und Grenzen sicher, um die Solvenz der Gruppe auch in Krisensituationen kontinuierlich zu gew\u00e4hrleisten. Das Risikomanagement erfolgt \u00fcber ein System von Toleranzgrenzen, Indikatoren und Stressszenarien. Die Risikokontrolle misst und bewertet unabh\u00e4ngig das Liquidit\u00e4tsrisiko, \u00fcberpr\u00fcft die Einhaltung der gesetzlichen und internen Grenzen, f\u00fchrt Stresstests durch und unterst\u00fctzt die <strong>Gesch\u00e4ftsleitung <\/strong>und <strong>ALCO<\/strong>. Ein Notfallplan umfasst die erforderlichen Interventionsma\u00dfnahmen, um m\u00f6gliche Liquidit\u00e4tskrisen vorzubeugen und zu bew\u00e4ltigen.<\/p>\n\n<p class=\"has-titolo-font-size\"><strong>Operationelle Risiken<\/strong><\/p>\n\n<p>Operationelle Risiken werden durch die Gesamtheit der <strong>Vorschriften <\/strong>und <strong>internen Bestimmungen<\/strong> begrenzt. In dem internen Dokument \u201e<strong>Management der operationellen Risiken<\/strong>&#8220; sind die Verfahren zur Identifizierung, Messung, Kontrolle und Abschw\u00e4chung operationeller Risiken und zur Festlegung der Risikotoleranz (<em>Risikobereitschaft<\/em>) dargelegt. Die Kontrollt\u00e4tigkeiten der ersten Ebene sind ein integraler Bestandteil des Tagesgesch\u00e4fts. Die Kontrollen der zweiten Ebene werden auch von Stellen durchgef\u00fchrt, die von der beaufsichtigten Einheit unabh\u00e4ngig sind. Ein System zur Zertifizierung und Berichterstattung gew\u00e4hrleistet einen angemessenen Informationsfluss auf allen Ebenen. Das <strong>interne Audit<\/strong> \u00fcberpr\u00fcft st\u00e4ndig die G\u00fcltigkeit der Verfahren. Der <strong>Compliance-Service <\/strong>kontrolliert die Einhaltung der in den T\u00e4tigkeitsbereichen der Gruppe geltenden Rechtsvorschriften und Sorgfaltspflichten. Die Gruppe verf\u00fcgt \u00fcber einen <em>Business Continuity<\/em>-Plan, um auch bei au\u00dfergew\u00f6hnlichen Ereignissen, die die Verf\u00fcgbarkeit von Personal, Infrastruktur und IT-Systemen einschr\u00e4nken, die Aufrechterhaltung der Gesch\u00e4ftst\u00e4tigkeit zu gew\u00e4hrleisten.<\/p>\n\n<p class=\"has-primario-color has-text-color has-link-color wp-elements-02a8650cb396b847e37369e242a41670\" style=\"font-size:clamp(14px, 0.875rem + ((1vw - 3.2px) * 0.377), 18px);\">Publikationspflichten gem\u00e4ss FINMA-Rundschreiben 2016\/1<\/p>\n\n<p>Die gem\u00e4ss FINMA-Rundschreiben 2016\/1 zu ver\u00f6ffentlichenden Informationen zu den erforderlichen Eigenmitteln und weiteren Risikoindikatoren sind auf der Website der Gruppe unter \u201ePublikationen \u2013 Jahresberichte&#8220;\u00a0<a href=\"https:\/\/bancasempione.ch\/pubblicazione\">(bancasempione.ch\/pubblicazione)<\/a> zu finden. Es werden die im FINMA-Rundschreiben 2019\/2 \u201eZins\u00e4nderungsrisiken \u2013 Banken\u201c dargestellten Schockszenarien angewendet.<\/p>\n","protected":false},"excerpt":{"rendered":"<p>Die Politik des Risikomanagements Das Bankgesch\u00e4ft ist mit einer Reihe spezifischer Risiken verbunden, darunter Kredit&#8211;, Markt- und Liquidit\u00e4tsrisiken sowie operationelle, Rechts- und Reputationsrisiken. Die Gruppe verf\u00fcgt \u00fcber eine Reihe von Verfahren und Vorschriften zur Kontrolle der Risiken in allen T\u00e4tigkeitsbereichen. F\u00fcr jede einzelne Risikoart wurden eindeutige und umsichtige Grenzen festgelegt. Deren Einhaltung wird st\u00e4ndig durch [&hellip;]<\/p>\n","protected":false},"author":1,"featured_media":20674,"parent":0,"menu_order":0,"comment_status":"closed","ping_status":"closed","template":"No Hero","meta":{"_acf_changed":false,"footnotes":""},"class_list":["post-20684","page","type-page","status-publish","has-post-thumbnail","hentry"],"acf":[],"yoast_head":"<!-- This site is optimized with the Yoast SEO plugin v27.4 - https:\/\/yoast.com\/product\/yoast-seo-wordpress\/ -->\n<title>Risikomanagement - Banca del Sempione<\/title>\n<meta name=\"robots\" content=\"index, follow, max-snippet:-1, max-image-preview:large, max-video-preview:-1\" \/>\n<link rel=\"canonical\" href=\"https:\/\/www.bancasempione.ch\/de\/risikomanagement\/\" \/>\n<meta property=\"og:locale\" content=\"de_DE\" \/>\n<meta property=\"og:type\" content=\"article\" \/>\n<meta property=\"og:title\" content=\"Risikomanagement - Banca del Sempione\" \/>\n<meta property=\"og:description\" content=\"Die Politik des Risikomanagements Das Bankgesch\u00e4ft ist mit einer Reihe spezifischer Risiken verbunden, darunter Kredit--, Markt- und Liquidit\u00e4tsrisiken sowie operationelle, Rechts- und Reputationsrisiken. Die Gruppe verf\u00fcgt \u00fcber eine Reihe von Verfahren und Vorschriften zur Kontrolle der Risiken in allen T\u00e4tigkeitsbereichen. F\u00fcr jede einzelne Risikoart wurden eindeutige und umsichtige Grenzen festgelegt. Deren Einhaltung wird st\u00e4ndig durch [&hellip;]\" \/>\n<meta property=\"og:url\" content=\"https:\/\/www.bancasempione.ch\/de\/risikomanagement\/\" \/>\n<meta property=\"og:site_name\" content=\"Banca del Sempione\" \/>\n<meta property=\"article:publisher\" content=\"https:\/\/www.facebook.com\/profile.php?id=100075458006919\" \/>\n<meta property=\"article:modified_time\" content=\"2025-11-03T10:31:38+00:00\" \/>\n<meta property=\"og:image\" content=\"https:\/\/www.bancasempione.ch\/wp-content\/uploads\/Banca-Sempione-Team-210565-2.jpg\" \/>\n\t<meta property=\"og:image:width\" content=\"1708\" \/>\n\t<meta property=\"og:image:height\" content=\"1138\" \/>\n\t<meta property=\"og:image:type\" content=\"image\/jpeg\" \/>\n<meta name=\"twitter:card\" content=\"summary_large_image\" \/>\n<meta name=\"twitter:label1\" content=\"Gesch\u00e4tzte Lesezeit\" \/>\n\t<meta name=\"twitter:data1\" content=\"5\u00a0Minuten\" \/>\n<script type=\"application\/ld+json\" class=\"yoast-schema-graph\">{\"@context\":\"https:\\\/\\\/schema.org\",\"@graph\":[{\"@type\":\"WebPage\",\"@id\":\"https:\\\/\\\/www.bancasempione.ch\\\/de\\\/risikomanagement\\\/\",\"url\":\"https:\\\/\\\/www.bancasempione.ch\\\/de\\\/risikomanagement\\\/\",\"name\":\"Risikomanagement - Banca del Sempione\",\"isPartOf\":{\"@id\":\"https:\\\/\\\/www.bancasempione.ch\\\/de\\\/#website\"},\"primaryImageOfPage\":{\"@id\":\"https:\\\/\\\/www.bancasempione.ch\\\/de\\\/risikomanagement\\\/#primaryimage\"},\"image\":{\"@id\":\"https:\\\/\\\/www.bancasempione.ch\\\/de\\\/risikomanagement\\\/#primaryimage\"},\"thumbnailUrl\":\"https:\\\/\\\/www.bancasempione.ch\\\/wp-content\\\/uploads\\\/Banca-Sempione-Team-210565-2.jpg\",\"datePublished\":\"2023-08-10T08:28:42+00:00\",\"dateModified\":\"2025-11-03T10:31:38+00:00\",\"breadcrumb\":{\"@id\":\"https:\\\/\\\/www.bancasempione.ch\\\/de\\\/risikomanagement\\\/#breadcrumb\"},\"inLanguage\":\"de\",\"potentialAction\":[{\"@type\":\"ReadAction\",\"target\":[\"https:\\\/\\\/www.bancasempione.ch\\\/de\\\/risikomanagement\\\/\"]}]},{\"@type\":\"ImageObject\",\"inLanguage\":\"de\",\"@id\":\"https:\\\/\\\/www.bancasempione.ch\\\/de\\\/risikomanagement\\\/#primaryimage\",\"url\":\"https:\\\/\\\/www.bancasempione.ch\\\/wp-content\\\/uploads\\\/Banca-Sempione-Team-210565-2.jpg\",\"contentUrl\":\"https:\\\/\\\/www.bancasempione.ch\\\/wp-content\\\/uploads\\\/Banca-Sempione-Team-210565-2.jpg\",\"width\":1708,\"height\":1138},{\"@type\":\"BreadcrumbList\",\"@id\":\"https:\\\/\\\/www.bancasempione.ch\\\/de\\\/risikomanagement\\\/#breadcrumb\",\"itemListElement\":[{\"@type\":\"ListItem\",\"position\":1,\"name\":\"Home\",\"item\":\"https:\\\/\\\/www.bancasempione.ch\\\/de\\\/\"},{\"@type\":\"ListItem\",\"position\":2,\"name\":\"Risikomanagement\"}]},{\"@type\":\"WebSite\",\"@id\":\"https:\\\/\\\/www.bancasempione.ch\\\/de\\\/#website\",\"url\":\"https:\\\/\\\/www.bancasempione.ch\\\/de\\\/\",\"name\":\"Banca del Sempione\",\"description\":\"\",\"publisher\":{\"@id\":\"https:\\\/\\\/www.bancasempione.ch\\\/de\\\/#organization\"},\"potentialAction\":[{\"@type\":\"SearchAction\",\"target\":{\"@type\":\"EntryPoint\",\"urlTemplate\":\"https:\\\/\\\/www.bancasempione.ch\\\/de\\\/?s={search_term_string}\"},\"query-input\":{\"@type\":\"PropertyValueSpecification\",\"valueRequired\":true,\"valueName\":\"search_term_string\"}}],\"inLanguage\":\"de\"},{\"@type\":\"Organization\",\"@id\":\"https:\\\/\\\/www.bancasempione.ch\\\/de\\\/#organization\",\"name\":\"Banca del Sempione\",\"url\":\"https:\\\/\\\/www.bancasempione.ch\\\/de\\\/\",\"logo\":{\"@type\":\"ImageObject\",\"inLanguage\":\"de\",\"@id\":\"https:\\\/\\\/www.bancasempione.ch\\\/de\\\/#\\\/schema\\\/logo\\\/image\\\/\",\"url\":\"https:\\\/\\\/www.bancasempione.ch\\\/wp-content\\\/uploads\\\/bancadelsempione_eng.svg\",\"contentUrl\":\"https:\\\/\\\/www.bancasempione.ch\\\/wp-content\\\/uploads\\\/bancadelsempione_eng.svg\",\"caption\":\"Banca del Sempione\"},\"image\":{\"@id\":\"https:\\\/\\\/www.bancasempione.ch\\\/de\\\/#\\\/schema\\\/logo\\\/image\\\/\"},\"sameAs\":[\"https:\\\/\\\/www.facebook.com\\\/profile.php?id=100075458006919\",\"https:\\\/\\\/www.linkedin.com\\\/company\\\/bancasempione\\\/\",\"https:\\\/\\\/www.instagram.com\\\/bancasempione\\\/\"]}]}<\/script>\n<!-- \/ Yoast SEO plugin. -->","yoast_head_json":{"title":"Risikomanagement - Banca del Sempione","robots":{"index":"index","follow":"follow","max-snippet":"max-snippet:-1","max-image-preview":"max-image-preview:large","max-video-preview":"max-video-preview:-1"},"canonical":"https:\/\/www.bancasempione.ch\/de\/risikomanagement\/","og_locale":"de_DE","og_type":"article","og_title":"Risikomanagement - Banca del Sempione","og_description":"Die Politik des Risikomanagements Das Bankgesch\u00e4ft ist mit einer Reihe spezifischer Risiken verbunden, darunter Kredit--, Markt- und Liquidit\u00e4tsrisiken sowie operationelle, Rechts- und Reputationsrisiken. Die Gruppe verf\u00fcgt \u00fcber eine Reihe von Verfahren und Vorschriften zur Kontrolle der Risiken in allen T\u00e4tigkeitsbereichen. F\u00fcr jede einzelne Risikoart wurden eindeutige und umsichtige Grenzen festgelegt. Deren Einhaltung wird st\u00e4ndig durch [&hellip;]","og_url":"https:\/\/www.bancasempione.ch\/de\/risikomanagement\/","og_site_name":"Banca del Sempione","article_publisher":"https:\/\/www.facebook.com\/profile.php?id=100075458006919","article_modified_time":"2025-11-03T10:31:38+00:00","og_image":[{"width":1708,"height":1138,"url":"https:\/\/www.bancasempione.ch\/wp-content\/uploads\/Banca-Sempione-Team-210565-2.jpg","type":"image\/jpeg"}],"twitter_card":"summary_large_image","twitter_misc":{"Gesch\u00e4tzte Lesezeit":"5\u00a0Minuten"},"schema":{"@context":"https:\/\/schema.org","@graph":[{"@type":"WebPage","@id":"https:\/\/www.bancasempione.ch\/de\/risikomanagement\/","url":"https:\/\/www.bancasempione.ch\/de\/risikomanagement\/","name":"Risikomanagement - Banca del Sempione","isPartOf":{"@id":"https:\/\/www.bancasempione.ch\/de\/#website"},"primaryImageOfPage":{"@id":"https:\/\/www.bancasempione.ch\/de\/risikomanagement\/#primaryimage"},"image":{"@id":"https:\/\/www.bancasempione.ch\/de\/risikomanagement\/#primaryimage"},"thumbnailUrl":"https:\/\/www.bancasempione.ch\/wp-content\/uploads\/Banca-Sempione-Team-210565-2.jpg","datePublished":"2023-08-10T08:28:42+00:00","dateModified":"2025-11-03T10:31:38+00:00","breadcrumb":{"@id":"https:\/\/www.bancasempione.ch\/de\/risikomanagement\/#breadcrumb"},"inLanguage":"de","potentialAction":[{"@type":"ReadAction","target":["https:\/\/www.bancasempione.ch\/de\/risikomanagement\/"]}]},{"@type":"ImageObject","inLanguage":"de","@id":"https:\/\/www.bancasempione.ch\/de\/risikomanagement\/#primaryimage","url":"https:\/\/www.bancasempione.ch\/wp-content\/uploads\/Banca-Sempione-Team-210565-2.jpg","contentUrl":"https:\/\/www.bancasempione.ch\/wp-content\/uploads\/Banca-Sempione-Team-210565-2.jpg","width":1708,"height":1138},{"@type":"BreadcrumbList","@id":"https:\/\/www.bancasempione.ch\/de\/risikomanagement\/#breadcrumb","itemListElement":[{"@type":"ListItem","position":1,"name":"Home","item":"https:\/\/www.bancasempione.ch\/de\/"},{"@type":"ListItem","position":2,"name":"Risikomanagement"}]},{"@type":"WebSite","@id":"https:\/\/www.bancasempione.ch\/de\/#website","url":"https:\/\/www.bancasempione.ch\/de\/","name":"Banca del Sempione","description":"","publisher":{"@id":"https:\/\/www.bancasempione.ch\/de\/#organization"},"potentialAction":[{"@type":"SearchAction","target":{"@type":"EntryPoint","urlTemplate":"https:\/\/www.bancasempione.ch\/de\/?s={search_term_string}"},"query-input":{"@type":"PropertyValueSpecification","valueRequired":true,"valueName":"search_term_string"}}],"inLanguage":"de"},{"@type":"Organization","@id":"https:\/\/www.bancasempione.ch\/de\/#organization","name":"Banca del Sempione","url":"https:\/\/www.bancasempione.ch\/de\/","logo":{"@type":"ImageObject","inLanguage":"de","@id":"https:\/\/www.bancasempione.ch\/de\/#\/schema\/logo\/image\/","url":"https:\/\/www.bancasempione.ch\/wp-content\/uploads\/bancadelsempione_eng.svg","contentUrl":"https:\/\/www.bancasempione.ch\/wp-content\/uploads\/bancadelsempione_eng.svg","caption":"Banca del Sempione"},"image":{"@id":"https:\/\/www.bancasempione.ch\/de\/#\/schema\/logo\/image\/"},"sameAs":["https:\/\/www.facebook.com\/profile.php?id=100075458006919","https:\/\/www.linkedin.com\/company\/bancasempione\/","https:\/\/www.instagram.com\/bancasempione\/"]}]}},"_links":{"self":[{"href":"https:\/\/www.bancasempione.ch\/de\/wp-json\/wp\/v2\/pages\/20684","targetHints":{"allow":["GET"]}}],"collection":[{"href":"https:\/\/www.bancasempione.ch\/de\/wp-json\/wp\/v2\/pages"}],"about":[{"href":"https:\/\/www.bancasempione.ch\/de\/wp-json\/wp\/v2\/types\/page"}],"author":[{"embeddable":true,"href":"https:\/\/www.bancasempione.ch\/de\/wp-json\/wp\/v2\/users\/1"}],"replies":[{"embeddable":true,"href":"https:\/\/www.bancasempione.ch\/de\/wp-json\/wp\/v2\/comments?post=20684"}],"version-history":[{"count":1,"href":"https:\/\/www.bancasempione.ch\/de\/wp-json\/wp\/v2\/pages\/20684\/revisions"}],"predecessor-version":[{"id":20685,"href":"https:\/\/www.bancasempione.ch\/de\/wp-json\/wp\/v2\/pages\/20684\/revisions\/20685"}],"wp:featuredmedia":[{"embeddable":true,"href":"https:\/\/www.bancasempione.ch\/de\/wp-json\/wp\/v2\/media\/20674"}],"wp:attachment":[{"href":"https:\/\/www.bancasempione.ch\/de\/wp-json\/wp\/v2\/media?parent=20684"}],"curies":[{"name":"wp","href":"https:\/\/api.w.org\/{rel}","templated":true}]}}