{"id":20698,"date":"2023-09-19T10:05:54","date_gmt":"2023-09-19T08:05:54","guid":{"rendered":"https:\/\/bancasempione.ch\/rechtliches\/rechtliche-informationen\/"},"modified":"2025-11-03T11:31:38","modified_gmt":"2025-11-03T10:31:38","slug":"rechtliche-informationen","status":"publish","type":"page","link":"https:\/\/www.bancasempione.ch\/de\/rechtliches\/rechtliche-informationen\/","title":{"rendered":"Rechtliche Informationen"},"content":{"rendered":"\n<div class=\"wp-block-group has-global-padding is-layout-constrained wp-block-group-is-layout-constrained\">\n<div style=\"height:20vh\" aria-hidden=\"true\" class=\"wp-block-spacer\"><\/div>\n\n\n<h1 class=\"wp-block-post-title has-titolo-xxl-font-size\">Rechtliche Informationen<\/h1>\n\n\n<div style=\"height:36px\" aria-hidden=\"true\" class=\"wp-block-spacer\"><\/div>\n\n\n\n<h3 class=\"wp-block-heading has-titolo-font-size\">1. Allgemeine Anmerkungen<\/h3>\n\n\n\n<p class=\"text-justify\">Mit dem Zugriff auf die Websites der Banca Del Sempione SA (die Bank) und deren Seiten erkl\u00e4rt der Nutzer, dass er die folgenden Bedingungen verstanden hat und akzeptiert.<\/p>\n\n\n\n<h3 class=\"wp-block-heading has-titolo-font-size\">2. Copyright<\/h3>\n\n\n\n<p class=\"has-text-align-left text-justify\">Die Inhalte und die Struktur der Seiten der Websites sind urheberrechtlich gesch\u00fctzt. Alle Rechte vorbehalten. Das Herunterladen oder Ausdrucken einzelner Seiten und\/oder Teile der Website ist ausschlie\u00dflich f\u00fcr private Zwecke gestattet, sofern die Copyright-Vermerke und andere eingetragene Bezeichnungen nicht entfernt werden. Mit diesem Verfahren wird jedoch weder eine Lizenz noch ein Recht zur Nutzung eines Bildes, einer Marke oder eines Logos erteilt. Durch das Herunterladen oder die Reproduktion der Websites der Bank werden dem Nutzer keinerlei Rechte an der Software oder anderem auf der Website enthaltenen Material einger\u00e4umt. Die Verwendung zu anderen als privaten Zwecken (Reproduktion, Verwendung f\u00fcr \u00f6ffentliche oder kommerzielle Zwecke usw.) bedarf der schriftlichen Genehmigung durch die Bank.<\/p>\n\n\n\n<h3 class=\"wp-block-heading has-titolo-font-size\">3. Kein Angebot und keine Beratung<\/h3>\n\n\n\n<p class=\"text-justify\">Die auf dieser Website ver\u00f6ffentlichten Inhalte dienen nur zu Informationszwecken. Sie stellen weder eine Aufforderung, noch ein Angebot, noch eine Empfehlung zum Kauf oder Verkauf von Finanzinstrumenten oder Anlagen jeglicher Art, noch eine Aufforderung zum Handel dar.<br\/>Die Website bietet ausdr\u00fccklich keine Beratung an. Die Meinungs\u00e4u\u00dferungen und sonstigen ver\u00f6ffentlichten Informationen sind nicht als Hilfe f\u00fcr rechtliche, steuerliche oder sonstige Entscheidungen gedacht.<\/p>\n\n\n\n<h3 class=\"wp-block-heading has-titolo-font-size\">4. Zugangsbeschr\u00e4nkungen<\/h3>\n\n\n\n<p class=\"text-justify\">Die Website ist nicht f\u00fcr nat\u00fcrliche oder juristische Personen bestimmt, die aufgrund ihrer Staatsangeh\u00f6rigkeit, ihres Gesellschaftssitzes, ihres Wohnsitzes oder aus anderen Gr\u00fcnden einer Rechtsordnung unterstehen, die die Ver\u00f6ffentlichung von Inhalten, den Zugang zur Website, die T\u00e4tigkeit eines ausl\u00e4ndischen Finanzdienstleisters oder den Vertrieb bestimmter Produkte (z.B. Fonds) verbietet oder einschr\u00e4nkt. Personen, auf die diese Beschr\u00e4nkungen zutreffen, ist der Zugang zu dieser Website untersagt.<\/p>\n\n\n\n<h3 class=\"wp-block-heading has-titolo-font-size\">5. Ausschluss von Garantie und Haftung<\/h3>\n\n\n\n<p class=\"text-justify\">Die Informationen auf dieser Website werden ohne jegliche ausdr\u00fcckliche oder stillschweigende Garantie zur Verf\u00fcgung gestellt.<br\/>Die Bank und ihre Datenlieferanten lehnen ausdr\u00fccklich jede Haftung gegen\u00fcber jedermann, aus welchem Grund auch immer, im Zusammenhang mit den Folgen von Handlungen oder Unterlassungen ab, die sich aus der Nutzung oder dem Verlass auf den Inhalt der Websites der Bank ganz oder teilweise ergeben. Dar\u00fcber hinaus k\u00f6nnen die Bank und ihre Datenlieferanten keine Haftung f\u00fcr Verluste oder Sch\u00e4den \u00fcbernehmen, die sich aus der Nutzung der auf dieser Website enthaltenen Informationen oder aus dem Verlass auf diese Informationen ergeben, einschlie\u00dflich und ohne Einschr\u00e4nkung jeglicher Verluste, Gewinnminderungen oder direkter oder indirekter Sch\u00e4den.<br\/>Auch wenn die Bank alle angemessenen Anstrengungen unternommen hat, um die Vertraulichkeit des Systems zu gew\u00e4hrleisten, und die erforderlichen Ma\u00dfnahmen und allgemein anerkannten technischen und sicherheitsrelevanten Standards ergriffen hat, \u00fcbernimmt sie keine Verantwortung und haftet nicht f\u00fcr Sch\u00e4den, die dem Kunden aufgrund von St\u00f6rungen, Unterbrechungen oder Abh\u00f6raktionen bei der Nutzung der Websites der Bank entstehen, oder ganz allgemein f\u00fcr Sch\u00e4den, die dem Kunden oder Dritten durch die Ver\u00f6ffentlichung von Daten \u00fcber Bankbeziehungen im \u00f6ffentlichen Netz entstehen k\u00f6nnen.<br\/>Die Bank kann die auf der Website ver\u00f6ffentlichten Daten, Informationen usw. jederzeit und ohne vorherige Ank\u00fcndigung \u00e4ndern.<\/p>\n\n\n\n<h3 class=\"wp-block-heading has-titolo-font-size\">6. Informationen \u00fcber Anlagerisiken<\/h3>\n\n\n\n<p class=\"text-justify\">Der Anlagewert und die daraus erzielten Ertr\u00e4ge k\u00f6nnen steigen oder fallen, und die Anleger erhalten die investierten Betr\u00e4ge m\u00f6glicherweise nicht zur\u00fcck. Eine positive Wertentwicklung in der Vergangenheit ist keine Garantie f\u00fcr eine g\u00fcnstige Wertentwicklung in der Zukunft. Es ist nicht auszuschlie\u00dfen, dass der Anlagewert bei ihrer Liquidation niedriger ist als zu Beginn. Es besteht auch die M\u00f6glichkeit, das gesamte investierte Kapital zu verlieren, wobei der Verlust unter bestimmten Umst\u00e4nden sogar h\u00f6her ausfallen kann. Es kann vorkommen, dass eine Investition nicht sofort realisiert werden kann, was zu vor\u00fcbergehenden Schwierigkeiten bei der Liquidation, bei der Erzielung von Gewinnen oder bei der Erlangung genauer Informationen \u00fcber den Wert oder das Ausma\u00df des Risikos f\u00fchrt. Bevor Sie Investitionen t\u00e4tigen, sollten Sie sich ausreichend informieren und professionellen Rat einholen.<\/p>\n\n\n\n<h3 class=\"wp-block-heading has-titolo-font-size\">7. Links zu anderen Websites<\/h3>\n\n\n\n<p class=\"text-justify\">Diese Website kann Links zu anderen Websites enthalten. Die Nutzung dieser Links zu anderen Seiten au\u00dferhalb dieser Website erfolgt auf eigene Gefahr.<br\/>Die Bank \u00fcberpr\u00fcft keine der Websites, auf die sie auf ihrer Website verweist. Die Bank \u00fcbernimmt daher keine Haftung f\u00fcr deren Inhalt oder f\u00fcr die dort angebotenen Produkte, Dienstleistungen oder sonstigen Angebote.<br\/>Die Einrichtung eines Hyperlinks zu einer der Websites der Bank durch eine externe Website ist nur nach vorheriger Genehmigung durch die Bank gestattet.<\/p>\n\n\n\n<h3 class=\"wp-block-heading has-titolo-font-size\">8. Datensicherheit<\/h3>\n\n\n\n<p class=\"text-justify\">W\u00e4hrend einer Verbindung zur Website, bei einem Kontakt oder bei einer Kommunikation auf elektronischem Wege werden die Daten des Nutzers in der Regel \u00fcber ein \u00f6ffentliches Netz \u00fcbertragen, das f\u00fcr jedermann zug\u00e4nglich ist. Manchmal zirkulieren sie sogar im internationalen Netz, selbst wenn sich Absender und Empf\u00e4nger im selben Land befinden. Der Nutzer ist sich der Risiken bewusst, die sich daraus ergeben, dass die Dienstleistungen auf der Website \u00fcber offene, auch f\u00fcr Dritte zug\u00e4ngliche Einrichtungen (z.B. \u00f6ffentliche und private Daten\u00fcbertragungsnetze, Internet-Server, Access-Provider) angeboten werden und Daten auch \u00fcber fremde \u00dcbertragungsnetze \u00fcbermittelt werden k\u00f6nnen. Der Nutzer nimmt ferner zur Kenntnis, dass sogenannte Downloads von Kontoausz\u00fcgen und anderen Dokumenten auch \u00fcber \u00f6ffentliche Daten\u00fcbertragungsnetze \u00fcbermittelt werden.<br\/>Im Internet sind h\u00e4ufig missbr\u00e4uchliche Websites zu finden, auf denen Dritte, die manchmal gar nicht existieren, versuchen, eine Zugeh\u00f6rigkeit bei oder zumindest eine Verbindung zu anerkannten Einrichtungen vorzut\u00e4uschen, indem sie \u00e4hnliche Namen verwenden und Logos und anderes Material nachahmen, das auf der offiziellen Website der betreffenden Einrichtung ver\u00f6ffentlicht wird. Was die Banca del Sempione-Gruppe betrifft, weisen wir darauf hin, dass ihr ausschlie\u00dflich die auf der Website www.bancasempione.ch unter der Rubrik \u201eGruppe\u201d beschriebenen Unternehmen angeh\u00f6ren. Die Banca del Sempione-Gruppe lehnt selbstverst\u00e4ndlich jede Haftung f\u00fcr Sch\u00e4den ab, die sich aus dem Verlass auf die von solchen Dritten im Internet ver\u00f6ffentlichten Seiten ergeben k\u00f6nnten.<\/p>\n\n\n\n<div style=\"height:10vh\" aria-hidden=\"true\" class=\"wp-block-spacer\"><\/div>\n<\/div>\n","protected":false},"excerpt":{"rendered":"<p>1. Allgemeine Anmerkungen Mit dem Zugriff auf die Websites der Banca Del Sempione SA (die Bank) und deren Seiten erkl\u00e4rt der Nutzer, dass er die folgenden Bedingungen verstanden hat und akzeptiert. 2. Copyright Die Inhalte und die Struktur der Seiten der Websites sind urheberrechtlich gesch\u00fctzt. Alle Rechte vorbehalten. Das Herunterladen oder Ausdrucken einzelner Seiten und\/oder [&hellip;]<\/p>\n","protected":false},"author":1,"featured_media":0,"parent":20690,"menu_order":0,"comment_status":"closed","ping_status":"closed","template":"","meta":{"_acf_changed":false,"footnotes":""},"class_list":["post-20698","page","type-page","status-publish","hentry"],"acf":[],"yoast_head":"<!-- This site is optimized with the Yoast SEO plugin v27.4 - https:\/\/yoast.com\/product\/yoast-seo-wordpress\/ -->\n<title>Rechtliche Informationen - Banca del Sempione<\/title>\n<meta name=\"robots\" content=\"index, follow, max-snippet:-1, max-image-preview:large, max-video-preview:-1\" \/>\n<link rel=\"canonical\" href=\"https:\/\/www.bancasempione.ch\/de\/rechtliches\/rechtliche-informationen\/\" \/>\n<meta property=\"og:locale\" content=\"de_DE\" \/>\n<meta property=\"og:type\" content=\"article\" \/>\n<meta property=\"og:title\" content=\"Rechtliche Informationen - Banca del Sempione\" \/>\n<meta property=\"og:description\" content=\"1. Allgemeine Anmerkungen Mit dem Zugriff auf die Websites der Banca Del Sempione SA (die Bank) und deren Seiten erkl\u00e4rt der Nutzer, dass er die folgenden Bedingungen verstanden hat und akzeptiert. 2. Copyright Die Inhalte und die Struktur der Seiten der Websites sind urheberrechtlich gesch\u00fctzt. Alle Rechte vorbehalten. Das Herunterladen oder Ausdrucken einzelner Seiten und\/oder [&hellip;]\" \/>\n<meta property=\"og:url\" content=\"https:\/\/www.bancasempione.ch\/de\/rechtliches\/rechtliche-informationen\/\" \/>\n<meta property=\"og:site_name\" content=\"Banca del Sempione\" \/>\n<meta property=\"article:publisher\" content=\"https:\/\/www.facebook.com\/profile.php?id=100075458006919\" \/>\n<meta property=\"article:modified_time\" content=\"2025-11-03T10:31:38+00:00\" \/>\n<meta name=\"twitter:card\" content=\"summary_large_image\" \/>\n<meta name=\"twitter:label1\" content=\"Gesch\u00e4tzte Lesezeit\" \/>\n\t<meta name=\"twitter:data1\" content=\"5\u00a0Minuten\" \/>\n<script type=\"application\/ld+json\" class=\"yoast-schema-graph\">{\"@context\":\"https:\\\/\\\/schema.org\",\"@graph\":[{\"@type\":\"WebPage\",\"@id\":\"https:\\\/\\\/www.bancasempione.ch\\\/de\\\/rechtliches\\\/rechtliche-informationen\\\/\",\"url\":\"https:\\\/\\\/www.bancasempione.ch\\\/de\\\/rechtliches\\\/rechtliche-informationen\\\/\",\"name\":\"Rechtliche Informationen - Banca del Sempione\",\"isPartOf\":{\"@id\":\"https:\\\/\\\/www.bancasempione.ch\\\/de\\\/#website\"},\"datePublished\":\"2023-09-19T08:05:54+00:00\",\"dateModified\":\"2025-11-03T10:31:38+00:00\",\"breadcrumb\":{\"@id\":\"https:\\\/\\\/www.bancasempione.ch\\\/de\\\/rechtliches\\\/rechtliche-informationen\\\/#breadcrumb\"},\"inLanguage\":\"de\",\"potentialAction\":[{\"@type\":\"ReadAction\",\"target\":[\"https:\\\/\\\/www.bancasempione.ch\\\/de\\\/rechtliches\\\/rechtliche-informationen\\\/\"]}]},{\"@type\":\"BreadcrumbList\",\"@id\":\"https:\\\/\\\/www.bancasempione.ch\\\/de\\\/rechtliches\\\/rechtliche-informationen\\\/#breadcrumb\",\"itemListElement\":[{\"@type\":\"ListItem\",\"position\":1,\"name\":\"Home\",\"item\":\"https:\\\/\\\/www.bancasempione.ch\\\/de\\\/\"},{\"@type\":\"ListItem\",\"position\":2,\"name\":\"Rechtliches\",\"item\":\"https:\\\/\\\/www.bancasempione.ch\\\/de\\\/area-legale\\\/\"},{\"@type\":\"ListItem\",\"position\":3,\"name\":\"Rechtliche Informationen\"}]},{\"@type\":\"WebSite\",\"@id\":\"https:\\\/\\\/www.bancasempione.ch\\\/de\\\/#website\",\"url\":\"https:\\\/\\\/www.bancasempione.ch\\\/de\\\/\",\"name\":\"Banca del Sempione\",\"description\":\"\",\"publisher\":{\"@id\":\"https:\\\/\\\/www.bancasempione.ch\\\/de\\\/#organization\"},\"potentialAction\":[{\"@type\":\"SearchAction\",\"target\":{\"@type\":\"EntryPoint\",\"urlTemplate\":\"https:\\\/\\\/www.bancasempione.ch\\\/de\\\/?s={search_term_string}\"},\"query-input\":{\"@type\":\"PropertyValueSpecification\",\"valueRequired\":true,\"valueName\":\"search_term_string\"}}],\"inLanguage\":\"de\"},{\"@type\":\"Organization\",\"@id\":\"https:\\\/\\\/www.bancasempione.ch\\\/de\\\/#organization\",\"name\":\"Banca del Sempione\",\"url\":\"https:\\\/\\\/www.bancasempione.ch\\\/de\\\/\",\"logo\":{\"@type\":\"ImageObject\",\"inLanguage\":\"de\",\"@id\":\"https:\\\/\\\/www.bancasempione.ch\\\/de\\\/#\\\/schema\\\/logo\\\/image\\\/\",\"url\":\"https:\\\/\\\/www.bancasempione.ch\\\/wp-content\\\/uploads\\\/bancadelsempione_eng.svg\",\"contentUrl\":\"https:\\\/\\\/www.bancasempione.ch\\\/wp-content\\\/uploads\\\/bancadelsempione_eng.svg\",\"caption\":\"Banca del Sempione\"},\"image\":{\"@id\":\"https:\\\/\\\/www.bancasempione.ch\\\/de\\\/#\\\/schema\\\/logo\\\/image\\\/\"},\"sameAs\":[\"https:\\\/\\\/www.facebook.com\\\/profile.php?id=100075458006919\",\"https:\\\/\\\/www.linkedin.com\\\/company\\\/bancasempione\\\/\",\"https:\\\/\\\/www.instagram.com\\\/bancasempione\\\/\"]}]}<\/script>\n<!-- \/ Yoast SEO plugin. -->","yoast_head_json":{"title":"Rechtliche Informationen - Banca del Sempione","robots":{"index":"index","follow":"follow","max-snippet":"max-snippet:-1","max-image-preview":"max-image-preview:large","max-video-preview":"max-video-preview:-1"},"canonical":"https:\/\/www.bancasempione.ch\/de\/rechtliches\/rechtliche-informationen\/","og_locale":"de_DE","og_type":"article","og_title":"Rechtliche Informationen - Banca del Sempione","og_description":"1. Allgemeine Anmerkungen Mit dem Zugriff auf die Websites der Banca Del Sempione SA (die Bank) und deren Seiten erkl\u00e4rt der Nutzer, dass er die folgenden Bedingungen verstanden hat und akzeptiert. 2. Copyright Die Inhalte und die Struktur der Seiten der Websites sind urheberrechtlich gesch\u00fctzt. Alle Rechte vorbehalten. Das Herunterladen oder Ausdrucken einzelner Seiten und\/oder [&hellip;]","og_url":"https:\/\/www.bancasempione.ch\/de\/rechtliches\/rechtliche-informationen\/","og_site_name":"Banca del Sempione","article_publisher":"https:\/\/www.facebook.com\/profile.php?id=100075458006919","article_modified_time":"2025-11-03T10:31:38+00:00","twitter_card":"summary_large_image","twitter_misc":{"Gesch\u00e4tzte Lesezeit":"5\u00a0Minuten"},"schema":{"@context":"https:\/\/schema.org","@graph":[{"@type":"WebPage","@id":"https:\/\/www.bancasempione.ch\/de\/rechtliches\/rechtliche-informationen\/","url":"https:\/\/www.bancasempione.ch\/de\/rechtliches\/rechtliche-informationen\/","name":"Rechtliche Informationen - Banca del Sempione","isPartOf":{"@id":"https:\/\/www.bancasempione.ch\/de\/#website"},"datePublished":"2023-09-19T08:05:54+00:00","dateModified":"2025-11-03T10:31:38+00:00","breadcrumb":{"@id":"https:\/\/www.bancasempione.ch\/de\/rechtliches\/rechtliche-informationen\/#breadcrumb"},"inLanguage":"de","potentialAction":[{"@type":"ReadAction","target":["https:\/\/www.bancasempione.ch\/de\/rechtliches\/rechtliche-informationen\/"]}]},{"@type":"BreadcrumbList","@id":"https:\/\/www.bancasempione.ch\/de\/rechtliches\/rechtliche-informationen\/#breadcrumb","itemListElement":[{"@type":"ListItem","position":1,"name":"Home","item":"https:\/\/www.bancasempione.ch\/de\/"},{"@type":"ListItem","position":2,"name":"Rechtliches","item":"https:\/\/www.bancasempione.ch\/de\/area-legale\/"},{"@type":"ListItem","position":3,"name":"Rechtliche Informationen"}]},{"@type":"WebSite","@id":"https:\/\/www.bancasempione.ch\/de\/#website","url":"https:\/\/www.bancasempione.ch\/de\/","name":"Banca del Sempione","description":"","publisher":{"@id":"https:\/\/www.bancasempione.ch\/de\/#organization"},"potentialAction":[{"@type":"SearchAction","target":{"@type":"EntryPoint","urlTemplate":"https:\/\/www.bancasempione.ch\/de\/?s={search_term_string}"},"query-input":{"@type":"PropertyValueSpecification","valueRequired":true,"valueName":"search_term_string"}}],"inLanguage":"de"},{"@type":"Organization","@id":"https:\/\/www.bancasempione.ch\/de\/#organization","name":"Banca del Sempione","url":"https:\/\/www.bancasempione.ch\/de\/","logo":{"@type":"ImageObject","inLanguage":"de","@id":"https:\/\/www.bancasempione.ch\/de\/#\/schema\/logo\/image\/","url":"https:\/\/www.bancasempione.ch\/wp-content\/uploads\/bancadelsempione_eng.svg","contentUrl":"https:\/\/www.bancasempione.ch\/wp-content\/uploads\/bancadelsempione_eng.svg","caption":"Banca del Sempione"},"image":{"@id":"https:\/\/www.bancasempione.ch\/de\/#\/schema\/logo\/image\/"},"sameAs":["https:\/\/www.facebook.com\/profile.php?id=100075458006919","https:\/\/www.linkedin.com\/company\/bancasempione\/","https:\/\/www.instagram.com\/bancasempione\/"]}]}},"_links":{"self":[{"href":"https:\/\/www.bancasempione.ch\/de\/wp-json\/wp\/v2\/pages\/20698","targetHints":{"allow":["GET"]}}],"collection":[{"href":"https:\/\/www.bancasempione.ch\/de\/wp-json\/wp\/v2\/pages"}],"about":[{"href":"https:\/\/www.bancasempione.ch\/de\/wp-json\/wp\/v2\/types\/page"}],"author":[{"embeddable":true,"href":"https:\/\/www.bancasempione.ch\/de\/wp-json\/wp\/v2\/users\/1"}],"replies":[{"embeddable":true,"href":"https:\/\/www.bancasempione.ch\/de\/wp-json\/wp\/v2\/comments?post=20698"}],"version-history":[{"count":1,"href":"https:\/\/www.bancasempione.ch\/de\/wp-json\/wp\/v2\/pages\/20698\/revisions"}],"predecessor-version":[{"id":20699,"href":"https:\/\/www.bancasempione.ch\/de\/wp-json\/wp\/v2\/pages\/20698\/revisions\/20699"}],"up":[{"embeddable":true,"href":"https:\/\/www.bancasempione.ch\/de\/wp-json\/wp\/v2\/pages\/20690"}],"wp:attachment":[{"href":"https:\/\/www.bancasempione.ch\/de\/wp-json\/wp\/v2\/media?parent=20698"}],"curies":[{"name":"wp","href":"https:\/\/api.w.org\/{rel}","templated":true}]}}