{"id":20708,"date":"2023-08-31T10:00:02","date_gmt":"2023-08-31T08:00:02","guid":{"rendered":"https:\/\/bancasempione.ch\/finanzierungslosungen\/"},"modified":"2025-11-03T11:31:38","modified_gmt":"2025-11-03T10:31:38","slug":"finanzierungslosungen","status":"publish","type":"page","link":"https:\/\/www.bancasempione.ch\/de\/dienstleistungen\/finanzierungslosungen\/","title":{"rendered":"Finanzierungsl\u00f6sungen"},"content":{"rendered":"<section class=\"content-block-bg alignfull\" style=\"background: linear-gradient(0deg, rgba(0, 0, 0, 50%), rgba(0, 0, 0, 50%)), url(https:\/\/www.bancasempione.ch\/wp-content\/uploads\/banca_sempione_servizi.jpg) ;  background-position-x: 50% !important; min-height: 100vh !important;  min-height:10vh;\"><div class=\"content-block is-position-center-left  has-white-color has-text-color \" style=\"min-height: 100vh !important;  min-height:10vh;\" ><div class=\"wp-block-cover__inner-container\">\n\n<p class=\"has-text-align-left has-primario-color has-text-color\" style=\"text-transform:uppercase\">Finanzierungsl\u00f6sungen<\/p>\n\n\n\n<h1 class=\"wp-block-heading has-text-align-left has-titolo-xxl-font-size has-titolo-xxxl-font-size\" id=\"splitme\" style=\"font-style:normal;font-weight:300\"><strong>Gemeinsam <\/strong>mit Ihnen f\u00fcr eine<strong> intelligente<\/strong> Verwaltung Ihrer Ressourcen.<\/h1>\n\n<\/div><\/div><\/section><section class=\"content-block-bg alignfull\" style=\"background: linear-gradient(0deg, rgba(0, 0, 0, 30%), rgba(0, 0, 0, 30%)), url(https:\/\/www.bancasempione.ch\/wp-content\/uploads\/Raggruppa-13713-e1683709782174.jpg) ;  background-position-x: 50% !important; min-height: 100vh !important;  min-height:10vh;\"><div class=\"content-block is-position-center-center  has-white-color has-text-color \" style=\"min-height: 100vh !important;  min-height:10vh;\"  id=\"after-hero\"><div class=\"wp-block-cover__inner-container\">\n\n<div class=\"wp-block-columns is-layout-flex wp-container-core-columns-is-layout-e9dadf76 wp-block-columns-is-layout-flex\" style=\"margin-top:var(--wp--preset--spacing--80);padding-top:0;padding-right:0;padding-bottom:0;padding-left:0\">\n<div class=\"wp-block-column is-vertically-aligned-top is-layout-flow wp-block-column-is-layout-flow\" style=\"flex-basis:40%\">\n<p class=\"has-text-align-left has-primario-color has-text-color\" style=\"text-transform:uppercase\">Finanzierungsl\u00f6sungen<\/p>\n\n\n\n<h3 class=\"wp-block-heading has-titolo-xl-font-size\" style=\"font-style:normal;font-weight:300\">Dank unserer <strong>Erfahrung<\/strong> in den Bereichen Zinss\u00e4tze und Devisenm\u00e4rkte bieten wir Ihnen die <strong>Kreditl\u00f6sungen<\/strong> an, die am besten zu Ihren <strong>Bed\u00fcrfnissen<\/strong> passen.<\/h3>\n<\/div>\n\n\n\n<div class=\"wp-block-column is-layout-flow wp-block-column-is-layout-flow\">\n<p><\/p>\n<\/div>\n\n\n\n<div class=\"wp-block-column is-layout-flow wp-block-column-is-layout-flow\" style=\"flex-basis:50%\">\n<div style=\"height:51px\" aria-hidden=\"true\" class=\"wp-block-spacer no-mobile\"><\/div>\n\n\n\n<p><strong>Personalisierte Kreditl\u00f6sungen<\/strong>. Die Experten <strong>zu Ihren Diensten<\/strong>:<\/p>\n\n\n\n<ul class=\"wp-block-list\">\n<li>Wenn es um Kredite geht, bieten Ihnen unsere Experten flexible L\u00f6sungen, die sich an Ihre Bed\u00fcrfnisse anpassen lassen.<\/li>\n\n\n\n<li>Vom klassischen Hypothekarkredit (sowohl in der Schweiz als auch in Italien erh\u00e4ltlich) bis zum Lombardkredit (bei dem Ihr Wertpapierdepot als Sicherheit dient) bieten wir schnelle L\u00f6sungen zu \u00e4u\u00dferst wettbewerbsf\u00e4higen Konditionen.<\/li>\n<\/ul>\n<\/div>\n<\/div>\n\n<\/div><\/div><\/section>\n<div class=\"wp-block-group is-layout-flow wp-block-group-is-layout-flow\" style=\"margin-top:var(--wp--preset--spacing--80);margin-bottom:var(--wp--preset--spacing--80)\">\n<h2 class=\"wp-block-heading has-text-align-center has-primario-color has-text-color has-titolo-xl-font-size\" style=\"margin-bottom:0;padding-right:0;padding-bottom:var(--wp--preset--spacing--80);padding-left:0;font-style:normal;font-weight:300\">Entdecken Sie die anderen <strong>Dienstleistungen<\/strong><\/h2>\n\n\n\n<div id=\"query-pag-figlie\" class=\"wp-block-group is-layout-flow wp-block-group-is-layout-flow\">\n<div class=\"wp-block-query hide-current is-layout-flow wp-block-query-is-layout-flow\"><ul class=\"columns-2 wp-block-post-template is-layout-grid wp-container-core-post-template-is-layout-02493678 wp-block-post-template-is-layout-grid\"><li class=\"wp-block-post post-20700 page type-page status-publish hentry\">\n\n<div class=\"wp-block-group is-layout-flow wp-block-group-is-layout-flow\" style=\"padding-right:2vw;padding-left:2vw\"><h6 style=\"padding-top:0;padding-bottom:0;margin-top:0;margin-bottom:0;\" class=\"has-text-align-left arrow-title wp-block-post-title has-titolo-font-size\"><a href=\"https:\/\/www.bancasempione.ch\/de\/dienstleistungen\/vermogensverwaltungsmandat\/\" target=\"_self\" >Verm\u00f6gensverwaltungsmandat<\/a><\/h6>\n\n<div style=\"padding-top:0;padding-bottom:0;margin-top:0;margin-bottom:0;\" class=\"has-text-align-left wp-block-post-excerpt\"><p class=\"wp-block-post-excerpt__excerpt\">Wir haben das traditionelle Konzept der Verm\u00f6gensverwaltung neu definiert.Wir verwalten Ihre Ersparnisse mit Methode, Liebe zum Detail, Risikominderung und einem Fokus auf Nachhaltigkeit. <\/p><\/div><\/div>\n\n<\/li><li class=\"wp-block-post post-20703 page type-page status-publish hentry\">\n\n<div class=\"wp-block-group is-layout-flow wp-block-group-is-layout-flow\" style=\"padding-right:2vw;padding-left:2vw\"><h6 style=\"padding-top:0;padding-bottom:0;margin-top:0;margin-bottom:0;\" class=\"has-text-align-left arrow-title wp-block-post-title has-titolo-font-size\"><a href=\"https:\/\/www.bancasempione.ch\/de\/dienstleistungen\/beratungsmandat\/\" target=\"_self\" >Beratungsmandat<\/a><\/h6>\n\n<div style=\"padding-top:0;padding-bottom:0;margin-top:0;margin-bottom:0;\" class=\"has-text-align-left wp-block-post-excerpt\"><p class=\"wp-block-post-excerpt__excerpt\">Unser Prozess beginnt mit dem aufmerksamen Zuh\u00f6ren Ihrer Bed\u00fcrfnisse. Dieser Vorgang braucht Zeit, um Sie kennenzulernen und Ihre Perspektiven und Ziele zu verstehen. So k\u00f6nnen wir einen massgeschneiderten Service f\u00fcr Sie schaffen. <\/p><\/div><\/div>\n\n<\/li><li class=\"wp-block-post post-20705 page type-page status-publish hentry\">\n\n<div class=\"wp-block-group is-layout-flow wp-block-group-is-layout-flow\" style=\"padding-right:2vw;padding-left:2vw\"><h6 style=\"padding-top:0;padding-bottom:0;margin-top:0;margin-bottom:0;\" class=\"has-text-align-left arrow-title wp-block-post-title has-titolo-font-size\"><a href=\"https:\/\/www.bancasempione.ch\/de\/dienstleistungen\/execution-only\/\" target=\"_self\" >Execution Only<\/a><\/h6>\n\n<div style=\"padding-top:0;padding-bottom:0;margin-top:0;margin-bottom:0;\" class=\"has-text-align-left wp-block-post-excerpt\"><p class=\"wp-block-post-excerpt__excerpt\">Wenn Sie Freiheit und Autonomie brauchen, dann ist die Execution Only-L\u00f6sung das Richtige f\u00fcr Sie. <\/p><\/div><\/div>\n\n<\/li><li class=\"wp-block-post post-20708 page type-page status-publish hentry\">\n\n<div class=\"wp-block-group is-layout-flow wp-block-group-is-layout-flow\" style=\"padding-right:2vw;padding-left:2vw\"><h6 style=\"padding-top:0;padding-bottom:0;margin-top:0;margin-bottom:0;\" class=\"has-text-align-left arrow-title wp-block-post-title has-titolo-font-size\"><a href=\"https:\/\/www.bancasempione.ch\/de\/dienstleistungen\/finanzierungslosungen\/\" target=\"_self\" >Finanzierungsl\u00f6sungen<\/a><\/h6>\n\n<div style=\"padding-top:0;padding-bottom:0;margin-top:0;margin-bottom:0;\" class=\"has-text-align-left wp-block-post-excerpt\"><p class=\"wp-block-post-excerpt__excerpt\">Dank unserer Erfahrung in den Bereichen Zinss\u00e4tze und Devisenm\u00e4rkte bieten wir Ihnen die Kreditl\u00f6sungen an, die am besten zu Ihren Bed\u00fcrfnissen passen. <\/p><\/div><\/div>\n\n<\/li><li class=\"wp-block-post post-20711 page type-page status-publish hentry\">\n\n<div class=\"wp-block-group is-layout-flow wp-block-group-is-layout-flow\" style=\"padding-right:2vw;padding-left:2vw\"><h6 style=\"padding-top:0;padding-bottom:0;margin-top:0;margin-bottom:0;\" class=\"has-text-align-left arrow-title wp-block-post-title has-titolo-font-size\"><a href=\"https:\/\/www.bancasempione.ch\/de\/dienstleistungen\/zusatzleistungen\/\" target=\"_self\" >Zusatzleistungen<\/a><\/h6>\n\n<div style=\"padding-top:0;padding-bottom:0;margin-top:0;margin-bottom:0;\" class=\"has-text-align-left wp-block-post-excerpt\"><p class=\"wp-block-post-excerpt__excerpt\">Neben der reinen Verm\u00f6gensverwaltung bieten wir Ihnen eine umfassende Palette von Zusatzleistungen f\u00fcr all Ihre Bed\u00fcrfnisse. <\/p><\/div><\/div>\n\n<\/li><\/ul><\/div>\n<\/div>\n<\/div>\n\n<div class=\"wp-block-group alignfull is-layout-flow wp-block-group-is-layout-flow\"><\/div>\n","protected":false},"excerpt":{"rendered":"<p>Dank unserer Erfahrung in den Bereichen Zinss\u00e4tze und Devisenm\u00e4rkte bieten wir Ihnen die Kreditl\u00f6sungen an, die am besten zu Ihren Bed\u00fcrfnissen passen.<\/p>\n","protected":false},"author":1,"featured_media":0,"parent":20713,"menu_order":0,"comment_status":"closed","ping_status":"closed","template":"Light Header","meta":{"_acf_changed":false,"footnotes":""},"class_list":["post-20708","page","type-page","status-publish","hentry"],"acf":[],"yoast_head":"<!-- This site is optimized with the Yoast SEO plugin v27.4 - https:\/\/yoast.com\/product\/yoast-seo-wordpress\/ -->\n<title>Finanzierungsl\u00f6sungen - Banca del Sempione<\/title>\n<meta name=\"robots\" content=\"index, follow, max-snippet:-1, max-image-preview:large, max-video-preview:-1\" \/>\n<link rel=\"canonical\" href=\"https:\/\/www.bancasempione.ch\/de\/dienstleistungen\/finanzierungslosungen\/\" \/>\n<meta property=\"og:locale\" content=\"de_DE\" \/>\n<meta property=\"og:type\" content=\"article\" \/>\n<meta property=\"og:title\" content=\"Finanzierungsl\u00f6sungen - Banca del Sempione\" \/>\n<meta property=\"og:description\" content=\"Dank unserer Erfahrung in den Bereichen Zinss\u00e4tze und Devisenm\u00e4rkte bieten wir Ihnen die Kreditl\u00f6sungen an, die am besten zu Ihren Bed\u00fcrfnissen passen.\" \/>\n<meta property=\"og:url\" content=\"https:\/\/www.bancasempione.ch\/de\/dienstleistungen\/finanzierungslosungen\/\" \/>\n<meta property=\"og:site_name\" content=\"Banca del Sempione\" \/>\n<meta property=\"article:publisher\" content=\"https:\/\/www.facebook.com\/profile.php?id=100075458006919\" \/>\n<meta property=\"article:modified_time\" content=\"2025-11-03T10:31:38+00:00\" \/>\n<meta name=\"twitter:card\" content=\"summary_large_image\" \/>\n<meta name=\"twitter:label1\" content=\"Gesch\u00e4tzte Lesezeit\" \/>\n\t<meta name=\"twitter:data1\" content=\"1\u00a0Minute\" \/>\n<script type=\"application\/ld+json\" class=\"yoast-schema-graph\">{\"@context\":\"https:\\\/\\\/schema.org\",\"@graph\":[{\"@type\":\"WebPage\",\"@id\":\"https:\\\/\\\/www.bancasempione.ch\\\/de\\\/dienstleistungen\\\/finanzierungslosungen\\\/\",\"url\":\"https:\\\/\\\/www.bancasempione.ch\\\/de\\\/dienstleistungen\\\/finanzierungslosungen\\\/\",\"name\":\"Finanzierungsl\u00f6sungen - Banca del Sempione\",\"isPartOf\":{\"@id\":\"https:\\\/\\\/www.bancasempione.ch\\\/de\\\/#website\"},\"datePublished\":\"2023-08-31T08:00:02+00:00\",\"dateModified\":\"2025-11-03T10:31:38+00:00\",\"breadcrumb\":{\"@id\":\"https:\\\/\\\/www.bancasempione.ch\\\/de\\\/dienstleistungen\\\/finanzierungslosungen\\\/#breadcrumb\"},\"inLanguage\":\"de\",\"potentialAction\":[{\"@type\":\"ReadAction\",\"target\":[\"https:\\\/\\\/www.bancasempione.ch\\\/de\\\/dienstleistungen\\\/finanzierungslosungen\\\/\"]}]},{\"@type\":\"BreadcrumbList\",\"@id\":\"https:\\\/\\\/www.bancasempione.ch\\\/de\\\/dienstleistungen\\\/finanzierungslosungen\\\/#breadcrumb\",\"itemListElement\":[{\"@type\":\"ListItem\",\"position\":1,\"name\":\"Home\",\"item\":\"https:\\\/\\\/www.bancasempione.ch\\\/de\\\/\"},{\"@type\":\"ListItem\",\"position\":2,\"name\":\"Dienstleistungen\",\"item\":\"https:\\\/\\\/www.bancasempione.ch\\\/de\\\/dienstleistungen\\\/\"},{\"@type\":\"ListItem\",\"position\":3,\"name\":\"Finanzierungsl\u00f6sungen\"}]},{\"@type\":\"WebSite\",\"@id\":\"https:\\\/\\\/www.bancasempione.ch\\\/de\\\/#website\",\"url\":\"https:\\\/\\\/www.bancasempione.ch\\\/de\\\/\",\"name\":\"Banca del Sempione\",\"description\":\"\",\"publisher\":{\"@id\":\"https:\\\/\\\/www.bancasempione.ch\\\/de\\\/#organization\"},\"potentialAction\":[{\"@type\":\"SearchAction\",\"target\":{\"@type\":\"EntryPoint\",\"urlTemplate\":\"https:\\\/\\\/www.bancasempione.ch\\\/de\\\/?s={search_term_string}\"},\"query-input\":{\"@type\":\"PropertyValueSpecification\",\"valueRequired\":true,\"valueName\":\"search_term_string\"}}],\"inLanguage\":\"de\"},{\"@type\":\"Organization\",\"@id\":\"https:\\\/\\\/www.bancasempione.ch\\\/de\\\/#organization\",\"name\":\"Banca del Sempione\",\"url\":\"https:\\\/\\\/www.bancasempione.ch\\\/de\\\/\",\"logo\":{\"@type\":\"ImageObject\",\"inLanguage\":\"de\",\"@id\":\"https:\\\/\\\/www.bancasempione.ch\\\/de\\\/#\\\/schema\\\/logo\\\/image\\\/\",\"url\":\"https:\\\/\\\/www.bancasempione.ch\\\/wp-content\\\/uploads\\\/bancadelsempione_eng.svg\",\"contentUrl\":\"https:\\\/\\\/www.bancasempione.ch\\\/wp-content\\\/uploads\\\/bancadelsempione_eng.svg\",\"caption\":\"Banca del Sempione\"},\"image\":{\"@id\":\"https:\\\/\\\/www.bancasempione.ch\\\/de\\\/#\\\/schema\\\/logo\\\/image\\\/\"},\"sameAs\":[\"https:\\\/\\\/www.facebook.com\\\/profile.php?id=100075458006919\",\"https:\\\/\\\/www.linkedin.com\\\/company\\\/bancasempione\\\/\",\"https:\\\/\\\/www.instagram.com\\\/bancasempione\\\/\"]}]}<\/script>\n<!-- \/ Yoast SEO plugin. -->","yoast_head_json":{"title":"Finanzierungsl\u00f6sungen - Banca del Sempione","robots":{"index":"index","follow":"follow","max-snippet":"max-snippet:-1","max-image-preview":"max-image-preview:large","max-video-preview":"max-video-preview:-1"},"canonical":"https:\/\/www.bancasempione.ch\/de\/dienstleistungen\/finanzierungslosungen\/","og_locale":"de_DE","og_type":"article","og_title":"Finanzierungsl\u00f6sungen - Banca del Sempione","og_description":"Dank unserer Erfahrung in den Bereichen Zinss\u00e4tze und Devisenm\u00e4rkte bieten wir Ihnen die Kreditl\u00f6sungen an, die am besten zu Ihren Bed\u00fcrfnissen passen.","og_url":"https:\/\/www.bancasempione.ch\/de\/dienstleistungen\/finanzierungslosungen\/","og_site_name":"Banca del Sempione","article_publisher":"https:\/\/www.facebook.com\/profile.php?id=100075458006919","article_modified_time":"2025-11-03T10:31:38+00:00","twitter_card":"summary_large_image","twitter_misc":{"Gesch\u00e4tzte Lesezeit":"1\u00a0Minute"},"schema":{"@context":"https:\/\/schema.org","@graph":[{"@type":"WebPage","@id":"https:\/\/www.bancasempione.ch\/de\/dienstleistungen\/finanzierungslosungen\/","url":"https:\/\/www.bancasempione.ch\/de\/dienstleistungen\/finanzierungslosungen\/","name":"Finanzierungsl\u00f6sungen - Banca del Sempione","isPartOf":{"@id":"https:\/\/www.bancasempione.ch\/de\/#website"},"datePublished":"2023-08-31T08:00:02+00:00","dateModified":"2025-11-03T10:31:38+00:00","breadcrumb":{"@id":"https:\/\/www.bancasempione.ch\/de\/dienstleistungen\/finanzierungslosungen\/#breadcrumb"},"inLanguage":"de","potentialAction":[{"@type":"ReadAction","target":["https:\/\/www.bancasempione.ch\/de\/dienstleistungen\/finanzierungslosungen\/"]}]},{"@type":"BreadcrumbList","@id":"https:\/\/www.bancasempione.ch\/de\/dienstleistungen\/finanzierungslosungen\/#breadcrumb","itemListElement":[{"@type":"ListItem","position":1,"name":"Home","item":"https:\/\/www.bancasempione.ch\/de\/"},{"@type":"ListItem","position":2,"name":"Dienstleistungen","item":"https:\/\/www.bancasempione.ch\/de\/dienstleistungen\/"},{"@type":"ListItem","position":3,"name":"Finanzierungsl\u00f6sungen"}]},{"@type":"WebSite","@id":"https:\/\/www.bancasempione.ch\/de\/#website","url":"https:\/\/www.bancasempione.ch\/de\/","name":"Banca del Sempione","description":"","publisher":{"@id":"https:\/\/www.bancasempione.ch\/de\/#organization"},"potentialAction":[{"@type":"SearchAction","target":{"@type":"EntryPoint","urlTemplate":"https:\/\/www.bancasempione.ch\/de\/?s={search_term_string}"},"query-input":{"@type":"PropertyValueSpecification","valueRequired":true,"valueName":"search_term_string"}}],"inLanguage":"de"},{"@type":"Organization","@id":"https:\/\/www.bancasempione.ch\/de\/#organization","name":"Banca del Sempione","url":"https:\/\/www.bancasempione.ch\/de\/","logo":{"@type":"ImageObject","inLanguage":"de","@id":"https:\/\/www.bancasempione.ch\/de\/#\/schema\/logo\/image\/","url":"https:\/\/www.bancasempione.ch\/wp-content\/uploads\/bancadelsempione_eng.svg","contentUrl":"https:\/\/www.bancasempione.ch\/wp-content\/uploads\/bancadelsempione_eng.svg","caption":"Banca del Sempione"},"image":{"@id":"https:\/\/www.bancasempione.ch\/de\/#\/schema\/logo\/image\/"},"sameAs":["https:\/\/www.facebook.com\/profile.php?id=100075458006919","https:\/\/www.linkedin.com\/company\/bancasempione\/","https:\/\/www.instagram.com\/bancasempione\/"]}]}},"_links":{"self":[{"href":"https:\/\/www.bancasempione.ch\/de\/wp-json\/wp\/v2\/pages\/20708","targetHints":{"allow":["GET"]}}],"collection":[{"href":"https:\/\/www.bancasempione.ch\/de\/wp-json\/wp\/v2\/pages"}],"about":[{"href":"https:\/\/www.bancasempione.ch\/de\/wp-json\/wp\/v2\/types\/page"}],"author":[{"embeddable":true,"href":"https:\/\/www.bancasempione.ch\/de\/wp-json\/wp\/v2\/users\/1"}],"replies":[{"embeddable":true,"href":"https:\/\/www.bancasempione.ch\/de\/wp-json\/wp\/v2\/comments?post=20708"}],"version-history":[{"count":1,"href":"https:\/\/www.bancasempione.ch\/de\/wp-json\/wp\/v2\/pages\/20708\/revisions"}],"predecessor-version":[{"id":20710,"href":"https:\/\/www.bancasempione.ch\/de\/wp-json\/wp\/v2\/pages\/20708\/revisions\/20710"}],"up":[{"embeddable":true,"href":"https:\/\/www.bancasempione.ch\/de\/wp-json\/wp\/v2\/pages\/20713"}],"wp:attachment":[{"href":"https:\/\/www.bancasempione.ch\/de\/wp-json\/wp\/v2\/media?parent=20708"}],"curies":[{"name":"wp","href":"https:\/\/api.w.org\/{rel}","templated":true}]}}