{"id":20715,"date":"2023-08-29T09:40:13","date_gmt":"2023-08-29T07:40:13","guid":{"rendered":"https:\/\/bancasempione.ch\/kunden\/unternehmen-und-institutionelle-kunden\/"},"modified":"2025-11-03T11:31:39","modified_gmt":"2025-11-03T10:31:39","slug":"unternehmen-und-institutionelle-kunden","status":"publish","type":"page","link":"https:\/\/www.bancasempione.ch\/de\/kunden\/unternehmen-und-institutionelle-kunden\/","title":{"rendered":"Unternehmen und institutionelle Kunden"},"content":{"rendered":"<section class=\"content-block-bg alignfull\" style=\"background: linear-gradient(0deg, rgba(0, 0, 0, 50%), rgba(0, 0, 0, 50%)), url(https:\/\/www.bancasempione.ch\/wp-content\/uploads\/banca_del_sempione_imprese_clienti_istituzionali.jpg) ;  background-position-x: 60% !important; min-height: 100vh !important;  min-height:10vh;\"><div class=\"content-block is-position-center-left  has-white-color has-text-color \" style=\"min-height: 100vh !important;  min-height:10vh;\" ><div class=\"wp-block-cover__inner-container\">\n\n<p class=\"has-text-align-left has-primario-color has-text-color\" style=\"text-transform:uppercase\">KUNDEN<\/p>\n\n\n\n<h1 class=\"wp-block-heading has-text-align-left has-titolo-xxxl-font-size\" id=\"splitme\" style=\"font-style:normal;font-weight:300\"><strong><\/strong>Unternehmen<strong><\/strong> und <strong><\/strong>institutionelle<strong><\/strong> Kunden<\/h1>\n\n<\/div><\/div><\/section>\n<div class=\"wp-block-group alignfull has-background has-global-padding is-layout-constrained wp-block-group-is-layout-constrained\" id=\"AFTER-HERO\" style=\"background-color:#eeeeee;padding-top:12vh;padding-bottom:12vh\">\n<div class=\"wp-block-columns is-layout-flex wp-container-core-columns-is-layout-28f84493 wp-block-columns-is-layout-flex\">\n<div class=\"wp-block-column is-layout-flow wp-block-column-is-layout-flow\" style=\"flex-basis:10%\"><\/div>\n\n\n\n<div class=\"wp-block-column is-layout-flow wp-block-column-is-layout-flow\" style=\"flex-basis:90%\">\n<h2 class=\"wp-block-heading has-text-align-center has-titolo-xl-font-size\" style=\"font-style:normal;font-weight:300\">Wir kennen die <strong>Herausforderungen, mit denen Sie tagt\u00e4glich <\/strong>in Ihrem Unternehmen konfrontiert sind, und bieten Ihnen daher eine spezielle Unterst\u00fctzung, die auf <strong><\/strong>zwei Grundpfeilern<strong><\/strong> basiert.<\/h2>\n<\/div>\n\n\n\n<div class=\"wp-block-column is-layout-flow wp-block-column-is-layout-flow\" style=\"flex-basis:10%\"><\/div>\n<\/div>\n<\/div>\n\n<div class=\"wp-block-columns is-layout-flex wp-container-core-columns-is-layout-5ad674ff wp-block-columns-is-layout-flex\" style=\"margin-top:10vh;margin-bottom:10vh\">\n<div class=\"wp-block-column is-layout-flow wp-block-column-is-layout-flow\" style=\"padding-right:2vw;padding-left:2vw\">\n<p class=\"has-titolo-font-size\"><strong>Management von W\u00e4hrungs- und Zinsrisiken<\/strong><\/p>\n\n\n\n<p>Wir beobachten st\u00e4ndig die Marktentwicklungen, um Ihnen aktuelle und zuverl\u00e4ssige Analysen zu liefern und die effektivsten M\u00f6glichkeiten zur Risikominderung vorzuschlagen.<\/p>\n<\/div>\n\n\n\n<div class=\"wp-block-column border-sides is-layout-flow wp-block-column-is-layout-flow\" style=\"border-right-style:none;border-right-width:0px;padding-right:2vw;padding-left:2vw\">\n<p class=\"has-titolo-font-size\"><strong>Dynamische Kreditl\u00f6sungen f\u00fcr Ihr Liquidit\u00e4tsmanagement<\/strong><\/p>\n\n\n\n<p>Gemeinsam mit Ihnen strukturieren wir ma\u00dfgeschneiderte, dynamische und flexible Finanzierungsl\u00f6sungen, die im Bedarfsfall ausreichende finanzielle Mittel garantieren.<br\/>\u00c4nderungen in der Geldpolitik und Entscheidungen der Zentralbanken erfordern eine besondere Aufmerksamkeit beim Liquidit\u00e4tsmanagement in den verschiedenen W\u00e4hrungen. Deshalb bieten wir Ihnen einen Service f\u00fcr ein effizientes Management der Unternehmensliquidit\u00e4t an.<\/p>\n<\/div>\n<\/div>\n\n<div class=\"wp-block-group is-layout-flow wp-block-group-is-layout-flow\" style=\"margin-top:var(--wp--preset--spacing--80);margin-bottom:var(--wp--preset--spacing--80)\">\n<h2 class=\"wp-block-heading has-text-align-center has-primario-color has-text-color has-titolo-xl-font-size\" style=\"margin-bottom:0;padding-right:0;padding-bottom:var(--wp--preset--spacing--80);padding-left:0;font-style:normal;font-weight:300\">Mehr \u00fcber unsere <strong>Kunden<\/strong><\/h2>\n\n\n\n<div id=\"query-pag-figlie\" class=\"wp-block-group is-layout-flow wp-block-group-is-layout-flow\">\n<div class=\"wp-block-query hide-current is-layout-flow wp-block-query-is-layout-flow\"><ul class=\"columns-2 wp-block-post-template is-layout-grid wp-container-core-post-template-is-layout-02493678 wp-block-post-template-is-layout-grid\"><li class=\"wp-block-post post-20715 page type-page status-publish hentry\">\n\n<div class=\"wp-block-group is-layout-flow wp-block-group-is-layout-flow\" style=\"padding-right:2vw;padding-left:2vw\"><h6 style=\"padding-top:0;padding-bottom:0;margin-top:0;margin-bottom:0;\" class=\"has-text-align-left arrow-title wp-block-post-title has-titolo-font-size\"><a href=\"https:\/\/www.bancasempione.ch\/de\/kunden\/unternehmen-und-institutionelle-kunden\/\" target=\"_self\" >Unternehmen und institutionelle Kunden<\/a><\/h6>\n\n<div style=\"padding-top:0;padding-bottom:0;margin-top:0;margin-bottom:0;\" class=\"has-text-align-left wp-block-post-excerpt\"><p class=\"wp-block-post-excerpt__excerpt\">Wir kennen die Herausforderungen, mit denen Sie tagt\u00e4glich in Ihrem Unternehmen konfrontiert sind, und bieten Ihnen daher eine spezielle Unterst\u00fctzung, die auf zwei Grundpfeilern basiert. Management von W\u00e4hrungs- und Zinsrisiken Wir beobachten st\u00e4ndig die Marktentwicklungen, um Ihnen aktuelle und zuverl\u00e4ssige Analysen zu liefern und die effektivsten M\u00f6glichkeiten zur Risikominderung vorzuschlagen.&hellip; <\/p><\/div><\/div>\n\n<\/li><li class=\"wp-block-post post-20737 page type-page status-publish hentry\">\n\n<div class=\"wp-block-group is-layout-flow wp-block-group-is-layout-flow\" style=\"padding-right:2vw;padding-left:2vw\"><h6 style=\"padding-top:0;padding-bottom:0;margin-top:0;margin-bottom:0;\" class=\"has-text-align-left arrow-title wp-block-post-title has-titolo-font-size\"><a href=\"https:\/\/www.bancasempione.ch\/de\/kunden\/unabhangige-externe-vermogensverwalter\/\" target=\"_self\" >Unabh\u00e4ngige externe Verm\u00f6gensverwalter<\/a><\/h6>\n\n<div style=\"padding-top:0;padding-bottom:0;margin-top:0;margin-bottom:0;\" class=\"has-text-align-left wp-block-post-excerpt\"><p class=\"wp-block-post-excerpt__excerpt\">Ihr Erfolg ist auch unser Erfolg. Wir sind Ihre Partner Gemeinsam mit Ihnen arbeiten wir daran, dauerhafte Beziehungen aufzubauen, die einen Mehrwert f\u00fcr Ihre Kunden schaffen. Als Finanzpartner stehen wir Ihnen mit fortschrittlichen digitalen Instrumenten beim Kundenmanagement zur Seite. Ein Team, das sich f\u00fcr Sie einsetzt Eine schnelle Auftragsausf\u00fchrung ist&hellip; <\/p><\/div><\/div>\n\n<\/li><li class=\"wp-block-post post-20740 page type-page status-publish hentry\">\n\n<div class=\"wp-block-group is-layout-flow wp-block-group-is-layout-flow\" style=\"padding-right:2vw;padding-left:2vw\"><h6 style=\"padding-top:0;padding-bottom:0;margin-top:0;margin-bottom:0;\" class=\"has-text-align-left arrow-title wp-block-post-title has-titolo-font-size\"><a href=\"https:\/\/www.bancasempione.ch\/de\/kunden\/privatkunden-und-familien\/\" target=\"_self\" >Privatkunden und Familien<\/a><\/h6>\n\n<div style=\"padding-top:0;padding-bottom:0;margin-top:0;margin-bottom:0;\" class=\"has-text-align-left wp-block-post-excerpt\"><p class=\"wp-block-post-excerpt__excerpt\">Ihre Ziele, Ihre Bed\u00fcrfnisse.Wir stehen in einer authentischen Beziehung an Ihrer Seite, um auf jedes Ihrer Bed\u00fcrfnisseeinzugehen. Wir respektieren Vertrauen Eine Person, eine Beziehung und erst (dann) ein Kunde. Wir m\u00f6chten Sie kennenlernen, um gemeinsam eine authentische Beziehung aufzubauen, die auf Ihren Anforderungen und Bed\u00fcrfnissen basiert. Wir legen Wert aufs&hellip; <\/p><\/div><\/div>\n\n<\/li><\/ul><\/div>\n<\/div>\n<\/div>\n\n<div class=\"wp-block-group alignfull is-layout-flow wp-block-group-is-layout-flow\"><\/div>\n","protected":false},"excerpt":{"rendered":"<p>Wir kennen die Herausforderungen, mit denen Sie tagt\u00e4glich in Ihrem Unternehmen konfrontiert sind, und bieten Ihnen daher eine spezielle Unterst\u00fctzung, die auf zwei Grundpfeilern basiert. Management von W\u00e4hrungs- und Zinsrisiken Wir beobachten st\u00e4ndig die Marktentwicklungen, um Ihnen aktuelle und zuverl\u00e4ssige Analysen zu liefern und die effektivsten M\u00f6glichkeiten zur Risikominderung vorzuschlagen. Dynamische Kreditl\u00f6sungen f\u00fcr Ihr Liquidit\u00e4tsmanagement [&hellip;]<\/p>\n","protected":false},"author":1,"featured_media":0,"parent":20693,"menu_order":0,"comment_status":"closed","ping_status":"closed","template":"Light Header","meta":{"_acf_changed":false,"footnotes":""},"class_list":["post-20715","page","type-page","status-publish","hentry"],"acf":[],"yoast_head":"<!-- This site is optimized with the Yoast SEO plugin v27.4 - https:\/\/yoast.com\/product\/yoast-seo-wordpress\/ -->\n<title>Unternehmen und institutionelle Kunden - Banca del Sempione<\/title>\n<meta name=\"robots\" content=\"index, follow, max-snippet:-1, max-image-preview:large, max-video-preview:-1\" \/>\n<link rel=\"canonical\" href=\"https:\/\/www.bancasempione.ch\/de\/kunden\/unternehmen-und-institutionelle-kunden\/\" \/>\n<meta property=\"og:locale\" content=\"de_DE\" \/>\n<meta property=\"og:type\" content=\"article\" \/>\n<meta property=\"og:title\" content=\"Unternehmen und institutionelle Kunden - Banca del Sempione\" \/>\n<meta property=\"og:description\" content=\"Wir kennen die Herausforderungen, mit denen Sie tagt\u00e4glich in Ihrem Unternehmen konfrontiert sind, und bieten Ihnen daher eine spezielle Unterst\u00fctzung, die auf zwei Grundpfeilern basiert. Management von W\u00e4hrungs- und Zinsrisiken Wir beobachten st\u00e4ndig die Marktentwicklungen, um Ihnen aktuelle und zuverl\u00e4ssige Analysen zu liefern und die effektivsten M\u00f6glichkeiten zur Risikominderung vorzuschlagen. Dynamische Kreditl\u00f6sungen f\u00fcr Ihr Liquidit\u00e4tsmanagement [&hellip;]\" \/>\n<meta property=\"og:url\" content=\"https:\/\/www.bancasempione.ch\/de\/kunden\/unternehmen-und-institutionelle-kunden\/\" \/>\n<meta property=\"og:site_name\" content=\"Banca del Sempione\" \/>\n<meta property=\"article:publisher\" content=\"https:\/\/www.facebook.com\/profile.php?id=100075458006919\" \/>\n<meta property=\"article:modified_time\" content=\"2025-11-03T10:31:39+00:00\" \/>\n<meta name=\"twitter:card\" content=\"summary_large_image\" \/>\n<meta name=\"twitter:label1\" content=\"Gesch\u00e4tzte Lesezeit\" \/>\n\t<meta name=\"twitter:data1\" content=\"1\u00a0Minute\" \/>\n<script type=\"application\/ld+json\" class=\"yoast-schema-graph\">{\"@context\":\"https:\\\/\\\/schema.org\",\"@graph\":[{\"@type\":\"WebPage\",\"@id\":\"https:\\\/\\\/www.bancasempione.ch\\\/de\\\/kunden\\\/unternehmen-und-institutionelle-kunden\\\/\",\"url\":\"https:\\\/\\\/www.bancasempione.ch\\\/de\\\/kunden\\\/unternehmen-und-institutionelle-kunden\\\/\",\"name\":\"Unternehmen und institutionelle Kunden - Banca del Sempione\",\"isPartOf\":{\"@id\":\"https:\\\/\\\/www.bancasempione.ch\\\/de\\\/#website\"},\"datePublished\":\"2023-08-29T07:40:13+00:00\",\"dateModified\":\"2025-11-03T10:31:39+00:00\",\"breadcrumb\":{\"@id\":\"https:\\\/\\\/www.bancasempione.ch\\\/de\\\/kunden\\\/unternehmen-und-institutionelle-kunden\\\/#breadcrumb\"},\"inLanguage\":\"de\",\"potentialAction\":[{\"@type\":\"ReadAction\",\"target\":[\"https:\\\/\\\/www.bancasempione.ch\\\/de\\\/kunden\\\/unternehmen-und-institutionelle-kunden\\\/\"]}]},{\"@type\":\"BreadcrumbList\",\"@id\":\"https:\\\/\\\/www.bancasempione.ch\\\/de\\\/kunden\\\/unternehmen-und-institutionelle-kunden\\\/#breadcrumb\",\"itemListElement\":[{\"@type\":\"ListItem\",\"position\":1,\"name\":\"Home\",\"item\":\"https:\\\/\\\/www.bancasempione.ch\\\/de\\\/\"},{\"@type\":\"ListItem\",\"position\":2,\"name\":\"Kunden\",\"item\":\"https:\\\/\\\/www.bancasempione.ch\\\/de\\\/kunden\\\/\"},{\"@type\":\"ListItem\",\"position\":3,\"name\":\"Unternehmen und institutionelle Kunden\"}]},{\"@type\":\"WebSite\",\"@id\":\"https:\\\/\\\/www.bancasempione.ch\\\/de\\\/#website\",\"url\":\"https:\\\/\\\/www.bancasempione.ch\\\/de\\\/\",\"name\":\"Banca del Sempione\",\"description\":\"\",\"publisher\":{\"@id\":\"https:\\\/\\\/www.bancasempione.ch\\\/de\\\/#organization\"},\"potentialAction\":[{\"@type\":\"SearchAction\",\"target\":{\"@type\":\"EntryPoint\",\"urlTemplate\":\"https:\\\/\\\/www.bancasempione.ch\\\/de\\\/?s={search_term_string}\"},\"query-input\":{\"@type\":\"PropertyValueSpecification\",\"valueRequired\":true,\"valueName\":\"search_term_string\"}}],\"inLanguage\":\"de\"},{\"@type\":\"Organization\",\"@id\":\"https:\\\/\\\/www.bancasempione.ch\\\/de\\\/#organization\",\"name\":\"Banca del Sempione\",\"url\":\"https:\\\/\\\/www.bancasempione.ch\\\/de\\\/\",\"logo\":{\"@type\":\"ImageObject\",\"inLanguage\":\"de\",\"@id\":\"https:\\\/\\\/www.bancasempione.ch\\\/de\\\/#\\\/schema\\\/logo\\\/image\\\/\",\"url\":\"https:\\\/\\\/www.bancasempione.ch\\\/wp-content\\\/uploads\\\/bancadelsempione_eng.svg\",\"contentUrl\":\"https:\\\/\\\/www.bancasempione.ch\\\/wp-content\\\/uploads\\\/bancadelsempione_eng.svg\",\"caption\":\"Banca del Sempione\"},\"image\":{\"@id\":\"https:\\\/\\\/www.bancasempione.ch\\\/de\\\/#\\\/schema\\\/logo\\\/image\\\/\"},\"sameAs\":[\"https:\\\/\\\/www.facebook.com\\\/profile.php?id=100075458006919\",\"https:\\\/\\\/www.linkedin.com\\\/company\\\/bancasempione\\\/\",\"https:\\\/\\\/www.instagram.com\\\/bancasempione\\\/\"]}]}<\/script>\n<!-- \/ Yoast SEO plugin. -->","yoast_head_json":{"title":"Unternehmen und institutionelle Kunden - Banca del Sempione","robots":{"index":"index","follow":"follow","max-snippet":"max-snippet:-1","max-image-preview":"max-image-preview:large","max-video-preview":"max-video-preview:-1"},"canonical":"https:\/\/www.bancasempione.ch\/de\/kunden\/unternehmen-und-institutionelle-kunden\/","og_locale":"de_DE","og_type":"article","og_title":"Unternehmen und institutionelle Kunden - Banca del Sempione","og_description":"Wir kennen die Herausforderungen, mit denen Sie tagt\u00e4glich in Ihrem Unternehmen konfrontiert sind, und bieten Ihnen daher eine spezielle Unterst\u00fctzung, die auf zwei Grundpfeilern basiert. Management von W\u00e4hrungs- und Zinsrisiken Wir beobachten st\u00e4ndig die Marktentwicklungen, um Ihnen aktuelle und zuverl\u00e4ssige Analysen zu liefern und die effektivsten M\u00f6glichkeiten zur Risikominderung vorzuschlagen. Dynamische Kreditl\u00f6sungen f\u00fcr Ihr Liquidit\u00e4tsmanagement [&hellip;]","og_url":"https:\/\/www.bancasempione.ch\/de\/kunden\/unternehmen-und-institutionelle-kunden\/","og_site_name":"Banca del Sempione","article_publisher":"https:\/\/www.facebook.com\/profile.php?id=100075458006919","article_modified_time":"2025-11-03T10:31:39+00:00","twitter_card":"summary_large_image","twitter_misc":{"Gesch\u00e4tzte Lesezeit":"1\u00a0Minute"},"schema":{"@context":"https:\/\/schema.org","@graph":[{"@type":"WebPage","@id":"https:\/\/www.bancasempione.ch\/de\/kunden\/unternehmen-und-institutionelle-kunden\/","url":"https:\/\/www.bancasempione.ch\/de\/kunden\/unternehmen-und-institutionelle-kunden\/","name":"Unternehmen und institutionelle Kunden - Banca del Sempione","isPartOf":{"@id":"https:\/\/www.bancasempione.ch\/de\/#website"},"datePublished":"2023-08-29T07:40:13+00:00","dateModified":"2025-11-03T10:31:39+00:00","breadcrumb":{"@id":"https:\/\/www.bancasempione.ch\/de\/kunden\/unternehmen-und-institutionelle-kunden\/#breadcrumb"},"inLanguage":"de","potentialAction":[{"@type":"ReadAction","target":["https:\/\/www.bancasempione.ch\/de\/kunden\/unternehmen-und-institutionelle-kunden\/"]}]},{"@type":"BreadcrumbList","@id":"https:\/\/www.bancasempione.ch\/de\/kunden\/unternehmen-und-institutionelle-kunden\/#breadcrumb","itemListElement":[{"@type":"ListItem","position":1,"name":"Home","item":"https:\/\/www.bancasempione.ch\/de\/"},{"@type":"ListItem","position":2,"name":"Kunden","item":"https:\/\/www.bancasempione.ch\/de\/kunden\/"},{"@type":"ListItem","position":3,"name":"Unternehmen und institutionelle Kunden"}]},{"@type":"WebSite","@id":"https:\/\/www.bancasempione.ch\/de\/#website","url":"https:\/\/www.bancasempione.ch\/de\/","name":"Banca del Sempione","description":"","publisher":{"@id":"https:\/\/www.bancasempione.ch\/de\/#organization"},"potentialAction":[{"@type":"SearchAction","target":{"@type":"EntryPoint","urlTemplate":"https:\/\/www.bancasempione.ch\/de\/?s={search_term_string}"},"query-input":{"@type":"PropertyValueSpecification","valueRequired":true,"valueName":"search_term_string"}}],"inLanguage":"de"},{"@type":"Organization","@id":"https:\/\/www.bancasempione.ch\/de\/#organization","name":"Banca del Sempione","url":"https:\/\/www.bancasempione.ch\/de\/","logo":{"@type":"ImageObject","inLanguage":"de","@id":"https:\/\/www.bancasempione.ch\/de\/#\/schema\/logo\/image\/","url":"https:\/\/www.bancasempione.ch\/wp-content\/uploads\/bancadelsempione_eng.svg","contentUrl":"https:\/\/www.bancasempione.ch\/wp-content\/uploads\/bancadelsempione_eng.svg","caption":"Banca del Sempione"},"image":{"@id":"https:\/\/www.bancasempione.ch\/de\/#\/schema\/logo\/image\/"},"sameAs":["https:\/\/www.facebook.com\/profile.php?id=100075458006919","https:\/\/www.linkedin.com\/company\/bancasempione\/","https:\/\/www.instagram.com\/bancasempione\/"]}]}},"_links":{"self":[{"href":"https:\/\/www.bancasempione.ch\/de\/wp-json\/wp\/v2\/pages\/20715","targetHints":{"allow":["GET"]}}],"collection":[{"href":"https:\/\/www.bancasempione.ch\/de\/wp-json\/wp\/v2\/pages"}],"about":[{"href":"https:\/\/www.bancasempione.ch\/de\/wp-json\/wp\/v2\/types\/page"}],"author":[{"embeddable":true,"href":"https:\/\/www.bancasempione.ch\/de\/wp-json\/wp\/v2\/users\/1"}],"replies":[{"embeddable":true,"href":"https:\/\/www.bancasempione.ch\/de\/wp-json\/wp\/v2\/comments?post=20715"}],"version-history":[{"count":1,"href":"https:\/\/www.bancasempione.ch\/de\/wp-json\/wp\/v2\/pages\/20715\/revisions"}],"predecessor-version":[{"id":20717,"href":"https:\/\/www.bancasempione.ch\/de\/wp-json\/wp\/v2\/pages\/20715\/revisions\/20717"}],"up":[{"embeddable":true,"href":"https:\/\/www.bancasempione.ch\/de\/wp-json\/wp\/v2\/pages\/20693"}],"wp:attachment":[{"href":"https:\/\/www.bancasempione.ch\/de\/wp-json\/wp\/v2\/media?parent=20715"}],"curies":[{"name":"wp","href":"https:\/\/api.w.org\/{rel}","templated":true}]}}