{"id":20718,"date":"2023-08-28T14:11:56","date_gmt":"2023-08-28T12:11:56","guid":{"rendered":"https:\/\/bancasempione.ch\/nachhaltigkeit\/"},"modified":"2025-11-26T15:38:56","modified_gmt":"2025-11-26T14:38:56","slug":"nachhaltigkeit","status":"publish","type":"page","link":"https:\/\/www.bancasempione.ch\/de\/nachhaltigkeit\/","title":{"rendered":"Nachhaltigkeit"},"content":{"rendered":"<section class=\"content-block-bg alignfull\" style=\"background: linear-gradient(0deg, rgba(0, 0, 0, 50%), rgba(0, 0, 0, 50%)), url(https:\/\/www.bancasempione.ch\/wp-content\/uploads\/banca_del_sempione_sostenibilita_IMG_7449_web.jpg) ;  background-position-x: 50% !important; min-height: 100vh !important;  min-height:10vh;\"><div class=\"content-block is-position-center-left  has-white-color has-text-color \" style=\"min-height: 100vh !important;  min-height:10vh;\" ><div class=\"wp-block-cover__inner-container\">\n\n<p class=\"has-text-align-left has-primario-color has-text-color\" style=\"text-transform:uppercase\">NACHHALTIGKEIT<\/p>\n\n\n\n<h1 class=\"wp-block-heading has-titolo-xxl-font-size\" style=\"font-style:normal;font-weight:300\"><strong>Green<\/strong> <strong>Division:<\/strong> unsere Sparte f\u00fcr <strong>Nachhaltigkeit<\/strong><\/h1>\n\n<\/div><\/div><\/section>\n\n<section class=\"content-block-bg alignfull\" style=\"background: linear-gradient(0deg, rgba(0, 0, 0, 30%), rgba(0, 0, 0, 30%)), url(https:\/\/www.bancasempione.ch\/wp-content\/uploads\/Raggruppa-13713-e1683709782174.jpg) ;  background-position-x: 50% !important; min-height: 100vh !important;  min-height:10vh;\"><div class=\"content-block is-position-center-center  has-white-color has-text-color \" style=\"min-height: 100vh !important;  min-height:10vh;\"  id=\"after-hero\"><div class=\"wp-block-cover__inner-container\">\n\n<div class=\"wp-block-columns is-layout-flex wp-container-core-columns-is-layout-e9dadf76 wp-block-columns-is-layout-flex\" style=\"margin-top:var(--wp--preset--spacing--80);padding-top:0;padding-right:0;padding-bottom:0;padding-left:0\">\n<div class=\"wp-block-column is-vertically-aligned-top is-layout-flow wp-block-column-is-layout-flow\" style=\"flex-basis:40%\">\n<p class=\"has-text-align-left has-primario-color has-text-color\" style=\"text-transform:uppercase\">NACHHALTIGKEIT<\/p>\n\n\n\n<h3 class=\"wp-block-heading has-text-align-left has-titolo-xl-font-size\" style=\"font-style:normal;font-weight:300\"><strong>Green Division:<\/strong> <strong>nachhaltiges<\/strong> Handeln ist eine Frage der <strong>Verantwortung<\/strong><\/h3>\n<\/div>\n\n\n\n<div class=\"wp-block-column is-layout-flow wp-block-column-is-layout-flow\">\n<p><\/p>\n<\/div>\n\n\n\n<div class=\"wp-block-column is-layout-flow wp-block-column-is-layout-flow\" style=\"flex-basis:50%\">\n<div style=\"height:80px\" aria-hidden=\"true\" class=\"wp-block-spacer no-mobile\"><\/div>\n\n\n\n<h4 class=\"wp-block-heading has-titolo-font-size\" style=\"font-style:normal;font-weight:300\">Wir sind fest davon \u00fcberzeugt, dass jeder Einzelne und jedes Unternehmen eine <strong>zivilrechtliche Verantwortung<\/strong> hat.<\/h4>\n\n\n\n<div class=\"wp-block-group is-layout-flow wp-block-group-is-layout-flow\" style=\"padding-right:5vw\">\n<p>Aus diesem Grund haben wir im Jahr 2020 die Green Division gegr\u00fcndet. Diese Struktur ist f\u00fcr die \u00fcbergreifende Verbreitung des Nachhaltigkeitskonzepts in allen Aspekten unserer Arbeit zust\u00e4ndig. Dabei ber\u00fccksichtigen wir das Vertrauen, das jeder Einzelne der Banca del Sempione t\u00e4glich entgegenbringt.<\/p>\n<\/div>\n<\/div>\n<\/div>\n\n<\/div><\/div><\/section>\n\n\n<div class=\"wp-block-columns is-layout-flex wp-container-core-columns-is-layout-5ad674ff wp-block-columns-is-layout-flex\" style=\"margin-top:10vh;margin-bottom:10vh\">\n<div class=\"wp-block-column is-vertically-aligned-top is-layout-flow wp-block-column-is-layout-flow\" style=\"padding-top:40px;padding-right:2vw;padding-left:2vw\">\n<figure class=\"wp-block-image aligncenter size-full is-resized\"><img loading=\"lazy\" decoding=\"async\" width=\"199\" height=\"200\" src=\"https:\/\/bancasempione.ch\/wp-content\/uploads\/Raggruppa-13634@2x.png\" alt=\"\" class=\"wp-image-796\" style=\"width:100px;height:100px\" srcset=\"https:\/\/www.bancasempione.ch\/wp-content\/uploads\/Raggruppa-13634@2x.png 199w, https:\/\/www.bancasempione.ch\/wp-content\/uploads\/Raggruppa-13634@2x-150x150.png 150w\" sizes=\"auto, (max-width: 199px) 100vw, 199px\" \/><\/figure>\n\n\n\n<p class=\"has-titolo-font-size\"><strong>Reduzierung der Umweltbelastung<\/strong><\/p>\n\n\n\n<ul class=\"wp-block-list\">\n<li>Wir begrenzen die Umweltbelastung, indem wir in erneuerbare Energien und effiziente Arbeitsbereiche investieren.<\/li>\n\n\n\n<li>Wir regen unsere Mitarbeitenden dazu an, \u00f6ffentliche Verkehrsmittel zu bevorzugen und durch finanzielle Anreize Elektro- oder Hybridfahrzeuge zu kaufen.<\/li>\n\n\n\n<li>Wir sammeln das produzierte PET intern und zertifizieren sein Recycling.<\/li>\n<\/ul>\n<\/div>\n\n\n\n<div class=\"wp-block-column is-vertically-aligned-top border-sides is-layout-flow wp-block-column-is-layout-flow\" style=\"padding-top:40px;padding-right:2vw;padding-left:2vw\">\n<figure class=\"wp-block-image aligncenter size-full is-resized\"><img loading=\"lazy\" decoding=\"async\" width=\"199\" height=\"186\" src=\"https:\/\/bancasempione.ch\/wp-content\/uploads\/Raggruppa-13638@2x.png\" alt=\"\" class=\"wp-image-798\" style=\"width:100px;height:100px\"\/><\/figure>\n\n\n\n<p class=\"has-titolo-font-size\"><strong><strong>F\u00f6rderung der nachhaltigen Finanzierung<\/strong><\/strong><\/p>\n\n\n\n<ul class=\"wp-block-list\">\n<li>Wir haben einen Ausschuss eingerichtet, der alle ESG-Themen in der Bank beaufsichtigt und weiterentwickelt.<\/li>\n\n\n\n<li>Wir betrachten Transparenz als einen der wichtigsten Eckpfeiler der Nachhaltigkeit und verwenden dazu Daten von MSCI ESG Manager, einem der f\u00fchrenden Lieferanten von ESG-Daten.<\/li>\n\n\n\n<li>Wir verfolgen eine klare Ausschluss- und Best-in-Class-Politik bei der Verwaltung unserer BASE <br>Investment SICAV-Fonds, bei den verwalteten Portfolios sowie bei der Definition des Anlageuniversums, das unseren Kunden in der Beratung zur Verf\u00fcgung steht.<\/li>\n<\/ul>\n<\/div>\n\n\n\n<div class=\"wp-block-column is-layout-flow wp-block-column-is-layout-flow\" style=\"padding-top:40px;padding-left:2vw\">\n<figure class=\"wp-block-image aligncenter size-full is-resized\"><img loading=\"lazy\" decoding=\"async\" width=\"178\" height=\"178\" src=\"https:\/\/bancasempione.ch\/wp-content\/uploads\/Raggruppa-13666@2x.png\" alt=\"\" class=\"wp-image-799\" style=\"width:100px;height:100px\" srcset=\"https:\/\/www.bancasempione.ch\/wp-content\/uploads\/Raggruppa-13666@2x.png 178w, https:\/\/www.bancasempione.ch\/wp-content\/uploads\/Raggruppa-13666@2x-150x150.png 150w\" sizes=\"auto, (max-width: 178px) 100vw, 178px\" \/><\/figure>\n\n\n\n<p class=\"has-titolo-font-size\"><strong><strong>Aufrechterhaltung einer gesunden Arbeitsumgebung<\/strong><\/strong><\/p>\n\n\n\n<ul class=\"wp-block-list\">\n<li>Wir bieten allen Mitarbeitenden Zugang zu Gr\u00fcnfl\u00e4chen wie unserem \u201eessbaren\u201d Garten und kostenloses frisches Obst an zwei Tagen in der Woche.<\/li>\n\n\n\n<li>Wir gew\u00e4hrleisten die n\u00f6tige Flexibilit\u00e4t bei der Organisation pers\u00f6nlicher und beruflicher Aufgaben und die M\u00f6glichkeit des Smart Working.<\/li>\n\n\n\n<li>Wir bieten unseren Mitarbeitenden Zugang zu betrieblichen Benefit-Plattformen und finanziellen Verg\u00fcnstigungen f\u00fcr umweltfreundliche Mobilit\u00e4t.<\/li>\n<\/ul>\n<\/div>\n<\/div>\n\n\n\n<div class=\"wp-block-columns is-layout-flex wp-container-core-columns-is-layout-5ad674ff wp-block-columns-is-layout-flex\" style=\"margin-top:10vh;margin-bottom:10vh\">\n<div class=\"wp-block-column is-layout-flow wp-block-column-is-layout-flow\" style=\"padding-top:40px;padding-right:2vw;padding-left:2vw\">\n<figure class=\"wp-block-image aligncenter size-full is-resized\"><img decoding=\"async\" src=\"https:\/\/bancasempione.ch\/wp-content\/uploads\/coccarda.svg\" alt=\"\" class=\"wp-image-4180\" style=\"width:undefinedpx;height:100px\"\/><\/figure>\n\n\n\n<p class=\"has-titolo-font-size\"><strong>Wir respektieren die Grunds\u00e4tze der Vielfalt, Gleichberechtigung und Inklusion<\/strong><\/p>\n\n\n\n<ul class=\"wp-block-list\">\n<li>Wir verfolgen eine leistungsorientierte Einstellungs- und Bef\u00f6rderungspolitik durch gr\u00fcndliche Aufnahmeverfahren und eine pers\u00f6nliche Entwicklungspolitik, die auf der Erreichung gemeinsamer Ziele beruht.<\/li>\n\n\n\n<li>Wir erhalten in regelm\u00e4\u00dfigen Abst\u00e4nden das Fair-On-Pay-Zertifikat, das uns als fairen Arbeitgeber f\u00fcr gleiche Bezahlung auszeichnet.<\/li>\n\n\n\n<li>Wir stellen sicher, dass die Sprache in der internen und externen Kommunikation inklusiv ist und die Besonderheiten jedes Einzelnen respektiert.<\/li>\n<\/ul>\n<\/div>\n\n\n\n<div class=\"wp-block-column border-sides is-layout-flow wp-block-column-is-layout-flow\" style=\"padding-top:40px;padding-right:2vw;padding-left:2vw\">\n<figure class=\"wp-block-image aligncenter size-full is-resized\"><img decoding=\"async\" src=\"https:\/\/bancasempione.ch\/wp-content\/uploads\/community.svg\" alt=\"\" class=\"wp-image-4182\" style=\"width:undefinedpx;height:100px\"\/><\/figure>\n\n\n\n<p class=\"has-titolo-font-size\"><strong>N\u00e4he zur Gemeinschaft<\/strong><\/p>\n\n\n\n<p>Wir setzen wirkungsvolle Akzente durch gezielte Projekte, die auf spezifische Bed\u00fcrfnisse vor Ort eingehen:<\/p>\n\n\n\n<ul class=\"wp-block-list\">\n<li>Wir f\u00f6rdern junge Sporttalente, die solide Prinzipien und gemeinsame Werte verk\u00f6rpern.<\/li>\n\n\n\n<li>Wir unterst\u00fctzen Projekte f\u00fcr die Gemeinschaft.<\/li>\n\n\n\n<li>Wir spenden einen Teil der Einnahmen aus der Verwaltung der Private Green-L\u00f6sung an Vereine, die in der Schweiz aktiv sind und eine sp\u00fcrbare und messbare positive Resonanz erzielen.<\/li>\n<\/ul>\n<\/div>\n\n\n\n<div class=\"wp-block-column is-layout-flow wp-block-column-is-layout-flow\" style=\"padding-top:40px;padding-left:2vw\"><\/div>\n<\/div>\n\n\n<section class=\"content-block-bg alignfull\" style=\" min-height:10vh;\"><div class=\"content-block is-position-center-center  has-black-color has-text-color \" style=\" min-height:10vh;\" ><div class=\"wp-block-cover__inner-container\">\n\n<div class=\"wp-block-columns is-layout-flex wp-container-core-columns-is-layout-24c49c62 wp-block-columns-is-layout-flex\" style=\"margin-top:0;padding-top:0;padding-right:0;padding-bottom:0;padding-left:0\">\n<div class=\"wp-block-column is-vertically-aligned-top is-layout-flow wp-block-column-is-layout-flow\" style=\"flex-basis:40%\">\n<p class=\"has-text-align-left has-primario-color has-text-color\" style=\"text-transform:uppercase\">NACHHALTIGKEIT<\/p>\n\n\n\n<h3 class=\"wp-block-heading has-text-align-left has-titolo-xl-font-size\" style=\"font-style:normal;font-weight:300\"><strong>Private Green-L\u00f6sung:<\/strong> Positive Impact Finance<\/h3>\n<\/div>\n\n\n\n<div class=\"wp-block-column is-layout-flow wp-block-column-is-layout-flow\">\n<p><\/p>\n<\/div>\n\n\n\n<div class=\"wp-block-column is-layout-flow wp-block-column-is-layout-flow\" style=\"flex-basis:50%\">\n<div style=\"height:50px\" aria-hidden=\"true\" class=\"wp-block-spacer no-mobile\"><\/div>\n\n\n\n<p style=\"margin-top:0;margin-bottom:0\">Wir kaufen <strong>Elektroautos<\/strong>, installieren <strong>Solaranlagen<\/strong> und recyceln unseren Abfall, aber was machen wir mit unseren Ersparnissen? Auch bei Finanzanlagen ist es wichtig, in den Entscheidungen konsequent zu bleiben, um sie sp\u00e4ter richtig managen zu k\u00f6nnen.<br><br>Vor diesem Hintergrund haben wir die <strong><a href=\"https:\/\/bancasempione.ch\/de\/pubblicazione\/green-private-solution\/\">Private Green-L\u00f6sung<\/a><\/strong> entwickelt: einen Beratungsservice, bei dem wir eine <strong>massgeschneiderte Beratung zu nachhaltigen Investitionen<\/strong> anbieten.<\/p>\n\n\n\n<ul class=\"wp-block-list\">\n<li style=\"font-size:clamp(14px, 0.875rem + ((1vw - 3.2px) * 0.472), 19px);\"><a href=\"https:\/\/bancasempione.ch\/de\/pubblicazione\/green-private-solution\/\">Private Green-L\u00f6sung<\/a><\/li>\n<\/ul>\n\n\n\n<p>Bei dieser L\u00f6sung sind wir jedoch \u00fcber das einfache <em>\u201egr\u00fcne\u201c<\/em> Konto hinausgegangen. Denn tats\u00e4chlich spendet die Bank jedes Jahr einen Teil der Erl\u00f6se aus allen <a href=\"https:\/\/bancasempione.ch\/de\/pubblicazione\/green-private-solution\/\">Private Green-L\u00f6sungen<\/a> an lokale Wohlt\u00e4tigkeitsorganisationen. Zu guter Letzt, aber nicht weniger wichtig: Die Kunden, die sich f\u00fcr die <a href=\"https:\/\/bancasempione.ch\/de\/pubblicazione\/green-private-solution\/\">Private Green-L\u00f6sung<\/a> entscheiden, <strong>w\u00e4hlen selbst die Vereine aus, denen der Erl\u00f6s zugute kommen soll<\/strong>. Erfahren Sie mehr \u00fcber die Vereine, die wir unterst\u00fctzt haben, indem Sie unserer <a data-type=\"link\" data-id=\"https:\/\/ch.linkedin.com\/company\/bancasempione\" href=\"https:\/\/ch.linkedin.com\/company\/bancasempione\" target=\"_blank\" rel=\"noreferrer noopener\"><span style=\"text-decoration: underline;\">LinkedIn-<\/span><\/a> und <a data-type=\"link\" data-id=\"https:\/\/www.instagram.com\/bancasempione\/\" href=\"https:\/\/www.instagram.com\/bancasempione\/\" target=\"_blank\" rel=\"noreferrer noopener\"><span style=\"text-decoration: underline;\">Instagram-<\/span><\/a>Seite folgen.<br><br>Schliessen Sie sich uns an, um durch die Verwaltung Ihrer Ersparnisse einen positiven Einfluss auf die Gesellschaft zu nehmen.<\/p>\n\n\n\n<p>Wenn Sie sich n\u00e4her mit dem Thema ESG befassen m\u00f6chten, konsultieren Sie unsere <a href=\"https:\/\/bancasempione.ch\/de\/pubblicazione\/esg-policy-2\/\"><strong>ESG-Policy<\/strong><\/a>.<\/p>\n\n\n\n<p>Weitere Informationen zur Nachhaltigkeit im Finanz- und Immobilienbereich finden Sie in den folgenden Dokumenten, die in Zusammenarbeit mit der Associazione Bancaria Ticinese (ABT) erstellt wurden:<\/p>\n\n\n\n<ul class=\"wp-block-list\">\n<li style=\"font-size:clamp(14px, 0.875rem + ((1vw - 3.2px) * 0.472), 19px);\"><a href=\"https:\/\/bancasempione.ch\/de\/pubblicazione\/information-note-sustainability-in-finance\/\">Informationsblatt zur Nachhaltigkeit im Finanzwesen<\/a>;<\/li>\n\n\n\n<li style=\"font-size:clamp(14px, 0.875rem + ((1vw - 3.2px) * 0.472), 19px);\"><a href=\"https:\/\/bancasempione.ch\/de\/pubblicazione\/information-note-real-estate\/\">Informationsblatt Kredite<\/a>;<\/li>\n\n\n\n<li style=\"font-size:clamp(14px, 0.875rem + ((1vw - 3.2px) * 0.472), 19px);\"><a href=\"https:\/\/bancasempione.ch\/de\/pubblicazione\/information-note-csr\/\">CSR-Informationsblatt<\/a>.<\/li>\n<\/ul>\n<\/div>\n<\/div>\n\n<\/div><\/div><\/section>\n\n\n<div class=\"wp-block-group alignfull has-background has-global-padding is-layout-constrained wp-block-group-is-layout-constrained\" id=\"CONTACT-SECTION\" style=\"background-color:#eeeeee;margin-top:0vh;margin-bottom:2vw;padding-top:8vh;padding-bottom:8vh\">\n<p class=\"has-text-align-center has-titolo-xl-font-size\" style=\"margin-bottom:0;padding-right:0;padding-left:0\">M\u00f6chten Sie durch einen <strong><\/strong>bewussten Umgang mit Ihren Ersparnissen<strong><\/strong> einen <strong><\/strong>positiven Einfluss<strong><\/strong> auf die Gesellschaft nehmen?<\/p>\n\n\n\n<p class=\"has-text-align-center has-black-color has-text-color\" style=\"text-transform:uppercase\">KONTAKTIEREN SIE UNS UND ERFAHREN SIE MEHR \u00dcBER DIE PRIVATE GREEN-L\u00d6SUNG<\/p>\n\n\n\n<div class=\"wp-block-buttons is-content-justification-center is-layout-flex wp-container-core-buttons-is-layout-ba9ea59f wp-block-buttons-is-layout-flex\" style=\"margin-top:var(--wp--preset--spacing--60)\">\n<div class=\"wp-block-button\"><a class=\"wp-block-button__link wp-element-button\" href=\"https:\/\/bancasempione.ch\/de\/einen-termin-vereinbaren\/\">Einen Termin vereinbaren<\/a><\/div>\n<\/div>\n<\/div>\n","protected":false},"excerpt":{"rendered":"<p>Reduzierung der Umweltbelastung F\u00f6rderung der nachhaltigen Finanzierung Aufrechterhaltung einer gesunden Arbeitsumgebung Wir respektieren die Grunds\u00e4tze der Vielfalt, Gleichberechtigung und Inklusion N\u00e4he zur Gemeinschaft Wir setzen wirkungsvolle Akzente durch gezielte Projekte, die auf spezifische Bed\u00fcrfnisse vor Ort eingehen: M\u00f6chten Sie durch einen bewussten Umgang mit Ihren Ersparnissen einen positiven Einfluss auf die Gesellschaft nehmen? KONTAKTIEREN SIE [&hellip;]<\/p>\n","protected":false},"author":1,"featured_media":0,"parent":0,"menu_order":0,"comment_status":"closed","ping_status":"closed","template":"Light Header","meta":{"_acf_changed":false,"footnotes":""},"class_list":["post-20718","page","type-page","status-publish","hentry"],"acf":[],"yoast_head":"<!-- This site is optimized with the Yoast SEO plugin v27.4 - https:\/\/yoast.com\/product\/yoast-seo-wordpress\/ -->\n<title>Nachhaltigkeit - Banca del Sempione<\/title>\n<meta name=\"robots\" content=\"index, follow, max-snippet:-1, max-image-preview:large, max-video-preview:-1\" \/>\n<link rel=\"canonical\" href=\"https:\/\/www.bancasempione.ch\/de\/nachhaltigkeit\/\" \/>\n<meta property=\"og:locale\" content=\"de_DE\" \/>\n<meta property=\"og:type\" content=\"article\" \/>\n<meta property=\"og:title\" content=\"Nachhaltigkeit - Banca del Sempione\" \/>\n<meta property=\"og:description\" content=\"Reduzierung der Umweltbelastung F\u00f6rderung der nachhaltigen Finanzierung Aufrechterhaltung einer gesunden Arbeitsumgebung Wir respektieren die Grunds\u00e4tze der Vielfalt, Gleichberechtigung und Inklusion N\u00e4he zur Gemeinschaft Wir setzen wirkungsvolle Akzente durch gezielte Projekte, die auf spezifische Bed\u00fcrfnisse vor Ort eingehen: M\u00f6chten Sie durch einen bewussten Umgang mit Ihren Ersparnissen einen positiven Einfluss auf die Gesellschaft nehmen? KONTAKTIEREN SIE [&hellip;]\" \/>\n<meta property=\"og:url\" content=\"https:\/\/www.bancasempione.ch\/de\/nachhaltigkeit\/\" \/>\n<meta property=\"og:site_name\" content=\"Banca del Sempione\" \/>\n<meta property=\"article:publisher\" content=\"https:\/\/www.facebook.com\/profile.php?id=100075458006919\" \/>\n<meta property=\"article:modified_time\" content=\"2025-11-26T14:38:56+00:00\" \/>\n<meta property=\"og:image\" content=\"https:\/\/bancasempione.ch\/wp-content\/uploads\/Raggruppa-13634@2x.png\" \/>\n<meta name=\"twitter:card\" content=\"summary_large_image\" \/>\n<meta name=\"twitter:label1\" content=\"Gesch\u00e4tzte Lesezeit\" \/>\n\t<meta name=\"twitter:data1\" content=\"5\u00a0Minuten\" \/>\n<script type=\"application\/ld+json\" class=\"yoast-schema-graph\">{\"@context\":\"https:\\\/\\\/schema.org\",\"@graph\":[{\"@type\":\"WebPage\",\"@id\":\"https:\\\/\\\/www.bancasempione.ch\\\/de\\\/nachhaltigkeit\\\/\",\"url\":\"https:\\\/\\\/www.bancasempione.ch\\\/de\\\/nachhaltigkeit\\\/\",\"name\":\"Nachhaltigkeit - Banca del Sempione\",\"isPartOf\":{\"@id\":\"https:\\\/\\\/www.bancasempione.ch\\\/de\\\/#website\"},\"primaryImageOfPage\":{\"@id\":\"https:\\\/\\\/www.bancasempione.ch\\\/de\\\/nachhaltigkeit\\\/#primaryimage\"},\"image\":{\"@id\":\"https:\\\/\\\/www.bancasempione.ch\\\/de\\\/nachhaltigkeit\\\/#primaryimage\"},\"thumbnailUrl\":\"https:\\\/\\\/bancasempione.ch\\\/wp-content\\\/uploads\\\/Raggruppa-13634@2x.png\",\"datePublished\":\"2023-08-28T12:11:56+00:00\",\"dateModified\":\"2025-11-26T14:38:56+00:00\",\"breadcrumb\":{\"@id\":\"https:\\\/\\\/www.bancasempione.ch\\\/de\\\/nachhaltigkeit\\\/#breadcrumb\"},\"inLanguage\":\"de\",\"potentialAction\":[{\"@type\":\"ReadAction\",\"target\":[\"https:\\\/\\\/www.bancasempione.ch\\\/de\\\/nachhaltigkeit\\\/\"]}]},{\"@type\":\"ImageObject\",\"inLanguage\":\"de\",\"@id\":\"https:\\\/\\\/www.bancasempione.ch\\\/de\\\/nachhaltigkeit\\\/#primaryimage\",\"url\":\"https:\\\/\\\/bancasempione.ch\\\/wp-content\\\/uploads\\\/Raggruppa-13634@2x.png\",\"contentUrl\":\"https:\\\/\\\/bancasempione.ch\\\/wp-content\\\/uploads\\\/Raggruppa-13634@2x.png\"},{\"@type\":\"BreadcrumbList\",\"@id\":\"https:\\\/\\\/www.bancasempione.ch\\\/de\\\/nachhaltigkeit\\\/#breadcrumb\",\"itemListElement\":[{\"@type\":\"ListItem\",\"position\":1,\"name\":\"Home\",\"item\":\"https:\\\/\\\/www.bancasempione.ch\\\/de\\\/\"},{\"@type\":\"ListItem\",\"position\":2,\"name\":\"Nachhaltigkeit\"}]},{\"@type\":\"WebSite\",\"@id\":\"https:\\\/\\\/www.bancasempione.ch\\\/de\\\/#website\",\"url\":\"https:\\\/\\\/www.bancasempione.ch\\\/de\\\/\",\"name\":\"Banca del Sempione\",\"description\":\"\",\"publisher\":{\"@id\":\"https:\\\/\\\/www.bancasempione.ch\\\/de\\\/#organization\"},\"potentialAction\":[{\"@type\":\"SearchAction\",\"target\":{\"@type\":\"EntryPoint\",\"urlTemplate\":\"https:\\\/\\\/www.bancasempione.ch\\\/de\\\/?s={search_term_string}\"},\"query-input\":{\"@type\":\"PropertyValueSpecification\",\"valueRequired\":true,\"valueName\":\"search_term_string\"}}],\"inLanguage\":\"de\"},{\"@type\":\"Organization\",\"@id\":\"https:\\\/\\\/www.bancasempione.ch\\\/de\\\/#organization\",\"name\":\"Banca del Sempione\",\"url\":\"https:\\\/\\\/www.bancasempione.ch\\\/de\\\/\",\"logo\":{\"@type\":\"ImageObject\",\"inLanguage\":\"de\",\"@id\":\"https:\\\/\\\/www.bancasempione.ch\\\/de\\\/#\\\/schema\\\/logo\\\/image\\\/\",\"url\":\"https:\\\/\\\/www.bancasempione.ch\\\/wp-content\\\/uploads\\\/bancadelsempione_eng.svg\",\"contentUrl\":\"https:\\\/\\\/www.bancasempione.ch\\\/wp-content\\\/uploads\\\/bancadelsempione_eng.svg\",\"caption\":\"Banca del Sempione\"},\"image\":{\"@id\":\"https:\\\/\\\/www.bancasempione.ch\\\/de\\\/#\\\/schema\\\/logo\\\/image\\\/\"},\"sameAs\":[\"https:\\\/\\\/www.facebook.com\\\/profile.php?id=100075458006919\",\"https:\\\/\\\/www.linkedin.com\\\/company\\\/bancasempione\\\/\",\"https:\\\/\\\/www.instagram.com\\\/bancasempione\\\/\"]}]}<\/script>\n<!-- \/ Yoast SEO plugin. -->","yoast_head_json":{"title":"Nachhaltigkeit - Banca del Sempione","robots":{"index":"index","follow":"follow","max-snippet":"max-snippet:-1","max-image-preview":"max-image-preview:large","max-video-preview":"max-video-preview:-1"},"canonical":"https:\/\/www.bancasempione.ch\/de\/nachhaltigkeit\/","og_locale":"de_DE","og_type":"article","og_title":"Nachhaltigkeit - Banca del Sempione","og_description":"Reduzierung der Umweltbelastung F\u00f6rderung der nachhaltigen Finanzierung Aufrechterhaltung einer gesunden Arbeitsumgebung Wir respektieren die Grunds\u00e4tze der Vielfalt, Gleichberechtigung und Inklusion N\u00e4he zur Gemeinschaft Wir setzen wirkungsvolle Akzente durch gezielte Projekte, die auf spezifische Bed\u00fcrfnisse vor Ort eingehen: M\u00f6chten Sie durch einen bewussten Umgang mit Ihren Ersparnissen einen positiven Einfluss auf die Gesellschaft nehmen? KONTAKTIEREN SIE [&hellip;]","og_url":"https:\/\/www.bancasempione.ch\/de\/nachhaltigkeit\/","og_site_name":"Banca del Sempione","article_publisher":"https:\/\/www.facebook.com\/profile.php?id=100075458006919","article_modified_time":"2025-11-26T14:38:56+00:00","og_image":[{"url":"https:\/\/bancasempione.ch\/wp-content\/uploads\/Raggruppa-13634@2x.png","type":"","width":"","height":""}],"twitter_card":"summary_large_image","twitter_misc":{"Gesch\u00e4tzte Lesezeit":"5\u00a0Minuten"},"schema":{"@context":"https:\/\/schema.org","@graph":[{"@type":"WebPage","@id":"https:\/\/www.bancasempione.ch\/de\/nachhaltigkeit\/","url":"https:\/\/www.bancasempione.ch\/de\/nachhaltigkeit\/","name":"Nachhaltigkeit - Banca del Sempione","isPartOf":{"@id":"https:\/\/www.bancasempione.ch\/de\/#website"},"primaryImageOfPage":{"@id":"https:\/\/www.bancasempione.ch\/de\/nachhaltigkeit\/#primaryimage"},"image":{"@id":"https:\/\/www.bancasempione.ch\/de\/nachhaltigkeit\/#primaryimage"},"thumbnailUrl":"https:\/\/bancasempione.ch\/wp-content\/uploads\/Raggruppa-13634@2x.png","datePublished":"2023-08-28T12:11:56+00:00","dateModified":"2025-11-26T14:38:56+00:00","breadcrumb":{"@id":"https:\/\/www.bancasempione.ch\/de\/nachhaltigkeit\/#breadcrumb"},"inLanguage":"de","potentialAction":[{"@type":"ReadAction","target":["https:\/\/www.bancasempione.ch\/de\/nachhaltigkeit\/"]}]},{"@type":"ImageObject","inLanguage":"de","@id":"https:\/\/www.bancasempione.ch\/de\/nachhaltigkeit\/#primaryimage","url":"https:\/\/bancasempione.ch\/wp-content\/uploads\/Raggruppa-13634@2x.png","contentUrl":"https:\/\/bancasempione.ch\/wp-content\/uploads\/Raggruppa-13634@2x.png"},{"@type":"BreadcrumbList","@id":"https:\/\/www.bancasempione.ch\/de\/nachhaltigkeit\/#breadcrumb","itemListElement":[{"@type":"ListItem","position":1,"name":"Home","item":"https:\/\/www.bancasempione.ch\/de\/"},{"@type":"ListItem","position":2,"name":"Nachhaltigkeit"}]},{"@type":"WebSite","@id":"https:\/\/www.bancasempione.ch\/de\/#website","url":"https:\/\/www.bancasempione.ch\/de\/","name":"Banca del Sempione","description":"","publisher":{"@id":"https:\/\/www.bancasempione.ch\/de\/#organization"},"potentialAction":[{"@type":"SearchAction","target":{"@type":"EntryPoint","urlTemplate":"https:\/\/www.bancasempione.ch\/de\/?s={search_term_string}"},"query-input":{"@type":"PropertyValueSpecification","valueRequired":true,"valueName":"search_term_string"}}],"inLanguage":"de"},{"@type":"Organization","@id":"https:\/\/www.bancasempione.ch\/de\/#organization","name":"Banca del Sempione","url":"https:\/\/www.bancasempione.ch\/de\/","logo":{"@type":"ImageObject","inLanguage":"de","@id":"https:\/\/www.bancasempione.ch\/de\/#\/schema\/logo\/image\/","url":"https:\/\/www.bancasempione.ch\/wp-content\/uploads\/bancadelsempione_eng.svg","contentUrl":"https:\/\/www.bancasempione.ch\/wp-content\/uploads\/bancadelsempione_eng.svg","caption":"Banca del Sempione"},"image":{"@id":"https:\/\/www.bancasempione.ch\/de\/#\/schema\/logo\/image\/"},"sameAs":["https:\/\/www.facebook.com\/profile.php?id=100075458006919","https:\/\/www.linkedin.com\/company\/bancasempione\/","https:\/\/www.instagram.com\/bancasempione\/"]}]}},"_links":{"self":[{"href":"https:\/\/www.bancasempione.ch\/de\/wp-json\/wp\/v2\/pages\/20718","targetHints":{"allow":["GET"]}}],"collection":[{"href":"https:\/\/www.bancasempione.ch\/de\/wp-json\/wp\/v2\/pages"}],"about":[{"href":"https:\/\/www.bancasempione.ch\/de\/wp-json\/wp\/v2\/types\/page"}],"author":[{"embeddable":true,"href":"https:\/\/www.bancasempione.ch\/de\/wp-json\/wp\/v2\/users\/1"}],"replies":[{"embeddable":true,"href":"https:\/\/www.bancasempione.ch\/de\/wp-json\/wp\/v2\/comments?post=20718"}],"version-history":[{"count":4,"href":"https:\/\/www.bancasempione.ch\/de\/wp-json\/wp\/v2\/pages\/20718\/revisions"}],"predecessor-version":[{"id":22346,"href":"https:\/\/www.bancasempione.ch\/de\/wp-json\/wp\/v2\/pages\/20718\/revisions\/22346"}],"wp:attachment":[{"href":"https:\/\/www.bancasempione.ch\/de\/wp-json\/wp\/v2\/media?parent=20718"}],"curies":[{"name":"wp","href":"https:\/\/api.w.org\/{rel}","templated":true}]}}