{"id":20740,"date":"2023-08-04T15:19:06","date_gmt":"2023-08-04T13:19:06","guid":{"rendered":"https:\/\/bancasempione.ch\/kunden\/privatkunden-und-familien\/"},"modified":"2025-11-03T11:32:14","modified_gmt":"2025-11-03T10:32:14","slug":"privatkunden-und-familien","status":"publish","type":"page","link":"https:\/\/www.bancasempione.ch\/de\/kunden\/privatkunden-und-familien\/","title":{"rendered":"Privatkunden und Familien"},"content":{"rendered":"<section class=\"content-block-bg alignfull\" style=\"background: linear-gradient(0deg, rgba(0, 0, 0, 50%), rgba(0, 0, 0, 50%)), url(https:\/\/www.bancasempione.ch\/wp-content\/uploads\/Banca-Sempione-Generiche-603531193-1.jpg) ;  background-position-x: 30% !important; min-height: 100vh !important;  min-height:10vh;\"><div class=\"content-block is-position-center-left  has-white-color has-text-color \" style=\"min-height: 100vh !important;  min-height:10vh;\" ><div class=\"wp-block-cover__inner-container\">\n\n<p class=\"has-text-align-left has-primario-color has-text-color\" style=\"text-transform:uppercase\">KUNDEN<\/p>\n\n\n\n<h1 class=\"wp-block-heading has-text-align-left has-titolo-xxxl-font-size\" id=\"splitme\" style=\"font-style:normal;font-weight:300\"><strong><\/strong>Privatkunden<strong><\/strong> und <strong><\/strong>Familien<strong><\/strong><\/h1>\n\n<\/div><\/div><\/section>\n<div class=\"wp-block-group alignfull has-background has-global-padding is-layout-constrained wp-block-group-is-layout-constrained\" id=\"AFTER-HERO\" style=\"background-color:#eeeeee;padding-top:12vh;padding-bottom:12vh\">\n<div class=\"wp-block-columns is-layout-flex wp-container-core-columns-is-layout-28f84493 wp-block-columns-is-layout-flex\">\n<div class=\"wp-block-column is-layout-flow wp-block-column-is-layout-flow\" style=\"flex-basis:10%\"><\/div>\n\n\n\n<div class=\"wp-block-column is-layout-flow wp-block-column-is-layout-flow\" style=\"flex-basis:90%\">\n<h2 class=\"wp-block-heading has-text-align-center has-titolo-xl-font-size\" style=\"font-style:normal;font-weight:300\">Ihre <strong>Ziele<\/strong>, Ihre <strong>Bed\u00fcrfnisse<\/strong>.<br\/>Wir stehen in einer authentischen Beziehung an Ihrer Seite, um auf <strong>jedes<\/strong> Ihrer <strong>Bed\u00fcrfnisse<\/strong>einzugehen.<\/h2>\n<\/div>\n\n\n\n<div class=\"wp-block-column is-layout-flow wp-block-column-is-layout-flow\" style=\"flex-basis:10%\"><\/div>\n<\/div>\n<\/div>\n\n<div class=\"wp-block-columns is-layout-flex wp-container-core-columns-is-layout-5ad674ff wp-block-columns-is-layout-flex\" style=\"margin-top:10vh;margin-bottom:10vh\">\n<div class=\"wp-block-column is-layout-flow wp-block-column-is-layout-flow\" style=\"padding-right:2vw;padding-left:2vw\">\n<p class=\"has-titolo-font-size\"><strong>Wir respektieren Vertrauen<\/strong><\/p>\n\n\n\n<p>Eine Person, eine Beziehung und erst (dann) ein Kunde. Wir m\u00f6chten Sie kennenlernen, um gemeinsam eine authentische Beziehung aufzubauen, die auf Ihren Anforderungen und Bed\u00fcrfnissen basiert.<\/p>\n<\/div>\n\n\n\n<div class=\"wp-block-column border-sides is-layout-flow wp-block-column-is-layout-flow\" style=\"border-right-style:none;border-right-width:0px;padding-right:2vw;padding-left:2vw\">\n<p class=\"has-titolo-font-size\"><strong>Wir legen Wert aufs Zuh\u00f6ren<\/strong><\/p>\n\n\n\n<p>Gerade weil jeder Mensch einen einzigartigen Hintergrund und unterschiedliche Ziele hat, stellen wir die Kunst des Zuh\u00f6rens in den Mittelpunkt. Nur durch tiefes Verst\u00e4ndnis k\u00f6nnen wir Ihnen die massgeschneiderte finanzielle Unterst\u00fctzung bieten, die Sie verdienen.<\/p>\n<\/div>\n<\/div>\n\n<div class=\"wp-block-columns is-layout-flex wp-container-core-columns-is-layout-5ad674ff wp-block-columns-is-layout-flex\" style=\"margin-top:10vh;margin-bottom:10vh\">\n<div class=\"wp-block-column border-sides is-layout-flow wp-block-column-is-layout-flow\" style=\"border-left-style:none;border-left-width:0px;padding-right:2vw;padding-left:2vw\">\n<p class=\"has-titolo-font-size\"><strong><strong>Direkter Kontakt und Personalisierung<\/strong><\/strong><\/p>\n\n\n\n<p>Ein Finanzberater wird Sie beratend und unterst\u00fctzend begleiten, um die richtige Wahl f\u00fcr Ihre Ziele zu treffen. Sie k\u00f6nnen die Expertise der Spezialisten der Gruppe nutzen, um Ihre privaten, finanziellen und pers\u00f6nlichen Bed\u00fcrfnisse zu erf\u00fcllen.<\/p>\n<\/div>\n\n\n\n<div class=\"wp-block-column is-layout-flow wp-block-column-is-layout-flow\" style=\"padding-right:2vw;padding-left:2vw\">\n<p class=\"has-titolo-font-size\"><strong><strong>Mehr als nur Bankdienstleistungen<\/strong><\/strong><\/p>\n\n\n\n<p>Wir bieten Ihnen ein Vertrauensverh\u00e4ltnis und eine solide Beziehung, die gemeinsam mit Ihnen im Laufe der Zeit wachsen kann. Mit unseren Beratern haben Sie zuverl\u00e4ssige Verb\u00fcndete an Ihrer Seite, die Ihnen in Ihrem Interesse und dem Ihrer Familie die Besonderheiten jeder Transaktion transparent und zeitnah erl\u00e4utern.<\/p>\n<\/div>\n<\/div>\n\n<div class=\"wp-block-group is-layout-flow wp-block-group-is-layout-flow\" style=\"margin-top:var(--wp--preset--spacing--80);margin-bottom:var(--wp--preset--spacing--80)\">\n<h2 class=\"wp-block-heading has-text-align-center has-primario-color has-text-color has-titolo-xl-font-size\" style=\"margin-bottom:0;padding-right:0;padding-bottom:var(--wp--preset--spacing--80);padding-left:0;font-style:normal;font-weight:300\">Mehr \u00fcber unsere <strong>Kunden<\/strong><\/h2>\n\n\n\n<div id=\"query-pag-figlie\" class=\"wp-block-group is-layout-flow wp-block-group-is-layout-flow\">\n<div class=\"wp-block-query hide-current is-layout-flow wp-block-query-is-layout-flow\"><ul class=\"columns-2 wp-block-post-template is-layout-grid wp-container-core-post-template-is-layout-02493678 wp-block-post-template-is-layout-grid\"><li class=\"wp-block-post post-20715 page type-page status-publish hentry\">\n\n<div class=\"wp-block-group is-layout-flow wp-block-group-is-layout-flow\" style=\"padding-right:2vw;padding-left:2vw\"><h6 style=\"padding-top:0;padding-bottom:0;margin-top:0;margin-bottom:0;\" class=\"has-text-align-left arrow-title wp-block-post-title has-titolo-font-size\"><a href=\"https:\/\/www.bancasempione.ch\/de\/kunden\/unternehmen-und-institutionelle-kunden\/\" target=\"_self\" >Unternehmen und institutionelle Kunden<\/a><\/h6>\n\n<div style=\"padding-top:0;padding-bottom:0;margin-top:0;margin-bottom:0;\" class=\"has-text-align-left wp-block-post-excerpt\"><p class=\"wp-block-post-excerpt__excerpt\">Wir kennen die Herausforderungen, mit denen Sie tagt\u00e4glich in Ihrem Unternehmen konfrontiert sind, und bieten Ihnen daher eine spezielle Unterst\u00fctzung, die auf zwei Grundpfeilern basiert. Management von W\u00e4hrungs- und Zinsrisiken Wir beobachten st\u00e4ndig die Marktentwicklungen, um Ihnen aktuelle und zuverl\u00e4ssige Analysen zu liefern und die effektivsten M\u00f6glichkeiten zur Risikominderung vorzuschlagen.&hellip; <\/p><\/div><\/div>\n\n<\/li><li class=\"wp-block-post post-20737 page type-page status-publish hentry\">\n\n<div class=\"wp-block-group is-layout-flow wp-block-group-is-layout-flow\" style=\"padding-right:2vw;padding-left:2vw\"><h6 style=\"padding-top:0;padding-bottom:0;margin-top:0;margin-bottom:0;\" class=\"has-text-align-left arrow-title wp-block-post-title has-titolo-font-size\"><a href=\"https:\/\/www.bancasempione.ch\/de\/kunden\/unabhangige-externe-vermogensverwalter\/\" target=\"_self\" >Unabh\u00e4ngige externe Verm\u00f6gensverwalter<\/a><\/h6>\n\n<div style=\"padding-top:0;padding-bottom:0;margin-top:0;margin-bottom:0;\" class=\"has-text-align-left wp-block-post-excerpt\"><p class=\"wp-block-post-excerpt__excerpt\">Ihr Erfolg ist auch unser Erfolg. Wir sind Ihre Partner Gemeinsam mit Ihnen arbeiten wir daran, dauerhafte Beziehungen aufzubauen, die einen Mehrwert f\u00fcr Ihre Kunden schaffen. Als Finanzpartner stehen wir Ihnen mit fortschrittlichen digitalen Instrumenten beim Kundenmanagement zur Seite. Ein Team, das sich f\u00fcr Sie einsetzt Eine schnelle Auftragsausf\u00fchrung ist&hellip; <\/p><\/div><\/div>\n\n<\/li><li class=\"wp-block-post post-20740 page type-page status-publish hentry\">\n\n<div class=\"wp-block-group is-layout-flow wp-block-group-is-layout-flow\" style=\"padding-right:2vw;padding-left:2vw\"><h6 style=\"padding-top:0;padding-bottom:0;margin-top:0;margin-bottom:0;\" class=\"has-text-align-left arrow-title wp-block-post-title has-titolo-font-size\"><a href=\"https:\/\/www.bancasempione.ch\/de\/kunden\/privatkunden-und-familien\/\" target=\"_self\" >Privatkunden und Familien<\/a><\/h6>\n\n<div style=\"padding-top:0;padding-bottom:0;margin-top:0;margin-bottom:0;\" class=\"has-text-align-left wp-block-post-excerpt\"><p class=\"wp-block-post-excerpt__excerpt\">Ihre Ziele, Ihre Bed\u00fcrfnisse.Wir stehen in einer authentischen Beziehung an Ihrer Seite, um auf jedes Ihrer Bed\u00fcrfnisseeinzugehen. Wir respektieren Vertrauen Eine Person, eine Beziehung und erst (dann) ein Kunde. Wir m\u00f6chten Sie kennenlernen, um gemeinsam eine authentische Beziehung aufzubauen, die auf Ihren Anforderungen und Bed\u00fcrfnissen basiert. Wir legen Wert aufs&hellip; <\/p><\/div><\/div>\n\n<\/li><\/ul><\/div>\n<\/div>\n<\/div>\n\n<div class=\"wp-block-group alignfull is-layout-flow wp-block-group-is-layout-flow\"><\/div>\n","protected":false},"excerpt":{"rendered":"<p>Ihre Ziele, Ihre Bed\u00fcrfnisse.Wir stehen in einer authentischen Beziehung an Ihrer Seite, um auf jedes Ihrer Bed\u00fcrfnisseeinzugehen. Wir respektieren Vertrauen Eine Person, eine Beziehung und erst (dann) ein Kunde. Wir m\u00f6chten Sie kennenlernen, um gemeinsam eine authentische Beziehung aufzubauen, die auf Ihren Anforderungen und Bed\u00fcrfnissen basiert. Wir legen Wert aufs Zuh\u00f6ren Gerade weil jeder Mensch [&hellip;]<\/p>\n","protected":false},"author":1,"featured_media":0,"parent":20693,"menu_order":0,"comment_status":"closed","ping_status":"closed","template":"Light Header","meta":{"_acf_changed":false,"footnotes":""},"class_list":["post-20740","page","type-page","status-publish","hentry"],"acf":[],"yoast_head":"<!-- This site is optimized with the Yoast SEO plugin v27.4 - https:\/\/yoast.com\/product\/yoast-seo-wordpress\/ -->\n<title>Privatkunden und Familien - Banca del Sempione<\/title>\n<meta name=\"robots\" content=\"index, follow, max-snippet:-1, max-image-preview:large, max-video-preview:-1\" \/>\n<link rel=\"canonical\" href=\"https:\/\/www.bancasempione.ch\/de\/kunden\/privatkunden-und-familien\/\" \/>\n<meta property=\"og:locale\" content=\"de_DE\" \/>\n<meta property=\"og:type\" content=\"article\" \/>\n<meta property=\"og:title\" content=\"Privatkunden und Familien - Banca del Sempione\" \/>\n<meta property=\"og:description\" content=\"Ihre Ziele, Ihre Bed\u00fcrfnisse.Wir stehen in einer authentischen Beziehung an Ihrer Seite, um auf jedes Ihrer Bed\u00fcrfnisseeinzugehen. Wir respektieren Vertrauen Eine Person, eine Beziehung und erst (dann) ein Kunde. Wir m\u00f6chten Sie kennenlernen, um gemeinsam eine authentische Beziehung aufzubauen, die auf Ihren Anforderungen und Bed\u00fcrfnissen basiert. Wir legen Wert aufs Zuh\u00f6ren Gerade weil jeder Mensch [&hellip;]\" \/>\n<meta property=\"og:url\" content=\"https:\/\/www.bancasempione.ch\/de\/kunden\/privatkunden-und-familien\/\" \/>\n<meta property=\"og:site_name\" content=\"Banca del Sempione\" \/>\n<meta property=\"article:publisher\" content=\"https:\/\/www.facebook.com\/profile.php?id=100075458006919\" \/>\n<meta property=\"article:modified_time\" content=\"2025-11-03T10:32:14+00:00\" \/>\n<meta name=\"twitter:card\" content=\"summary_large_image\" \/>\n<meta name=\"twitter:label1\" content=\"Gesch\u00e4tzte Lesezeit\" \/>\n\t<meta name=\"twitter:data1\" content=\"1\u00a0Minute\" \/>\n<script type=\"application\/ld+json\" class=\"yoast-schema-graph\">{\"@context\":\"https:\\\/\\\/schema.org\",\"@graph\":[{\"@type\":\"WebPage\",\"@id\":\"https:\\\/\\\/www.bancasempione.ch\\\/de\\\/kunden\\\/privatkunden-und-familien\\\/\",\"url\":\"https:\\\/\\\/www.bancasempione.ch\\\/de\\\/kunden\\\/privatkunden-und-familien\\\/\",\"name\":\"Privatkunden und Familien - Banca del Sempione\",\"isPartOf\":{\"@id\":\"https:\\\/\\\/www.bancasempione.ch\\\/de\\\/#website\"},\"datePublished\":\"2023-08-04T13:19:06+00:00\",\"dateModified\":\"2025-11-03T10:32:14+00:00\",\"breadcrumb\":{\"@id\":\"https:\\\/\\\/www.bancasempione.ch\\\/de\\\/kunden\\\/privatkunden-und-familien\\\/#breadcrumb\"},\"inLanguage\":\"de\",\"potentialAction\":[{\"@type\":\"ReadAction\",\"target\":[\"https:\\\/\\\/www.bancasempione.ch\\\/de\\\/kunden\\\/privatkunden-und-familien\\\/\"]}]},{\"@type\":\"BreadcrumbList\",\"@id\":\"https:\\\/\\\/www.bancasempione.ch\\\/de\\\/kunden\\\/privatkunden-und-familien\\\/#breadcrumb\",\"itemListElement\":[{\"@type\":\"ListItem\",\"position\":1,\"name\":\"Home\",\"item\":\"https:\\\/\\\/www.bancasempione.ch\\\/de\\\/\"},{\"@type\":\"ListItem\",\"position\":2,\"name\":\"Kunden\",\"item\":\"https:\\\/\\\/www.bancasempione.ch\\\/de\\\/kunden\\\/\"},{\"@type\":\"ListItem\",\"position\":3,\"name\":\"Privatkunden und Familien\"}]},{\"@type\":\"WebSite\",\"@id\":\"https:\\\/\\\/www.bancasempione.ch\\\/de\\\/#website\",\"url\":\"https:\\\/\\\/www.bancasempione.ch\\\/de\\\/\",\"name\":\"Banca del Sempione\",\"description\":\"\",\"publisher\":{\"@id\":\"https:\\\/\\\/www.bancasempione.ch\\\/de\\\/#organization\"},\"potentialAction\":[{\"@type\":\"SearchAction\",\"target\":{\"@type\":\"EntryPoint\",\"urlTemplate\":\"https:\\\/\\\/www.bancasempione.ch\\\/de\\\/?s={search_term_string}\"},\"query-input\":{\"@type\":\"PropertyValueSpecification\",\"valueRequired\":true,\"valueName\":\"search_term_string\"}}],\"inLanguage\":\"de\"},{\"@type\":\"Organization\",\"@id\":\"https:\\\/\\\/www.bancasempione.ch\\\/de\\\/#organization\",\"name\":\"Banca del Sempione\",\"url\":\"https:\\\/\\\/www.bancasempione.ch\\\/de\\\/\",\"logo\":{\"@type\":\"ImageObject\",\"inLanguage\":\"de\",\"@id\":\"https:\\\/\\\/www.bancasempione.ch\\\/de\\\/#\\\/schema\\\/logo\\\/image\\\/\",\"url\":\"https:\\\/\\\/www.bancasempione.ch\\\/wp-content\\\/uploads\\\/bancadelsempione_eng.svg\",\"contentUrl\":\"https:\\\/\\\/www.bancasempione.ch\\\/wp-content\\\/uploads\\\/bancadelsempione_eng.svg\",\"caption\":\"Banca del Sempione\"},\"image\":{\"@id\":\"https:\\\/\\\/www.bancasempione.ch\\\/de\\\/#\\\/schema\\\/logo\\\/image\\\/\"},\"sameAs\":[\"https:\\\/\\\/www.facebook.com\\\/profile.php?id=100075458006919\",\"https:\\\/\\\/www.linkedin.com\\\/company\\\/bancasempione\\\/\",\"https:\\\/\\\/www.instagram.com\\\/bancasempione\\\/\"]}]}<\/script>\n<!-- \/ Yoast SEO plugin. -->","yoast_head_json":{"title":"Privatkunden und Familien - Banca del Sempione","robots":{"index":"index","follow":"follow","max-snippet":"max-snippet:-1","max-image-preview":"max-image-preview:large","max-video-preview":"max-video-preview:-1"},"canonical":"https:\/\/www.bancasempione.ch\/de\/kunden\/privatkunden-und-familien\/","og_locale":"de_DE","og_type":"article","og_title":"Privatkunden und Familien - Banca del Sempione","og_description":"Ihre Ziele, Ihre Bed\u00fcrfnisse.Wir stehen in einer authentischen Beziehung an Ihrer Seite, um auf jedes Ihrer Bed\u00fcrfnisseeinzugehen. Wir respektieren Vertrauen Eine Person, eine Beziehung und erst (dann) ein Kunde. Wir m\u00f6chten Sie kennenlernen, um gemeinsam eine authentische Beziehung aufzubauen, die auf Ihren Anforderungen und Bed\u00fcrfnissen basiert. Wir legen Wert aufs Zuh\u00f6ren Gerade weil jeder Mensch [&hellip;]","og_url":"https:\/\/www.bancasempione.ch\/de\/kunden\/privatkunden-und-familien\/","og_site_name":"Banca del Sempione","article_publisher":"https:\/\/www.facebook.com\/profile.php?id=100075458006919","article_modified_time":"2025-11-03T10:32:14+00:00","twitter_card":"summary_large_image","twitter_misc":{"Gesch\u00e4tzte Lesezeit":"1\u00a0Minute"},"schema":{"@context":"https:\/\/schema.org","@graph":[{"@type":"WebPage","@id":"https:\/\/www.bancasempione.ch\/de\/kunden\/privatkunden-und-familien\/","url":"https:\/\/www.bancasempione.ch\/de\/kunden\/privatkunden-und-familien\/","name":"Privatkunden und Familien - Banca del Sempione","isPartOf":{"@id":"https:\/\/www.bancasempione.ch\/de\/#website"},"datePublished":"2023-08-04T13:19:06+00:00","dateModified":"2025-11-03T10:32:14+00:00","breadcrumb":{"@id":"https:\/\/www.bancasempione.ch\/de\/kunden\/privatkunden-und-familien\/#breadcrumb"},"inLanguage":"de","potentialAction":[{"@type":"ReadAction","target":["https:\/\/www.bancasempione.ch\/de\/kunden\/privatkunden-und-familien\/"]}]},{"@type":"BreadcrumbList","@id":"https:\/\/www.bancasempione.ch\/de\/kunden\/privatkunden-und-familien\/#breadcrumb","itemListElement":[{"@type":"ListItem","position":1,"name":"Home","item":"https:\/\/www.bancasempione.ch\/de\/"},{"@type":"ListItem","position":2,"name":"Kunden","item":"https:\/\/www.bancasempione.ch\/de\/kunden\/"},{"@type":"ListItem","position":3,"name":"Privatkunden und Familien"}]},{"@type":"WebSite","@id":"https:\/\/www.bancasempione.ch\/de\/#website","url":"https:\/\/www.bancasempione.ch\/de\/","name":"Banca del Sempione","description":"","publisher":{"@id":"https:\/\/www.bancasempione.ch\/de\/#organization"},"potentialAction":[{"@type":"SearchAction","target":{"@type":"EntryPoint","urlTemplate":"https:\/\/www.bancasempione.ch\/de\/?s={search_term_string}"},"query-input":{"@type":"PropertyValueSpecification","valueRequired":true,"valueName":"search_term_string"}}],"inLanguage":"de"},{"@type":"Organization","@id":"https:\/\/www.bancasempione.ch\/de\/#organization","name":"Banca del Sempione","url":"https:\/\/www.bancasempione.ch\/de\/","logo":{"@type":"ImageObject","inLanguage":"de","@id":"https:\/\/www.bancasempione.ch\/de\/#\/schema\/logo\/image\/","url":"https:\/\/www.bancasempione.ch\/wp-content\/uploads\/bancadelsempione_eng.svg","contentUrl":"https:\/\/www.bancasempione.ch\/wp-content\/uploads\/bancadelsempione_eng.svg","caption":"Banca del Sempione"},"image":{"@id":"https:\/\/www.bancasempione.ch\/de\/#\/schema\/logo\/image\/"},"sameAs":["https:\/\/www.facebook.com\/profile.php?id=100075458006919","https:\/\/www.linkedin.com\/company\/bancasempione\/","https:\/\/www.instagram.com\/bancasempione\/"]}]}},"_links":{"self":[{"href":"https:\/\/www.bancasempione.ch\/de\/wp-json\/wp\/v2\/pages\/20740","targetHints":{"allow":["GET"]}}],"collection":[{"href":"https:\/\/www.bancasempione.ch\/de\/wp-json\/wp\/v2\/pages"}],"about":[{"href":"https:\/\/www.bancasempione.ch\/de\/wp-json\/wp\/v2\/types\/page"}],"author":[{"embeddable":true,"href":"https:\/\/www.bancasempione.ch\/de\/wp-json\/wp\/v2\/users\/1"}],"replies":[{"embeddable":true,"href":"https:\/\/www.bancasempione.ch\/de\/wp-json\/wp\/v2\/comments?post=20740"}],"version-history":[{"count":1,"href":"https:\/\/www.bancasempione.ch\/de\/wp-json\/wp\/v2\/pages\/20740\/revisions"}],"predecessor-version":[{"id":20741,"href":"https:\/\/www.bancasempione.ch\/de\/wp-json\/wp\/v2\/pages\/20740\/revisions\/20741"}],"up":[{"embeddable":true,"href":"https:\/\/www.bancasempione.ch\/de\/wp-json\/wp\/v2\/pages\/20693"}],"wp:attachment":[{"href":"https:\/\/www.bancasempione.ch\/de\/wp-json\/wp\/v2\/media?parent=20740"}],"curies":[{"name":"wp","href":"https:\/\/api.w.org\/{rel}","templated":true}]}}