{"id":20747,"date":"2023-08-04T07:46:05","date_gmt":"2023-08-04T05:46:05","guid":{"rendered":"https:\/\/bancasempione.ch\/sempione-sim-spa\/"},"modified":"2025-11-26T15:13:26","modified_gmt":"2025-11-26T14:13:26","slug":"sempione-sim-spa","status":"publish","type":"page","link":"https:\/\/www.bancasempione.ch\/de\/gruppe\/sempione-sim-spa\/","title":{"rendered":"Sempione SIM Spa"},"content":{"rendered":"<section class=\"content-block-bg alignfull\" style=\"background: linear-gradient(0deg, rgba(0, 0, 0, 40%), rgba(0, 0, 0, 40%)), url(https:\/\/www.bancasempione.ch\/wp-content\/uploads\/banca_del_sempione_milano_mod.jpg) ;  background-position-x: 50% !important; min-height: 100vh !important;  min-height:10vh;\"><div class=\"content-block is-position-center-left  has-white-color has-text-color \" style=\"min-height: 100vh !important;  min-height:10vh;\" ><div class=\"wp-block-cover__inner-container\">\n\n<p class=\"has-text-align-left has-primario-color has-text-color\" style=\"text-transform:uppercase\">GRUPPE<\/p>\n\n\n\n<h1 class=\"wp-block-heading has-text-align-left has-titolo-xxl-font-size has-titolo-xxxl-font-size\" id=\"splitme\" style=\"font-style:normal;font-weight:300\"><strong>Sempione SIM<\/strong>: Spitzenleistung im Dienste Ihrer Verm\u00f6gensverwaltung<\/h1>\n\n<\/div><\/div><\/section>\n\n\n<div class=\"wp-block-group alignfull has-background has-global-padding is-layout-constrained wp-block-group-is-layout-constrained\" id=\"AFTER-HERO\" style=\"background-color:#eeeeee;padding-top:8vh;padding-bottom:8vh\">\n<div class=\"wp-block-columns is-layout-flex wp-container-core-columns-is-layout-28f84493 wp-block-columns-is-layout-flex\">\n<div class=\"wp-block-column is-layout-flow wp-block-column-is-layout-flow\" style=\"flex-basis:10%\"><\/div>\n\n\n\n<div class=\"wp-block-column is-layout-flow wp-block-column-is-layout-flow\" style=\"flex-basis:90%\">\n<h2 class=\"wp-block-heading has-text-align-center has-titolo-xl-font-size\" style=\"font-style:normal;font-weight:300\">Wir bieten Unterst\u00fctzung bei der <strong>Verm\u00f6gensverwaltung<\/strong>, dem <strong>Kauf und Verkauf<\/strong> von Finanzinstrumenten und viele exklusive <strong>Dienstleistungen<\/strong> f\u00fcr Sie.<\/h2>\n<\/div>\n\n\n\n<div class=\"wp-block-column is-layout-flow wp-block-column-is-layout-flow\" style=\"flex-basis:10%\"><\/div>\n<\/div>\n<\/div>\n\n\n<section class=\"content-block-bg alignfull\" style=\"background: linear-gradient(0deg, rgba(0, 0, 0, 30%), rgba(0, 0, 0, 30%)), url(https:\/\/www.bancasempione.ch\/wp-content\/uploads\/Raggruppa-13713-e1683709782174.jpg) ;  background-position-x: 50% !important; min-height: 100vh !important;  min-height:10vh;\"><div class=\"content-block is-position-center-center  has-white-color has-text-color \" style=\"min-height: 100vh !important;  min-height:10vh;\" ><div class=\"wp-block-cover__inner-container\">\n\n<div class=\"wp-block-columns is-layout-flex wp-container-core-columns-is-layout-e9dadf76 wp-block-columns-is-layout-flex\" style=\"margin-top:var(--wp--preset--spacing--80);padding-top:0;padding-right:0;padding-bottom:0;padding-left:0\">\n<div class=\"wp-block-column is-vertically-aligned-top is-layout-flow wp-block-column-is-layout-flow\" style=\"flex-basis:40%\">\n<p class=\"has-text-align-left has-primario-color has-text-color\" style=\"text-transform:uppercase\">GRUPPE<\/p>\n\n\n\n<h3 class=\"wp-block-heading has-titolo-xl-font-size\" style=\"font-style:normal;font-weight:300\">Eine <strong>Gesellschaft<\/strong>, die all unseren <strong>italienischen Kunden<\/strong> zur <strong><\/strong>vollst\u00e4ndigen Verf\u00fcgung<strong><\/strong> steht.<\/h3>\n<\/div>\n\n\n\n<div class=\"wp-block-column is-layout-flow wp-block-column-is-layout-flow\">\n<p><\/p>\n<\/div>\n\n\n\n<div class=\"wp-block-column is-layout-flow wp-block-column-is-layout-flow\" style=\"flex-basis:50%\">\n<div style=\"height:80px\" aria-hidden=\"true\" class=\"wp-block-spacer no-mobile\"><\/div>\n\n\n\n<p><strong>Sempione SIM<\/strong> bietet Ihnen ein Paket exklusiver Dienstleistungen. Dazu geh\u00f6ren die <strong>Verm\u00f6gensverwaltung<\/strong>, die <strong>pers\u00f6nliche Beratung<\/strong>, der <strong>Kauf und Verkauf<\/strong> von Finanzinstrumenten, die <strong>Annahme und Ausf\u00fchrung<\/strong> von Auftr\u00e4gen und die <strong>Platzierung<\/strong> neuer Emissionen am Markt.<br><br>Ausgehend von der Definition Ihres <strong>Risikoprofils<\/strong> (berechnet auf der Grundlage Ihrer Verm\u00f6genswerte, Ihrer Finanzkenntnisse und Ziele in Bezug auf Renditeerwartungen und Anlagehorizont) kann Ihnen das Team von Sempione SIM eine <strong>sorgf\u00e4ltige Verwaltung Ihrer Investitionen<\/strong> gew\u00e4hrleisten.<\/p>\n\n\n\n<div style=\"height:40px\" aria-hidden=\"true\" class=\"wp-block-spacer no-mobile\"><\/div>\n\n\n\n<div class=\"wp-block-buttons is-layout-flex wp-block-buttons-is-layout-flex\">\n<div class=\"wp-block-button\"><a class=\"wp-block-button__link wp-element-button\" href=\"https:\/\/www.sempionesim.it\/\">ZUR WEBSITE<\/a><\/div>\n<\/div>\n<\/div>\n<\/div>\n\n\n\n<div class=\"wp-block-group has-white-background-color has-background is-nowrap is-layout-flex wp-container-core-group-is-layout-117f5015 wp-block-group-is-layout-flex\" style=\"min-height:0px;margin-top:0;margin-bottom:0;padding-top:0;padding-right:0;padding-bottom:0;padding-left:0;font-size:0px\">\n<hr class=\"wp-block-separator has-alpha-channel-opacity is-style-default\"\/>\n<\/div>\n\n\n\n<h4 class=\"wp-block-heading\">Sempione SIM<\/h4>\n\n\n\n<p><strong>(Societ\u00e0 di intermediazione mobiliare) SpA<br>Gesetzlicher, operativer und administrativer Gesch\u00e4ftssitz<br><\/strong>Via M. Gonzaga 2<br>I \u2013 20123 Milano<br>Tel. +39 02 30 30 35 1<br>Fax +39 02 30 30 35 22\/24<br><strong><a href=\"mailto:info@sempionesim.it\">info@sempionesim.it<\/a><\/strong><\/p>\n\n<\/div><\/div><\/section>\n\n\n<div class=\"wp-block-group is-layout-flow wp-block-group-is-layout-flow\" style=\"padding-top:8vh;padding-bottom:2vh\">\n<h3 class=\"wp-block-heading has-text-align-left has-titolo-font-size\" style=\"font-style:normal;font-weight:300\">Die anderen <strong>Gesellschaften der Gruppe<\/strong><\/h3>\n<\/div>\n\n\n\n<hr class=\"wp-block-separator has-alpha-channel-opacity is-style-wide\"\/>\n\n\n\n<div class=\"wp-block-group is-layout-flow wp-block-group-is-layout-flow\" style=\"padding-top:8vh;padding-bottom:8vh\">\n<div class=\"wp-block-columns is-layout-flex wp-container-core-columns-is-layout-28f84493 wp-block-columns-is-layout-flex\">\n<div class=\"wp-block-column is-layout-flow wp-block-column-is-layout-flow\" style=\"padding-top:0vw;flex-basis:40%\">\n<p class=\"has-text-align-left has-primario-color has-text-color\" style=\"text-transform:uppercase\">GESELLSCHAFT<\/p>\n\n\n\n<h3 class=\"wp-block-heading has-titolo-xl-font-size\" style=\"font-style:normal;font-weight:300\">Base Investments<br><strong>SICAV<\/strong><\/h3>\n<\/div>\n\n\n\n<div class=\"wp-block-column is-layout-flow wp-block-column-is-layout-flow\" style=\"padding-top:0vw\"><\/div>\n\n\n\n<div class=\"wp-block-column is-layout-flow wp-block-column-is-layout-flow\" style=\"flex-basis:50%\">\n<h4 class=\"wp-block-heading has-titolo-font-size\" style=\"font-style:normal;font-weight:300\">Dynamik und Risikokontrolle bei der Verwaltung Ihres Kapitals<\/h4>\n\n\n\n<p>Eine <strong>Investmentgesellschaft mit variablem Kapital<\/strong>, die Zugang zu einer breiten Palette von Investmentfonds bietet.<br>Die Anlagepolitik der Teilfonds der Base Investments SICAV ist darauf ausgerichtet, <strong><\/strong>das investierte Kapital zu bewahren und das Verm\u00f6gen zu steigern<strong><\/strong>, indem je nach Risikoprofil und Anlagehorizont diversifizierte Verwaltungsstrategien angewendet werden.<\/p>\n\n\n\n<div class=\"wp-block-buttons is-layout-flex wp-block-buttons-is-layout-flex\">\n<div class=\"wp-block-button\"><a class=\"wp-block-button__link wp-element-button\" href=\"https:\/\/bancasempione.ch\/de\/gruppe\/base-investments-sicav\/\">Mehr entdecken<\/a><\/div>\n<\/div>\n<\/div>\n<\/div>\n<\/div>\n\n\n\n<hr class=\"wp-block-separator has-alpha-channel-opacity is-style-wide\"\/>\n\n\n\n<div class=\"wp-block-group is-layout-flow wp-block-group-is-layout-flow\" style=\"padding-top:8vh;padding-bottom:8vh\">\n<div class=\"wp-block-columns is-layout-flex wp-container-core-columns-is-layout-28f84493 wp-block-columns-is-layout-flex\">\n<div class=\"wp-block-column is-layout-flow wp-block-column-is-layout-flow\" style=\"padding-top:0vw;flex-basis:40%\">\n<p class=\"has-text-align-left has-primario-color has-text-color\" style=\"text-transform:uppercase\">GESELLSCHAFT<\/p>\n\n\n\n<h3 class=\"wp-block-heading has-titolo-xl-font-size\" style=\"font-style:normal;font-weight:300\">Banca del Sempione<strong> (Overseas)<\/strong><\/h3>\n<\/div>\n\n\n\n<div class=\"wp-block-column is-layout-flow wp-block-column-is-layout-flow\" style=\"padding-top:0vw\"><\/div>\n\n\n\n<div class=\"wp-block-column is-layout-flow wp-block-column-is-layout-flow\" style=\"flex-basis:50%\">\n<h4 class=\"wp-block-heading has-titolo-font-size\" style=\"font-style:normal;font-weight:300\">Ein offenes Fenster zur Welt<\/h4>\n\n\n\n<p><strong>Eine zuverl\u00e4ssige Alternative f\u00fcr die Verm\u00f6gensverwaltung<\/strong> auf der Inselgruppe der Bahamas. Die Banca del Sempione (Overseas) Ltd. wurde im Jahr 2000 in Nassau gegr\u00fcndet und ist <strong>ein hundertprozentiges Tochterunternehmen<\/strong> der Schweizer Muttergesellschaft.<\/p>\n\n\n\n<div class=\"wp-block-buttons is-layout-flex wp-block-buttons-is-layout-flex\">\n<div class=\"wp-block-button\"><a class=\"wp-block-button__link wp-element-button\" href=\"https:\/\/bancasempione.ch\/de\/gruppe\/banca-del-sempione-overseas-ltd\/\">Mehr entdecken<\/a><\/div>\n<\/div>\n<\/div>\n<\/div>\n<\/div>\n\n\n\n<hr class=\"wp-block-separator has-alpha-channel-opacity\"\/>\n\n\n\n<div class=\"wp-block-group is-layout-flow wp-block-group-is-layout-flow\" style=\"padding-top:8vh;padding-bottom:8vh\">\n<div class=\"wp-block-columns is-layout-flex wp-container-core-columns-is-layout-28f84493 wp-block-columns-is-layout-flex\">\n<div class=\"wp-block-column is-layout-flow wp-block-column-is-layout-flow\" style=\"padding-top:0vw;flex-basis:40%\">\n<p class=\"has-text-align-left has-primario-color has-text-color\" style=\"text-transform:uppercase\">GESELLSCHAFT<\/p>\n\n\n\n<h3 class=\"wp-block-heading has-titolo-xl-font-size\" style=\"font-style:normal;font-weight:300\">Banca del Sempione<strong> (Middle East)<\/strong><\/h3>\n<\/div>\n\n\n\n<div class=\"wp-block-column is-layout-flow wp-block-column-is-layout-flow\" style=\"padding-top:0vw\"><\/div>\n\n\n\n<div class=\"wp-block-column is-layout-flow wp-block-column-is-layout-flow\" style=\"flex-basis:50%\">\n<h4 class=\"wp-block-heading has-titolo-font-size\" style=\"font-style:normal;font-weight:300\">Tradition und Dynamik in Dubai<\/h4>\n\n\n\n<p>Die <strong>Schweizer <\/strong>Tradition und die <strong>Dynamik <\/strong>von <strong>Dubai <\/strong>in der neuen Initiative der Banca del Sempione.<\/p>\n\n\n\n<div class=\"wp-block-buttons is-layout-flex wp-block-buttons-is-layout-flex\">\n<div class=\"wp-block-button\"><a class=\"wp-block-button__link wp-element-button\" href=\"https:\/\/bancasempione.ch\/de\/gruppe\/banca-del-sempione-middle-east-ltd\/\">Mehr entdecken<\/a><\/div>\n<\/div>\n<\/div>\n<\/div>\n<\/div>\n","protected":false},"excerpt":{"rendered":"<p>Wir bieten Unterst\u00fctzung bei der Verm\u00f6gensverwaltung, dem Kauf und Verkauf von Finanzinstrumenten und viele exklusive Dienstleistungen f\u00fcr Sie. Die anderen Gesellschaften der Gruppe GESELLSCHAFT Base InvestmentsSICAV Dynamik und Risikokontrolle bei der Verwaltung Ihres Kapitals Eine Investmentgesellschaft mit variablem Kapital, die Zugang zu einer breiten Palette von Investmentfonds bietet.Die Anlagepolitik der Teilfonds der Base Investments SICAV [&hellip;]<\/p>\n","protected":false},"author":1,"featured_media":0,"parent":20752,"menu_order":0,"comment_status":"closed","ping_status":"closed","template":"Light Header","meta":{"_acf_changed":false,"footnotes":""},"class_list":["post-20747","page","type-page","status-publish","hentry"],"acf":[],"yoast_head":"<!-- This site is optimized with the Yoast SEO plugin v27.4 - https:\/\/yoast.com\/product\/yoast-seo-wordpress\/ -->\n<title>Sempione SIM Spa - Banca del Sempione<\/title>\n<meta name=\"robots\" content=\"index, follow, max-snippet:-1, max-image-preview:large, max-video-preview:-1\" \/>\n<link rel=\"canonical\" href=\"https:\/\/www.bancasempione.ch\/de\/gruppe\/sempione-sim-spa\/\" \/>\n<meta property=\"og:locale\" content=\"de_DE\" \/>\n<meta property=\"og:type\" content=\"article\" \/>\n<meta property=\"og:title\" content=\"Sempione SIM Spa - Banca del Sempione\" \/>\n<meta property=\"og:description\" content=\"Wir bieten Unterst\u00fctzung bei der Verm\u00f6gensverwaltung, dem Kauf und Verkauf von Finanzinstrumenten und viele exklusive Dienstleistungen f\u00fcr Sie. Die anderen Gesellschaften der Gruppe GESELLSCHAFT Base InvestmentsSICAV Dynamik und Risikokontrolle bei der Verwaltung Ihres Kapitals Eine Investmentgesellschaft mit variablem Kapital, die Zugang zu einer breiten Palette von Investmentfonds bietet.Die Anlagepolitik der Teilfonds der Base Investments SICAV [&hellip;]\" \/>\n<meta property=\"og:url\" content=\"https:\/\/www.bancasempione.ch\/de\/gruppe\/sempione-sim-spa\/\" \/>\n<meta property=\"og:site_name\" content=\"Banca del Sempione\" \/>\n<meta property=\"article:publisher\" content=\"https:\/\/www.facebook.com\/profile.php?id=100075458006919\" \/>\n<meta property=\"article:modified_time\" content=\"2025-11-26T14:13:26+00:00\" \/>\n<meta name=\"twitter:card\" content=\"summary_large_image\" \/>\n<meta name=\"twitter:label1\" content=\"Gesch\u00e4tzte Lesezeit\" \/>\n\t<meta name=\"twitter:data1\" content=\"2\u00a0Minuten\" \/>\n<script type=\"application\/ld+json\" class=\"yoast-schema-graph\">{\"@context\":\"https:\\\/\\\/schema.org\",\"@graph\":[{\"@type\":\"WebPage\",\"@id\":\"https:\\\/\\\/www.bancasempione.ch\\\/de\\\/gruppe\\\/sempione-sim-spa\\\/\",\"url\":\"https:\\\/\\\/www.bancasempione.ch\\\/de\\\/gruppe\\\/sempione-sim-spa\\\/\",\"name\":\"Sempione SIM Spa - Banca del Sempione\",\"isPartOf\":{\"@id\":\"https:\\\/\\\/www.bancasempione.ch\\\/de\\\/#website\"},\"datePublished\":\"2023-08-04T05:46:05+00:00\",\"dateModified\":\"2025-11-26T14:13:26+00:00\",\"breadcrumb\":{\"@id\":\"https:\\\/\\\/www.bancasempione.ch\\\/de\\\/gruppe\\\/sempione-sim-spa\\\/#breadcrumb\"},\"inLanguage\":\"de\",\"potentialAction\":[{\"@type\":\"ReadAction\",\"target\":[\"https:\\\/\\\/www.bancasempione.ch\\\/de\\\/gruppe\\\/sempione-sim-spa\\\/\"]}]},{\"@type\":\"BreadcrumbList\",\"@id\":\"https:\\\/\\\/www.bancasempione.ch\\\/de\\\/gruppe\\\/sempione-sim-spa\\\/#breadcrumb\",\"itemListElement\":[{\"@type\":\"ListItem\",\"position\":1,\"name\":\"Home\",\"item\":\"https:\\\/\\\/www.bancasempione.ch\\\/de\\\/\"},{\"@type\":\"ListItem\",\"position\":2,\"name\":\"Gruppe\",\"item\":\"https:\\\/\\\/www.bancasempione.ch\\\/de\\\/gruppe\\\/\"},{\"@type\":\"ListItem\",\"position\":3,\"name\":\"Sempione SIM Spa\"}]},{\"@type\":\"WebSite\",\"@id\":\"https:\\\/\\\/www.bancasempione.ch\\\/de\\\/#website\",\"url\":\"https:\\\/\\\/www.bancasempione.ch\\\/de\\\/\",\"name\":\"Banca del Sempione\",\"description\":\"\",\"publisher\":{\"@id\":\"https:\\\/\\\/www.bancasempione.ch\\\/de\\\/#organization\"},\"potentialAction\":[{\"@type\":\"SearchAction\",\"target\":{\"@type\":\"EntryPoint\",\"urlTemplate\":\"https:\\\/\\\/www.bancasempione.ch\\\/de\\\/?s={search_term_string}\"},\"query-input\":{\"@type\":\"PropertyValueSpecification\",\"valueRequired\":true,\"valueName\":\"search_term_string\"}}],\"inLanguage\":\"de\"},{\"@type\":\"Organization\",\"@id\":\"https:\\\/\\\/www.bancasempione.ch\\\/de\\\/#organization\",\"name\":\"Banca del Sempione\",\"url\":\"https:\\\/\\\/www.bancasempione.ch\\\/de\\\/\",\"logo\":{\"@type\":\"ImageObject\",\"inLanguage\":\"de\",\"@id\":\"https:\\\/\\\/www.bancasempione.ch\\\/de\\\/#\\\/schema\\\/logo\\\/image\\\/\",\"url\":\"https:\\\/\\\/www.bancasempione.ch\\\/wp-content\\\/uploads\\\/bancadelsempione_eng.svg\",\"contentUrl\":\"https:\\\/\\\/www.bancasempione.ch\\\/wp-content\\\/uploads\\\/bancadelsempione_eng.svg\",\"caption\":\"Banca del Sempione\"},\"image\":{\"@id\":\"https:\\\/\\\/www.bancasempione.ch\\\/de\\\/#\\\/schema\\\/logo\\\/image\\\/\"},\"sameAs\":[\"https:\\\/\\\/www.facebook.com\\\/profile.php?id=100075458006919\",\"https:\\\/\\\/www.linkedin.com\\\/company\\\/bancasempione\\\/\",\"https:\\\/\\\/www.instagram.com\\\/bancasempione\\\/\"]}]}<\/script>\n<!-- \/ Yoast SEO plugin. -->","yoast_head_json":{"title":"Sempione SIM Spa - Banca del Sempione","robots":{"index":"index","follow":"follow","max-snippet":"max-snippet:-1","max-image-preview":"max-image-preview:large","max-video-preview":"max-video-preview:-1"},"canonical":"https:\/\/www.bancasempione.ch\/de\/gruppe\/sempione-sim-spa\/","og_locale":"de_DE","og_type":"article","og_title":"Sempione SIM Spa - Banca del Sempione","og_description":"Wir bieten Unterst\u00fctzung bei der Verm\u00f6gensverwaltung, dem Kauf und Verkauf von Finanzinstrumenten und viele exklusive Dienstleistungen f\u00fcr Sie. Die anderen Gesellschaften der Gruppe GESELLSCHAFT Base InvestmentsSICAV Dynamik und Risikokontrolle bei der Verwaltung Ihres Kapitals Eine Investmentgesellschaft mit variablem Kapital, die Zugang zu einer breiten Palette von Investmentfonds bietet.Die Anlagepolitik der Teilfonds der Base Investments SICAV [&hellip;]","og_url":"https:\/\/www.bancasempione.ch\/de\/gruppe\/sempione-sim-spa\/","og_site_name":"Banca del Sempione","article_publisher":"https:\/\/www.facebook.com\/profile.php?id=100075458006919","article_modified_time":"2025-11-26T14:13:26+00:00","twitter_card":"summary_large_image","twitter_misc":{"Gesch\u00e4tzte Lesezeit":"2\u00a0Minuten"},"schema":{"@context":"https:\/\/schema.org","@graph":[{"@type":"WebPage","@id":"https:\/\/www.bancasempione.ch\/de\/gruppe\/sempione-sim-spa\/","url":"https:\/\/www.bancasempione.ch\/de\/gruppe\/sempione-sim-spa\/","name":"Sempione SIM Spa - Banca del Sempione","isPartOf":{"@id":"https:\/\/www.bancasempione.ch\/de\/#website"},"datePublished":"2023-08-04T05:46:05+00:00","dateModified":"2025-11-26T14:13:26+00:00","breadcrumb":{"@id":"https:\/\/www.bancasempione.ch\/de\/gruppe\/sempione-sim-spa\/#breadcrumb"},"inLanguage":"de","potentialAction":[{"@type":"ReadAction","target":["https:\/\/www.bancasempione.ch\/de\/gruppe\/sempione-sim-spa\/"]}]},{"@type":"BreadcrumbList","@id":"https:\/\/www.bancasempione.ch\/de\/gruppe\/sempione-sim-spa\/#breadcrumb","itemListElement":[{"@type":"ListItem","position":1,"name":"Home","item":"https:\/\/www.bancasempione.ch\/de\/"},{"@type":"ListItem","position":2,"name":"Gruppe","item":"https:\/\/www.bancasempione.ch\/de\/gruppe\/"},{"@type":"ListItem","position":3,"name":"Sempione SIM Spa"}]},{"@type":"WebSite","@id":"https:\/\/www.bancasempione.ch\/de\/#website","url":"https:\/\/www.bancasempione.ch\/de\/","name":"Banca del Sempione","description":"","publisher":{"@id":"https:\/\/www.bancasempione.ch\/de\/#organization"},"potentialAction":[{"@type":"SearchAction","target":{"@type":"EntryPoint","urlTemplate":"https:\/\/www.bancasempione.ch\/de\/?s={search_term_string}"},"query-input":{"@type":"PropertyValueSpecification","valueRequired":true,"valueName":"search_term_string"}}],"inLanguage":"de"},{"@type":"Organization","@id":"https:\/\/www.bancasempione.ch\/de\/#organization","name":"Banca del Sempione","url":"https:\/\/www.bancasempione.ch\/de\/","logo":{"@type":"ImageObject","inLanguage":"de","@id":"https:\/\/www.bancasempione.ch\/de\/#\/schema\/logo\/image\/","url":"https:\/\/www.bancasempione.ch\/wp-content\/uploads\/bancadelsempione_eng.svg","contentUrl":"https:\/\/www.bancasempione.ch\/wp-content\/uploads\/bancadelsempione_eng.svg","caption":"Banca del Sempione"},"image":{"@id":"https:\/\/www.bancasempione.ch\/de\/#\/schema\/logo\/image\/"},"sameAs":["https:\/\/www.facebook.com\/profile.php?id=100075458006919","https:\/\/www.linkedin.com\/company\/bancasempione\/","https:\/\/www.instagram.com\/bancasempione\/"]}]}},"_links":{"self":[{"href":"https:\/\/www.bancasempione.ch\/de\/wp-json\/wp\/v2\/pages\/20747","targetHints":{"allow":["GET"]}}],"collection":[{"href":"https:\/\/www.bancasempione.ch\/de\/wp-json\/wp\/v2\/pages"}],"about":[{"href":"https:\/\/www.bancasempione.ch\/de\/wp-json\/wp\/v2\/types\/page"}],"author":[{"embeddable":true,"href":"https:\/\/www.bancasempione.ch\/de\/wp-json\/wp\/v2\/users\/1"}],"replies":[{"embeddable":true,"href":"https:\/\/www.bancasempione.ch\/de\/wp-json\/wp\/v2\/comments?post=20747"}],"version-history":[{"count":2,"href":"https:\/\/www.bancasempione.ch\/de\/wp-json\/wp\/v2\/pages\/20747\/revisions"}],"predecessor-version":[{"id":22338,"href":"https:\/\/www.bancasempione.ch\/de\/wp-json\/wp\/v2\/pages\/20747\/revisions\/22338"}],"up":[{"embeddable":true,"href":"https:\/\/www.bancasempione.ch\/de\/wp-json\/wp\/v2\/pages\/20752"}],"wp:attachment":[{"href":"https:\/\/www.bancasempione.ch\/de\/wp-json\/wp\/v2\/media?parent=20747"}],"curies":[{"name":"wp","href":"https:\/\/api.w.org\/{rel}","templated":true}]}}