{"id":20764,"date":"2023-05-09T14:43:14","date_gmt":"2023-05-09T12:43:14","guid":{"rendered":"https:\/\/bancasempione.ch\/bank\/"},"modified":"2025-11-26T12:17:20","modified_gmt":"2025-11-26T11:17:20","slug":"bank","status":"publish","type":"page","link":"https:\/\/www.bancasempione.ch\/de\/bank\/","title":{"rendered":"Bank"},"content":{"rendered":"<section class=\"content-block-bg alignfull\" style=\"background: linear-gradient(0deg, rgba(0, 0, 0, 50%), rgba(0, 0, 0, 50%)), url(https:\/\/www.bancasempione.ch\/wp-content\/uploads\/banca_sempione_foto_sede_esterna.jpg) ;  background-position-x: 50% !important; min-height: 100vh !important;  min-height:10vh;\"><div class=\"content-block is-position-center-left  has-white-color has-text-color \" style=\"min-height: 100vh !important;  min-height:10vh;\" ><div class=\"wp-block-cover__inner-container\">\n\n<p class=\"has-text-align-left has-primario-color has-text-color\" style=\"text-transform:uppercase\">Bank<\/p>\n\n\n\n<h1 class=\"wp-block-heading has-text-align-left has-titolo-xxxl-font-size\" style=\"font-style:normal;font-weight:300\"><strong>Banca del<\/strong> <strong>Sempione<\/strong>:<br>die Privatbank Ihres Vertrauens<\/h1>\n\n<\/div><\/div><\/section>\n\n\n<div class=\"wp-block-group alignfull has-background has-global-padding is-layout-constrained wp-block-group-is-layout-constrained\" id=\"AFTER-HERO\" style=\"background-color:#eeeeee;padding-top:12vh;padding-bottom:12vh\">\n<div class=\"wp-block-columns is-layout-flex wp-container-core-columns-is-layout-28f84493 wp-block-columns-is-layout-flex\">\n<div class=\"wp-block-column is-layout-flow wp-block-column-is-layout-flow\" style=\"flex-basis:10%\"><\/div>\n\n\n\n<div class=\"wp-block-column is-layout-flow wp-block-column-is-layout-flow\" style=\"flex-basis:90%\">\n<h2 class=\"wp-block-heading has-text-align-center has-titolo-xl-font-size\" style=\"font-style:normal;font-weight:300\">Seit 1960 ist die <strong><\/strong>Privatbank mit globaler Vision<strong><\/strong> ein Bezugspunkt f\u00fcr Privatkunden und Investoren, die <strong><\/strong>Diskretion und personalisierte Dienstleistungen<strong><\/strong> suchen.<\/h2>\n<\/div>\n\n\n\n<div class=\"wp-block-column is-layout-flow wp-block-column-is-layout-flow\" style=\"flex-basis:10%\"><\/div>\n<\/div>\n<\/div>\n\n\n<section class=\"content-block-bg alignfull\" style=\"background: linear-gradient(0deg, rgba(0, 0, 0, 30%), rgba(0, 0, 0, 30%)), url(https:\/\/www.bancasempione.ch\/wp-content\/uploads\/Raggruppa-13713-e1683709782174.jpg) ;  background-position-x: 50% !important; min-height: 100vh !important;  min-height:10vh;\"><div class=\"content-block is-position-center-center  has-white-color has-text-color \" style=\"min-height: 100vh !important;  min-height:10vh;\" ><div class=\"wp-block-cover__inner-container\">\n\n<div class=\"wp-block-columns is-layout-flex wp-container-core-columns-is-layout-e9dadf76 wp-block-columns-is-layout-flex\" style=\"margin-top:var(--wp--preset--spacing--80);padding-top:0;padding-right:0;padding-bottom:0;padding-left:0\">\n<div class=\"wp-block-column is-vertically-aligned-top is-layout-flow wp-block-column-is-layout-flow\" style=\"flex-basis:40%\">\n<p class=\"has-text-align-left has-primario-color has-text-color\" style=\"text-transform:uppercase\">BANK<\/p>\n\n\n\n<h3 class=\"wp-block-heading has-text-align-left has-titolo-xl-font-size\" style=\"font-style:normal;font-weight:300\">Schweizer Spezialisten <strong>im Private Banking<\/strong><\/h3>\n<\/div>\n\n\n\n<div class=\"wp-block-column is-layout-flow wp-block-column-is-layout-flow\">\n<p><\/p>\n<\/div>\n\n\n\n<div class=\"wp-block-column is-layout-flow wp-block-column-is-layout-flow\" style=\"flex-basis:50%\">\n<div style=\"height:80px\" aria-hidden=\"true\" class=\"wp-block-spacer no-mobile\"><\/div>\n\n\n\n<h4 class=\"wp-block-heading has-titolo-font-size\" style=\"font-style:normal;font-weight:300\">Seit \u00fcber 60 Jahren sind wir der <strong>Ansprechpartner<\/strong> in der Schweiz f\u00fcr alle, die <strong>Diskretion<\/strong>, <strong>Kompetenz<\/strong> und <strong>Flexibilit\u00e4t<\/strong> suchen.<\/h4>\n\n\n\n<p>Wir sind eine fest im Tessin verwurzelte Bank, die sich mit massgeschneiderten Dienstleistungen und einem Personal, das stets f\u00fcr Sie da ist, in den Zweigstellen Lugano, Bellinzona, Chiasso und Locarno ganz nah an Ihren Bed\u00fcrfnissen orientiert. Dar\u00fcber hinaus bieten wir Ihnen einen globalen Einblick in die Finanzm\u00e4rkte und in die internationale Gesch\u00e4ftswelt, damit Sie die besten Investitionsm\u00f6glichkeiten nutzen k\u00f6nnen.<br><br>All dies ist dank unseres Bankmodells m\u00f6glich, das auf Zuh\u00f6ren und Dialog basiert, um Ihre Bed\u00fcrfnisse vollst\u00e4ndig zu verstehen und Ihnen die effizientesten L\u00f6sungen f\u00fcr die Verwaltung Ihres Kapitals anzubieten. Deshalb sind wir heute wie morgen die Privatbank Ihres Vertrauens.<\/p>\n<\/div>\n<\/div>\n\n\n\n<div style=\"height:8vh\" aria-hidden=\"true\" class=\"wp-block-spacer\"><\/div>\n\n\n\n<div class=\"wp-block-columns is-layout-flex wp-container-core-columns-is-layout-e9dadf76 wp-block-columns-is-layout-flex\" style=\"margin-top:var(--wp--preset--spacing--80);padding-top:0;padding-right:0;padding-bottom:0;padding-left:0\">\n<div class=\"wp-block-column is-vertically-aligned-top is-layout-flow wp-block-column-is-layout-flow\" style=\"flex-basis:40%\">\n<p class=\"has-text-align-left has-primario-color has-text-color\" style=\"text-transform:uppercase\">DAS MODELL<\/p>\n\n\n\n<h3 class=\"wp-block-heading has-text-align-left has-titolo-xl-font-size\" style=\"font-style:normal;font-weight:300\">Ein Wert, <strong>der auf Vertrauen aufbaut<\/strong><\/h3>\n<\/div>\n\n\n\n<div class=\"wp-block-column is-layout-flow wp-block-column-is-layout-flow\">\n<p><\/p>\n<\/div>\n\n\n\n<div class=\"wp-block-column is-layout-flow wp-block-column-is-layout-flow\" style=\"flex-basis:50%\">\n<div style=\"height:80px\" aria-hidden=\"true\" class=\"wp-block-spacer no-mobile\"><\/div>\n\n\n\n<h4 class=\"wp-block-heading has-titolo-font-size\" style=\"font-style:normal;font-weight:300\">Das Terrain der Finanzm\u00e4rkte ist <strong>komplex und steil<\/strong>. Um <strong>den Gipfel zu erklimmen<\/strong> und dabei Risiken zu vermeiden und sein Verm\u00f6gen und seine Ersparnisse bestm\u00f6glich zu verwalten, muss man sich auf einen <strong>erfahrenen Partner<\/strong> verlassen k\u00f6nnen.<\/h4>\n\n\n\n<p>Wir sind dieser Partner: <strong>ein Team von Frauen und M\u00e4nnern<\/strong>, die Ihnen helfen, die richtigen Entscheidungen zu treffen und den besten Weg und die besten Strategien zu finden, um <strong>Ihre Ergebnisse zu erzielen<\/strong>.<\/p>\n\n\n\n<p><strong>Das ist unsere Aufgabe<\/strong>, der wir uns jeden Tag mit Leidenschaft, Entschlossenheit und der zus\u00e4tzlichen Zutat widmen, die uns schon immer ausgezeichnet hat: dem <strong>gesunden Menschenverstand<\/strong>.<\/p>\n<\/div>\n<\/div>\n\n<\/div><\/div><\/section>\n\n<section class=\"content-block-bg alignfull\" style=\"background: linear-gradient(0deg, rgba(0, 0, 0, 60%), rgba(0, 0, 0, 60%)), url(https:\/\/www.bancasempione.ch\/wp-content\/uploads\/Banca-Sempione-Team-518920.jpg) ;  background-position-x: 50% !important; min-height: 100vh !important;  min-height:10vh;\"><div class=\"content-block is-position-center-left  has-white-color has-text-color \" style=\"min-height: 100vh !important;  min-height:10vh;\" ><div class=\"wp-block-cover__inner-container\">\n\n<p class=\"has-text-align-center has-primario-color has-text-color\" style=\"text-transform:uppercase\">GOVERNANCE<\/p>\n\n\n\n<h3 class=\"wp-block-heading has-text-align-center has-titolo-xl-font-size\" id=\"splitme\" style=\"font-style:normal;font-weight:300\">Die <strong>Werte einer Bank<\/strong> werden zu denen einer gro\u00dfen Gruppe aus verschiedenen Gesellschaften, die jedoch als <strong>Team zusammenarbeiten<\/strong>.<\/h3>\n\n\n\n<div class=\"wp-block-buttons is-content-justification-center is-layout-flex wp-container-core-buttons-is-layout-a89b3969 wp-block-buttons-is-layout-flex\">\n<div class=\"wp-block-button\"><a class=\"wp-block-button__link wp-element-button\" href=\"https:\/\/bancasempione.ch\/de\/governance\/\">UNSERE GOVERNANCE<\/a><\/div>\n<\/div>\n\n<\/div><\/div><\/section>\n\n\n<div class=\"wp-block-group alignfull gradient-follow-mouse is-layout-flow wp-block-group-is-layout-flow\"><section class=\"content-block-bg alignfull\" style=\"min-height: 100vh !important;  min-height:10vh;\"><div class=\"content-block is-position-center-center  has-black-color has-text-color \" style=\"min-height: 100vh !important;  min-height:10vh;\" ><div class=\"wp-block-cover__inner-container\">\n\n<div class=\"wp-block-columns is-layout-flex wp-container-core-columns-is-layout-e9dadf76 wp-block-columns-is-layout-flex\" style=\"margin-top:var(--wp--preset--spacing--80);padding-top:0;padding-right:0;padding-bottom:0;padding-left:0\">\n<div class=\"wp-block-column is-vertically-aligned-top is-layout-flow wp-block-column-is-layout-flow\" style=\"flex-basis:40%\">\n<p class=\"has-text-align-left has-primario-color has-text-color\" style=\"text-transform:uppercase\">DIENSTLEISTUNGEN<\/p>\n\n\n\n<p class=\"has-titolo-xl-font-size\" style=\"font-style:normal;font-weight:300\"><strong>Die Instrumente und Dienstleistungen<\/strong> f\u00fcr Sie<\/p>\n<\/div>\n\n\n\n<div class=\"wp-block-column is-layout-flow wp-block-column-is-layout-flow\">\n<p><\/p>\n<\/div>\n\n\n\n<div class=\"wp-block-column is-layout-flow wp-block-column-is-layout-flow\" style=\"flex-basis:50%\">\n<div style=\"height:80px\" aria-hidden=\"true\" class=\"wp-block-spacer no-mobile\"><\/div>\n\n\n<style>\n      .ordered-list p,\n      .ordered-list span {\n        display: inline-block;\n      }\n      .ordered-list {\n        position: relative;\n        white-space: nowrap;\n        width: 100%;\n      }\n      .ordered-list p {\n        width: calc(100% - 45px);\n        white-space: initial;\n        box-sizing: border-box;\n        padding-right: 34px;\n      }\n      .ordered-list span {\n        vertical-align: top;\n        padding-top: 20px;\n        padding-right: 10px;\n        width: 25px; \n      }\n      .ordered-list hr {\n        margin-top:var(--wp--preset--spacing--50);\n        margin-bottom:var(--wp--preset--spacing--50);\n      }\n      .ordered-list p:after {\n  content: url(\"data:image\/svg+xml,%3Csvg xmlns='http:\/\/www.w3.org\/2000\/svg' width='31.437' height='32.659' fill='none' stroke='%2300a7ff' stroke-width='2' xmlns:v='https:\/\/vecta.io\/nano'%3E%3Cpath d='M.302 1h30.117v30.963'\/%3E%3Cpath d='M30.719.964l-30 31'\/%3E%3C\/svg%3E\");\n  position: absolute;\n  opacity: 1;\n  right: 0;\n  top: 50%;\n  transform: translateY(-50%);\n  transition: transform 0.3s ease;\n}\n.ordered-list p:hover:after,\n.wp-block-query .wp-block-post-title:hover::after {\n  transform: translate3d(5px, -60%, 0);\n}\n      \n<\/style>\n    \n <hr class=\"wp-block-separator has-alpha-channel-opacity is-style-wide\" style=\"margin-bottom:var(--wp--preset--spacing--50)\">    \n    <div  class=\"ordered-list\">\n      <span>01<\/span>\n      <a href=\"https:\/\/bancasempione.ch\/de\/dienstleistungen\/vermogensverwaltungsmandat\/\" ><p class=\"has-titolo-font-size\">Verm\u00f6gensverwaltungsmandat<\/p><\/a>\n      \n      <hr class=\"wp-block-separator has-alpha-channel-opacity is-style-wide\">\n      <\/div>\n    \n    <div  class=\"ordered-list\">\n      <span>02<\/span>\n      <a href=\"https:\/\/bancasempione.ch\/de\/dienstleistungen\/beratungsmandat\/\" ><p class=\"has-titolo-font-size\">Beratungsmandat<\/p><\/a>\n      \n      <hr class=\"wp-block-separator has-alpha-channel-opacity is-style-wide\">\n      <\/div>\n    \n    <div  class=\"ordered-list\">\n      <span>03<\/span>\n      <a href=\"https:\/\/bancasempione.ch\/de\/dienstleistungen\/execution-only\/\" ><p class=\"has-titolo-font-size\">Execution Only<\/p><\/a>\n      \n      <hr class=\"wp-block-separator has-alpha-channel-opacity is-style-wide\">\n      <\/div>\n    \n    <div  class=\"ordered-list\">\n      <span>04<\/span>\n      <a href=\"https:\/\/bancasempione.ch\/de\/dienstleistungen\/finanzierungslosungen\/\" ><p class=\"has-titolo-font-size\">Finanzierungsl\u00f6sungen<\/p><\/a>\n      \n      <hr class=\"wp-block-separator has-alpha-channel-opacity is-style-wide\">\n      <\/div>\n    \n    <div  class=\"ordered-list\">\n      <span>05<\/span>\n      <a href=\"https:\/\/bancasempione.ch\/de\/dienstleistungen\/zusatzleistungen\/\" target=\"_blank\"><p class=\"has-titolo-font-size\">Zusatzleistungen<\/p><\/a>\n      \n      <hr class=\"wp-block-separator has-alpha-channel-opacity is-style-wide\">\n      <\/div>\n<\/div>\n<\/div>\n\n<\/div><\/div><\/section><\/div>\n\n\n\n<div class=\"wp-block-group alignfull has-background is-layout-flow wp-block-group-is-layout-flow\" style=\"background-color:#eeeeee;margin-top:0vh;margin-bottom:0vw;padding-top:8vh;padding-bottom:8vh\">\n<p class=\"has-text-align-center has-primario-color has-text-color\" style=\"text-transform:uppercase\">IHRE KARRIERE BEI UNS<\/p>\n\n\n\n<p class=\"has-text-align-center has-titolo-xl-font-size\">Entdecken Sie unsere <strong>offenen Stellen<\/strong><br>und kommen Sie in <strong>unserer Team<\/strong><\/p>\n\n\n\n<div class=\"wp-block-buttons is-content-justification-center is-layout-flex wp-container-core-buttons-is-layout-ba9ea59f wp-block-buttons-is-layout-flex\" style=\"margin-top:var(--wp--preset--spacing--60)\">\n<div class=\"wp-block-button\"><a class=\"wp-block-button__link wp-element-button\" href=\"https:\/\/bancasempione.ch\/de\/ihre-karriere-bei-uns\/\">SENDEN SIE UNS IHRE BEWERBUNG<\/a><\/div>\n<\/div>\n<\/div>\n","protected":false},"excerpt":{"rendered":"<p>Seit 1960 ist die Privatbank mit globaler Vision ein Bezugspunkt f\u00fcr Privatkunden und Investoren, die Diskretion und personalisierte Dienstleistungen suchen.<\/p>\n","protected":false},"author":1,"featured_media":20765,"parent":0,"menu_order":0,"comment_status":"closed","ping_status":"closed","template":"Light Header","meta":{"_acf_changed":false,"footnotes":""},"class_list":["post-20764","page","type-page","status-publish","has-post-thumbnail","hentry"],"acf":[],"yoast_head":"<!-- This site is optimized with the Yoast SEO plugin v27.4 - https:\/\/yoast.com\/product\/yoast-seo-wordpress\/ -->\n<title>Bank - Banca del Sempione<\/title>\n<meta name=\"robots\" content=\"index, follow, max-snippet:-1, max-image-preview:large, max-video-preview:-1\" \/>\n<link rel=\"canonical\" href=\"https:\/\/www.bancasempione.ch\/de\/bank\/\" \/>\n<meta property=\"og:locale\" content=\"de_DE\" \/>\n<meta property=\"og:type\" content=\"article\" \/>\n<meta property=\"og:title\" content=\"Bank - Banca del Sempione\" \/>\n<meta property=\"og:description\" content=\"Seit 1960 ist die Privatbank mit globaler Vision ein Bezugspunkt f\u00fcr Privatkunden und Investoren, die Diskretion und personalisierte Dienstleistungen suchen.\" \/>\n<meta property=\"og:url\" content=\"https:\/\/www.bancasempione.ch\/de\/bank\/\" \/>\n<meta property=\"og:site_name\" content=\"Banca del Sempione\" \/>\n<meta property=\"article:publisher\" content=\"https:\/\/www.facebook.com\/profile.php?id=100075458006919\" \/>\n<meta property=\"article:modified_time\" content=\"2025-11-26T11:17:20+00:00\" \/>\n<meta property=\"og:image\" content=\"https:\/\/www.bancasempione.ch\/wp-content\/uploads\/Banca-Sempione-Team-212654.jpg\" \/>\n\t<meta property=\"og:image:width\" content=\"2000\" \/>\n\t<meta property=\"og:image:height\" content=\"1333\" \/>\n\t<meta property=\"og:image:type\" content=\"image\/jpeg\" \/>\n<meta name=\"twitter:card\" content=\"summary_large_image\" \/>\n<meta name=\"twitter:label1\" content=\"Gesch\u00e4tzte Lesezeit\" \/>\n\t<meta name=\"twitter:data1\" content=\"4\u00a0Minuten\" \/>\n<script type=\"application\/ld+json\" class=\"yoast-schema-graph\">{\"@context\":\"https:\\\/\\\/schema.org\",\"@graph\":[{\"@type\":\"WebPage\",\"@id\":\"https:\\\/\\\/www.bancasempione.ch\\\/de\\\/bank\\\/\",\"url\":\"https:\\\/\\\/www.bancasempione.ch\\\/de\\\/bank\\\/\",\"name\":\"Bank - Banca del Sempione\",\"isPartOf\":{\"@id\":\"https:\\\/\\\/www.bancasempione.ch\\\/de\\\/#website\"},\"primaryImageOfPage\":{\"@id\":\"https:\\\/\\\/www.bancasempione.ch\\\/de\\\/bank\\\/#primaryimage\"},\"image\":{\"@id\":\"https:\\\/\\\/www.bancasempione.ch\\\/de\\\/bank\\\/#primaryimage\"},\"thumbnailUrl\":\"https:\\\/\\\/www.bancasempione.ch\\\/wp-content\\\/uploads\\\/Banca-Sempione-Team-212654.jpg\",\"datePublished\":\"2023-05-09T12:43:14+00:00\",\"dateModified\":\"2025-11-26T11:17:20+00:00\",\"breadcrumb\":{\"@id\":\"https:\\\/\\\/www.bancasempione.ch\\\/de\\\/bank\\\/#breadcrumb\"},\"inLanguage\":\"de\",\"potentialAction\":[{\"@type\":\"ReadAction\",\"target\":[\"https:\\\/\\\/www.bancasempione.ch\\\/de\\\/bank\\\/\"]}]},{\"@type\":\"ImageObject\",\"inLanguage\":\"de\",\"@id\":\"https:\\\/\\\/www.bancasempione.ch\\\/de\\\/bank\\\/#primaryimage\",\"url\":\"https:\\\/\\\/www.bancasempione.ch\\\/wp-content\\\/uploads\\\/Banca-Sempione-Team-212654.jpg\",\"contentUrl\":\"https:\\\/\\\/www.bancasempione.ch\\\/wp-content\\\/uploads\\\/Banca-Sempione-Team-212654.jpg\",\"width\":2000,\"height\":1333},{\"@type\":\"BreadcrumbList\",\"@id\":\"https:\\\/\\\/www.bancasempione.ch\\\/de\\\/bank\\\/#breadcrumb\",\"itemListElement\":[{\"@type\":\"ListItem\",\"position\":1,\"name\":\"Home\",\"item\":\"https:\\\/\\\/www.bancasempione.ch\\\/de\\\/\"},{\"@type\":\"ListItem\",\"position\":2,\"name\":\"Bank\"}]},{\"@type\":\"WebSite\",\"@id\":\"https:\\\/\\\/www.bancasempione.ch\\\/de\\\/#website\",\"url\":\"https:\\\/\\\/www.bancasempione.ch\\\/de\\\/\",\"name\":\"Banca del Sempione\",\"description\":\"\",\"publisher\":{\"@id\":\"https:\\\/\\\/www.bancasempione.ch\\\/de\\\/#organization\"},\"potentialAction\":[{\"@type\":\"SearchAction\",\"target\":{\"@type\":\"EntryPoint\",\"urlTemplate\":\"https:\\\/\\\/www.bancasempione.ch\\\/de\\\/?s={search_term_string}\"},\"query-input\":{\"@type\":\"PropertyValueSpecification\",\"valueRequired\":true,\"valueName\":\"search_term_string\"}}],\"inLanguage\":\"de\"},{\"@type\":\"Organization\",\"@id\":\"https:\\\/\\\/www.bancasempione.ch\\\/de\\\/#organization\",\"name\":\"Banca del Sempione\",\"url\":\"https:\\\/\\\/www.bancasempione.ch\\\/de\\\/\",\"logo\":{\"@type\":\"ImageObject\",\"inLanguage\":\"de\",\"@id\":\"https:\\\/\\\/www.bancasempione.ch\\\/de\\\/#\\\/schema\\\/logo\\\/image\\\/\",\"url\":\"https:\\\/\\\/www.bancasempione.ch\\\/wp-content\\\/uploads\\\/bancadelsempione_eng.svg\",\"contentUrl\":\"https:\\\/\\\/www.bancasempione.ch\\\/wp-content\\\/uploads\\\/bancadelsempione_eng.svg\",\"caption\":\"Banca del Sempione\"},\"image\":{\"@id\":\"https:\\\/\\\/www.bancasempione.ch\\\/de\\\/#\\\/schema\\\/logo\\\/image\\\/\"},\"sameAs\":[\"https:\\\/\\\/www.facebook.com\\\/profile.php?id=100075458006919\",\"https:\\\/\\\/www.linkedin.com\\\/company\\\/bancasempione\\\/\",\"https:\\\/\\\/www.instagram.com\\\/bancasempione\\\/\"]}]}<\/script>\n<!-- \/ Yoast SEO plugin. -->","yoast_head_json":{"title":"Bank - Banca del Sempione","robots":{"index":"index","follow":"follow","max-snippet":"max-snippet:-1","max-image-preview":"max-image-preview:large","max-video-preview":"max-video-preview:-1"},"canonical":"https:\/\/www.bancasempione.ch\/de\/bank\/","og_locale":"de_DE","og_type":"article","og_title":"Bank - Banca del Sempione","og_description":"Seit 1960 ist die Privatbank mit globaler Vision ein Bezugspunkt f\u00fcr Privatkunden und Investoren, die Diskretion und personalisierte Dienstleistungen suchen.","og_url":"https:\/\/www.bancasempione.ch\/de\/bank\/","og_site_name":"Banca del Sempione","article_publisher":"https:\/\/www.facebook.com\/profile.php?id=100075458006919","article_modified_time":"2025-11-26T11:17:20+00:00","og_image":[{"width":2000,"height":1333,"url":"https:\/\/www.bancasempione.ch\/wp-content\/uploads\/Banca-Sempione-Team-212654.jpg","type":"image\/jpeg"}],"twitter_card":"summary_large_image","twitter_misc":{"Gesch\u00e4tzte Lesezeit":"4\u00a0Minuten"},"schema":{"@context":"https:\/\/schema.org","@graph":[{"@type":"WebPage","@id":"https:\/\/www.bancasempione.ch\/de\/bank\/","url":"https:\/\/www.bancasempione.ch\/de\/bank\/","name":"Bank - Banca del Sempione","isPartOf":{"@id":"https:\/\/www.bancasempione.ch\/de\/#website"},"primaryImageOfPage":{"@id":"https:\/\/www.bancasempione.ch\/de\/bank\/#primaryimage"},"image":{"@id":"https:\/\/www.bancasempione.ch\/de\/bank\/#primaryimage"},"thumbnailUrl":"https:\/\/www.bancasempione.ch\/wp-content\/uploads\/Banca-Sempione-Team-212654.jpg","datePublished":"2023-05-09T12:43:14+00:00","dateModified":"2025-11-26T11:17:20+00:00","breadcrumb":{"@id":"https:\/\/www.bancasempione.ch\/de\/bank\/#breadcrumb"},"inLanguage":"de","potentialAction":[{"@type":"ReadAction","target":["https:\/\/www.bancasempione.ch\/de\/bank\/"]}]},{"@type":"ImageObject","inLanguage":"de","@id":"https:\/\/www.bancasempione.ch\/de\/bank\/#primaryimage","url":"https:\/\/www.bancasempione.ch\/wp-content\/uploads\/Banca-Sempione-Team-212654.jpg","contentUrl":"https:\/\/www.bancasempione.ch\/wp-content\/uploads\/Banca-Sempione-Team-212654.jpg","width":2000,"height":1333},{"@type":"BreadcrumbList","@id":"https:\/\/www.bancasempione.ch\/de\/bank\/#breadcrumb","itemListElement":[{"@type":"ListItem","position":1,"name":"Home","item":"https:\/\/www.bancasempione.ch\/de\/"},{"@type":"ListItem","position":2,"name":"Bank"}]},{"@type":"WebSite","@id":"https:\/\/www.bancasempione.ch\/de\/#website","url":"https:\/\/www.bancasempione.ch\/de\/","name":"Banca del Sempione","description":"","publisher":{"@id":"https:\/\/www.bancasempione.ch\/de\/#organization"},"potentialAction":[{"@type":"SearchAction","target":{"@type":"EntryPoint","urlTemplate":"https:\/\/www.bancasempione.ch\/de\/?s={search_term_string}"},"query-input":{"@type":"PropertyValueSpecification","valueRequired":true,"valueName":"search_term_string"}}],"inLanguage":"de"},{"@type":"Organization","@id":"https:\/\/www.bancasempione.ch\/de\/#organization","name":"Banca del Sempione","url":"https:\/\/www.bancasempione.ch\/de\/","logo":{"@type":"ImageObject","inLanguage":"de","@id":"https:\/\/www.bancasempione.ch\/de\/#\/schema\/logo\/image\/","url":"https:\/\/www.bancasempione.ch\/wp-content\/uploads\/bancadelsempione_eng.svg","contentUrl":"https:\/\/www.bancasempione.ch\/wp-content\/uploads\/bancadelsempione_eng.svg","caption":"Banca del Sempione"},"image":{"@id":"https:\/\/www.bancasempione.ch\/de\/#\/schema\/logo\/image\/"},"sameAs":["https:\/\/www.facebook.com\/profile.php?id=100075458006919","https:\/\/www.linkedin.com\/company\/bancasempione\/","https:\/\/www.instagram.com\/bancasempione\/"]}]}},"_links":{"self":[{"href":"https:\/\/www.bancasempione.ch\/de\/wp-json\/wp\/v2\/pages\/20764","targetHints":{"allow":["GET"]}}],"collection":[{"href":"https:\/\/www.bancasempione.ch\/de\/wp-json\/wp\/v2\/pages"}],"about":[{"href":"https:\/\/www.bancasempione.ch\/de\/wp-json\/wp\/v2\/types\/page"}],"author":[{"embeddable":true,"href":"https:\/\/www.bancasempione.ch\/de\/wp-json\/wp\/v2\/users\/1"}],"replies":[{"embeddable":true,"href":"https:\/\/www.bancasempione.ch\/de\/wp-json\/wp\/v2\/comments?post=20764"}],"version-history":[{"count":3,"href":"https:\/\/www.bancasempione.ch\/de\/wp-json\/wp\/v2\/pages\/20764\/revisions"}],"predecessor-version":[{"id":22331,"href":"https:\/\/www.bancasempione.ch\/de\/wp-json\/wp\/v2\/pages\/20764\/revisions\/22331"}],"wp:featuredmedia":[{"embeddable":true,"href":"https:\/\/www.bancasempione.ch\/de\/wp-json\/wp\/v2\/media\/20765"}],"wp:attachment":[{"href":"https:\/\/www.bancasempione.ch\/de\/wp-json\/wp\/v2\/media?parent=20764"}],"curies":[{"name":"wp","href":"https:\/\/api.w.org\/{rel}","templated":true}]}}