{"id":5416,"date":"2023-05-09T14:43:14","date_gmt":"2023-05-09T12:43:14","guid":{"rendered":"https:\/\/bancasempionenew.team99.it\/el-banco\/"},"modified":"2024-03-05T10:38:09","modified_gmt":"2024-03-05T09:38:09","slug":"el-banco","status":"publish","type":"page","link":"https:\/\/www.bancasempione.ch\/es\/el-banco\/","title":{"rendered":"El Banco"},"content":{"rendered":"<section class=\"content-block-bg alignfull\" style=\"background: linear-gradient(0deg, rgba(0, 0, 0, 50%), rgba(0, 0, 0, 50%)), url(https:\/\/www.bancasempione.ch\/wp-content\/uploads\/banca_sempione_foto_sede_esterna.jpg) ;  background-position-x: 50% !important; min-height: 100vh !important;  min-height:10vh;\"><div class=\"content-block is-position-center-left  has-white-color has-text-color \" style=\"min-height: 100vh !important;  min-height:10vh;\" ><div class=\"wp-block-cover__inner-container\">\n\n<p class=\"has-text-align-left has-primario-color has-text-color\" style=\"text-transform:uppercase\">EL banco<\/p>\n\n\n\n<h1 class=\"wp-block-heading has-text-align-left has-titolo-xxxl-font-size\" style=\"font-style:normal;font-weight:300\"><strong>Banca del Sempione<\/strong>:<br>su Banco Privado de confianza<\/h1>\n\n<\/div><\/div><\/section>\n\n\n<div class=\"wp-block-group alignfull has-background has-global-padding is-layout-constrained wp-block-group-is-layout-constrained\" id=\"AFTER-HERO\" style=\"background-color:#eeeeee;padding-top:12vh;padding-bottom:12vh\">\n<div class=\"wp-block-columns is-layout-flex wp-container-core-columns-is-layout-28f84493 wp-block-columns-is-layout-flex\">\n<div class=\"wp-block-column is-layout-flow wp-block-column-is-layout-flow\" style=\"flex-basis:10%\"><\/div>\n\n\n\n<div class=\"wp-block-column is-layout-flow wp-block-column-is-layout-flow\" style=\"flex-basis:90%\">\n<h2 class=\"wp-block-heading has-text-align-center has-titolo-xl-font-size\" style=\"font-style:normal;font-weight:300\">Desde 1960, el <strong>Banco privado con una visi\u00f3n global<\/strong> es un punto de referencia para familias e inversores que buscan <strong>discreci\u00f3n y servicios personalizados<\/strong>.<\/h2>\n<\/div>\n\n\n\n<div class=\"wp-block-column is-layout-flow wp-block-column-is-layout-flow\" style=\"flex-basis:10%\"><\/div>\n<\/div>\n<\/div>\n\n\n<section class=\"content-block-bg alignfull\" style=\"background: linear-gradient(0deg, rgba(0, 0, 0, 30%), rgba(0, 0, 0, 30%)), url(https:\/\/www.bancasempione.ch\/wp-content\/uploads\/Raggruppa-13713-e1683709782174.jpg) ;  background-position-x: 50% !important; min-height: 100vh !important;  min-height:10vh;\"><div class=\"content-block is-position-center-center  has-white-color has-text-color \" style=\"min-height: 100vh !important;  min-height:10vh;\" ><div class=\"wp-block-cover__inner-container\">\n\n<div class=\"wp-block-columns is-layout-flex wp-container-core-columns-is-layout-e9dadf76 wp-block-columns-is-layout-flex\" style=\"margin-top:var(--wp--preset--spacing--80);padding-top:0;padding-right:0;padding-bottom:0;padding-left:0\">\n<div class=\"wp-block-column is-vertically-aligned-top is-layout-flow wp-block-column-is-layout-flow\" style=\"flex-basis:40%\">\n<p class=\"has-text-align-left has-primario-color has-text-color\" style=\"text-transform:uppercase\">EL BANCO<\/p>\n\n\n\n<h3 class=\"wp-block-heading has-text-align-left has-titolo-xl-font-size\" style=\"font-style:normal;font-weight:300\">Especialistas suizos <strong>en Private Banking<\/strong><\/h3>\n<\/div>\n\n\n\n<div class=\"wp-block-column is-layout-flow wp-block-column-is-layout-flow\">\n<p><\/p>\n<\/div>\n\n\n\n<div class=\"wp-block-column is-layout-flow wp-block-column-is-layout-flow\" style=\"flex-basis:50%\">\n<div style=\"height:80px\" aria-hidden=\"true\" class=\"wp-block-spacer no-mobile\"><\/div>\n\n\n\n<h4 class=\"wp-block-heading has-titolo-font-size\" style=\"font-style:normal;font-weight:300\">Desde hace m\u00e1s de 60 a\u00f1os, somos el <strong>socio de referencia<\/strong> en Suiza para quienes buscan <strong>discreci\u00f3n<\/strong>, <strong>competencia<\/strong> y <strong>flexibilidad<\/strong>.<\/h4>\n\n\n\n<p>Somos un banco local, cercano a sus necesidades, con servicios a medida y personal siempre a su disposici\u00f3n en las oficinas de Lugano, Bellinzona, Chiasso y Locarno. Adem\u00e1s, podemos ofrecerle una visi\u00f3n global de los mercados financieros y las operaciones internacionales, para que pueda aprovechar las mejores oportunidades de inversi\u00f3n.<br><br>Esto es posible gracias a nuestro modelo bancario, basado en la escucha y el di\u00e1logo, para comprender plenamente sus necesidades y ofrecerle las soluciones m\u00e1s eficaces para ayudarle a gestionar su capital. Por eso, hoy y ma\u00f1ana, somos su Banco Privado de confianza.<\/p>\n<\/div>\n<\/div>\n\n\n\n<div style=\"height:8vh\" aria-hidden=\"true\" class=\"wp-block-spacer\"><\/div>\n\n\n\n<div class=\"wp-block-columns is-layout-flex wp-container-core-columns-is-layout-e9dadf76 wp-block-columns-is-layout-flex\" style=\"margin-top:var(--wp--preset--spacing--80);padding-top:0;padding-right:0;padding-bottom:0;padding-left:0\">\n<div class=\"wp-block-column is-vertically-aligned-top is-layout-flow wp-block-column-is-layout-flow\" style=\"flex-basis:40%\">\n<p class=\"has-text-align-left has-primario-color has-text-color\" style=\"text-transform:uppercase\">EL MODELO<\/p>\n\n\n\n<h3 class=\"wp-block-heading has-text-align-left has-titolo-xl-font-size\" style=\"font-style:normal;font-weight:300\">Un valor <strong>basado en la confianza<\/strong><\/h3>\n<\/div>\n\n\n\n<div class=\"wp-block-column is-layout-flow wp-block-column-is-layout-flow\">\n<p><\/p>\n<\/div>\n\n\n\n<div class=\"wp-block-column is-layout-flow wp-block-column-is-layout-flow\" style=\"flex-basis:50%\">\n<div style=\"height:80px\" aria-hidden=\"true\" class=\"wp-block-spacer no-mobile\"><\/div>\n\n\n\n<h4 class=\"wp-block-heading has-titolo-font-size\" style=\"font-style:normal;font-weight:300\">El camino de los mercados financieros es <strong>complejo y cuesta arriba<\/strong>. Para <strong>llegar a lo m\u00e1s alto<\/strong> evitando los riesgos y gestionando los propios bienes y ahorros de la mejor manera posible es necesario confiar en una <strong>gu\u00eda experta<\/strong>.<\/h4>\n\n\n\n<p>Nosotros somos esa gu\u00eda: <strong>un equipo de mujeres y hombres<\/strong> que pueden ayudarle a tomar las decisiones correctas y a identificar el mejor camino y las mejores estrategias para <strong>alcanzar sus resultados<\/strong>.<\/p>\n\n\n\n<p><strong>Es nuestro trabajo<\/strong>, que hacemos cada d\u00eda con pasi\u00f3n, determinaci\u00f3n y ese ingrediente extra que siempre nos ha caracterizado: el <strong>sentido com\u00fan<\/strong>.<\/p>\n<\/div>\n<\/div>\n\n<\/div><\/div><\/section>\n\n<section class=\"content-block-bg alignfull\" style=\"background: linear-gradient(0deg, rgba(0, 0, 0, 60%), rgba(0, 0, 0, 60%)), url(https:\/\/www.bancasempione.ch\/wp-content\/uploads\/Banca-Sempione-Team-518920.jpg) ;  background-position-x: 50% !important; min-height: 100vh !important;  min-height:10vh;\"><div class=\"content-block is-position-center-left  has-white-color has-text-color \" style=\"min-height: 100vh !important;  min-height:10vh;\" ><div class=\"wp-block-cover__inner-container\">\n\n<p class=\"has-text-align-center has-primario-color has-text-color\" style=\"text-transform:uppercase\">GOBIERNO CORPORATIVO<\/p>\n\n\n\n<h3 class=\"wp-block-heading has-text-align-center has-titolo-xl-font-size\" id=\"splitme\" style=\"font-style:normal;font-weight:300\">Los <strong>valores de un Banco<\/strong> se convierten en los de un gran grupo formado por diferentes empresas pero nacidas para <strong>trabajar en equipo<\/strong>. <\/h3>\n\n\n\n<div class=\"wp-block-buttons is-content-justification-center is-layout-flex wp-container-core-buttons-is-layout-a89b3969 wp-block-buttons-is-layout-flex\">\n<div class=\"wp-block-button\"><a class=\"wp-block-button__link wp-element-button\" href=\"https:\/\/bancasempione.ch\/es\/gobierno-corporativo\/\">NUESTRO GOBIERNO CORPORATIVO<\/a><\/div>\n<\/div>\n\n<\/div><\/div><\/section>\n\n\n<div class=\"wp-block-group alignfull gradient-follow-mouse is-layout-flow wp-block-group-is-layout-flow\"><section class=\"content-block-bg alignfull\" style=\"min-height: 100vh !important;  min-height:10vh;\"><div class=\"content-block is-position-center-center  has-black-color has-text-color \" style=\"min-height: 100vh !important;  min-height:10vh;\" ><div class=\"wp-block-cover__inner-container\">\n\n<div class=\"wp-block-columns is-layout-flex wp-container-core-columns-is-layout-e9dadf76 wp-block-columns-is-layout-flex\" style=\"margin-top:var(--wp--preset--spacing--80);padding-top:0;padding-right:0;padding-bottom:0;padding-left:0\">\n<div class=\"wp-block-column is-vertically-aligned-top is-layout-flow wp-block-column-is-layout-flow\" style=\"flex-basis:40%\">\n<p class=\"has-text-align-left has-primario-color has-text-color\" style=\"text-transform:uppercase\">SERVICIOS<\/p>\n\n\n\n<p class=\"has-titolo-xl-font-size\" style=\"font-style:normal;font-weight:300\"><strong>Instrumentos y servicios<\/strong> a su disposici\u00f3n<\/p>\n<\/div>\n\n\n\n<div class=\"wp-block-column is-layout-flow wp-block-column-is-layout-flow\">\n<p><\/p>\n<\/div>\n\n\n\n<div class=\"wp-block-column is-layout-flow wp-block-column-is-layout-flow\" style=\"flex-basis:50%\">\n<div style=\"height:80px\" aria-hidden=\"true\" class=\"wp-block-spacer no-mobile\"><\/div>\n\n\n<style>\n      .ordered-list p,\n      .ordered-list span {\n        display: inline-block;\n      }\n      .ordered-list {\n        position: relative;\n        white-space: nowrap;\n        width: 100%;\n      }\n      .ordered-list p {\n        width: calc(100% - 45px);\n        white-space: initial;\n        box-sizing: border-box;\n        padding-right: 34px;\n      }\n      .ordered-list span {\n        vertical-align: top;\n        padding-top: 20px;\n        padding-right: 10px;\n        width: 25px; \n      }\n      .ordered-list hr {\n        margin-top:var(--wp--preset--spacing--50);\n        margin-bottom:var(--wp--preset--spacing--50);\n      }\n      .ordered-list p:after {\n  content: url(\"data:image\/svg+xml,%3Csvg xmlns='http:\/\/www.w3.org\/2000\/svg' width='31.437' height='32.659' fill='none' stroke='%2300a7ff' stroke-width='2' xmlns:v='https:\/\/vecta.io\/nano'%3E%3Cpath d='M.302 1h30.117v30.963'\/%3E%3Cpath d='M30.719.964l-30 31'\/%3E%3C\/svg%3E\");\n  position: absolute;\n  opacity: 1;\n  right: 0;\n  top: 50%;\n  transform: translateY(-50%);\n  transition: transform 0.3s ease;\n}\n.ordered-list p:hover:after,\n.wp-block-query .wp-block-post-title:hover::after {\n  transform: translate3d(5px, -60%, 0);\n}\n      \n<\/style>\n    \n <hr class=\"wp-block-separator has-alpha-channel-opacity is-style-wide\" style=\"margin-bottom:var(--wp--preset--spacing--50)\">    \n    <div  class=\"ordered-list\">\n      <span>01<\/span>\n      <a href=\"https:\/\/bancasempione.ch\/es\/servicios\/mandatos-de-gestion\/\" ><p class=\"has-titolo-font-size\">Mandatos de Gesti\u00f3n<\/p><\/a>\n      \n      <hr class=\"wp-block-separator has-alpha-channel-opacity is-style-wide\">\n      <\/div>\n    \n    <div  class=\"ordered-list\">\n      <span>02<\/span>\n      <a href=\"https:\/\/bancasempione.ch\/es\/servicios\/mandato-de-asesoramiento\/\" ><p class=\"has-titolo-font-size\">Mandato de Asesoramiento<\/p><\/a>\n      \n      <hr class=\"wp-block-separator has-alpha-channel-opacity is-style-wide\">\n      <\/div>\n    \n    <div  class=\"ordered-list\">\n      <span>03<\/span>\n      <a href=\"https:\/\/bancasempione.ch\/es\/servicios\/execution-only\/\" ><p class=\"has-titolo-font-size\">Execution Only<\/p><\/a>\n      \n      <hr class=\"wp-block-separator has-alpha-channel-opacity is-style-wide\">\n      <\/div>\n    \n    <div  class=\"ordered-list\">\n      <span>04<\/span>\n      <a href=\"https:\/\/bancasempione.ch\/es\/servicios\/soluciones-de-financiacion\/\" ><p class=\"has-titolo-font-size\">Soluciones de financiaci\u00f3n<\/p><\/a>\n      \n      <hr class=\"wp-block-separator has-alpha-channel-opacity is-style-wide\">\n      <\/div>\n    \n    <div  class=\"ordered-list\">\n      <span>05<\/span>\n      <a href=\"https:\/\/bancasempione.ch\/es\/servicios\/servicios-accesorios\/\" target=\"_blank\"><p class=\"has-titolo-font-size\">Servicios Accesorios<\/p><\/a>\n      \n      <hr class=\"wp-block-separator has-alpha-channel-opacity is-style-wide\">\n      <\/div>\n<\/div>\n<\/div>\n\n<\/div><\/div><\/section><\/div>\n\n\n\n<div class=\"wp-block-group alignfull has-background is-layout-flow wp-block-group-is-layout-flow\" style=\"background-color:#eeeeee;margin-top:0vh;margin-bottom:0vw;padding-top:8vh;padding-bottom:8vh\">\n<p class=\"has-text-align-center has-primario-color has-text-color\" style=\"text-transform:uppercase\">TRABAJA CON NOSOTROS<\/p>\n\n\n\n<p class=\"has-text-align-center has-titolo-xl-font-size\">Descubra los <strong>puestos vacantes<\/strong><br>y forme parte de <strong>nuestro equipo<\/strong><\/p>\n\n\n\n<div class=\"wp-block-buttons is-content-justification-center is-layout-flex wp-container-core-buttons-is-layout-ba9ea59f wp-block-buttons-is-layout-flex\" style=\"margin-top:var(--wp--preset--spacing--60)\">\n<div class=\"wp-block-button\"><a class=\"wp-block-button__link wp-element-button\" href=\"\/es\/jobs\/\">ENV\u00cdA TU CANDIDATURA<\/a><\/div>\n<\/div>\n<\/div>\n","protected":false},"excerpt":{"rendered":"<p>Desde 1960, el Banco privado con una visi\u00f3n global es un punto de referencia para familias e inversores que buscan discreci\u00f3n y servicios personalizados.<\/p>\n","protected":false},"author":1,"featured_media":5399,"parent":0,"menu_order":0,"comment_status":"closed","ping_status":"closed","template":"Light Header","meta":{"_acf_changed":false,"footnotes":""},"class_list":["post-5416","page","type-page","status-publish","has-post-thumbnail","hentry"],"acf":[],"yoast_head":"<!-- This site is optimized with the Yoast SEO plugin v27.4 - https:\/\/yoast.com\/product\/yoast-seo-wordpress\/ -->\n<title>El Banco - Banca del Sempione<\/title>\n<meta name=\"robots\" content=\"index, follow, max-snippet:-1, max-image-preview:large, max-video-preview:-1\" \/>\n<link rel=\"canonical\" href=\"https:\/\/www.bancasempione.ch\/es\/el-banco\/\" \/>\n<meta property=\"og:locale\" content=\"es_ES\" \/>\n<meta property=\"og:type\" content=\"article\" \/>\n<meta property=\"og:title\" content=\"El Banco - Banca del Sempione\" \/>\n<meta property=\"og:description\" content=\"Desde 1960, el Banco privado con una visi\u00f3n global es un punto de referencia para familias e inversores que buscan discreci\u00f3n y servicios personalizados.\" \/>\n<meta property=\"og:url\" content=\"https:\/\/www.bancasempione.ch\/es\/el-banco\/\" \/>\n<meta property=\"og:site_name\" content=\"Banca del Sempione\" \/>\n<meta property=\"article:publisher\" content=\"https:\/\/www.facebook.com\/profile.php?id=100075458006919\" \/>\n<meta property=\"article:modified_time\" content=\"2024-03-05T09:38:09+00:00\" \/>\n<meta property=\"og:image\" content=\"https:\/\/www.bancasempione.ch\/wp-content\/uploads\/Banca-Sempione-Team-212654.jpg\" \/>\n\t<meta property=\"og:image:width\" content=\"2000\" \/>\n\t<meta property=\"og:image:height\" content=\"1333\" \/>\n\t<meta property=\"og:image:type\" content=\"image\/jpeg\" \/>\n<meta name=\"twitter:card\" content=\"summary_large_image\" \/>\n<meta name=\"twitter:label1\" content=\"Tiempo de lectura\" \/>\n\t<meta name=\"twitter:data1\" content=\"2 minutos\" \/>\n<script type=\"application\/ld+json\" class=\"yoast-schema-graph\">{\"@context\":\"https:\\\/\\\/schema.org\",\"@graph\":[{\"@type\":\"WebPage\",\"@id\":\"https:\\\/\\\/www.bancasempione.ch\\\/es\\\/el-banco\\\/\",\"url\":\"https:\\\/\\\/www.bancasempione.ch\\\/es\\\/el-banco\\\/\",\"name\":\"El Banco - Banca del Sempione\",\"isPartOf\":{\"@id\":\"https:\\\/\\\/www.bancasempione.ch\\\/es\\\/#website\"},\"primaryImageOfPage\":{\"@id\":\"https:\\\/\\\/www.bancasempione.ch\\\/es\\\/el-banco\\\/#primaryimage\"},\"image\":{\"@id\":\"https:\\\/\\\/www.bancasempione.ch\\\/es\\\/el-banco\\\/#primaryimage\"},\"thumbnailUrl\":\"https:\\\/\\\/www.bancasempione.ch\\\/wp-content\\\/uploads\\\/Banca-Sempione-Team-212654.jpg\",\"datePublished\":\"2023-05-09T12:43:14+00:00\",\"dateModified\":\"2024-03-05T09:38:09+00:00\",\"breadcrumb\":{\"@id\":\"https:\\\/\\\/www.bancasempione.ch\\\/es\\\/el-banco\\\/#breadcrumb\"},\"inLanguage\":\"es\",\"potentialAction\":[{\"@type\":\"ReadAction\",\"target\":[\"https:\\\/\\\/www.bancasempione.ch\\\/es\\\/el-banco\\\/\"]}]},{\"@type\":\"ImageObject\",\"inLanguage\":\"es\",\"@id\":\"https:\\\/\\\/www.bancasempione.ch\\\/es\\\/el-banco\\\/#primaryimage\",\"url\":\"https:\\\/\\\/www.bancasempione.ch\\\/wp-content\\\/uploads\\\/Banca-Sempione-Team-212654.jpg\",\"contentUrl\":\"https:\\\/\\\/www.bancasempione.ch\\\/wp-content\\\/uploads\\\/Banca-Sempione-Team-212654.jpg\",\"width\":2000,\"height\":1333},{\"@type\":\"BreadcrumbList\",\"@id\":\"https:\\\/\\\/www.bancasempione.ch\\\/es\\\/el-banco\\\/#breadcrumb\",\"itemListElement\":[{\"@type\":\"ListItem\",\"position\":1,\"name\":\"Home\",\"item\":\"https:\\\/\\\/www.bancasempione.ch\\\/es\\\/\"},{\"@type\":\"ListItem\",\"position\":2,\"name\":\"El Banco\"}]},{\"@type\":\"WebSite\",\"@id\":\"https:\\\/\\\/www.bancasempione.ch\\\/es\\\/#website\",\"url\":\"https:\\\/\\\/www.bancasempione.ch\\\/es\\\/\",\"name\":\"Banca del Sempione\",\"description\":\"\",\"publisher\":{\"@id\":\"https:\\\/\\\/www.bancasempione.ch\\\/es\\\/#organization\"},\"potentialAction\":[{\"@type\":\"SearchAction\",\"target\":{\"@type\":\"EntryPoint\",\"urlTemplate\":\"https:\\\/\\\/www.bancasempione.ch\\\/es\\\/?s={search_term_string}\"},\"query-input\":{\"@type\":\"PropertyValueSpecification\",\"valueRequired\":true,\"valueName\":\"search_term_string\"}}],\"inLanguage\":\"es\"},{\"@type\":\"Organization\",\"@id\":\"https:\\\/\\\/www.bancasempione.ch\\\/es\\\/#organization\",\"name\":\"Banca del Sempione\",\"url\":\"https:\\\/\\\/www.bancasempione.ch\\\/es\\\/\",\"logo\":{\"@type\":\"ImageObject\",\"inLanguage\":\"es\",\"@id\":\"https:\\\/\\\/www.bancasempione.ch\\\/es\\\/#\\\/schema\\\/logo\\\/image\\\/\",\"url\":\"https:\\\/\\\/www.bancasempione.ch\\\/wp-content\\\/uploads\\\/bancadelsempione_eng.svg\",\"contentUrl\":\"https:\\\/\\\/www.bancasempione.ch\\\/wp-content\\\/uploads\\\/bancadelsempione_eng.svg\",\"caption\":\"Banca del Sempione\"},\"image\":{\"@id\":\"https:\\\/\\\/www.bancasempione.ch\\\/es\\\/#\\\/schema\\\/logo\\\/image\\\/\"},\"sameAs\":[\"https:\\\/\\\/www.facebook.com\\\/profile.php?id=100075458006919\",\"https:\\\/\\\/www.linkedin.com\\\/company\\\/bancasempione\\\/\",\"https:\\\/\\\/www.instagram.com\\\/bancasempione\\\/\"]}]}<\/script>\n<!-- \/ Yoast SEO plugin. -->","yoast_head_json":{"title":"El Banco - Banca del Sempione","robots":{"index":"index","follow":"follow","max-snippet":"max-snippet:-1","max-image-preview":"max-image-preview:large","max-video-preview":"max-video-preview:-1"},"canonical":"https:\/\/www.bancasempione.ch\/es\/el-banco\/","og_locale":"es_ES","og_type":"article","og_title":"El Banco - Banca del Sempione","og_description":"Desde 1960, el Banco privado con una visi\u00f3n global es un punto de referencia para familias e inversores que buscan discreci\u00f3n y servicios personalizados.","og_url":"https:\/\/www.bancasempione.ch\/es\/el-banco\/","og_site_name":"Banca del Sempione","article_publisher":"https:\/\/www.facebook.com\/profile.php?id=100075458006919","article_modified_time":"2024-03-05T09:38:09+00:00","og_image":[{"width":2000,"height":1333,"url":"https:\/\/www.bancasempione.ch\/wp-content\/uploads\/Banca-Sempione-Team-212654.jpg","type":"image\/jpeg"}],"twitter_card":"summary_large_image","twitter_misc":{"Tiempo de lectura":"2 minutos"},"schema":{"@context":"https:\/\/schema.org","@graph":[{"@type":"WebPage","@id":"https:\/\/www.bancasempione.ch\/es\/el-banco\/","url":"https:\/\/www.bancasempione.ch\/es\/el-banco\/","name":"El Banco - Banca del Sempione","isPartOf":{"@id":"https:\/\/www.bancasempione.ch\/es\/#website"},"primaryImageOfPage":{"@id":"https:\/\/www.bancasempione.ch\/es\/el-banco\/#primaryimage"},"image":{"@id":"https:\/\/www.bancasempione.ch\/es\/el-banco\/#primaryimage"},"thumbnailUrl":"https:\/\/www.bancasempione.ch\/wp-content\/uploads\/Banca-Sempione-Team-212654.jpg","datePublished":"2023-05-09T12:43:14+00:00","dateModified":"2024-03-05T09:38:09+00:00","breadcrumb":{"@id":"https:\/\/www.bancasempione.ch\/es\/el-banco\/#breadcrumb"},"inLanguage":"es","potentialAction":[{"@type":"ReadAction","target":["https:\/\/www.bancasempione.ch\/es\/el-banco\/"]}]},{"@type":"ImageObject","inLanguage":"es","@id":"https:\/\/www.bancasempione.ch\/es\/el-banco\/#primaryimage","url":"https:\/\/www.bancasempione.ch\/wp-content\/uploads\/Banca-Sempione-Team-212654.jpg","contentUrl":"https:\/\/www.bancasempione.ch\/wp-content\/uploads\/Banca-Sempione-Team-212654.jpg","width":2000,"height":1333},{"@type":"BreadcrumbList","@id":"https:\/\/www.bancasempione.ch\/es\/el-banco\/#breadcrumb","itemListElement":[{"@type":"ListItem","position":1,"name":"Home","item":"https:\/\/www.bancasempione.ch\/es\/"},{"@type":"ListItem","position":2,"name":"El Banco"}]},{"@type":"WebSite","@id":"https:\/\/www.bancasempione.ch\/es\/#website","url":"https:\/\/www.bancasempione.ch\/es\/","name":"Banca del Sempione","description":"","publisher":{"@id":"https:\/\/www.bancasempione.ch\/es\/#organization"},"potentialAction":[{"@type":"SearchAction","target":{"@type":"EntryPoint","urlTemplate":"https:\/\/www.bancasempione.ch\/es\/?s={search_term_string}"},"query-input":{"@type":"PropertyValueSpecification","valueRequired":true,"valueName":"search_term_string"}}],"inLanguage":"es"},{"@type":"Organization","@id":"https:\/\/www.bancasempione.ch\/es\/#organization","name":"Banca del Sempione","url":"https:\/\/www.bancasempione.ch\/es\/","logo":{"@type":"ImageObject","inLanguage":"es","@id":"https:\/\/www.bancasempione.ch\/es\/#\/schema\/logo\/image\/","url":"https:\/\/www.bancasempione.ch\/wp-content\/uploads\/bancadelsempione_eng.svg","contentUrl":"https:\/\/www.bancasempione.ch\/wp-content\/uploads\/bancadelsempione_eng.svg","caption":"Banca del Sempione"},"image":{"@id":"https:\/\/www.bancasempione.ch\/es\/#\/schema\/logo\/image\/"},"sameAs":["https:\/\/www.facebook.com\/profile.php?id=100075458006919","https:\/\/www.linkedin.com\/company\/bancasempione\/","https:\/\/www.instagram.com\/bancasempione\/"]}]}},"_links":{"self":[{"href":"https:\/\/www.bancasempione.ch\/es\/wp-json\/wp\/v2\/pages\/5416","targetHints":{"allow":["GET"]}}],"collection":[{"href":"https:\/\/www.bancasempione.ch\/es\/wp-json\/wp\/v2\/pages"}],"about":[{"href":"https:\/\/www.bancasempione.ch\/es\/wp-json\/wp\/v2\/types\/page"}],"author":[{"embeddable":true,"href":"https:\/\/www.bancasempione.ch\/es\/wp-json\/wp\/v2\/users\/1"}],"replies":[{"embeddable":true,"href":"https:\/\/www.bancasempione.ch\/es\/wp-json\/wp\/v2\/comments?post=5416"}],"version-history":[{"count":5,"href":"https:\/\/www.bancasempione.ch\/es\/wp-json\/wp\/v2\/pages\/5416\/revisions"}],"predecessor-version":[{"id":7972,"href":"https:\/\/www.bancasempione.ch\/es\/wp-json\/wp\/v2\/pages\/5416\/revisions\/7972"}],"wp:featuredmedia":[{"embeddable":true,"href":"https:\/\/www.bancasempione.ch\/es\/wp-json\/wp\/v2\/media\/5399"}],"wp:attachment":[{"href":"https:\/\/www.bancasempione.ch\/es\/wp-json\/wp\/v2\/media?parent=5416"}],"curies":[{"name":"wp","href":"https:\/\/api.w.org\/{rel}","templated":true}]}}