{"id":5434,"date":"2023-09-19T10:05:54","date_gmt":"2023-09-19T10:05:54","guid":{"rendered":"https:\/\/bancasempionenew.team99.it\/informacion-legal\/"},"modified":"2023-11-09T11:57:41","modified_gmt":"2023-11-09T11:57:41","slug":"informacion-legal","status":"publish","type":"page","link":"https:\/\/www.bancasempione.ch\/es\/area-legal\/informacion-legal\/","title":{"rendered":"Informaci\u00f3n legal"},"content":{"rendered":"\n<div class=\"wp-block-group has-global-padding is-layout-constrained wp-block-group-is-layout-constrained\">\n<div style=\"height:20vh\" aria-hidden=\"true\" class=\"wp-block-spacer\"><\/div>\n\n\n<h1 class=\"wp-block-post-title has-titolo-xxl-font-size\">Informaci\u00f3n legal<\/h1>\n\n\n<div style=\"height:36px\" aria-hidden=\"true\" class=\"wp-block-spacer\"><\/div>\n\n\n\n<h3 class=\"wp-block-heading has-titolo-font-size\">1. Consideraciones generales<\/h3>\n\n\n\n<p class=\"text-justify\">Al acceder a los sitios web de Banca Del Sempione SA (el Banco) y a sus p\u00e1ginas, el usuario declara haber comprendido y aceptado las siguientes condiciones.<\/p>\n\n\n\n<h3 class=\"wp-block-heading has-titolo-font-size\">2. Copyright<\/h3>\n\n\n\n<p class=\"has-text-align-left text-justify\">El contenido y la estructura de las p\u00e1ginas de los sitios est\u00e1n protegidos por copyright. Todos los derechos reservados. Se permite descargar o imprimir p\u00e1ginas individuales y\/o partes del sitio s\u00f3lo para fines privados, siempre que no se eliminen los avisos de copyright u otras denominaciones registradas. Sin embargo, estos procedimientos no confieren una licencia de uso o el derecho a utilizar una imagen, marca o logotipo. La descarga o reproducci\u00f3n de los sitios del Banco no le da al usuario ning\u00fan derecho sobre el software u otro material contenido en el sitio. El uso para fines distintos del uso privado (reproducci\u00f3n, utilizaci\u00f3n con fines p\u00fablicos o comerciales, etc.) est\u00e1 sujeto a la autorizaci\u00f3n escrita del Banco.<\/p>\n\n\n\n<h3 class=\"wp-block-heading has-titolo-font-size\">3. Ninguna oferta y ning\u00fan asesoramiento<\/h3>\n\n\n\n<p class=\"text-justify\">Los contenidos publicados en este sitio son meramente informativos. No constituyen ni una invitaci\u00f3n, ni una oferta, ni una recomendaci\u00f3n de compra o venta de herramientas financieras o de inversi\u00f3n de ning\u00fan tipo, ni una exhortaci\u00f3n a realizar transacciones.<br\/>El sitio no ofrece expl\u00edcitamente ning\u00fan asesoramiento. Las opiniones expresadas y dem\u00e1s informaci\u00f3n publicada no pretenden ser una ayuda para la toma de decisiones jur\u00eddicas, fiscales o de otro tipo.<\/p>\n\n\n\n<h3 class=\"wp-block-heading has-titolo-font-size\">4. L\u00edmites de acceso<\/h3>\n\n\n\n<p class=\"text-justify\">El sitio no est\u00e1 destinado a personas f\u00edsicas o jur\u00eddicas que, debido a su nacionalidad, domicilio social, lugar de residencia o por otros motivos, est\u00e9n sujetas a un ordenamiento jur\u00eddico que proh\u00edba o limite la publicaci\u00f3n de contenidos, el acceso al sitio, la actividad de un proveedor extranjero de servicios financieros o la comercializaci\u00f3n de determinados productos (por ejemplo, fondos). Se proh\u00edbe el acceso al sitio a las personas a las que se apliquen estas restricciones.<\/p>\n\n\n\n<h3 class=\"wp-block-heading has-titolo-font-size\">5. Exclusi\u00f3n de garant\u00eda y responsabilidad<\/h3>\n\n\n\n<p class=\"text-justify\">La informaci\u00f3n del sitio se facilita sin ninguna garant\u00eda, ni expresa ni impl\u00edcita.<br\/>El Banco y sus proveedores de datos declinan expresamente toda responsabilidad ante cualquier persona y por cualquier motivo en relaci\u00f3n con las consecuencias de cualquier acto u omisi\u00f3n derivado del uso o la confianza depositada total o parcialmente en los contenidos de los sitios web del Banco. Adem\u00e1s, el Banco y sus proveedores de datos no pueden aceptar responsabilidad alguna por p\u00e9rdidas o da\u00f1os derivados del uso o confianza en la informaci\u00f3n contenida en este sitio, incluyendo, entre otros, cualquier p\u00e9rdida, reducci\u00f3n de ganancia o cualquier da\u00f1o directo o indirecto.<br\/>Aunque el Banco ha realizado todos los esfuerzos razonables para garantizar la confidencialidad del sistema y ha adoptado las medidas necesarias y las normas t\u00e9cnicas y de seguridad generalmente reconocidas, no asume ninguna responsabilidad ni responde de los da\u00f1os que pueda sufrir el Cliente debido a perturbaciones, interrupciones o interceptaciones en el uso de los sitios del Banco, ni en general de los da\u00f1os que pueda sufrir el Cliente o terceros por la publicaci\u00f3n en la red p\u00fablica de datos relativos a las relaciones bancarias.<br\/>El Banco podr\u00e1 modificar en cualquier momento y sin previo aviso los datos, informaciones, etc. publicados en el sitio web.<\/p>\n\n\n\n<h3 class=\"wp-block-heading has-titolo-font-size\">6. Informaci\u00f3n sobre riesgos de inversi\u00f3n<\/h3>\n\n\n\n<p class=\"text-justify\">El valor de las inversiones y los ingresos derivados de ellas pueden subir o bajar y los inversores pueden no recuperar las cantidades invertidas. Un rendimiento positivo en el pasado no es garant\u00eda en el futuro de un rendimiento favorable de las inversiones. No se puede descartar que cuando se liquide una inversi\u00f3n, su valor sea inferior al inicial. Tambi\u00e9n existe la posibilidad de perder la totalidad del capital invertido y, en determinadas circunstancias, la p\u00e9rdida puede incluso superarlo. A veces es posible que una inversi\u00f3n no se pueda realizar inmediatamente, con la consiguiente dificultad temporal de liquidaci\u00f3n, de realizaci\u00f3n de cualquier beneficio o de obtenci\u00f3n de informaci\u00f3n precisa sobre el valor o el grado de riesgo implicado. Antes de realizar cualquier inversi\u00f3n, se recomienda informarse adecuadamente y buscar asesoramiento profesional.<\/p>\n\n\n\n<h3 class=\"wp-block-heading has-titolo-font-size\">7. Enlaces a otros sitios<\/h3>\n\n\n\n<p class=\"text-justify\">Este sitio web puede ofrecer enlaces a otros sitios. El uso de estos enlaces a cualquier otra p\u00e1gina fuera de este sitio es bajo su propia responsabilidad.<br\/>El Banco no examina ninguno de los sitios web a los que hace referencia su sitio web. En consecuencia, el Banco no asume ninguna responsabilidad por su contenido ni por los productos, servicios o cualquier otra cosa que se ofrezca a trav\u00e9s de ellos.<br\/>La creaci\u00f3n de un hiperenlace a uno de los sitios del Banco por un sitio web externo est\u00e1 permitida exclusivamente con la autorizaci\u00f3n previa del Banco.<\/p>\n\n\n\n<h3 class=\"wp-block-heading has-titolo-font-size\">8. Seguridad de los datos<\/h3>\n\n\n\n<p class=\"text-justify\">Durante una conexi\u00f3n al sitio, un contacto o una comunicaci\u00f3n por medios electr\u00f3nicos, los datos del usuario suelen transmitirse a trav\u00e9s de una red p\u00fablica, accesible a cualquiera, y a veces tambi\u00e9n circulan por la red internacional aunque emisor y receptor se encuentren en el mismo pa\u00eds. El usuario es consciente de los riesgos derivados del hecho de que los servicios del sitio web se ofrecen mediante dispositivos abiertos que tambi\u00e9n son accesibles a terceros (como redes p\u00fablicas y privadas de transmisi\u00f3n de datos, servidores de internet, proveedores de acceso) y los datos tambi\u00e9n pueden transmitirse a trav\u00e9s de redes de transmisi\u00f3n extranjeras. El usuario reconoce adem\u00e1s que las denominadas descargas de extractos y otros documentos tambi\u00e9n se transmiten a trav\u00e9s de redes p\u00fablicas de transmisi\u00f3n de datos.<br\/>Es frecuente encontrar en internet sitios abusivos a trav\u00e9s de los cuales terceros, a veces completamente inexistentes, intentan simular una pertenencia a instituciones acreditadas, o al menos una conexi\u00f3n con ellas, utilizando nombres similares y reproduciendo logotipos y otro material publicado en el sitio web oficial de la instituci\u00f3n en cuesti\u00f3n. Por lo que respecta al Grupo Banca del Sempione, nos gustar\u00eda subrayar que s\u00f3lo pertenecen a \u00e9l las empresas descritas en este sitio web www.bancasempione.ch en la secci\u00f3n \u00abgrupo\u00bb. El Grupo Banca del Sempione declina toda responsabilidad por cualquier da\u00f1o que pueda derivarse de la confianza depositada en los sitios publicados en Internet por dichos terceros.<\/p>\n\n\n\n<div style=\"height:10vh\" aria-hidden=\"true\" class=\"wp-block-spacer\"><\/div>\n<\/div>\n","protected":false},"excerpt":{"rendered":"<p>1. Consideraciones generales Al acceder a los sitios web de Banca Del Sempione SA (el Banco) y a sus p\u00e1ginas, el usuario declara haber comprendido y aceptado las siguientes condiciones. 2. Copyright El contenido y la estructura de las p\u00e1ginas de los sitios est\u00e1n protegidos por copyright. Todos los derechos reservados. Se permite descargar o [&hellip;]<\/p>\n","protected":false},"author":1,"featured_media":0,"parent":5418,"menu_order":0,"comment_status":"closed","ping_status":"closed","template":"","meta":{"_acf_changed":false,"footnotes":""},"class_list":["post-5434","page","type-page","status-publish","hentry"],"acf":[],"yoast_head":"<!-- This site is optimized with the Yoast SEO plugin v27.4 - https:\/\/yoast.com\/product\/yoast-seo-wordpress\/ -->\n<title>Informaci\u00f3n legal - Banca del Sempione<\/title>\n<meta name=\"robots\" content=\"index, follow, max-snippet:-1, max-image-preview:large, max-video-preview:-1\" \/>\n<link rel=\"canonical\" href=\"https:\/\/www.bancasempione.ch\/es\/area-legal\/informacion-legal\/\" \/>\n<meta property=\"og:locale\" content=\"es_ES\" \/>\n<meta property=\"og:type\" content=\"article\" \/>\n<meta property=\"og:title\" content=\"Informaci\u00f3n legal - Banca del Sempione\" \/>\n<meta property=\"og:description\" content=\"1. Consideraciones generales Al acceder a los sitios web de Banca Del Sempione SA (el Banco) y a sus p\u00e1ginas, el usuario declara haber comprendido y aceptado las siguientes condiciones. 2. Copyright El contenido y la estructura de las p\u00e1ginas de los sitios est\u00e1n protegidos por copyright. Todos los derechos reservados. Se permite descargar o [&hellip;]\" \/>\n<meta property=\"og:url\" content=\"https:\/\/www.bancasempione.ch\/es\/area-legal\/informacion-legal\/\" \/>\n<meta property=\"og:site_name\" content=\"Banca del Sempione\" \/>\n<meta property=\"article:publisher\" content=\"https:\/\/www.facebook.com\/profile.php?id=100075458006919\" \/>\n<meta property=\"article:modified_time\" content=\"2023-11-09T11:57:41+00:00\" \/>\n<meta name=\"twitter:card\" content=\"summary_large_image\" \/>\n<meta name=\"twitter:label1\" content=\"Tiempo de lectura\" \/>\n\t<meta name=\"twitter:data1\" content=\"5 minutos\" \/>\n<script type=\"application\/ld+json\" class=\"yoast-schema-graph\">{\"@context\":\"https:\\\/\\\/schema.org\",\"@graph\":[{\"@type\":\"WebPage\",\"@id\":\"https:\\\/\\\/www.bancasempione.ch\\\/es\\\/area-legal\\\/informacion-legal\\\/\",\"url\":\"https:\\\/\\\/www.bancasempione.ch\\\/es\\\/area-legal\\\/informacion-legal\\\/\",\"name\":\"Informaci\u00f3n legal - Banca del Sempione\",\"isPartOf\":{\"@id\":\"https:\\\/\\\/www.bancasempione.ch\\\/es\\\/#website\"},\"datePublished\":\"2023-09-19T10:05:54+00:00\",\"dateModified\":\"2023-11-09T11:57:41+00:00\",\"breadcrumb\":{\"@id\":\"https:\\\/\\\/www.bancasempione.ch\\\/es\\\/area-legal\\\/informacion-legal\\\/#breadcrumb\"},\"inLanguage\":\"es\",\"potentialAction\":[{\"@type\":\"ReadAction\",\"target\":[\"https:\\\/\\\/www.bancasempione.ch\\\/es\\\/area-legal\\\/informacion-legal\\\/\"]}]},{\"@type\":\"BreadcrumbList\",\"@id\":\"https:\\\/\\\/www.bancasempione.ch\\\/es\\\/area-legal\\\/informacion-legal\\\/#breadcrumb\",\"itemListElement\":[{\"@type\":\"ListItem\",\"position\":1,\"name\":\"Home\",\"item\":\"https:\\\/\\\/www.bancasempione.ch\\\/es\\\/\"},{\"@type\":\"ListItem\",\"position\":2,\"name\":\"\u00c1rea Legal\",\"item\":\"https:\\\/\\\/www.bancasempione.ch\\\/es\\\/area-legal\\\/\"},{\"@type\":\"ListItem\",\"position\":3,\"name\":\"Informaci\u00f3n legal\"}]},{\"@type\":\"WebSite\",\"@id\":\"https:\\\/\\\/www.bancasempione.ch\\\/es\\\/#website\",\"url\":\"https:\\\/\\\/www.bancasempione.ch\\\/es\\\/\",\"name\":\"Banca del Sempione\",\"description\":\"\",\"publisher\":{\"@id\":\"https:\\\/\\\/www.bancasempione.ch\\\/es\\\/#organization\"},\"potentialAction\":[{\"@type\":\"SearchAction\",\"target\":{\"@type\":\"EntryPoint\",\"urlTemplate\":\"https:\\\/\\\/www.bancasempione.ch\\\/es\\\/?s={search_term_string}\"},\"query-input\":{\"@type\":\"PropertyValueSpecification\",\"valueRequired\":true,\"valueName\":\"search_term_string\"}}],\"inLanguage\":\"es\"},{\"@type\":\"Organization\",\"@id\":\"https:\\\/\\\/www.bancasempione.ch\\\/es\\\/#organization\",\"name\":\"Banca del Sempione\",\"url\":\"https:\\\/\\\/www.bancasempione.ch\\\/es\\\/\",\"logo\":{\"@type\":\"ImageObject\",\"inLanguage\":\"es\",\"@id\":\"https:\\\/\\\/www.bancasempione.ch\\\/es\\\/#\\\/schema\\\/logo\\\/image\\\/\",\"url\":\"https:\\\/\\\/www.bancasempione.ch\\\/wp-content\\\/uploads\\\/bancadelsempione_eng.svg\",\"contentUrl\":\"https:\\\/\\\/www.bancasempione.ch\\\/wp-content\\\/uploads\\\/bancadelsempione_eng.svg\",\"caption\":\"Banca del Sempione\"},\"image\":{\"@id\":\"https:\\\/\\\/www.bancasempione.ch\\\/es\\\/#\\\/schema\\\/logo\\\/image\\\/\"},\"sameAs\":[\"https:\\\/\\\/www.facebook.com\\\/profile.php?id=100075458006919\",\"https:\\\/\\\/www.linkedin.com\\\/company\\\/bancasempione\\\/\",\"https:\\\/\\\/www.instagram.com\\\/bancasempione\\\/\"]}]}<\/script>\n<!-- \/ Yoast SEO plugin. -->","yoast_head_json":{"title":"Informaci\u00f3n legal - Banca del Sempione","robots":{"index":"index","follow":"follow","max-snippet":"max-snippet:-1","max-image-preview":"max-image-preview:large","max-video-preview":"max-video-preview:-1"},"canonical":"https:\/\/www.bancasempione.ch\/es\/area-legal\/informacion-legal\/","og_locale":"es_ES","og_type":"article","og_title":"Informaci\u00f3n legal - Banca del Sempione","og_description":"1. Consideraciones generales Al acceder a los sitios web de Banca Del Sempione SA (el Banco) y a sus p\u00e1ginas, el usuario declara haber comprendido y aceptado las siguientes condiciones. 2. Copyright El contenido y la estructura de las p\u00e1ginas de los sitios est\u00e1n protegidos por copyright. Todos los derechos reservados. Se permite descargar o [&hellip;]","og_url":"https:\/\/www.bancasempione.ch\/es\/area-legal\/informacion-legal\/","og_site_name":"Banca del Sempione","article_publisher":"https:\/\/www.facebook.com\/profile.php?id=100075458006919","article_modified_time":"2023-11-09T11:57:41+00:00","twitter_card":"summary_large_image","twitter_misc":{"Tiempo de lectura":"5 minutos"},"schema":{"@context":"https:\/\/schema.org","@graph":[{"@type":"WebPage","@id":"https:\/\/www.bancasempione.ch\/es\/area-legal\/informacion-legal\/","url":"https:\/\/www.bancasempione.ch\/es\/area-legal\/informacion-legal\/","name":"Informaci\u00f3n legal - Banca del Sempione","isPartOf":{"@id":"https:\/\/www.bancasempione.ch\/es\/#website"},"datePublished":"2023-09-19T10:05:54+00:00","dateModified":"2023-11-09T11:57:41+00:00","breadcrumb":{"@id":"https:\/\/www.bancasempione.ch\/es\/area-legal\/informacion-legal\/#breadcrumb"},"inLanguage":"es","potentialAction":[{"@type":"ReadAction","target":["https:\/\/www.bancasempione.ch\/es\/area-legal\/informacion-legal\/"]}]},{"@type":"BreadcrumbList","@id":"https:\/\/www.bancasempione.ch\/es\/area-legal\/informacion-legal\/#breadcrumb","itemListElement":[{"@type":"ListItem","position":1,"name":"Home","item":"https:\/\/www.bancasempione.ch\/es\/"},{"@type":"ListItem","position":2,"name":"\u00c1rea Legal","item":"https:\/\/www.bancasempione.ch\/es\/area-legal\/"},{"@type":"ListItem","position":3,"name":"Informaci\u00f3n legal"}]},{"@type":"WebSite","@id":"https:\/\/www.bancasempione.ch\/es\/#website","url":"https:\/\/www.bancasempione.ch\/es\/","name":"Banca del Sempione","description":"","publisher":{"@id":"https:\/\/www.bancasempione.ch\/es\/#organization"},"potentialAction":[{"@type":"SearchAction","target":{"@type":"EntryPoint","urlTemplate":"https:\/\/www.bancasempione.ch\/es\/?s={search_term_string}"},"query-input":{"@type":"PropertyValueSpecification","valueRequired":true,"valueName":"search_term_string"}}],"inLanguage":"es"},{"@type":"Organization","@id":"https:\/\/www.bancasempione.ch\/es\/#organization","name":"Banca del Sempione","url":"https:\/\/www.bancasempione.ch\/es\/","logo":{"@type":"ImageObject","inLanguage":"es","@id":"https:\/\/www.bancasempione.ch\/es\/#\/schema\/logo\/image\/","url":"https:\/\/www.bancasempione.ch\/wp-content\/uploads\/bancadelsempione_eng.svg","contentUrl":"https:\/\/www.bancasempione.ch\/wp-content\/uploads\/bancadelsempione_eng.svg","caption":"Banca del Sempione"},"image":{"@id":"https:\/\/www.bancasempione.ch\/es\/#\/schema\/logo\/image\/"},"sameAs":["https:\/\/www.facebook.com\/profile.php?id=100075458006919","https:\/\/www.linkedin.com\/company\/bancasempione\/","https:\/\/www.instagram.com\/bancasempione\/"]}]}},"_links":{"self":[{"href":"https:\/\/www.bancasempione.ch\/es\/wp-json\/wp\/v2\/pages\/5434","targetHints":{"allow":["GET"]}}],"collection":[{"href":"https:\/\/www.bancasempione.ch\/es\/wp-json\/wp\/v2\/pages"}],"about":[{"href":"https:\/\/www.bancasempione.ch\/es\/wp-json\/wp\/v2\/types\/page"}],"author":[{"embeddable":true,"href":"https:\/\/www.bancasempione.ch\/es\/wp-json\/wp\/v2\/users\/1"}],"replies":[{"embeddable":true,"href":"https:\/\/www.bancasempione.ch\/es\/wp-json\/wp\/v2\/comments?post=5434"}],"version-history":[{"count":1,"href":"https:\/\/www.bancasempione.ch\/es\/wp-json\/wp\/v2\/pages\/5434\/revisions"}],"predecessor-version":[{"id":5435,"href":"https:\/\/www.bancasempione.ch\/es\/wp-json\/wp\/v2\/pages\/5434\/revisions\/5435"}],"up":[{"embeddable":true,"href":"https:\/\/www.bancasempione.ch\/es\/wp-json\/wp\/v2\/pages\/5418"}],"wp:attachment":[{"href":"https:\/\/www.bancasempione.ch\/es\/wp-json\/wp\/v2\/media?parent=5434"}],"curies":[{"name":"wp","href":"https:\/\/api.w.org\/{rel}","templated":true}]}}