{"id":5458,"date":"2023-08-28T14:11:56","date_gmt":"2023-08-28T12:11:56","guid":{"rendered":"https:\/\/bancasempionenew.team99.it\/sostenibilidad\/"},"modified":"2025-10-31T12:07:57","modified_gmt":"2025-10-31T11:07:57","slug":"sostenibilidad","status":"publish","type":"page","link":"https:\/\/www.bancasempione.ch\/es\/sostenibilidad\/","title":{"rendered":"Sostenibilidad"},"content":{"rendered":"<section class=\"content-block-bg alignfull\" style=\"background: linear-gradient(0deg, rgba(0, 0, 0, 50%), rgba(0, 0, 0, 50%)), url(https:\/\/www.bancasempione.ch\/wp-content\/uploads\/banca_del_sempione_sostenibilita_IMG_7449_web.jpg) ;  background-position-x: 50% !important; min-height: 100vh !important;  min-height:10vh;\"><div class=\"content-block is-position-center-left  has-white-color has-text-color \" style=\"min-height: 100vh !important;  min-height:10vh;\" ><div class=\"wp-block-cover__inner-container\">\n\n<p class=\"has-text-align-left has-primario-color has-text-color\" style=\"text-transform:uppercase\">SOSTENIBILIDAD<\/p>\n\n\n\n<h1 class=\"wp-block-heading has-titolo-xxl-font-size\" style=\"font-style:normal;font-weight:300\"><strong>Green<\/strong> <strong>Division:<\/strong> nuestra divisi\u00f3n dedicada a la <strong>sostenibilidad<\/strong><\/h1>\n\n<\/div><\/div><\/section>\n\n<section class=\"content-block-bg alignfull\" style=\"background: linear-gradient(0deg, rgba(0, 0, 0, 30%), rgba(0, 0, 0, 30%)), url(https:\/\/www.bancasempione.ch\/wp-content\/uploads\/Raggruppa-13713-e1683709782174.jpg) ;  background-position-x: 50% !important; min-height: 100vh !important;  min-height:10vh;\"><div class=\"content-block is-position-center-center  has-white-color has-text-color \" style=\"min-height: 100vh !important;  min-height:10vh;\"  id=\"after-hero\"><div class=\"wp-block-cover__inner-container\">\n\n<div class=\"wp-block-columns is-layout-flex wp-container-core-columns-is-layout-e9dadf76 wp-block-columns-is-layout-flex\" style=\"margin-top:var(--wp--preset--spacing--80);padding-top:0;padding-right:0;padding-bottom:0;padding-left:0\">\n<div class=\"wp-block-column is-vertically-aligned-top is-layout-flow wp-block-column-is-layout-flow\" style=\"flex-basis:40%\">\n<p class=\"has-text-align-left has-primario-color has-text-color\" style=\"text-transform:uppercase\">SOSTENIBILIDAD<\/p>\n\n\n\n<h3 class=\"wp-block-heading has-text-align-left has-titolo-xl-font-size\" style=\"font-style:normal;font-weight:300\"><strong>Green Division:<\/strong> ser <strong>sostenibles<\/strong> es una cuesti\u00f3n de <strong>responsabilidad<\/strong><\/h3>\n<\/div>\n\n\n\n<div class=\"wp-block-column is-layout-flow wp-block-column-is-layout-flow\">\n<p><\/p>\n<\/div>\n\n\n\n<div class=\"wp-block-column is-layout-flow wp-block-column-is-layout-flow\" style=\"flex-basis:50%\">\n<div style=\"height:80px\" aria-hidden=\"true\" class=\"wp-block-spacer no-mobile\"><\/div>\n\n\n\n<h4 class=\"wp-block-heading has-titolo-font-size\" style=\"font-style:normal;font-weight:300\">Creemos firmemente que cada persona y cada empresa tienen una <strong>responsabilidad civil<\/strong>.<\/h4>\n\n\n\n<div class=\"wp-block-group is-layout-flow wp-block-group-is-layout-flow\" style=\"padding-right:5vw\">\n<p>Por eso en 2020 creamos la Green Division. Esta \u00faltima estructura se encarga de la difusi\u00f3n transversal del concepto de sostenibilidad en todos los aspectos de nuestro trabajo, respetando la confianza que cada persona deposita diariamente en Banca del Sempione.<\/p>\n<\/div>\n<\/div>\n<\/div>\n\n<\/div><\/div><\/section>\n\n\n<div class=\"wp-block-columns is-layout-flex wp-container-core-columns-is-layout-5ad674ff wp-block-columns-is-layout-flex\" style=\"margin-top:10vh;margin-bottom:10vh\">\n<div class=\"wp-block-column is-vertically-aligned-top is-layout-flow wp-block-column-is-layout-flow\" style=\"padding-top:40px;padding-right:2vw;padding-left:2vw\">\n<figure class=\"wp-block-image aligncenter size-full is-resized\"><img loading=\"lazy\" decoding=\"async\" width=\"199\" height=\"200\" src=\"https:\/\/bancasempione.ch\/wp-content\/uploads\/Raggruppa-13634@2x.png\" alt=\"\" class=\"wp-image-796\" style=\"width:100px;height:100px\" srcset=\"https:\/\/www.bancasempione.ch\/wp-content\/uploads\/Raggruppa-13634@2x.png 199w, https:\/\/www.bancasempione.ch\/wp-content\/uploads\/Raggruppa-13634@2x-150x150.png 150w\" sizes=\"auto, (max-width: 199px) 100vw, 199px\" \/><\/figure>\n\n\n\n<p class=\"has-titolo-font-size\"><strong>Reducir el impacto medioambiental<\/strong><\/p>\n\n\n\n<ul class=\"wp-block-list\">\n<li>Limitamos el impacto medioambiental invirtiendo en energ\u00eda renovable y espacios de trabajo eficientes.<\/li>\n\n\n\n<li>Recomendamos a nuestros colaboradores que utilicen el transporte p\u00fablico y compren veh\u00edculos el\u00e9ctricos o h\u00edbridos mediante incentivos financieros.<\/li>\n\n\n\n<li>Recogemos internamente los residuos de PET y certificamos su reciclado.<\/li>\n<\/ul>\n<\/div>\n\n\n\n<div class=\"wp-block-column is-vertically-aligned-top border-sides is-layout-flow wp-block-column-is-layout-flow\" style=\"padding-top:40px;padding-right:2vw;padding-left:2vw\">\n<figure class=\"wp-block-image aligncenter size-full is-resized\"><img loading=\"lazy\" decoding=\"async\" width=\"199\" height=\"186\" src=\"https:\/\/bancasempione.ch\/wp-content\/uploads\/Raggruppa-13638@2x.png\" alt=\"\" class=\"wp-image-798\" style=\"width:100px;height:100px\"\/><\/figure>\n\n\n\n<p class=\"has-titolo-font-size\"><strong><strong>Promover la finanza sostenible<\/strong><\/strong><\/p>\n\n\n\n<ul class=\"wp-block-list\">\n<li>Hemos creado un comit\u00e9 para supervisar y desarrollar todas las cuestiones ESG del Banco.<\/li>\n\n\n\n<li>Consideramos que la transparencia es uno de los principales pilares de la sostenibilidad, y para ello utilizamos los datos proporcionados por MSCI ESG Manager, uno de los l\u00edderes de proveedores de datos ESG.<\/li>\n\n\n\n<li>Adoptamos pol\u00edticas claras de exclusi\u00f3n y best-in-class en la gesti\u00f3n de nuestros fondos BASE<br>Investment SICAV, en las carteras en Gesti\u00f3n y tambi\u00e9n en la definici\u00f3n del Universo de Inversi\u00f3n a disposici\u00f3n de nuestros clientes en Asesoramiento.<\/li>\n<\/ul>\n<\/div>\n\n\n\n<div class=\"wp-block-column is-layout-flow wp-block-column-is-layout-flow\" style=\"padding-top:40px;padding-left:2vw\">\n<figure class=\"wp-block-image aligncenter size-full is-resized\"><img loading=\"lazy\" decoding=\"async\" width=\"178\" height=\"178\" src=\"https:\/\/bancasempione.ch\/wp-content\/uploads\/Raggruppa-13666@2x.png\" alt=\"\" class=\"wp-image-799\" style=\"width:100px;height:100px\" srcset=\"https:\/\/www.bancasempione.ch\/wp-content\/uploads\/Raggruppa-13666@2x.png 178w, https:\/\/www.bancasempione.ch\/wp-content\/uploads\/Raggruppa-13666@2x-150x150.png 150w\" sizes=\"auto, (max-width: 178px) 100vw, 178px\" \/><\/figure>\n\n\n\n<p class=\"has-titolo-font-size\"><strong><strong>Mantener un ambiente de trabajo sano<\/strong><\/strong><\/p>\n\n\n\n<ul class=\"wp-block-list\">\n<li>Proporcionamos el acceso a espacios verdes como nuestro jard\u00edn \u00abcomestible\u00bb y la disponibilidad de fruta fresca gratuita para todos los empleados dos d\u00edas a la semana.<\/li>\n\n\n\n<li>Aseguramos la flexibilidad necesaria para gestionar las responsabilidades personales y profesionales con la posibilidad de teletrabajo.<\/li>\n\n\n\n<li>Ofrecemos a nuestros empleados acceso a plataformas de beneficios empresariales y facilidades financieras para una movilidad ecol\u00f3gica.<\/li>\n<\/ul>\n<\/div>\n<\/div>\n\n\n\n<div class=\"wp-block-columns is-layout-flex wp-container-core-columns-is-layout-5ad674ff wp-block-columns-is-layout-flex\" style=\"margin-top:10vh;margin-bottom:10vh\">\n<div class=\"wp-block-column is-layout-flow wp-block-column-is-layout-flow\" style=\"padding-top:40px;padding-right:2vw;padding-left:2vw\">\n<figure class=\"wp-block-image aligncenter size-full is-resized\"><img decoding=\"async\" src=\"https:\/\/bancasempione.ch\/wp-content\/uploads\/coccarda.svg\" alt=\"\" class=\"wp-image-4180\" style=\"width:undefinedpx;height:100px\"\/><\/figure>\n\n\n\n<p class=\"has-titolo-font-size\"><strong>Respetar los principios de diversidad, equidad e inclusi\u00f3n<\/strong><\/p>\n\n\n\n<ul class=\"wp-block-list\">\n<li>Adoptamos pol\u00edticas de contrataci\u00f3n y promoci\u00f3n basadas en el m\u00e9rito mediante minuciosos procesos de selecci\u00f3n y pol\u00edticas de desarrollo personal basadas en la consecuci\u00f3n de objetivos compartidos.<\/li>\n\n\n\n<li>Obtenemos peri\u00f3dicamente el certificado Fair-On-Pay que nos reconoce como empleador justo por igualdad salarial.<\/li>\n\n\n\n<li>Nos aseguramos de que el lenguaje utilizado en las comunicaciones internas y externas sea inclusivo y respetuoso con las particularidades de cada persona.<\/li>\n<\/ul>\n<\/div>\n\n\n\n<div class=\"wp-block-column border-sides is-layout-flow wp-block-column-is-layout-flow\" style=\"padding-top:40px;padding-right:2vw;padding-left:2vw\">\n<figure class=\"wp-block-image aligncenter size-full is-resized\"><img decoding=\"async\" src=\"https:\/\/bancasempione.ch\/wp-content\/uploads\/community.svg\" alt=\"\" class=\"wp-image-4182\" style=\"width:undefinedpx;height:100px\"\/><\/figure>\n\n\n\n<p class=\"has-titolo-font-size\"><strong>Estar cerca de la comunidad<\/strong><\/p>\n\n\n\n<p>Creamos impacto a trav\u00e9s de proyectos espec\u00edficos que abordan necesidades concretas sobre el territorio:<\/p>\n\n\n\n<ul class=\"wp-block-list\">\n<li>Patrocinamos a j\u00f3venes talentos del deporte que encarnan principios s\u00f3lidos y valores compartidos.<\/li>\n\n\n\n<li>Apoyamos proyectos como el promovido por WWF Suiza italiana \u00abPaso subterr\u00e1neo para la peque\u00f1a fauna en Fornaci\u00bb.<\/li>\n\n\n\n<li>Donamos parte de los ingresos generados por la gesti\u00f3n de Soluciones Private Green a asociaciones activas en el territorio suizo y que generan un impacto positivo tangible y medible.<\/li>\n<\/ul>\n<\/div>\n\n\n\n<div class=\"wp-block-column is-layout-flow wp-block-column-is-layout-flow\" style=\"padding-top:40px;padding-left:2vw\"><\/div>\n<\/div>\n\n\n<section class=\"content-block-bg alignfull\" style=\" min-height:10vh;\"><div class=\"content-block is-position-center-center  has-black-color has-text-color \" style=\" min-height:10vh;\" ><div class=\"wp-block-cover__inner-container\">\n\n<div class=\"wp-block-columns is-layout-flex wp-container-core-columns-is-layout-24c49c62 wp-block-columns-is-layout-flex\" style=\"margin-top:0;padding-top:0;padding-right:0;padding-bottom:0;padding-left:0\">\n<div class=\"wp-block-column is-vertically-aligned-top is-layout-flow wp-block-column-is-layout-flow\" style=\"flex-basis:40%\">\n<p class=\"has-text-align-left has-primario-color has-text-color\" style=\"text-transform:uppercase\">SOSTENIBILIDAD<\/p>\n\n\n\n<h3 class=\"wp-block-heading has-text-align-left has-titolo-xl-font-size\" style=\"font-style:normal;font-weight:300\"><strong>Soluci\u00f3n Private Green:<\/strong> finanza de impacto positivo<\/h3>\n<\/div>\n\n\n\n<div class=\"wp-block-column is-layout-flow wp-block-column-is-layout-flow\">\n<p><\/p>\n<\/div>\n\n\n\n<div class=\"wp-block-column is-layout-flow wp-block-column-is-layout-flow\" style=\"flex-basis:50%\">\n<div style=\"height:50px\" aria-hidden=\"true\" class=\"wp-block-spacer no-mobile\"><\/div>\n\n\n\n<p><\/p>\n\n\n\n<p>Compramos <strong>coches el\u00e9ctricos<\/strong>, montamos <strong>paneles solares<\/strong>, reciclamos residuos, pero \u00bfqu\u00e9 hacemos con nuestros ahorros? Incluso a la hora de realizar inversiones financieras, es importante ser coherente en nuestras elecciones para gestionarlas correctamente.<br><br>Para ello, hemos desarrollado la <strong><a href=\"https:\/\/bancasempione.ch\/es\/pubblicazione\/green-private-solution\/\">Soluci\u00f3n Private Green<\/a><\/strong>: un servicio de Advisory que ofrece <strong>asesoramiento personalizado sobre inversiones sostenibles<\/strong>.<\/p>\n\n\n\n<ul class=\"wp-block-list\">\n<li style=\"font-size:clamp(14px, 0.875rem + ((1vw - 3.2px) * 0.472), 19px);\"><a href=\"https:\/\/bancasempione.ch\/es\/pubblicazione\/green-private-solution\/\">Soluci\u00f3n Private Green<\/a><\/li>\n<\/ul>\n\n\n\n<p>Sin embargo, fuimos m\u00e1s all\u00e1 de la simple cuenta <em>\u00abGreen\u00bb<\/em>. De hecho, cada a\u00f1o, el Banco dona parte de los ingresos generados por todas las <a href=\"https:\/\/bancasempione.ch\/es\/pubblicazione\/green-private-solution\/\">Soluciones Private Green<\/a> a organizaciones con fines ben\u00e9ficos activos en el territorio local. Por \u00faltimo, pero no menos importante: son los propios clientes de la<a href=\"https:\/\/bancasempione.ch\/es\/pubblicazione\/green-private-solution\/\"> Soluci\u00f3n Private Green<\/a> <strong>quienes eligen las asociaciones a las que se donar\u00e1 la recaudaci\u00f3n<\/strong>. Descubra m\u00e1s sobre las asociaciones a las que hemos ayudado siguiendo nuestra p\u00e1gina <a data-type=\"link\" data-id=\"https:\/\/ch.linkedin.com\/company\/bancasempione\" href=\"https:\/\/ch.linkedin.com\/company\/bancasempione\" target=\"_blank\" rel=\"noreferrer noopener\"><span style=\"text-decoration: underline;\">LinkedIn<\/span><\/a> e <a data-type=\"link\" data-id=\"https:\/\/www.instagram.com\/bancasempione\/\" href=\"https:\/\/www.instagram.com\/bancasempione\/\" target=\"_blank\" rel=\"noreferrer noopener\"><span style=\"text-decoration: underline;\">Instagram<\/span><\/a>.<br><br>\u00danase a nosotros para influir positivamente en la sociedad tambi\u00e9n a trav\u00e9s de la gesti\u00f3n de sus ahorros.<\/p>\n\n\n\n<p>Si deseas profundizar en el tema ESG, consulta nuestra <strong><a href=\"https:\/\/bancasempione.ch\/es\/pubblicazione\/esg-policy\/\">Pol\u00edtica ESG<\/a><\/strong>.<\/p>\n\n\n\n<p>Para obtener m\u00e1s informaci\u00f3n sobre la sostenibilidad en los sectores financiero e inmobiliario, consulte los siguientes documentos creados en colaboraci\u00f3n con la Asociaci\u00f3n Bancaria Ticinese (ABT):<\/p>\n\n\n\n<ul class=\"wp-block-list\">\n<li style=\"font-size:clamp(14px, 0.875rem + ((1vw - 3.2px) * 0.472), 19px);\"><a href=\"https:\/\/bancasempione.ch\/en\/publication\/information-note-sustainability-in-finance\/\">Nota informativa sobre la sostenibilidad en Finanzas<\/a>;<\/li>\n\n\n\n<li style=\"font-size:clamp(14px, 0.875rem + ((1vw - 3.2px) * 0.472), 19px);\"><a href=\"https:\/\/bancasempione.ch\/en\/publication\/information-note-real-estate\/\">Nota informativa sobre Bienes Ra\u00edces<\/a><\/li>\n\n\n\n<li style=\"font-size:clamp(14px, 0.875rem + ((1vw - 3.2px) * 0.472), 19px);\"><a href=\"https:\/\/bancasempione.ch\/en\/publication\/information-note-csr\/\">Nota informativa sobre RSE (Responsabilidad Social Empresarial)<\/a><\/li>\n<\/ul>\n<\/div>\n<\/div>\n\n<\/div><\/div><\/section>\n\n\n<div class=\"wp-block-group alignfull has-background has-global-padding is-layout-constrained wp-block-group-is-layout-constrained\" id=\"CONTACT-SECTION\" style=\"background-color:#eeeeee;margin-top:0vh;margin-bottom:2vw;padding-top:8vh;padding-bottom:8vh\">\n<p class=\"has-text-align-center has-titolo-xl-font-size\" style=\"margin-bottom:0;padding-right:0;padding-left:0\">\u00bfQuieres generar un <strong>impacto positivo<\/strong> en la sociedad a trav\u00e9s de una gesti\u00f3n consciente de tus ahorros?<\/p>\n\n\n\n<p class=\"has-text-align-center has-black-color has-text-color\" style=\"text-transform:uppercase\">P\u00d3NGASE EN CONTACTO CON NOSOTROS E INF\u00d3RMESE SOBRE LA SOLUCI\u00d3N PRIVATE GREEN<\/p>\n\n\n\n<div class=\"wp-block-buttons is-content-justification-center is-layout-flex wp-container-core-buttons-is-layout-ba9ea59f wp-block-buttons-is-layout-flex\" style=\"margin-top:var(--wp--preset--spacing--60)\">\n<div class=\"wp-block-button\"><a class=\"wp-block-button__link wp-element-button\" href=\"https:\/\/bancasempione.ch\/es\/pida-una-cita\/\">PIDE UNA CITA<\/a><\/div>\n<\/div>\n<\/div>\n","protected":false},"excerpt":{"rendered":"<p>Reducir el impacto medioambiental Promover la finanza sostenible Mantener un ambiente de trabajo sano Respetar los principios de diversidad, equidad e inclusi\u00f3n Estar cerca de la comunidad Creamos impacto a trav\u00e9s de proyectos espec\u00edficos que abordan necesidades concretas sobre el territorio: \u00bfQuieres generar un impacto positivo en la sociedad a trav\u00e9s de una gesti\u00f3n consciente [&hellip;]<\/p>\n","protected":false},"author":1,"featured_media":0,"parent":0,"menu_order":0,"comment_status":"closed","ping_status":"closed","template":"Light Header","meta":{"_acf_changed":false,"footnotes":""},"class_list":["post-5458","page","type-page","status-publish","hentry"],"acf":[],"yoast_head":"<!-- This site is optimized with the Yoast SEO plugin v27.4 - https:\/\/yoast.com\/product\/yoast-seo-wordpress\/ -->\n<title>Sostenibilidad - Banca del Sempione<\/title>\n<meta name=\"robots\" content=\"index, follow, max-snippet:-1, max-image-preview:large, max-video-preview:-1\" \/>\n<link rel=\"canonical\" href=\"https:\/\/www.bancasempione.ch\/es\/sostenibilidad\/\" \/>\n<meta property=\"og:locale\" content=\"es_ES\" \/>\n<meta property=\"og:type\" content=\"article\" \/>\n<meta property=\"og:title\" content=\"Sostenibilidad - Banca del Sempione\" \/>\n<meta property=\"og:description\" content=\"Reducir el impacto medioambiental Promover la finanza sostenible Mantener un ambiente de trabajo sano Respetar los principios de diversidad, equidad e inclusi\u00f3n Estar cerca de la comunidad Creamos impacto a trav\u00e9s de proyectos espec\u00edficos que abordan necesidades concretas sobre el territorio: \u00bfQuieres generar un impacto positivo en la sociedad a trav\u00e9s de una gesti\u00f3n consciente [&hellip;]\" \/>\n<meta property=\"og:url\" content=\"https:\/\/www.bancasempione.ch\/es\/sostenibilidad\/\" \/>\n<meta property=\"og:site_name\" content=\"Banca del Sempione\" \/>\n<meta property=\"article:publisher\" content=\"https:\/\/www.facebook.com\/profile.php?id=100075458006919\" \/>\n<meta property=\"article:modified_time\" content=\"2025-10-31T11:07:57+00:00\" \/>\n<meta property=\"og:image\" content=\"https:\/\/bancasempione.ch\/wp-content\/uploads\/Raggruppa-13634@2x.png\" \/>\n<meta name=\"twitter:card\" content=\"summary_large_image\" \/>\n<meta name=\"twitter:label1\" content=\"Tiempo de lectura\" \/>\n\t<meta name=\"twitter:data1\" content=\"5 minutos\" \/>\n<script type=\"application\/ld+json\" class=\"yoast-schema-graph\">{\"@context\":\"https:\\\/\\\/schema.org\",\"@graph\":[{\"@type\":\"WebPage\",\"@id\":\"https:\\\/\\\/www.bancasempione.ch\\\/es\\\/sostenibilidad\\\/\",\"url\":\"https:\\\/\\\/www.bancasempione.ch\\\/es\\\/sostenibilidad\\\/\",\"name\":\"Sostenibilidad - Banca del Sempione\",\"isPartOf\":{\"@id\":\"https:\\\/\\\/www.bancasempione.ch\\\/es\\\/#website\"},\"primaryImageOfPage\":{\"@id\":\"https:\\\/\\\/www.bancasempione.ch\\\/es\\\/sostenibilidad\\\/#primaryimage\"},\"image\":{\"@id\":\"https:\\\/\\\/www.bancasempione.ch\\\/es\\\/sostenibilidad\\\/#primaryimage\"},\"thumbnailUrl\":\"https:\\\/\\\/bancasempione.ch\\\/wp-content\\\/uploads\\\/Raggruppa-13634@2x.png\",\"datePublished\":\"2023-08-28T12:11:56+00:00\",\"dateModified\":\"2025-10-31T11:07:57+00:00\",\"breadcrumb\":{\"@id\":\"https:\\\/\\\/www.bancasempione.ch\\\/es\\\/sostenibilidad\\\/#breadcrumb\"},\"inLanguage\":\"es\",\"potentialAction\":[{\"@type\":\"ReadAction\",\"target\":[\"https:\\\/\\\/www.bancasempione.ch\\\/es\\\/sostenibilidad\\\/\"]}]},{\"@type\":\"ImageObject\",\"inLanguage\":\"es\",\"@id\":\"https:\\\/\\\/www.bancasempione.ch\\\/es\\\/sostenibilidad\\\/#primaryimage\",\"url\":\"https:\\\/\\\/bancasempione.ch\\\/wp-content\\\/uploads\\\/Raggruppa-13634@2x.png\",\"contentUrl\":\"https:\\\/\\\/bancasempione.ch\\\/wp-content\\\/uploads\\\/Raggruppa-13634@2x.png\"},{\"@type\":\"BreadcrumbList\",\"@id\":\"https:\\\/\\\/www.bancasempione.ch\\\/es\\\/sostenibilidad\\\/#breadcrumb\",\"itemListElement\":[{\"@type\":\"ListItem\",\"position\":1,\"name\":\"Home\",\"item\":\"https:\\\/\\\/www.bancasempione.ch\\\/es\\\/\"},{\"@type\":\"ListItem\",\"position\":2,\"name\":\"Sostenibilidad\"}]},{\"@type\":\"WebSite\",\"@id\":\"https:\\\/\\\/www.bancasempione.ch\\\/es\\\/#website\",\"url\":\"https:\\\/\\\/www.bancasempione.ch\\\/es\\\/\",\"name\":\"Banca del Sempione\",\"description\":\"\",\"publisher\":{\"@id\":\"https:\\\/\\\/www.bancasempione.ch\\\/es\\\/#organization\"},\"potentialAction\":[{\"@type\":\"SearchAction\",\"target\":{\"@type\":\"EntryPoint\",\"urlTemplate\":\"https:\\\/\\\/www.bancasempione.ch\\\/es\\\/?s={search_term_string}\"},\"query-input\":{\"@type\":\"PropertyValueSpecification\",\"valueRequired\":true,\"valueName\":\"search_term_string\"}}],\"inLanguage\":\"es\"},{\"@type\":\"Organization\",\"@id\":\"https:\\\/\\\/www.bancasempione.ch\\\/es\\\/#organization\",\"name\":\"Banca del Sempione\",\"url\":\"https:\\\/\\\/www.bancasempione.ch\\\/es\\\/\",\"logo\":{\"@type\":\"ImageObject\",\"inLanguage\":\"es\",\"@id\":\"https:\\\/\\\/www.bancasempione.ch\\\/es\\\/#\\\/schema\\\/logo\\\/image\\\/\",\"url\":\"https:\\\/\\\/www.bancasempione.ch\\\/wp-content\\\/uploads\\\/bancadelsempione_eng.svg\",\"contentUrl\":\"https:\\\/\\\/www.bancasempione.ch\\\/wp-content\\\/uploads\\\/bancadelsempione_eng.svg\",\"caption\":\"Banca del Sempione\"},\"image\":{\"@id\":\"https:\\\/\\\/www.bancasempione.ch\\\/es\\\/#\\\/schema\\\/logo\\\/image\\\/\"},\"sameAs\":[\"https:\\\/\\\/www.facebook.com\\\/profile.php?id=100075458006919\",\"https:\\\/\\\/www.linkedin.com\\\/company\\\/bancasempione\\\/\",\"https:\\\/\\\/www.instagram.com\\\/bancasempione\\\/\"]}]}<\/script>\n<!-- \/ Yoast SEO plugin. -->","yoast_head_json":{"title":"Sostenibilidad - Banca del Sempione","robots":{"index":"index","follow":"follow","max-snippet":"max-snippet:-1","max-image-preview":"max-image-preview:large","max-video-preview":"max-video-preview:-1"},"canonical":"https:\/\/www.bancasempione.ch\/es\/sostenibilidad\/","og_locale":"es_ES","og_type":"article","og_title":"Sostenibilidad - Banca del Sempione","og_description":"Reducir el impacto medioambiental Promover la finanza sostenible Mantener un ambiente de trabajo sano Respetar los principios de diversidad, equidad e inclusi\u00f3n Estar cerca de la comunidad Creamos impacto a trav\u00e9s de proyectos espec\u00edficos que abordan necesidades concretas sobre el territorio: \u00bfQuieres generar un impacto positivo en la sociedad a trav\u00e9s de una gesti\u00f3n consciente [&hellip;]","og_url":"https:\/\/www.bancasempione.ch\/es\/sostenibilidad\/","og_site_name":"Banca del Sempione","article_publisher":"https:\/\/www.facebook.com\/profile.php?id=100075458006919","article_modified_time":"2025-10-31T11:07:57+00:00","og_image":[{"url":"https:\/\/bancasempione.ch\/wp-content\/uploads\/Raggruppa-13634@2x.png","type":"","width":"","height":""}],"twitter_card":"summary_large_image","twitter_misc":{"Tiempo de lectura":"5 minutos"},"schema":{"@context":"https:\/\/schema.org","@graph":[{"@type":"WebPage","@id":"https:\/\/www.bancasempione.ch\/es\/sostenibilidad\/","url":"https:\/\/www.bancasempione.ch\/es\/sostenibilidad\/","name":"Sostenibilidad - Banca del Sempione","isPartOf":{"@id":"https:\/\/www.bancasempione.ch\/es\/#website"},"primaryImageOfPage":{"@id":"https:\/\/www.bancasempione.ch\/es\/sostenibilidad\/#primaryimage"},"image":{"@id":"https:\/\/www.bancasempione.ch\/es\/sostenibilidad\/#primaryimage"},"thumbnailUrl":"https:\/\/bancasempione.ch\/wp-content\/uploads\/Raggruppa-13634@2x.png","datePublished":"2023-08-28T12:11:56+00:00","dateModified":"2025-10-31T11:07:57+00:00","breadcrumb":{"@id":"https:\/\/www.bancasempione.ch\/es\/sostenibilidad\/#breadcrumb"},"inLanguage":"es","potentialAction":[{"@type":"ReadAction","target":["https:\/\/www.bancasempione.ch\/es\/sostenibilidad\/"]}]},{"@type":"ImageObject","inLanguage":"es","@id":"https:\/\/www.bancasempione.ch\/es\/sostenibilidad\/#primaryimage","url":"https:\/\/bancasempione.ch\/wp-content\/uploads\/Raggruppa-13634@2x.png","contentUrl":"https:\/\/bancasempione.ch\/wp-content\/uploads\/Raggruppa-13634@2x.png"},{"@type":"BreadcrumbList","@id":"https:\/\/www.bancasempione.ch\/es\/sostenibilidad\/#breadcrumb","itemListElement":[{"@type":"ListItem","position":1,"name":"Home","item":"https:\/\/www.bancasempione.ch\/es\/"},{"@type":"ListItem","position":2,"name":"Sostenibilidad"}]},{"@type":"WebSite","@id":"https:\/\/www.bancasempione.ch\/es\/#website","url":"https:\/\/www.bancasempione.ch\/es\/","name":"Banca del Sempione","description":"","publisher":{"@id":"https:\/\/www.bancasempione.ch\/es\/#organization"},"potentialAction":[{"@type":"SearchAction","target":{"@type":"EntryPoint","urlTemplate":"https:\/\/www.bancasempione.ch\/es\/?s={search_term_string}"},"query-input":{"@type":"PropertyValueSpecification","valueRequired":true,"valueName":"search_term_string"}}],"inLanguage":"es"},{"@type":"Organization","@id":"https:\/\/www.bancasempione.ch\/es\/#organization","name":"Banca del Sempione","url":"https:\/\/www.bancasempione.ch\/es\/","logo":{"@type":"ImageObject","inLanguage":"es","@id":"https:\/\/www.bancasempione.ch\/es\/#\/schema\/logo\/image\/","url":"https:\/\/www.bancasempione.ch\/wp-content\/uploads\/bancadelsempione_eng.svg","contentUrl":"https:\/\/www.bancasempione.ch\/wp-content\/uploads\/bancadelsempione_eng.svg","caption":"Banca del Sempione"},"image":{"@id":"https:\/\/www.bancasempione.ch\/es\/#\/schema\/logo\/image\/"},"sameAs":["https:\/\/www.facebook.com\/profile.php?id=100075458006919","https:\/\/www.linkedin.com\/company\/bancasempione\/","https:\/\/www.instagram.com\/bancasempione\/"]}]}},"_links":{"self":[{"href":"https:\/\/www.bancasempione.ch\/es\/wp-json\/wp\/v2\/pages\/5458","targetHints":{"allow":["GET"]}}],"collection":[{"href":"https:\/\/www.bancasempione.ch\/es\/wp-json\/wp\/v2\/pages"}],"about":[{"href":"https:\/\/www.bancasempione.ch\/es\/wp-json\/wp\/v2\/types\/page"}],"author":[{"embeddable":true,"href":"https:\/\/www.bancasempione.ch\/es\/wp-json\/wp\/v2\/users\/1"}],"replies":[{"embeddable":true,"href":"https:\/\/www.bancasempione.ch\/es\/wp-json\/wp\/v2\/comments?post=5458"}],"version-history":[{"count":11,"href":"https:\/\/www.bancasempione.ch\/es\/wp-json\/wp\/v2\/pages\/5458\/revisions"}],"predecessor-version":[{"id":20594,"href":"https:\/\/www.bancasempione.ch\/es\/wp-json\/wp\/v2\/pages\/5458\/revisions\/20594"}],"wp:attachment":[{"href":"https:\/\/www.bancasempione.ch\/es\/wp-json\/wp\/v2\/media?parent=5458"}],"curies":[{"name":"wp","href":"https:\/\/api.w.org\/{rel}","templated":true}]}}