{"id":5474,"date":"2023-08-02T09:51:26","date_gmt":"2023-08-02T07:51:26","guid":{"rendered":"https:\/\/bancasempionenew.team99.it\/el-grupo\/"},"modified":"2024-03-08T09:54:10","modified_gmt":"2024-03-08T08:54:10","slug":"el-grupo","status":"publish","type":"page","link":"https:\/\/www.bancasempione.ch\/es\/el-grupo\/","title":{"rendered":"El grupo"},"content":{"rendered":"<section class=\"content-block-bg alignfull\" style=\"background: linear-gradient(0deg, rgba(0, 0, 0, 40%), rgba(0, 0, 0, 40%)), url(https:\/\/www.bancasempione.ch\/wp-content\/uploads\/Banca-sempione-locaion-1-1.jpg) ;  background-position-x: 50% !important; min-height: 100vh !important;  min-height:10vh;\"><div class=\"content-block is-position-center-left  has-white-color has-text-color \" style=\"min-height: 100vh !important;  min-height:10vh;\" ><div class=\"wp-block-cover__inner-container\">\n\n<p class=\"has-text-align-left has-primario-color has-text-color\" style=\"text-transform:uppercase\">GRUPO<\/p>\n\n\n\n<h1 class=\"wp-block-heading has-text-align-left has-titolo-xxl-font-size has-titolo-xxxl-font-size\" id=\"splitme\" style=\"font-style:normal;font-weight:300\">La fuerza del <br><strong>Grupo Banca del Sempione<\/strong><\/h1>\n\n<\/div><\/div><\/section>\n\n\n<div class=\"wp-block-group alignfull has-background has-global-padding is-layout-constrained wp-block-group-is-layout-constrained\" id=\"AFTER-HERO\" style=\"background-color:#eeeeee;padding-top:8vh;padding-bottom:8vh\">\n<div class=\"wp-block-columns is-layout-flex wp-container-core-columns-is-layout-28f84493 wp-block-columns-is-layout-flex\">\n<div class=\"wp-block-column is-layout-flow wp-block-column-is-layout-flow\" style=\"flex-basis:10%\"><\/div>\n\n\n\n<div class=\"wp-block-column is-layout-flow wp-block-column-is-layout-flow\" style=\"flex-basis:90%\">\n<p class=\"has-text-align-center has-titolo-xl-font-size\">El <strong>Grupo Banca del Sempione<\/strong> est\u00e1 formado por empresas altamente especializadas con diferentes competencias verticales, que van m\u00e1s all\u00e1 de <strong>Private Banking<\/strong><\/p>\n<\/div>\n\n\n\n<div class=\"wp-block-column is-layout-flow wp-block-column-is-layout-flow\" style=\"flex-basis:10%\"><\/div>\n<\/div>\n<\/div>\n\n\n<section class=\"content-block-bg alignfull\" style=\"background: linear-gradient(0deg, rgba(0, 0, 0, 30%), rgba(0, 0, 0, 30%)), url(https:\/\/www.bancasempione.ch\/wp-content\/uploads\/Raggruppa-13713-e1683709782174.jpg) ;  background-position-x: 50% !important; min-height: 100vh !important;  min-height:10vh;\"><div class=\"content-block is-position-center-center  has-white-color has-text-color \" style=\"min-height: 100vh !important;  min-height:10vh;\" ><div class=\"wp-block-cover__inner-container\">\n\n<div class=\"wp-block-columns is-layout-flex wp-container-core-columns-is-layout-e9dadf76 wp-block-columns-is-layout-flex\" style=\"margin-top:var(--wp--preset--spacing--80);padding-top:0;padding-right:0;padding-bottom:0;padding-left:0\">\n<div class=\"wp-block-column is-vertically-aligned-top is-layout-flow wp-block-column-is-layout-flow\" style=\"flex-basis:40%\">\n<p class=\"has-text-align-left has-primario-color has-text-color\" style=\"text-transform:uppercase\">un modelo operativo com\u00fan<\/p>\n\n\n\n<h3 class=\"wp-block-heading has-titolo-xl-font-size\" style=\"font-style:normal;font-weight:300\">Formamos un equipo, <strong>a tu lado<\/strong><\/h3>\n<\/div>\n\n\n\n<div class=\"wp-block-column is-layout-flow wp-block-column-is-layout-flow\">\n<p><\/p>\n<\/div>\n\n\n\n<div class=\"wp-block-column is-layout-flow wp-block-column-is-layout-flow\" style=\"flex-basis:50%\">\n<div style=\"height:80px\" aria-hidden=\"true\" class=\"wp-block-spacer no-mobile\"><\/div>\n\n\n\n<h4 class=\"wp-block-heading has-titolo-font-size\" style=\"font-style:normal;font-weight:300\">Nuestro primer objetivo es responder con rapidez y eficacia a todas sus necesidades de <strong>ahorro, inversi\u00f3n y asesoramiento patrimonial<\/strong>.<\/h4>\n\n\n\n<p>Por eso se cre\u00f3 el<strong> Grupo Banca del Sempione<\/strong>, un grupo compuesto por diferentes empresas, creadas para trabajar en equipo, ofreciendo servicios especializados y diversificados.<\/p>\n\n\n\n<p><strong>Asesoramiento, intermediaci\u00f3n financiera, gesti\u00f3n de fondos comunes de inversi\u00f3n, planificaci\u00f3n fiscal y patrimonial<\/strong>: todo ello con el uso de herramientas innovadoras y personalizadas, con la experiencia y discreci\u00f3n que siempre nos ha caracterizado.<\/p>\n\n\n\n<p>Nos guiamos por los principios de <strong>sentido com\u00fan, confidencialidad y vigilancia<\/strong>, pilares de la cultura bancaria suiza y nuestros valores fundacionales.<\/p>\n<\/div>\n<\/div>\n\n\n\n<div style=\"height:8vh\" aria-hidden=\"true\" class=\"wp-block-spacer\"><\/div>\n\n<\/div><\/div><\/section>\n\n\n<div class=\"wp-block-group is-layout-flow wp-block-group-is-layout-flow\" style=\"padding-top:8vh;padding-bottom:8vh\">\n<div class=\"wp-block-columns is-layout-flex wp-container-core-columns-is-layout-28f84493 wp-block-columns-is-layout-flex\">\n<div class=\"wp-block-column is-layout-flow wp-block-column-is-layout-flow\" style=\"padding-top:0vw;flex-basis:40%\">\n<p class=\"has-text-align-left has-primario-color has-text-color\" style=\"text-transform:uppercase\">SOCIEDAD<\/p>\n\n\n\n<h3 class=\"wp-block-heading has-titolo-xl-font-size\" style=\"font-style:normal;font-weight:300\">Sempione<br><strong>SIM<\/strong> <\/h3>\n<\/div>\n\n\n\n<div class=\"wp-block-column is-layout-flow wp-block-column-is-layout-flow\" style=\"padding-top:0vw\"><\/div>\n\n\n\n<div class=\"wp-block-column is-layout-flow wp-block-column-is-layout-flow\" style=\"flex-basis:50%\">\n<h4 class=\"wp-block-heading has-titolo-font-size\" style=\"font-style:normal;font-weight:300\">Las ra\u00edces de un hist\u00f3rico Grupo suizo en Italia<\/h4>\n\n\n\n<p>Sempione SIM Spa te ofrece un paquete de servicios exclusivos que comprenden <strong>gesti\u00f3n patrimonial<\/strong>, <strong>asesoramiento personalizado<\/strong>, <strong>compraventa<\/strong>&nbsp;instrumentos financieros, <strong>recogida y ejecuci\u00f3n<\/strong>&nbsp;de \u00f3rdenes y <strong>colocaci\u00f3n en el mercado<\/strong>&nbsp;de nuevas emisiones.<\/p>\n\n\n\n<div class=\"wp-block-buttons is-layout-flex wp-block-buttons-is-layout-flex\">\n<div class=\"wp-block-button\"><a class=\"wp-block-button__link wp-element-button\" href=\"https:\/\/bancasempione.ch\/es\/el-grupo\/sempione-sim-spa\/\">descubra m\u00e1s<\/a><\/div>\n<\/div>\n<\/div>\n<\/div>\n<\/div>\n\n\n\n<hr class=\"wp-block-separator has-alpha-channel-opacity is-style-wide\"\/>\n\n\n\n<div class=\"wp-block-group is-layout-flow wp-block-group-is-layout-flow\" style=\"padding-top:8vh;padding-bottom:8vh\">\n<div class=\"wp-block-columns is-layout-flex wp-container-core-columns-is-layout-28f84493 wp-block-columns-is-layout-flex\">\n<div class=\"wp-block-column is-layout-flow wp-block-column-is-layout-flow\" style=\"padding-top:0vw;flex-basis:40%\">\n<p class=\"has-text-align-left has-primario-color has-text-color\" style=\"text-transform:uppercase\">SOCIEDAD<\/p>\n\n\n\n<h3 class=\"wp-block-heading has-titolo-xl-font-size\" style=\"font-style:normal;font-weight:300\">Base Investments<br><strong>SICAV<\/strong><\/h3>\n<\/div>\n\n\n\n<div class=\"wp-block-column is-layout-flow wp-block-column-is-layout-flow\" style=\"padding-top:0vw\"><\/div>\n\n\n\n<div class=\"wp-block-column is-layout-flow wp-block-column-is-layout-flow\" style=\"flex-basis:50%\">\n<h4 class=\"wp-block-heading has-titolo-font-size\" style=\"font-style:normal;font-weight:300\">Dinamismo y control del riesgo en la gesti\u00f3n de su capital<\/h4>\n\n\n\n<p>Societ\u00e0 <strong>d&#8217;investimento a capitale variabile<\/strong>, che permette di accedere a un\u2019articolata gamma di fondi di investimento.<br>La politica di gestione dei comparti di Base Investments SICAV mira a <strong>preservare il capitale investito e a incrementare gli attivi<\/strong>, attraverso strategie di gestione diversificate per profilo di rischio e orizzonte temporale di investimento.<\/p>\n\n\n\n<div class=\"wp-block-buttons is-layout-flex wp-block-buttons-is-layout-flex\">\n<div class=\"wp-block-button\"><a class=\"wp-block-button__link wp-element-button\" href=\"https:\/\/bancasempione.ch\/es\/el-grupo\/base-investments-sicav\/\">descubra m\u00e1s<\/a><\/div>\n<\/div>\n<\/div>\n<\/div>\n<\/div>\n\n\n\n<hr class=\"wp-block-separator has-alpha-channel-opacity is-style-wide\"\/>\n\n\n\n<div class=\"wp-block-group is-layout-flow wp-block-group-is-layout-flow\" style=\"padding-top:8vh;padding-bottom:8vh\">\n<div class=\"wp-block-columns is-layout-flex wp-container-core-columns-is-layout-28f84493 wp-block-columns-is-layout-flex\">\n<div class=\"wp-block-column is-layout-flow wp-block-column-is-layout-flow\" style=\"padding-top:0vw;flex-basis:40%\">\n<p class=\"has-text-align-left has-primario-color has-text-color\" style=\"text-transform:uppercase\">SOCIEDAD<\/p>\n\n\n\n<h3 class=\"wp-block-heading has-titolo-xl-font-size\" style=\"font-style:normal;font-weight:300\">Banca del Sempione<strong> (Overseas)<\/strong><\/h3>\n<\/div>\n\n\n\n<div class=\"wp-block-column is-layout-flow wp-block-column-is-layout-flow\" style=\"padding-top:0vw\"><\/div>\n\n\n\n<div class=\"wp-block-column is-layout-flow wp-block-column-is-layout-flow\" style=\"flex-basis:50%\">\n<h4 class=\"wp-block-heading has-titolo-font-size\" style=\"font-style:normal;font-weight:300\">Un ventana abierta al mundo<\/h4>\n\n\n\n<p><strong>Una alternativa fiable para la gesti\u00f3n de patrimonios<\/strong> en el archipi\u00e9lago de las Bahamas. Banca del Sempione (Overseas) Ltd., se cre\u00f3 en el a\u00f1o 2000 en Nassau y est\u00e1 <strong>controlada al 100%<\/strong> por la casa madre suiza.<\/p>\n\n\n\n<div class=\"wp-block-buttons is-layout-flex wp-block-buttons-is-layout-flex\">\n<div class=\"wp-block-button\"><a class=\"wp-block-button__link wp-element-button\" href=\"https:\/\/bancasempione.ch\/es\/el-grupo\/banca-del-sempione-overseas-ltd\/\">descubra m\u00e1s<\/a><\/div>\n<\/div>\n<\/div>\n<\/div>\n<\/div>\n\n\n\n<hr class=\"wp-block-separator has-alpha-channel-opacity\"\/>\n\n\n\n<div class=\"wp-block-group is-layout-flow wp-block-group-is-layout-flow\" style=\"padding-top:8vh;padding-bottom:8vh\">\n<div class=\"wp-block-columns is-layout-flex wp-container-core-columns-is-layout-28f84493 wp-block-columns-is-layout-flex\">\n<div class=\"wp-block-column is-layout-flow wp-block-column-is-layout-flow\" style=\"padding-top:0vw;flex-basis:40%\">\n<p class=\"has-text-align-left has-primario-color has-text-color\" style=\"text-transform:uppercase\">SOCIEDAD<\/p>\n\n\n\n<h3 class=\"wp-block-heading has-titolo-xl-font-size\" style=\"font-style:normal;font-weight:300\">Banca del Sempione<strong> (Middle East)<\/strong><\/h3>\n<\/div>\n\n\n\n<div class=\"wp-block-column is-layout-flow wp-block-column-is-layout-flow\" style=\"padding-top:0vw\"><\/div>\n\n\n\n<div class=\"wp-block-column is-layout-flow wp-block-column-is-layout-flow\" style=\"flex-basis:50%\">\n<h4 class=\"wp-block-heading has-titolo-font-size\" style=\"font-style:normal;font-weight:300\">Tradici\u00f3n y dinamismo en Dub\u00e1i<\/h4>\n\n\n\n<p>La <strong>tradici\u00f3n suiza<\/strong> y el <strong>dinamismo de Dub\u00e1i <\/strong>en la nueva iniciativa de Banca del Sempione<\/p>\n\n\n\n<div class=\"wp-block-buttons is-layout-flex wp-block-buttons-is-layout-flex\">\n<div class=\"wp-block-button\"><a class=\"wp-block-button__link wp-element-button\" href=\"https:\/\/bancasempione.ch\/es\/el-grupo\/banca-del-sempione-middle-east-ltd\/\">descubra m\u00e1s<\/a><\/div>\n<\/div>\n<\/div>\n<\/div>\n<\/div>\n\n\n\n<p><\/p>\n\n\n\n<p><\/p>\n\n\n<section class=\"content-block-bg alignfull\" style=\"background: linear-gradient(0deg, rgba(0, 0, 0, 60%), rgba(0, 0, 0, 60%)), url(https:\/\/www.bancasempione.ch\/wp-content\/uploads\/Banca-Sempione-Team-210565-1.jpg) ;  background-position-x: 50% !important;  min-height:100vh;\"><div class=\"content-block is-position-center-center  has-white-color has-text-color \" style=\" min-height:100vh;\" ><div class=\"wp-block-cover__inner-container\">\n\n<p class=\"has-text-align-center has-primario-color has-text-color\" style=\"text-transform:uppercase\">NUESTROS SERVICIOS<\/p>\n\n\n\n<h3 class=\"wp-block-heading has-text-align-center has-titolo-xxl-font-size has-titolo-xl-font-size\" style=\"font-style:normal;font-weight:300\">Una serie de <strong>servicios de asesoramiento<\/strong> y <strong>acceso al cr\u00e9dito<\/strong> dedicados a sus necesidades y las de su empresa.<\/h3>\n\n\n\n<div class=\"wp-block-buttons is-content-justification-center is-layout-flex wp-container-core-buttons-is-layout-459aa991 wp-block-buttons-is-layout-flex\" style=\"margin-top:80px\">\n<div class=\"wp-block-button\"><a class=\"wp-block-button__link wp-element-button\" href=\"https:\/\/bancasempione.ch\/es\/servicios\/\">descubra m\u00e1s<\/a><\/div>\n<\/div>\n\n<\/div><\/div><\/section>\n\n\n<div class=\"wp-block-group alignfull has-background is-layout-flow wp-block-group-is-layout-flow\" style=\"background-color:#eeeeee;margin-top:0vh;margin-bottom:0vw;padding-top:8vh;padding-bottom:8vh\">\n<p class=\"has-text-align-center has-primario-color has-text-color\" style=\"text-transform:uppercase\">TRABAJA CON NOSOTROS<\/p>\n\n\n\n<p class=\"has-text-align-center has-titolo-xl-font-size\">Descubra los <strong>puestos vacantes<\/strong><br>y forme parte de <strong>nuestro equipo<\/strong><\/p>\n\n\n\n<div class=\"wp-block-buttons is-content-justification-center is-layout-flex wp-container-core-buttons-is-layout-ba9ea59f wp-block-buttons-is-layout-flex\" style=\"margin-top:var(--wp--preset--spacing--60)\">\n<div class=\"wp-block-button\"><a class=\"wp-block-button__link wp-element-button\" href=\"\/es\/jobs\/\">ENV\u00cdA TU CANDIDATURA<\/a><\/div>\n<\/div>\n<\/div>\n","protected":false},"excerpt":{"rendered":"<p>El Grupo Banca del Sempione est\u00e1 formado por empresas altamente especializadas con diferentes competencias verticales, que van m\u00e1s all\u00e1 de Private Banking SOCIEDAD SempioneSIM Las ra\u00edces de un hist\u00f3rico Grupo suizo en Italia Sempione SIM Spa te ofrece un paquete de servicios exclusivos que comprenden gesti\u00f3n patrimonial, asesoramiento personalizado, compraventa&nbsp;instrumentos financieros, recogida y ejecuci\u00f3n&nbsp;de \u00f3rdenes [&hellip;]<\/p>\n","protected":false},"author":1,"featured_media":0,"parent":0,"menu_order":0,"comment_status":"closed","ping_status":"closed","template":"Light Header","meta":{"_acf_changed":false,"footnotes":""},"class_list":["post-5474","page","type-page","status-publish","hentry"],"acf":[],"yoast_head":"<!-- This site is optimized with the Yoast SEO plugin v27.4 - https:\/\/yoast.com\/product\/yoast-seo-wordpress\/ -->\n<title>El grupo - Banca del Sempione<\/title>\n<meta name=\"robots\" content=\"index, follow, max-snippet:-1, max-image-preview:large, max-video-preview:-1\" \/>\n<link rel=\"canonical\" href=\"https:\/\/www.bancasempione.ch\/es\/el-grupo\/\" \/>\n<meta property=\"og:locale\" content=\"es_ES\" \/>\n<meta property=\"og:type\" content=\"article\" \/>\n<meta property=\"og:title\" content=\"El grupo - Banca del Sempione\" \/>\n<meta property=\"og:description\" content=\"El Grupo Banca del Sempione est\u00e1 formado por empresas altamente especializadas con diferentes competencias verticales, que van m\u00e1s all\u00e1 de Private Banking SOCIEDAD SempioneSIM Las ra\u00edces de un hist\u00f3rico Grupo suizo en Italia Sempione SIM Spa te ofrece un paquete de servicios exclusivos que comprenden gesti\u00f3n patrimonial, asesoramiento personalizado, compraventa&nbsp;instrumentos financieros, recogida y ejecuci\u00f3n&nbsp;de \u00f3rdenes [&hellip;]\" \/>\n<meta property=\"og:url\" content=\"https:\/\/www.bancasempione.ch\/es\/el-grupo\/\" \/>\n<meta property=\"og:site_name\" content=\"Banca del Sempione\" \/>\n<meta property=\"article:publisher\" content=\"https:\/\/www.facebook.com\/profile.php?id=100075458006919\" \/>\n<meta property=\"article:modified_time\" content=\"2024-03-08T08:54:10+00:00\" \/>\n<meta name=\"twitter:card\" content=\"summary_large_image\" \/>\n<meta name=\"twitter:label1\" content=\"Tiempo de lectura\" \/>\n\t<meta name=\"twitter:data1\" content=\"2 minutos\" \/>\n<script type=\"application\/ld+json\" class=\"yoast-schema-graph\">{\"@context\":\"https:\\\/\\\/schema.org\",\"@graph\":[{\"@type\":\"WebPage\",\"@id\":\"https:\\\/\\\/www.bancasempione.ch\\\/es\\\/el-grupo\\\/\",\"url\":\"https:\\\/\\\/www.bancasempione.ch\\\/es\\\/el-grupo\\\/\",\"name\":\"El grupo - Banca del Sempione\",\"isPartOf\":{\"@id\":\"https:\\\/\\\/www.bancasempione.ch\\\/es\\\/#website\"},\"datePublished\":\"2023-08-02T07:51:26+00:00\",\"dateModified\":\"2024-03-08T08:54:10+00:00\",\"breadcrumb\":{\"@id\":\"https:\\\/\\\/www.bancasempione.ch\\\/es\\\/el-grupo\\\/#breadcrumb\"},\"inLanguage\":\"es\",\"potentialAction\":[{\"@type\":\"ReadAction\",\"target\":[\"https:\\\/\\\/www.bancasempione.ch\\\/es\\\/el-grupo\\\/\"]}]},{\"@type\":\"BreadcrumbList\",\"@id\":\"https:\\\/\\\/www.bancasempione.ch\\\/es\\\/el-grupo\\\/#breadcrumb\",\"itemListElement\":[{\"@type\":\"ListItem\",\"position\":1,\"name\":\"Home\",\"item\":\"https:\\\/\\\/www.bancasempione.ch\\\/es\\\/\"},{\"@type\":\"ListItem\",\"position\":2,\"name\":\"El grupo\"}]},{\"@type\":\"WebSite\",\"@id\":\"https:\\\/\\\/www.bancasempione.ch\\\/es\\\/#website\",\"url\":\"https:\\\/\\\/www.bancasempione.ch\\\/es\\\/\",\"name\":\"Banca del Sempione\",\"description\":\"\",\"publisher\":{\"@id\":\"https:\\\/\\\/www.bancasempione.ch\\\/es\\\/#organization\"},\"potentialAction\":[{\"@type\":\"SearchAction\",\"target\":{\"@type\":\"EntryPoint\",\"urlTemplate\":\"https:\\\/\\\/www.bancasempione.ch\\\/es\\\/?s={search_term_string}\"},\"query-input\":{\"@type\":\"PropertyValueSpecification\",\"valueRequired\":true,\"valueName\":\"search_term_string\"}}],\"inLanguage\":\"es\"},{\"@type\":\"Organization\",\"@id\":\"https:\\\/\\\/www.bancasempione.ch\\\/es\\\/#organization\",\"name\":\"Banca del Sempione\",\"url\":\"https:\\\/\\\/www.bancasempione.ch\\\/es\\\/\",\"logo\":{\"@type\":\"ImageObject\",\"inLanguage\":\"es\",\"@id\":\"https:\\\/\\\/www.bancasempione.ch\\\/es\\\/#\\\/schema\\\/logo\\\/image\\\/\",\"url\":\"https:\\\/\\\/www.bancasempione.ch\\\/wp-content\\\/uploads\\\/bancadelsempione_eng.svg\",\"contentUrl\":\"https:\\\/\\\/www.bancasempione.ch\\\/wp-content\\\/uploads\\\/bancadelsempione_eng.svg\",\"caption\":\"Banca del Sempione\"},\"image\":{\"@id\":\"https:\\\/\\\/www.bancasempione.ch\\\/es\\\/#\\\/schema\\\/logo\\\/image\\\/\"},\"sameAs\":[\"https:\\\/\\\/www.facebook.com\\\/profile.php?id=100075458006919\",\"https:\\\/\\\/www.linkedin.com\\\/company\\\/bancasempione\\\/\",\"https:\\\/\\\/www.instagram.com\\\/bancasempione\\\/\"]}]}<\/script>\n<!-- \/ Yoast SEO plugin. -->","yoast_head_json":{"title":"El grupo - Banca del Sempione","robots":{"index":"index","follow":"follow","max-snippet":"max-snippet:-1","max-image-preview":"max-image-preview:large","max-video-preview":"max-video-preview:-1"},"canonical":"https:\/\/www.bancasempione.ch\/es\/el-grupo\/","og_locale":"es_ES","og_type":"article","og_title":"El grupo - Banca del Sempione","og_description":"El Grupo Banca del Sempione est\u00e1 formado por empresas altamente especializadas con diferentes competencias verticales, que van m\u00e1s all\u00e1 de Private Banking SOCIEDAD SempioneSIM Las ra\u00edces de un hist\u00f3rico Grupo suizo en Italia Sempione SIM Spa te ofrece un paquete de servicios exclusivos que comprenden gesti\u00f3n patrimonial, asesoramiento personalizado, compraventa&nbsp;instrumentos financieros, recogida y ejecuci\u00f3n&nbsp;de \u00f3rdenes [&hellip;]","og_url":"https:\/\/www.bancasempione.ch\/es\/el-grupo\/","og_site_name":"Banca del Sempione","article_publisher":"https:\/\/www.facebook.com\/profile.php?id=100075458006919","article_modified_time":"2024-03-08T08:54:10+00:00","twitter_card":"summary_large_image","twitter_misc":{"Tiempo de lectura":"2 minutos"},"schema":{"@context":"https:\/\/schema.org","@graph":[{"@type":"WebPage","@id":"https:\/\/www.bancasempione.ch\/es\/el-grupo\/","url":"https:\/\/www.bancasempione.ch\/es\/el-grupo\/","name":"El grupo - Banca del Sempione","isPartOf":{"@id":"https:\/\/www.bancasempione.ch\/es\/#website"},"datePublished":"2023-08-02T07:51:26+00:00","dateModified":"2024-03-08T08:54:10+00:00","breadcrumb":{"@id":"https:\/\/www.bancasempione.ch\/es\/el-grupo\/#breadcrumb"},"inLanguage":"es","potentialAction":[{"@type":"ReadAction","target":["https:\/\/www.bancasempione.ch\/es\/el-grupo\/"]}]},{"@type":"BreadcrumbList","@id":"https:\/\/www.bancasempione.ch\/es\/el-grupo\/#breadcrumb","itemListElement":[{"@type":"ListItem","position":1,"name":"Home","item":"https:\/\/www.bancasempione.ch\/es\/"},{"@type":"ListItem","position":2,"name":"El grupo"}]},{"@type":"WebSite","@id":"https:\/\/www.bancasempione.ch\/es\/#website","url":"https:\/\/www.bancasempione.ch\/es\/","name":"Banca del Sempione","description":"","publisher":{"@id":"https:\/\/www.bancasempione.ch\/es\/#organization"},"potentialAction":[{"@type":"SearchAction","target":{"@type":"EntryPoint","urlTemplate":"https:\/\/www.bancasempione.ch\/es\/?s={search_term_string}"},"query-input":{"@type":"PropertyValueSpecification","valueRequired":true,"valueName":"search_term_string"}}],"inLanguage":"es"},{"@type":"Organization","@id":"https:\/\/www.bancasempione.ch\/es\/#organization","name":"Banca del Sempione","url":"https:\/\/www.bancasempione.ch\/es\/","logo":{"@type":"ImageObject","inLanguage":"es","@id":"https:\/\/www.bancasempione.ch\/es\/#\/schema\/logo\/image\/","url":"https:\/\/www.bancasempione.ch\/wp-content\/uploads\/bancadelsempione_eng.svg","contentUrl":"https:\/\/www.bancasempione.ch\/wp-content\/uploads\/bancadelsempione_eng.svg","caption":"Banca del Sempione"},"image":{"@id":"https:\/\/www.bancasempione.ch\/es\/#\/schema\/logo\/image\/"},"sameAs":["https:\/\/www.facebook.com\/profile.php?id=100075458006919","https:\/\/www.linkedin.com\/company\/bancasempione\/","https:\/\/www.instagram.com\/bancasempione\/"]}]}},"_links":{"self":[{"href":"https:\/\/www.bancasempione.ch\/es\/wp-json\/wp\/v2\/pages\/5474","targetHints":{"allow":["GET"]}}],"collection":[{"href":"https:\/\/www.bancasempione.ch\/es\/wp-json\/wp\/v2\/pages"}],"about":[{"href":"https:\/\/www.bancasempione.ch\/es\/wp-json\/wp\/v2\/types\/page"}],"author":[{"embeddable":true,"href":"https:\/\/www.bancasempione.ch\/es\/wp-json\/wp\/v2\/users\/1"}],"replies":[{"embeddable":true,"href":"https:\/\/www.bancasempione.ch\/es\/wp-json\/wp\/v2\/comments?post=5474"}],"version-history":[{"count":6,"href":"https:\/\/www.bancasempione.ch\/es\/wp-json\/wp\/v2\/pages\/5474\/revisions"}],"predecessor-version":[{"id":8036,"href":"https:\/\/www.bancasempione.ch\/es\/wp-json\/wp\/v2\/pages\/5474\/revisions\/8036"}],"wp:attachment":[{"href":"https:\/\/www.bancasempione.ch\/es\/wp-json\/wp\/v2\/media?parent=5474"}],"curies":[{"name":"wp","href":"https:\/\/api.w.org\/{rel}","templated":true}]}}