{"id":5478,"date":"2023-08-04T09:36:39","date_gmt":"2023-08-04T07:36:39","guid":{"rendered":"https:\/\/bancasempionenew.team99.it\/el-grupo\/base-investments-sicav\/"},"modified":"2025-11-25T15:10:13","modified_gmt":"2025-11-25T14:10:13","slug":"base-investments-sicav","status":"publish","type":"page","link":"https:\/\/www.bancasempione.ch\/es\/el-grupo\/base-investments-sicav\/","title":{"rendered":"Base Investments SICAV"},"content":{"rendered":"<section class=\"content-block-bg alignfull\" style=\"background: linear-gradient(0deg, rgba(0, 0, 0, 30%), rgba(0, 0, 0, 30%)), url(https:\/\/www.bancasempione.ch\/wp-content\/uploads\/banca-del-sempione-_R210930-210930-WEB-1.jpg) ;  background-position-x: 50% !important; min-height: 100vh !important;  min-height:10vh;\"><div class=\"content-block is-position-center-left  has-white-color has-text-color \" style=\"min-height: 100vh !important;  min-height:10vh;\" ><div class=\"wp-block-cover__inner-container\">\n\n<p class=\"has-text-align-left has-primario-color has-text-color\" style=\"text-transform:uppercase\">GRUPO<\/p>\n\n\n\n<h1 class=\"wp-block-heading has-text-align-left has-titolo-xxl-font-size has-titolo-xxxl-font-size\" id=\"splitme\" style=\"font-style:normal;font-weight:300\"><strong>Base Investments SICAV<\/strong>: a su lado, para invertir como un profesional<\/h1>\n\n<\/div><\/div><\/section>\n\n\n<div class=\"wp-block-group alignfull has-background has-global-padding is-layout-constrained wp-block-group-is-layout-constrained\" id=\"AFTER-HERO\" style=\"background-color:#eeeeee;padding-top:8vh;padding-bottom:8vh\">\n<div class=\"wp-block-columns is-layout-flex wp-container-core-columns-is-layout-28f84493 wp-block-columns-is-layout-flex\">\n<div class=\"wp-block-column is-layout-flow wp-block-column-is-layout-flow\" style=\"flex-basis:10%\"><\/div>\n\n\n\n<div class=\"wp-block-column is-layout-flow wp-block-column-is-layout-flow\" style=\"flex-basis:90%\">\n<h2 class=\"wp-block-heading has-text-align-center has-titolo-xl-font-size\" style=\"font-style:normal;font-weight:300\"><strong>M\u00e1xima diversificaci\u00f3n<\/strong> de los instrumentos de inversi\u00f3n y <strong>gesti\u00f3n optimizada<\/strong>, <strong>resiliencia<\/strong> y determinaci\u00f3n en las decisiones de <strong>inversi\u00f3n<\/strong>.<\/h2>\n<\/div>\n\n\n\n<div class=\"wp-block-column is-layout-flow wp-block-column-is-layout-flow\" style=\"flex-basis:10%\"><\/div>\n<\/div>\n<\/div>\n\n\n<section class=\"content-block-bg alignfull\" style=\"background: linear-gradient(0deg, rgba(0, 0, 0, 30%), rgba(0, 0, 0, 30%)), url(https:\/\/www.bancasempione.ch\/wp-content\/uploads\/Raggruppa-13713-e1683709782174.jpg) ;  background-position-x: 50% !important; min-height: 100vh !important;  min-height:10vh;\"><div class=\"content-block is-position-center-center  has-white-color has-text-color \" style=\"min-height: 100vh !important;  min-height:10vh;\" ><div class=\"wp-block-cover__inner-container\">\n\n<div class=\"wp-block-columns is-layout-flex wp-container-core-columns-is-layout-e9dadf76 wp-block-columns-is-layout-flex\" style=\"margin-top:var(--wp--preset--spacing--80);padding-top:0;padding-right:0;padding-bottom:0;padding-left:0\">\n<div class=\"wp-block-column is-vertically-aligned-top is-layout-flow wp-block-column-is-layout-flow\" style=\"flex-basis:40%\">\n<p class=\"has-text-align-left has-primario-color has-text-color\" style=\"text-transform:uppercase\">GRUPO<\/p>\n\n\n\n<h3 class=\"wp-block-heading has-titolo-xl-font-size\" style=\"font-style:normal;font-weight:300\">Una sociedad <strong>diversificada<\/strong> que le permite acceder a una amplia gama de <strong>fondos de inversi\u00f3n<\/strong>.<\/h3>\n<\/div>\n\n\n\n<div class=\"wp-block-column is-layout-flow wp-block-column-is-layout-flow\">\n<p><\/p>\n<\/div>\n\n\n\n<div class=\"wp-block-column is-layout-flow wp-block-column-is-layout-flow\" style=\"flex-basis:50%\">\n<div style=\"height:80px\" aria-hidden=\"true\" class=\"wp-block-spacer no-mobile\"><\/div>\n\n\n\n<p>Creada en Luxemburgo en 2001, la sociedad de inversi\u00f3n de capital variable Base Investments le ofrece una amplia diversificaci\u00f3n de <strong>instrumentos de inversi\u00f3n y una alta calidad de gesti\u00f3n<\/strong>.<br><br>Existen tres clases principales de inversi\u00f3n &#8211;<strong> acciones, t\u00edtulos y valores y monetaria<\/strong> &#8211; con un \u00e1mbito operativo que abarca desde los mercados financieros avanzados (como Europa y Estados Unidos) hasta los mercados emergentes y los mercados fronterizos.<br><br>El objetivo de la pol\u00edtica de gesti\u00f3n de los subfondos es <strong>preservar el capital invertido y aumentar los activos<\/strong>, aplicando estrategias de gesti\u00f3n diversificadas en funci\u00f3n del perfil de riesgo y del horizonte temporal de la inversi\u00f3n.<br><br>Con <strong>Base Investments SICAV<\/strong> puede elegir una gama de herramientas que se adaptan a las diferentes condiciones del mercado. \u00bfNuestro principal objetivo? Estar siempre a su lado y crecer juntos.<\/p>\n\n\n\n<div style=\"height:40px\" aria-hidden=\"true\" class=\"wp-block-spacer no-mobile\"><\/div>\n\n\n\n<div class=\"wp-block-buttons is-layout-flex wp-block-buttons-is-layout-flex\">\n<div class=\"wp-block-button\"><a class=\"wp-block-button__link wp-element-button\" href=\"https:\/\/www.basesicav.lu\/Welcome\">IR AL SITIO WEB<\/a><\/div>\n<\/div>\n<\/div>\n<\/div>\n\n\n\n<div class=\"wp-block-group has-white-background-color has-background is-nowrap is-layout-flex wp-container-core-group-is-layout-117f5015 wp-block-group-is-layout-flex\" style=\"min-height:0px;margin-top:0;margin-bottom:0;padding-top:0;padding-right:0;padding-bottom:0;padding-left:0;font-size:0px\">\n<hr class=\"wp-block-separator has-alpha-channel-opacity is-style-default\"\/>\n<\/div>\n\n\n\n<p><strong>Base Investments SICAV<\/strong><\/p>\n\n\n\n<p>5, All\u00e9e Scheffer<br>L \u2013 2520 Luxembourg<\/p>\n\n\n\n<p><a href=\"mailto:info@basesicav.lu\">info@basesicav.lu<\/a><\/p>\n\n<\/div><\/div><\/section>\n\n\n<div class=\"wp-block-group is-layout-flow wp-block-group-is-layout-flow\" style=\"padding-top:8vh;padding-bottom:2vh\">\n<h3 class=\"wp-block-heading has-text-align-left has-titolo-font-size\" style=\"font-style:normal;font-weight:300\">Las otras <strong>sociedades <\/strong>del <strong>Grupo<\/strong><\/h3>\n<\/div>\n\n\n\n<hr class=\"wp-block-separator has-alpha-channel-opacity is-style-wide\"\/>\n\n\n\n<div class=\"wp-block-group is-layout-flow wp-block-group-is-layout-flow\" style=\"padding-top:8vh;padding-bottom:8vh\">\n<div class=\"wp-block-columns is-layout-flex wp-container-core-columns-is-layout-28f84493 wp-block-columns-is-layout-flex\">\n<div class=\"wp-block-column is-layout-flow wp-block-column-is-layout-flow\" style=\"padding-top:0vw;flex-basis:40%\">\n<p class=\"has-text-align-left has-primario-color has-text-color\" style=\"text-transform:uppercase\">SOCIEDAD<\/p>\n\n\n\n<h3 class=\"wp-block-heading has-titolo-xl-font-size\" style=\"font-style:normal;font-weight:300\">Sempione<br><strong>SIM<\/strong> <\/h3>\n<\/div>\n\n\n\n<div class=\"wp-block-column is-layout-flow wp-block-column-is-layout-flow\" style=\"padding-top:0vw\"><\/div>\n\n\n\n<div class=\"wp-block-column is-layout-flow wp-block-column-is-layout-flow\" style=\"flex-basis:50%\">\n<h4 class=\"wp-block-heading has-titolo-font-size\" style=\"font-style:normal;font-weight:300\">El corretaje de valores seg\u00fan Banca del Sempione<\/h4>\n\n\n\n<p>Sempione SIM Spa le ofrece un paquete de servicios exclusivos que comprenden <strong>gesti\u00f3n patrimonial<\/strong>, <strong>asesoramiento personalizado<\/strong>, <strong>compraventa<\/strong> de instrumentos financieros, <strong>recogida y ejecuci\u00f3n<\/strong> de \u00f3rdenes y <strong>colocaci\u00f3n en el mercado<\/strong> de nuevas emisiones.<\/p>\n\n\n\n<div class=\"wp-block-buttons is-layout-flex wp-block-buttons-is-layout-flex\">\n<div class=\"wp-block-button\"><a class=\"wp-block-button__link wp-element-button\" href=\"https:\/\/bancasempione.ch\/es\/el-grupo\/sempione-sim-spa\/\">descubra m\u00e1s<\/a><\/div>\n<\/div>\n<\/div>\n<\/div>\n<\/div>\n\n\n\n<hr class=\"wp-block-separator has-alpha-channel-opacity is-style-wide\"\/>\n\n\n\n<div class=\"wp-block-group is-layout-flow wp-block-group-is-layout-flow\" style=\"padding-top:8vh;padding-bottom:8vh\">\n<div class=\"wp-block-columns is-layout-flex wp-container-core-columns-is-layout-28f84493 wp-block-columns-is-layout-flex\">\n<div class=\"wp-block-column is-layout-flow wp-block-column-is-layout-flow\" style=\"padding-top:0vw;flex-basis:40%\">\n<p class=\"has-text-align-left has-primario-color has-text-color\" style=\"text-transform:uppercase\">SOCIEDAD<\/p>\n\n\n\n<h3 class=\"wp-block-heading has-titolo-xl-font-size\" style=\"font-style:normal;font-weight:300\">Banca del Sempione<strong> (Overseas)<\/strong><\/h3>\n<\/div>\n\n\n\n<div class=\"wp-block-column is-layout-flow wp-block-column-is-layout-flow\" style=\"padding-top:0vw\"><\/div>\n\n\n\n<div class=\"wp-block-column is-layout-flow wp-block-column-is-layout-flow\" style=\"flex-basis:50%\">\n<h4 class=\"wp-block-heading has-titolo-font-size\" style=\"font-style:normal;font-weight:300\">Un ventana abierta al mundo<\/h4>\n\n\n\n<p><strong>Una alternativa fiable para la gesti\u00f3n de patrimonios<\/strong> en el archipi\u00e9lago de las Bahamas. Banca del Sempione (Overseas) Ltd., se cre\u00f3 en el a\u00f1o 2000 en Nassau y est\u00e1 <strong>controlada al 100%<\/strong> por la casa madre suiza.<\/p>\n\n\n\n<div class=\"wp-block-buttons is-layout-flex wp-block-buttons-is-layout-flex\">\n<div class=\"wp-block-button\"><a class=\"wp-block-button__link wp-element-button\" href=\"https:\/\/bancasempione.ch\/es\/el-grupo\/banca-del-sempione-overseas-ltd\/\">descubra m\u00e1s<\/a><\/div>\n<\/div>\n<\/div>\n<\/div>\n<\/div>\n\n\n\n<hr class=\"wp-block-separator has-alpha-channel-opacity\"\/>\n\n\n\n<div class=\"wp-block-group is-layout-flow wp-block-group-is-layout-flow\" style=\"padding-top:8vh;padding-bottom:8vh\">\n<div class=\"wp-block-columns is-layout-flex wp-container-core-columns-is-layout-28f84493 wp-block-columns-is-layout-flex\">\n<div class=\"wp-block-column is-layout-flow wp-block-column-is-layout-flow\" style=\"padding-top:0vw;flex-basis:40%\">\n<p class=\"has-text-align-left has-primario-color has-text-color\" style=\"text-transform:uppercase\">SOCIEDAD<\/p>\n\n\n\n<h3 class=\"wp-block-heading has-titolo-xl-font-size\" style=\"font-style:normal;font-weight:300\">Banca del Sempione<strong> (Middle East)<\/strong><\/h3>\n<\/div>\n\n\n\n<div class=\"wp-block-column is-layout-flow wp-block-column-is-layout-flow\" style=\"padding-top:0vw\"><\/div>\n\n\n\n<div class=\"wp-block-column is-layout-flow wp-block-column-is-layout-flow\" style=\"flex-basis:50%\">\n<h4 class=\"wp-block-heading has-titolo-font-size\" style=\"font-style:normal;font-weight:300\">Tradici\u00f3n y dinamismo en Dub\u00e1i<\/h4>\n\n\n\n<p>La <strong>tradici\u00f3n suiza<\/strong> y el <strong>dinamismo de Dub\u00e1i <\/strong>en la nueva iniciativa de Banca del Sempione<\/p>\n\n\n\n<div class=\"wp-block-buttons is-layout-flex wp-block-buttons-is-layout-flex\">\n<div class=\"wp-block-button\"><a class=\"wp-block-button__link wp-element-button\" href=\"https:\/\/bancasempione.ch\/es\/el-grupo\/banca-del-sempione-middle-east-ltd\/\">descubra m\u00e1s<\/a><\/div>\n<\/div>\n<\/div>\n<\/div>\n<\/div>\n\n\n\n<p><\/p>\n\n\n\n<p><\/p>\n","protected":false},"excerpt":{"rendered":"<p>M\u00e1xima diversificaci\u00f3n de los instrumentos de inversi\u00f3n y gesti\u00f3n optimizada, resiliencia y determinaci\u00f3n en las decisiones de inversi\u00f3n. Las otras sociedades del Grupo SOCIEDAD SempioneSIM El corretaje de valores seg\u00fan Banca del Sempione Sempione SIM Spa le ofrece un paquete de servicios exclusivos que comprenden gesti\u00f3n patrimonial, asesoramiento personalizado, compraventa de instrumentos financieros, recogida y [&hellip;]<\/p>\n","protected":false},"author":1,"featured_media":0,"parent":5474,"menu_order":0,"comment_status":"closed","ping_status":"closed","template":"Light Header","meta":{"_acf_changed":false,"footnotes":""},"class_list":["post-5478","page","type-page","status-publish","hentry"],"acf":[],"yoast_head":"<!-- This site is optimized with the Yoast SEO plugin v27.4 - https:\/\/yoast.com\/product\/yoast-seo-wordpress\/ -->\n<title>Base Investments SICAV - Banca del Sempione<\/title>\n<meta name=\"robots\" content=\"index, follow, max-snippet:-1, max-image-preview:large, max-video-preview:-1\" \/>\n<link rel=\"canonical\" href=\"https:\/\/www.bancasempione.ch\/es\/el-grupo\/base-investments-sicav\/\" \/>\n<meta property=\"og:locale\" content=\"es_ES\" \/>\n<meta property=\"og:type\" content=\"article\" \/>\n<meta property=\"og:title\" content=\"Base Investments SICAV - Banca del Sempione\" \/>\n<meta property=\"og:description\" content=\"M\u00e1xima diversificaci\u00f3n de los instrumentos de inversi\u00f3n y gesti\u00f3n optimizada, resiliencia y determinaci\u00f3n en las decisiones de inversi\u00f3n. Las otras sociedades del Grupo SOCIEDAD SempioneSIM El corretaje de valores seg\u00fan Banca del Sempione Sempione SIM Spa le ofrece un paquete de servicios exclusivos que comprenden gesti\u00f3n patrimonial, asesoramiento personalizado, compraventa de instrumentos financieros, recogida y [&hellip;]\" \/>\n<meta property=\"og:url\" content=\"https:\/\/www.bancasempione.ch\/es\/el-grupo\/base-investments-sicav\/\" \/>\n<meta property=\"og:site_name\" content=\"Banca del Sempione\" \/>\n<meta property=\"article:publisher\" content=\"https:\/\/www.facebook.com\/profile.php?id=100075458006919\" \/>\n<meta property=\"article:modified_time\" content=\"2025-11-25T14:10:13+00:00\" \/>\n<meta name=\"twitter:card\" content=\"summary_large_image\" \/>\n<meta name=\"twitter:label1\" content=\"Tiempo de lectura\" \/>\n\t<meta name=\"twitter:data1\" content=\"2 minutos\" \/>\n<script type=\"application\/ld+json\" class=\"yoast-schema-graph\">{\"@context\":\"https:\\\/\\\/schema.org\",\"@graph\":[{\"@type\":\"WebPage\",\"@id\":\"https:\\\/\\\/www.bancasempione.ch\\\/es\\\/el-grupo\\\/base-investments-sicav\\\/\",\"url\":\"https:\\\/\\\/www.bancasempione.ch\\\/es\\\/el-grupo\\\/base-investments-sicav\\\/\",\"name\":\"Base Investments SICAV - Banca del Sempione\",\"isPartOf\":{\"@id\":\"https:\\\/\\\/www.bancasempione.ch\\\/es\\\/#website\"},\"datePublished\":\"2023-08-04T07:36:39+00:00\",\"dateModified\":\"2025-11-25T14:10:13+00:00\",\"breadcrumb\":{\"@id\":\"https:\\\/\\\/www.bancasempione.ch\\\/es\\\/el-grupo\\\/base-investments-sicav\\\/#breadcrumb\"},\"inLanguage\":\"es\",\"potentialAction\":[{\"@type\":\"ReadAction\",\"target\":[\"https:\\\/\\\/www.bancasempione.ch\\\/es\\\/el-grupo\\\/base-investments-sicav\\\/\"]}]},{\"@type\":\"BreadcrumbList\",\"@id\":\"https:\\\/\\\/www.bancasempione.ch\\\/es\\\/el-grupo\\\/base-investments-sicav\\\/#breadcrumb\",\"itemListElement\":[{\"@type\":\"ListItem\",\"position\":1,\"name\":\"Home\",\"item\":\"https:\\\/\\\/www.bancasempione.ch\\\/es\\\/\"},{\"@type\":\"ListItem\",\"position\":2,\"name\":\"El grupo\",\"item\":\"https:\\\/\\\/www.bancasempione.ch\\\/es\\\/el-grupo\\\/\"},{\"@type\":\"ListItem\",\"position\":3,\"name\":\"Base Investments SICAV\"}]},{\"@type\":\"WebSite\",\"@id\":\"https:\\\/\\\/www.bancasempione.ch\\\/es\\\/#website\",\"url\":\"https:\\\/\\\/www.bancasempione.ch\\\/es\\\/\",\"name\":\"Banca del Sempione\",\"description\":\"\",\"publisher\":{\"@id\":\"https:\\\/\\\/www.bancasempione.ch\\\/es\\\/#organization\"},\"potentialAction\":[{\"@type\":\"SearchAction\",\"target\":{\"@type\":\"EntryPoint\",\"urlTemplate\":\"https:\\\/\\\/www.bancasempione.ch\\\/es\\\/?s={search_term_string}\"},\"query-input\":{\"@type\":\"PropertyValueSpecification\",\"valueRequired\":true,\"valueName\":\"search_term_string\"}}],\"inLanguage\":\"es\"},{\"@type\":\"Organization\",\"@id\":\"https:\\\/\\\/www.bancasempione.ch\\\/es\\\/#organization\",\"name\":\"Banca del Sempione\",\"url\":\"https:\\\/\\\/www.bancasempione.ch\\\/es\\\/\",\"logo\":{\"@type\":\"ImageObject\",\"inLanguage\":\"es\",\"@id\":\"https:\\\/\\\/www.bancasempione.ch\\\/es\\\/#\\\/schema\\\/logo\\\/image\\\/\",\"url\":\"https:\\\/\\\/www.bancasempione.ch\\\/wp-content\\\/uploads\\\/bancadelsempione_eng.svg\",\"contentUrl\":\"https:\\\/\\\/www.bancasempione.ch\\\/wp-content\\\/uploads\\\/bancadelsempione_eng.svg\",\"caption\":\"Banca del Sempione\"},\"image\":{\"@id\":\"https:\\\/\\\/www.bancasempione.ch\\\/es\\\/#\\\/schema\\\/logo\\\/image\\\/\"},\"sameAs\":[\"https:\\\/\\\/www.facebook.com\\\/profile.php?id=100075458006919\",\"https:\\\/\\\/www.linkedin.com\\\/company\\\/bancasempione\\\/\",\"https:\\\/\\\/www.instagram.com\\\/bancasempione\\\/\"]}]}<\/script>\n<!-- \/ Yoast SEO plugin. -->","yoast_head_json":{"title":"Base Investments SICAV - Banca del Sempione","robots":{"index":"index","follow":"follow","max-snippet":"max-snippet:-1","max-image-preview":"max-image-preview:large","max-video-preview":"max-video-preview:-1"},"canonical":"https:\/\/www.bancasempione.ch\/es\/el-grupo\/base-investments-sicav\/","og_locale":"es_ES","og_type":"article","og_title":"Base Investments SICAV - Banca del Sempione","og_description":"M\u00e1xima diversificaci\u00f3n de los instrumentos de inversi\u00f3n y gesti\u00f3n optimizada, resiliencia y determinaci\u00f3n en las decisiones de inversi\u00f3n. Las otras sociedades del Grupo SOCIEDAD SempioneSIM El corretaje de valores seg\u00fan Banca del Sempione Sempione SIM Spa le ofrece un paquete de servicios exclusivos que comprenden gesti\u00f3n patrimonial, asesoramiento personalizado, compraventa de instrumentos financieros, recogida y [&hellip;]","og_url":"https:\/\/www.bancasempione.ch\/es\/el-grupo\/base-investments-sicav\/","og_site_name":"Banca del Sempione","article_publisher":"https:\/\/www.facebook.com\/profile.php?id=100075458006919","article_modified_time":"2025-11-25T14:10:13+00:00","twitter_card":"summary_large_image","twitter_misc":{"Tiempo de lectura":"2 minutos"},"schema":{"@context":"https:\/\/schema.org","@graph":[{"@type":"WebPage","@id":"https:\/\/www.bancasempione.ch\/es\/el-grupo\/base-investments-sicav\/","url":"https:\/\/www.bancasempione.ch\/es\/el-grupo\/base-investments-sicav\/","name":"Base Investments SICAV - Banca del Sempione","isPartOf":{"@id":"https:\/\/www.bancasempione.ch\/es\/#website"},"datePublished":"2023-08-04T07:36:39+00:00","dateModified":"2025-11-25T14:10:13+00:00","breadcrumb":{"@id":"https:\/\/www.bancasempione.ch\/es\/el-grupo\/base-investments-sicav\/#breadcrumb"},"inLanguage":"es","potentialAction":[{"@type":"ReadAction","target":["https:\/\/www.bancasempione.ch\/es\/el-grupo\/base-investments-sicav\/"]}]},{"@type":"BreadcrumbList","@id":"https:\/\/www.bancasempione.ch\/es\/el-grupo\/base-investments-sicav\/#breadcrumb","itemListElement":[{"@type":"ListItem","position":1,"name":"Home","item":"https:\/\/www.bancasempione.ch\/es\/"},{"@type":"ListItem","position":2,"name":"El grupo","item":"https:\/\/www.bancasempione.ch\/es\/el-grupo\/"},{"@type":"ListItem","position":3,"name":"Base Investments SICAV"}]},{"@type":"WebSite","@id":"https:\/\/www.bancasempione.ch\/es\/#website","url":"https:\/\/www.bancasempione.ch\/es\/","name":"Banca del Sempione","description":"","publisher":{"@id":"https:\/\/www.bancasempione.ch\/es\/#organization"},"potentialAction":[{"@type":"SearchAction","target":{"@type":"EntryPoint","urlTemplate":"https:\/\/www.bancasempione.ch\/es\/?s={search_term_string}"},"query-input":{"@type":"PropertyValueSpecification","valueRequired":true,"valueName":"search_term_string"}}],"inLanguage":"es"},{"@type":"Organization","@id":"https:\/\/www.bancasempione.ch\/es\/#organization","name":"Banca del Sempione","url":"https:\/\/www.bancasempione.ch\/es\/","logo":{"@type":"ImageObject","inLanguage":"es","@id":"https:\/\/www.bancasempione.ch\/es\/#\/schema\/logo\/image\/","url":"https:\/\/www.bancasempione.ch\/wp-content\/uploads\/bancadelsempione_eng.svg","contentUrl":"https:\/\/www.bancasempione.ch\/wp-content\/uploads\/bancadelsempione_eng.svg","caption":"Banca del Sempione"},"image":{"@id":"https:\/\/www.bancasempione.ch\/es\/#\/schema\/logo\/image\/"},"sameAs":["https:\/\/www.facebook.com\/profile.php?id=100075458006919","https:\/\/www.linkedin.com\/company\/bancasempione\/","https:\/\/www.instagram.com\/bancasempione\/"]}]}},"_links":{"self":[{"href":"https:\/\/www.bancasempione.ch\/es\/wp-json\/wp\/v2\/pages\/5478","targetHints":{"allow":["GET"]}}],"collection":[{"href":"https:\/\/www.bancasempione.ch\/es\/wp-json\/wp\/v2\/pages"}],"about":[{"href":"https:\/\/www.bancasempione.ch\/es\/wp-json\/wp\/v2\/types\/page"}],"author":[{"embeddable":true,"href":"https:\/\/www.bancasempione.ch\/es\/wp-json\/wp\/v2\/users\/1"}],"replies":[{"embeddable":true,"href":"https:\/\/www.bancasempione.ch\/es\/wp-json\/wp\/v2\/comments?post=5478"}],"version-history":[{"count":10,"href":"https:\/\/www.bancasempione.ch\/es\/wp-json\/wp\/v2\/pages\/5478\/revisions"}],"predecessor-version":[{"id":22321,"href":"https:\/\/www.bancasempione.ch\/es\/wp-json\/wp\/v2\/pages\/5478\/revisions\/22321"}],"up":[{"embeddable":true,"href":"https:\/\/www.bancasempione.ch\/es\/wp-json\/wp\/v2\/pages\/5474"}],"wp:attachment":[{"href":"https:\/\/www.bancasempione.ch\/es\/wp-json\/wp\/v2\/media?parent=5478"}],"curies":[{"name":"wp","href":"https:\/\/api.w.org\/{rel}","templated":true}]}}