{"id":5488,"date":"2023-08-04T15:19:06","date_gmt":"2023-08-04T15:19:06","guid":{"rendered":"https:\/\/bancasempionenew.team99.it\/clientes\/clientes-privados-y-familias\/"},"modified":"2023-11-09T13:46:55","modified_gmt":"2023-11-09T13:46:55","slug":"clientes-privados-y-familias","status":"publish","type":"page","link":"https:\/\/www.bancasempione.ch\/es\/clientes\/clientes-privados-y-familias\/","title":{"rendered":"Clientes privados y familias"},"content":{"rendered":"<section class=\"content-block-bg alignfull\" style=\"background: linear-gradient(0deg, rgba(0, 0, 0, 50%), rgba(0, 0, 0, 50%)), url(https:\/\/www.bancasempione.ch\/wp-content\/uploads\/Banca-Sempione-Generiche-603531193-1.jpg) ;  background-position-x: 30% !important; min-height: 100vh !important;  min-height:10vh;\"><div class=\"content-block is-position-center-left  has-white-color has-text-color \" style=\"min-height: 100vh !important;  min-height:10vh;\" ><div class=\"wp-block-cover__inner-container\">\n\n<p class=\"has-text-align-left has-primario-color has-text-color\" style=\"text-transform:uppercase\">CLIENTES<\/p>\n\n\n\n<h1 class=\"wp-block-heading has-text-align-left has-titolo-xxxl-font-size\" id=\"splitme\" style=\"font-style:normal;font-weight:300\">Clientes <strong>privados<\/strong> y <strong>familias<\/strong><\/h1>\n\n<\/div><\/div><\/section>\n<div class=\"wp-block-group alignfull has-background has-global-padding is-layout-constrained wp-block-group-is-layout-constrained\" id=\"AFTER-HERO\" style=\"background-color:#eeeeee;padding-top:12vh;padding-bottom:12vh\">\n<div class=\"wp-block-columns is-layout-flex wp-container-core-columns-is-layout-28f84493 wp-block-columns-is-layout-flex\">\n<div class=\"wp-block-column is-layout-flow wp-block-column-is-layout-flow\" style=\"flex-basis:10%\"><\/div>\n\n\n\n<div class=\"wp-block-column is-layout-flow wp-block-column-is-layout-flow\" style=\"flex-basis:90%\">\n<h2 class=\"wp-block-heading has-text-align-center has-titolo-xl-font-size\" style=\"font-style:normal;font-weight:300\">Sus <strong>objetivos<\/strong>, sus <strong>necesidades<\/strong>.<br\/>A trav\u00e9s de una relaci\u00f3n aut\u00e9ntica, estamos a su lado para responder a <strong>todas<\/strong> sus <strong>necesidades<\/strong>.<\/h2>\n<\/div>\n\n\n\n<div class=\"wp-block-column is-layout-flow wp-block-column-is-layout-flow\" style=\"flex-basis:10%\"><\/div>\n<\/div>\n<\/div>\n\n<div class=\"wp-block-columns is-layout-flex wp-container-core-columns-is-layout-5ad674ff wp-block-columns-is-layout-flex\" style=\"margin-top:10vh;margin-bottom:10vh\">\n<div class=\"wp-block-column is-layout-flow wp-block-column-is-layout-flow\" style=\"padding-right:2vw;padding-left:2vw\">\n<p class=\"has-titolo-font-size\"><strong>Respetamos la confianza<\/strong><\/p>\n\n\n\n<p>Una persona, una relaci\u00f3n y (despu\u00e9s) un cliente. Queremos conocerle para construir juntos una relaci\u00f3n aut\u00e9ntica, basada en sus exigencias y necesidades.<\/p>\n<\/div>\n\n\n\n<div class=\"wp-block-column border-sides is-layout-flow wp-block-column-is-layout-flow\" style=\"border-right-style:none;border-right-width:0px;padding-right:2vw;padding-left:2vw\">\n<p class=\"has-titolo-font-size\"><strong>Valoramos el saber escuchar<\/strong><\/p>\n\n\n\n<p>Precisamente porque cada persona tiene una historia \u00fanica y objetivos diferentes, sabemos lo importante que es escuchar. S\u00f3lo a trav\u00e9s de una profunda comprensi\u00f3n podemos ofrecerle el apoyo financiero a medida que usted se merece.<\/p>\n<\/div>\n<\/div>\n\n<div class=\"wp-block-columns is-layout-flex wp-container-core-columns-is-layout-5ad674ff wp-block-columns-is-layout-flex\" style=\"margin-top:10vh;margin-bottom:10vh\">\n<div class=\"wp-block-column border-sides is-layout-flow wp-block-column-is-layout-flow\" style=\"border-left-style:none;border-left-width:0px;padding-right:2vw;padding-left:2vw\">\n<p class=\"has-titolo-font-size\"><strong><strong>Contacto directo y personalizaci\u00f3n<\/strong><\/strong><\/p>\n\n\n\n<p>Un asesor financiero le acompa\u00f1ar\u00e1 para asesorarle y ayudarle a tomar la decisi\u00f3n correcta en funci\u00f3n de sus objetivos. Podr\u00e1 aprovechar las competencias de los especialistas del Grupo para satisfacer sus necesidades privadas, financieras y personales.<\/p>\n<\/div>\n\n\n\n<div class=\"wp-block-column is-layout-flow wp-block-column-is-layout-flow\" style=\"padding-right:2vw;padding-left:2vw\">\n<p class=\"has-titolo-font-size\"><strong><strong>M\u00e1s que un simple banco<\/strong><\/strong><\/p>\n\n\n\n<p>Le ofrecemos una s\u00f3lida relaci\u00f3n de confianza que puede crecer con usted, a lo largo del tiempo. Con nuestros Asesores, contar\u00e1 con aliados de confianza que le explicar\u00e1n las peculiaridades de cada operaci\u00f3n de forma transparente y puntual, en su propio inter\u00e9s y en el de su familia.<\/p>\n<\/div>\n<\/div>\n\n<div class=\"wp-block-group is-layout-flow wp-block-group-is-layout-flow\" style=\"margin-top:var(--wp--preset--spacing--80);margin-bottom:var(--wp--preset--spacing--80)\">\n<h2 class=\"wp-block-heading has-text-align-center has-primario-color has-text-color has-titolo-xl-font-size\" style=\"margin-bottom:0;padding-right:0;padding-bottom:var(--wp--preset--spacing--80);padding-left:0;font-style:normal;font-weight:300\">M\u00e1s sobre nuestros <strong>clientes<\/strong><\/h2>\n\n\n\n<div id=\"query-pag-figlie\" class=\"wp-block-group is-layout-flow wp-block-group-is-layout-flow\">\n<div class=\"wp-block-query hide-current is-layout-flow wp-block-query-is-layout-flow\"><ul class=\"columns-2 wp-block-post-template is-layout-grid wp-container-core-post-template-is-layout-02493678 wp-block-post-template-is-layout-grid\"><li class=\"wp-block-post post-5460 page type-page status-publish hentry\">\n\n<div class=\"wp-block-group is-layout-flow wp-block-group-is-layout-flow\" style=\"padding-right:2vw;padding-left:2vw\"><h6 style=\"padding-top:0;padding-bottom:0;margin-top:0;margin-bottom:0;\" class=\"has-text-align-left arrow-title wp-block-post-title has-titolo-font-size\"><a href=\"https:\/\/www.bancasempione.ch\/es\/clientes\/empresas-y-clientes-institucionales\/\" target=\"_self\" >Empresas y clientes institucionales<\/a><\/h6>\n\n<div style=\"padding-top:0;padding-bottom:0;margin-top:0;margin-bottom:0;\" class=\"has-text-align-left wp-block-post-excerpt\"><p class=\"wp-block-post-excerpt__excerpt\">Somos conscientes de los retos a los que se enfrenta cada d\u00eda en su empresa y por ello le ofrecemos un apoyo especializado basado en dos pilares fundamentales. Gesti\u00f3n de riesgos de cambio y de tipos de inter\u00e9s Controlamos constantemente las tendencias del mercado para ofrecerle an\u00e1lisis actualizados y fiables&hellip; <\/p><\/div><\/div>\n\n<\/li><li class=\"wp-block-post post-5499 page type-page status-publish hentry\">\n\n<div class=\"wp-block-group is-layout-flow wp-block-group-is-layout-flow\" style=\"padding-right:2vw;padding-left:2vw\"><h6 style=\"padding-top:0;padding-bottom:0;margin-top:0;margin-bottom:0;\" class=\"has-text-align-left arrow-title wp-block-post-title has-titolo-font-size\"><a href=\"https:\/\/www.bancasempione.ch\/es\/clientes\/gestores-externos-independientes\/\" target=\"_self\" >Gestores externos independientes<\/a><\/h6>\n\n<div style=\"padding-top:0;padding-bottom:0;margin-top:0;margin-bottom:0;\" class=\"has-text-align-left wp-block-post-excerpt\"><p class=\"wp-block-post-excerpt__excerpt\">Su \u00e9xito es tambi\u00e9n el nuestro. Nosotros, sus socios Trabajamos con usted para construir relaciones duraderas que generen valor para sus clientes. Somos un socio financiero que, a trav\u00e9s de herramientas digitales avanzadas, est\u00e1 a su lado en la gesti\u00f3n de clientes. Un equipo a su servicio La rapidez de&hellip; <\/p><\/div><\/div>\n\n<\/li><li class=\"wp-block-post post-5488 page type-page status-publish hentry\">\n\n<div class=\"wp-block-group is-layout-flow wp-block-group-is-layout-flow\" style=\"padding-right:2vw;padding-left:2vw\"><h6 style=\"padding-top:0;padding-bottom:0;margin-top:0;margin-bottom:0;\" class=\"has-text-align-left arrow-title wp-block-post-title has-titolo-font-size\"><a href=\"https:\/\/www.bancasempione.ch\/es\/clientes\/clientes-privados-y-familias\/\" target=\"_self\" >Clientes privados y familias<\/a><\/h6>\n\n<div style=\"padding-top:0;padding-bottom:0;margin-top:0;margin-bottom:0;\" class=\"has-text-align-left wp-block-post-excerpt\"><p class=\"wp-block-post-excerpt__excerpt\">Sus objetivos, sus necesidades.A trav\u00e9s de una relaci\u00f3n aut\u00e9ntica, estamos a su lado para responder a todas sus necesidades. Respetamos la confianza Una persona, una relaci\u00f3n y (despu\u00e9s) un cliente. Queremos conocerle para construir juntos una relaci\u00f3n aut\u00e9ntica, basada en sus exigencias y necesidades. Valoramos el saber escuchar Precisamente porque&hellip; <\/p><\/div><\/div>\n\n<\/li><\/ul><\/div>\n<\/div>\n<\/div>\n\n<div class=\"wp-block-group alignfull is-layout-flow wp-block-group-is-layout-flow\">\n<div id=\"CONTACT-SECTION\" class=\"wp-block-group has-background has-global-padding is-layout-constrained wp-block-group-is-layout-constrained\" style=\"background-color:#eeeeee;margin-top:0vh;margin-bottom:2vw;padding-top:8vh;padding-bottom:8vh\">\n<p class=\"has-text-align-center has-titolo-xl-font-size\" style=\"margin-bottom:0;padding-right:0;padding-left:0\">\u00bfDeseas saber m\u00e1s sobre <strong>nuestros<\/strong> <strong>servicios<\/strong> o consultar tus necesidades <strong>financieras<\/strong>?<\/p>\n\n\n\n<p class=\"has-text-align-center has-black-color has-text-color\" style=\"margin-top:0;margin-bottom:0;padding-top:0;padding-right:0;padding-bottom:0;padding-left:0\"><\/p>\n\n\n\n<div class=\"wp-block-buttons is-content-justification-center is-layout-flex wp-container-core-buttons-is-layout-ba9ea59f wp-block-buttons-is-layout-flex\" style=\"margin-top:var(--wp--preset--spacing--60)\">\n<div class=\"wp-block-button\"><a class=\"wp-block-button__link wp-element-button\" href=\"https:\/\/bancasempione.ch\/es\/pida-una-cita\/\">PIDE UNA CITA<\/a><\/div>\n<\/div>\n<\/div>\n<\/div>\n","protected":false},"excerpt":{"rendered":"<p>Sus objetivos, sus necesidades.A trav\u00e9s de una relaci\u00f3n aut\u00e9ntica, estamos a su lado para responder a todas sus necesidades. Respetamos la confianza Una persona, una relaci\u00f3n y (despu\u00e9s) un cliente. Queremos conocerle para construir juntos una relaci\u00f3n aut\u00e9ntica, basada en sus exigencias y necesidades. Valoramos el saber escuchar Precisamente porque cada persona tiene una historia [&hellip;]<\/p>\n","protected":false},"author":1,"featured_media":0,"parent":5412,"menu_order":0,"comment_status":"closed","ping_status":"closed","template":"Light Header","meta":{"_acf_changed":false,"footnotes":""},"class_list":["post-5488","page","type-page","status-publish","hentry"],"acf":[],"yoast_head":"<!-- This site is optimized with the Yoast SEO plugin v27.4 - https:\/\/yoast.com\/product\/yoast-seo-wordpress\/ -->\n<title>Clientes privados y familias - Banca del Sempione<\/title>\n<meta name=\"robots\" content=\"index, follow, max-snippet:-1, max-image-preview:large, max-video-preview:-1\" \/>\n<link rel=\"canonical\" href=\"https:\/\/www.bancasempione.ch\/es\/clientes\/clientes-privados-y-familias\/\" \/>\n<meta property=\"og:locale\" content=\"es_ES\" \/>\n<meta property=\"og:type\" content=\"article\" \/>\n<meta property=\"og:title\" content=\"Clientes privados y familias - Banca del Sempione\" \/>\n<meta property=\"og:description\" content=\"Sus objetivos, sus necesidades.A trav\u00e9s de una relaci\u00f3n aut\u00e9ntica, estamos a su lado para responder a todas sus necesidades. Respetamos la confianza Una persona, una relaci\u00f3n y (despu\u00e9s) un cliente. Queremos conocerle para construir juntos una relaci\u00f3n aut\u00e9ntica, basada en sus exigencias y necesidades. Valoramos el saber escuchar Precisamente porque cada persona tiene una historia [&hellip;]\" \/>\n<meta property=\"og:url\" content=\"https:\/\/www.bancasempione.ch\/es\/clientes\/clientes-privados-y-familias\/\" \/>\n<meta property=\"og:site_name\" content=\"Banca del Sempione\" \/>\n<meta property=\"article:publisher\" content=\"https:\/\/www.facebook.com\/profile.php?id=100075458006919\" \/>\n<meta property=\"article:modified_time\" content=\"2023-11-09T13:46:55+00:00\" \/>\n<meta name=\"twitter:card\" content=\"summary_large_image\" \/>\n<meta name=\"twitter:label1\" content=\"Tiempo de lectura\" \/>\n\t<meta name=\"twitter:data1\" content=\"1 minuto\" \/>\n<script type=\"application\/ld+json\" class=\"yoast-schema-graph\">{\"@context\":\"https:\\\/\\\/schema.org\",\"@graph\":[{\"@type\":\"WebPage\",\"@id\":\"https:\\\/\\\/www.bancasempione.ch\\\/es\\\/clientes\\\/clientes-privados-y-familias\\\/\",\"url\":\"https:\\\/\\\/www.bancasempione.ch\\\/es\\\/clientes\\\/clientes-privados-y-familias\\\/\",\"name\":\"Clientes privados y familias - Banca del Sempione\",\"isPartOf\":{\"@id\":\"https:\\\/\\\/www.bancasempione.ch\\\/es\\\/#website\"},\"datePublished\":\"2023-08-04T15:19:06+00:00\",\"dateModified\":\"2023-11-09T13:46:55+00:00\",\"breadcrumb\":{\"@id\":\"https:\\\/\\\/www.bancasempione.ch\\\/es\\\/clientes\\\/clientes-privados-y-familias\\\/#breadcrumb\"},\"inLanguage\":\"es\",\"potentialAction\":[{\"@type\":\"ReadAction\",\"target\":[\"https:\\\/\\\/www.bancasempione.ch\\\/es\\\/clientes\\\/clientes-privados-y-familias\\\/\"]}]},{\"@type\":\"BreadcrumbList\",\"@id\":\"https:\\\/\\\/www.bancasempione.ch\\\/es\\\/clientes\\\/clientes-privados-y-familias\\\/#breadcrumb\",\"itemListElement\":[{\"@type\":\"ListItem\",\"position\":1,\"name\":\"Home\",\"item\":\"https:\\\/\\\/www.bancasempione.ch\\\/es\\\/\"},{\"@type\":\"ListItem\",\"position\":2,\"name\":\"Clientes\",\"item\":\"https:\\\/\\\/www.bancasempione.ch\\\/es\\\/clienti\\\/\"},{\"@type\":\"ListItem\",\"position\":3,\"name\":\"Clientes privados y familias\"}]},{\"@type\":\"WebSite\",\"@id\":\"https:\\\/\\\/www.bancasempione.ch\\\/es\\\/#website\",\"url\":\"https:\\\/\\\/www.bancasempione.ch\\\/es\\\/\",\"name\":\"Banca del Sempione\",\"description\":\"\",\"publisher\":{\"@id\":\"https:\\\/\\\/www.bancasempione.ch\\\/es\\\/#organization\"},\"potentialAction\":[{\"@type\":\"SearchAction\",\"target\":{\"@type\":\"EntryPoint\",\"urlTemplate\":\"https:\\\/\\\/www.bancasempione.ch\\\/es\\\/?s={search_term_string}\"},\"query-input\":{\"@type\":\"PropertyValueSpecification\",\"valueRequired\":true,\"valueName\":\"search_term_string\"}}],\"inLanguage\":\"es\"},{\"@type\":\"Organization\",\"@id\":\"https:\\\/\\\/www.bancasempione.ch\\\/es\\\/#organization\",\"name\":\"Banca del Sempione\",\"url\":\"https:\\\/\\\/www.bancasempione.ch\\\/es\\\/\",\"logo\":{\"@type\":\"ImageObject\",\"inLanguage\":\"es\",\"@id\":\"https:\\\/\\\/www.bancasempione.ch\\\/es\\\/#\\\/schema\\\/logo\\\/image\\\/\",\"url\":\"https:\\\/\\\/www.bancasempione.ch\\\/wp-content\\\/uploads\\\/bancadelsempione_eng.svg\",\"contentUrl\":\"https:\\\/\\\/www.bancasempione.ch\\\/wp-content\\\/uploads\\\/bancadelsempione_eng.svg\",\"caption\":\"Banca del Sempione\"},\"image\":{\"@id\":\"https:\\\/\\\/www.bancasempione.ch\\\/es\\\/#\\\/schema\\\/logo\\\/image\\\/\"},\"sameAs\":[\"https:\\\/\\\/www.facebook.com\\\/profile.php?id=100075458006919\",\"https:\\\/\\\/www.linkedin.com\\\/company\\\/bancasempione\\\/\",\"https:\\\/\\\/www.instagram.com\\\/bancasempione\\\/\"]}]}<\/script>\n<!-- \/ Yoast SEO plugin. -->","yoast_head_json":{"title":"Clientes privados y familias - Banca del Sempione","robots":{"index":"index","follow":"follow","max-snippet":"max-snippet:-1","max-image-preview":"max-image-preview:large","max-video-preview":"max-video-preview:-1"},"canonical":"https:\/\/www.bancasempione.ch\/es\/clientes\/clientes-privados-y-familias\/","og_locale":"es_ES","og_type":"article","og_title":"Clientes privados y familias - Banca del Sempione","og_description":"Sus objetivos, sus necesidades.A trav\u00e9s de una relaci\u00f3n aut\u00e9ntica, estamos a su lado para responder a todas sus necesidades. Respetamos la confianza Una persona, una relaci\u00f3n y (despu\u00e9s) un cliente. Queremos conocerle para construir juntos una relaci\u00f3n aut\u00e9ntica, basada en sus exigencias y necesidades. Valoramos el saber escuchar Precisamente porque cada persona tiene una historia [&hellip;]","og_url":"https:\/\/www.bancasempione.ch\/es\/clientes\/clientes-privados-y-familias\/","og_site_name":"Banca del Sempione","article_publisher":"https:\/\/www.facebook.com\/profile.php?id=100075458006919","article_modified_time":"2023-11-09T13:46:55+00:00","twitter_card":"summary_large_image","twitter_misc":{"Tiempo de lectura":"1 minuto"},"schema":{"@context":"https:\/\/schema.org","@graph":[{"@type":"WebPage","@id":"https:\/\/www.bancasempione.ch\/es\/clientes\/clientes-privados-y-familias\/","url":"https:\/\/www.bancasempione.ch\/es\/clientes\/clientes-privados-y-familias\/","name":"Clientes privados y familias - Banca del Sempione","isPartOf":{"@id":"https:\/\/www.bancasempione.ch\/es\/#website"},"datePublished":"2023-08-04T15:19:06+00:00","dateModified":"2023-11-09T13:46:55+00:00","breadcrumb":{"@id":"https:\/\/www.bancasempione.ch\/es\/clientes\/clientes-privados-y-familias\/#breadcrumb"},"inLanguage":"es","potentialAction":[{"@type":"ReadAction","target":["https:\/\/www.bancasempione.ch\/es\/clientes\/clientes-privados-y-familias\/"]}]},{"@type":"BreadcrumbList","@id":"https:\/\/www.bancasempione.ch\/es\/clientes\/clientes-privados-y-familias\/#breadcrumb","itemListElement":[{"@type":"ListItem","position":1,"name":"Home","item":"https:\/\/www.bancasempione.ch\/es\/"},{"@type":"ListItem","position":2,"name":"Clientes","item":"https:\/\/www.bancasempione.ch\/es\/clienti\/"},{"@type":"ListItem","position":3,"name":"Clientes privados y familias"}]},{"@type":"WebSite","@id":"https:\/\/www.bancasempione.ch\/es\/#website","url":"https:\/\/www.bancasempione.ch\/es\/","name":"Banca del Sempione","description":"","publisher":{"@id":"https:\/\/www.bancasempione.ch\/es\/#organization"},"potentialAction":[{"@type":"SearchAction","target":{"@type":"EntryPoint","urlTemplate":"https:\/\/www.bancasempione.ch\/es\/?s={search_term_string}"},"query-input":{"@type":"PropertyValueSpecification","valueRequired":true,"valueName":"search_term_string"}}],"inLanguage":"es"},{"@type":"Organization","@id":"https:\/\/www.bancasempione.ch\/es\/#organization","name":"Banca del Sempione","url":"https:\/\/www.bancasempione.ch\/es\/","logo":{"@type":"ImageObject","inLanguage":"es","@id":"https:\/\/www.bancasempione.ch\/es\/#\/schema\/logo\/image\/","url":"https:\/\/www.bancasempione.ch\/wp-content\/uploads\/bancadelsempione_eng.svg","contentUrl":"https:\/\/www.bancasempione.ch\/wp-content\/uploads\/bancadelsempione_eng.svg","caption":"Banca del Sempione"},"image":{"@id":"https:\/\/www.bancasempione.ch\/es\/#\/schema\/logo\/image\/"},"sameAs":["https:\/\/www.facebook.com\/profile.php?id=100075458006919","https:\/\/www.linkedin.com\/company\/bancasempione\/","https:\/\/www.instagram.com\/bancasempione\/"]}]}},"_links":{"self":[{"href":"https:\/\/www.bancasempione.ch\/es\/wp-json\/wp\/v2\/pages\/5488","targetHints":{"allow":["GET"]}}],"collection":[{"href":"https:\/\/www.bancasempione.ch\/es\/wp-json\/wp\/v2\/pages"}],"about":[{"href":"https:\/\/www.bancasempione.ch\/es\/wp-json\/wp\/v2\/types\/page"}],"author":[{"embeddable":true,"href":"https:\/\/www.bancasempione.ch\/es\/wp-json\/wp\/v2\/users\/1"}],"replies":[{"embeddable":true,"href":"https:\/\/www.bancasempione.ch\/es\/wp-json\/wp\/v2\/comments?post=5488"}],"version-history":[{"count":2,"href":"https:\/\/www.bancasempione.ch\/es\/wp-json\/wp\/v2\/pages\/5488\/revisions"}],"predecessor-version":[{"id":5498,"href":"https:\/\/www.bancasempione.ch\/es\/wp-json\/wp\/v2\/pages\/5488\/revisions\/5498"}],"up":[{"embeddable":true,"href":"https:\/\/www.bancasempione.ch\/es\/wp-json\/wp\/v2\/pages\/5412"}],"wp:attachment":[{"href":"https:\/\/www.bancasempione.ch\/es\/wp-json\/wp\/v2\/media?parent=5488"}],"curies":[{"name":"wp","href":"https:\/\/api.w.org\/{rel}","templated":true}]}}