{"id":7388,"date":"2024-03-05T15:35:09","date_gmt":"2024-03-05T14:35:09","guid":{"rendered":"https:\/\/bancasempione.ch\/?page_id=7388"},"modified":"2024-03-13T17:19:26","modified_gmt":"2024-03-13T16:19:26","slug":"banca-del-sempione-middle-east-ltd","status":"publish","type":"page","link":"https:\/\/www.bancasempione.ch\/es\/el-grupo\/banca-del-sempione-middle-east-ltd\/","title":{"rendered":"Banca del Sempione (Middle East) Ltd."},"content":{"rendered":"<section class=\"content-block-bg alignfull\" style=\"background: linear-gradient(0deg, rgba(0, 0, 0, 40%), rgba(0, 0, 0, 40%)), url(https:\/\/www.bancasempione.ch\/wp-content\/uploads\/Dubai-Financial-Centre-1-scaled.jpg) ;  background-position-x: 50% !important; min-height: 100vh !important;  min-height:10vh;\"><div class=\"content-block is-position-center-left  has-white-color has-text-color \" style=\"min-height: 100vh !important;  min-height:10vh;\" ><div class=\"wp-block-cover__inner-container\">\n\n<p class=\"has-text-align-left has-primario-color has-text-color\" style=\"text-transform:uppercase\">GRUPO<\/p>\n\n\n\n<h1 class=\"wp-block-heading has-text-align-left has-titolo-xxl-font-size has-titolo-xxxl-font-size\" id=\"splitme\" style=\"font-style:normal;font-weight:300\"><strong>Banca del Sempione (Middle East)<\/strong><\/h1>\n\n<\/div><\/div><\/section>\n\n\n<div class=\"wp-block-group alignfull has-background has-global-padding is-layout-constrained wp-block-group-is-layout-constrained\" id=\"AFTER-HERO\" style=\"background-color:#eeeeee;padding-top:8vh;padding-bottom:8vh\">\n<div class=\"wp-block-columns is-layout-flex wp-container-core-columns-is-layout-28f84493 wp-block-columns-is-layout-flex\">\n<div class=\"wp-block-column is-layout-flow wp-block-column-is-layout-flow\" style=\"flex-basis:10%\"><\/div>\n\n\n\n<div class=\"wp-block-column is-layout-flow wp-block-column-is-layout-flow\" style=\"flex-basis:90%\">\n<h2 class=\"wp-block-heading has-text-align-center has-titolo-xl-font-size\" style=\"font-style:normal;font-weight:300\">Su socio para la <strong>gesti\u00f3n de patrimonios<\/strong> y para los servicios de <strong>planificaci\u00f3n financiera<\/strong> y auxiliar.<\/h2>\n<\/div>\n\n\n\n<div class=\"wp-block-column is-layout-flow wp-block-column-is-layout-flow\" style=\"flex-basis:10%\"><\/div>\n<\/div>\n<\/div>\n\n\n<section class=\"content-block-bg alignfull\" style=\"background: linear-gradient(0deg, rgba(0, 0, 0, 30%), rgba(0, 0, 0, 30%)), url(https:\/\/www.bancasempione.ch\/wp-content\/uploads\/Raggruppa-13713-e1683709782174.jpg) ;  background-position-x: 50% !important; min-height: 100vh !important;  min-height:10vh;\"><div class=\"content-block is-position-center-center  has-white-color has-text-color \" style=\"min-height: 100vh !important;  min-height:10vh;\" ><div class=\"wp-block-cover__inner-container\">\n\n<div class=\"wp-block-columns is-layout-flex wp-container-core-columns-is-layout-e9dadf76 wp-block-columns-is-layout-flex\" style=\"margin-top:var(--wp--preset--spacing--80);padding-top:0;padding-right:0;padding-bottom:0;padding-left:0\">\n<div class=\"wp-block-column is-vertically-aligned-top is-layout-flow wp-block-column-is-layout-flow\" style=\"flex-basis:40%\">\n<p class=\"has-text-align-left has-primario-color has-text-color\" style=\"text-transform:uppercase\">GRUPO<\/p>\n\n\n\n<h3 class=\"wp-block-heading has-titolo-xl-font-size\" style=\"font-style:normal;font-weight:300\"><strong>Tradici\u00f3n <\/strong>y <strong>dinamismo <\/strong>en Dub\u00e1i<\/h3>\n<\/div>\n\n\n\n<div class=\"wp-block-column is-layout-flow wp-block-column-is-layout-flow\">\n<p><\/p>\n<\/div>\n\n\n\n<div class=\"wp-block-column is-layout-flow wp-block-column-is-layout-flow\" style=\"flex-basis:50%\">\n<div style=\"height:80px\" aria-hidden=\"true\" class=\"wp-block-spacer no-mobile\"><\/div>\n\n\n\n<p>Un desaf\u00edo <strong>emocionante <\/strong>y <strong>estimulante <\/strong>en una zona de fuerte crecimiento. Con el inicio de 2024, Banca del Sempione ha dado vida a Banca del Sempione (Middle East), una filial completamente controlada por la casa matriz suiza<\/p>\n\n\n\n<div style=\"height:40px\" aria-hidden=\"true\" class=\"wp-block-spacer no-mobile\"><\/div>\n<\/div>\n<\/div>\n\n\n\n<div class=\"wp-block-group has-global-padding is-layout-constrained wp-block-group-is-layout-constrained\">\n<div class=\"wp-block-group has-global-padding is-layout-constrained wp-block-group-is-layout-constrained\"><div class=\"lista-documenti-block\"><hr><a href =\"https:\/\/www.bancasempione.ch\/wp-content\/uploads\/Privacy-notice.pdf\" target=\"_blank\"><p class=\"has-titolo-font-size titolo-lista-documenti\" style=\"padding-bottom:0\">DIFC Data Protection &#8211; Privacy Notice<\/p><\/a><p class=\"\" style=\"padding-top:0\">5 de marzo de 2024<\/p><hr><\/div><style>\n  .titolo-lista-documenti {\n    padding-right: 45px;\n  }\n\n  .titolo-lista-documenti::after {\n    content: \"\";\n    position: absolute;\n    right: 0;\n    top: 50%;\n    background: url(\"\/wp-content\/themes\/bancasempionetheme\/assets\/images\/pdf-document-new.svg\");\n    width: 35px;\n    height: 35px;\n    background-size: cover;\n    transition: var(--link-transition);\n  }\n\n  .titolo-lista-documenti:hover::after {\n    transform: translateY(-3px);\n  }\n<\/style><\/div>\n<\/div>\n\n\n\n<div class=\"wp-block-group is-nowrap is-layout-flex wp-container-core-group-is-layout-6c531013 wp-block-group-is-layout-flex\">\n<hr class=\"wp-block-separator has-alpha-channel-opacity\"\/>\n<\/div>\n\n\n\n<div class=\"wp-block-group is-nowrap is-layout-flex wp-container-core-group-is-layout-6c531013 wp-block-group-is-layout-flex\">\n<hr class=\"wp-block-separator has-alpha-channel-opacity\"\/>\n<\/div>\n\n\n\n<div class=\"wp-block-group has-white-background-color has-background is-nowrap is-layout-flex wp-container-core-group-is-layout-6c531013 wp-block-group-is-layout-flex\">\n<hr class=\"wp-block-separator has-alpha-channel-opacity\"\/>\n<\/div>\n\n\n\n<p style=\"font-size:clamp(14px, 0.875rem + ((1vw - 3.2px) * 0.566), 20px);line-height:1.3\"><strong>Banca del Sempione (Middle East) Ltd<\/strong><\/p>\n\n\n\n<p>Unit 409, Level 4, Tower 1, Al Fattan Currency House<br>Dubai International Financial Centre<br>Dubai, United Arab Emirates<br>P.O. Box 567028<\/p>\n\n\n\n<p>Tel. +971 4 2828937<\/p>\n\n<\/div><\/div><\/section>\n\n\n<div class=\"wp-block-group is-layout-flow wp-block-group-is-layout-flow\" style=\"padding-top:8vh;padding-bottom:2vh\">\n<h3 class=\"wp-block-heading has-text-align-left has-titolo-font-size\" style=\"font-style:normal;font-weight:300\">Las otras <strong>sociedades <\/strong>del <strong>Grupo<\/strong><\/h3>\n<\/div>\n\n\n\n<hr class=\"wp-block-separator has-alpha-channel-opacity is-style-wide\"\/>\n\n\n\n<div class=\"wp-block-group is-layout-flow wp-block-group-is-layout-flow\" style=\"padding-top:8vh;padding-bottom:8vh\">\n<div class=\"wp-block-columns is-layout-flex wp-container-core-columns-is-layout-28f84493 wp-block-columns-is-layout-flex\">\n<div class=\"wp-block-column is-layout-flow wp-block-column-is-layout-flow\" style=\"padding-top:0vw;flex-basis:40%\">\n<p class=\"has-text-align-left has-primario-color has-text-color\" style=\"text-transform:uppercase\">SOCIEDAD<\/p>\n\n\n\n<h3 class=\"wp-block-heading has-titolo-xl-font-size\" style=\"font-style:normal;font-weight:300\">Sempione<br><strong>SIM<\/strong> <\/h3>\n<\/div>\n\n\n\n<div class=\"wp-block-column is-layout-flow wp-block-column-is-layout-flow\" style=\"padding-top:0vw\"><\/div>\n\n\n\n<div class=\"wp-block-column is-layout-flow wp-block-column-is-layout-flow\" style=\"flex-basis:50%\">\n<h4 class=\"wp-block-heading has-titolo-font-size\" style=\"font-style:normal;font-weight:300\">Las ra\u00edces de un hist\u00f3rico Grupo suizo en Italia<\/h4>\n\n\n\n<p>Sempione SIM Spa te ofrece un paquete de servicios exclusivos que comprenden&nbsp;<strong>gesti\u00f3n patrimonial<\/strong>,&nbsp;<strong>asesoramiento personalizado<\/strong>,&nbsp;<strong>compraventa<\/strong>&nbsp;instrumentos financieros,&nbsp;<strong>recogida y ejecuci\u00f3n<\/strong>&nbsp;de \u00f3rdenes y&nbsp;<strong>colocaci\u00f3n en el mercado<\/strong>&nbsp;de nuevas emisiones.<\/p>\n\n\n\n<div class=\"wp-block-buttons is-layout-flex wp-block-buttons-is-layout-flex\">\n<div class=\"wp-block-button\"><a class=\"wp-block-button__link wp-element-button\" href=\"https:\/\/bancasempione.ch\/es\/il-gruppo\/sempione-sim-spa\/\">descubra m\u00e1s<\/a><\/div>\n<\/div>\n<\/div>\n<\/div>\n<\/div>\n\n\n\n<hr class=\"wp-block-separator has-alpha-channel-opacity is-style-wide\"\/>\n\n\n\n<div class=\"wp-block-group is-layout-flow wp-block-group-is-layout-flow\" style=\"padding-top:8vh;padding-bottom:8vh\">\n<div class=\"wp-block-columns is-layout-flex wp-container-core-columns-is-layout-28f84493 wp-block-columns-is-layout-flex\">\n<div class=\"wp-block-column is-layout-flow wp-block-column-is-layout-flow\" style=\"padding-top:0vw;flex-basis:40%\">\n<p class=\"has-text-align-left has-primario-color has-text-color\" style=\"text-transform:uppercase\">SOCIEDAD<\/p>\n\n\n\n<h3 class=\"wp-block-heading has-titolo-xl-font-size\" style=\"font-style:normal;font-weight:300\">Base Investments <strong>SICAV<\/strong><\/h3>\n<\/div>\n\n\n\n<div class=\"wp-block-column is-layout-flow wp-block-column-is-layout-flow\" style=\"padding-top:0vw\"><\/div>\n\n\n\n<div class=\"wp-block-column is-layout-flow wp-block-column-is-layout-flow\" style=\"flex-basis:50%\">\n<h4 class=\"wp-block-heading has-titolo-font-size\" style=\"font-style:normal;font-weight:300\">Dinamismo y control del riesgo en la gesti\u00f3n de su capital<\/h4>\n\n\n\n<p>Sociedad <strong>de inversi\u00f3n de capital variable<\/strong>, que permite acceder a una amplia gama de fondos de inversi\u00f3n.<br>La pol\u00edtica de gesti\u00f3n de los subfondos de Base Investments SICAV tiene como objetivo <strong>preservar el capital invertido y aumentar los activos<\/strong>, mediante estrategias de gesti\u00f3n diversificadas por perfil de riesgo y horizonte temporal de inversi\u00f3n.<\/p>\n\n\n\n<div class=\"wp-block-buttons is-layout-flex wp-block-buttons-is-layout-flex\">\n<div class=\"wp-block-button\"><a class=\"wp-block-button__link wp-element-button\" href=\"https:\/\/bancasempione.ch\/es\/il-gruppo\/base-investments-sicav\/\">descubra m\u00e1s<\/a><\/div>\n<\/div>\n<\/div>\n<\/div>\n<\/div>\n\n\n\n<hr class=\"wp-block-separator has-alpha-channel-opacity\"\/>\n\n\n\n<div class=\"wp-block-group is-layout-flow wp-block-group-is-layout-flow\" style=\"padding-top:8vh;padding-bottom:8vh\">\n<div class=\"wp-block-columns is-layout-flex wp-container-core-columns-is-layout-28f84493 wp-block-columns-is-layout-flex\">\n<div class=\"wp-block-column is-layout-flow wp-block-column-is-layout-flow\" style=\"padding-top:0vw;flex-basis:40%\">\n<p class=\"has-text-align-left has-primario-color has-text-color\" style=\"text-transform:uppercase\">SOCIEDAD<\/p>\n\n\n\n<h3 class=\"wp-block-heading has-titolo-xl-font-size\" style=\"font-style:normal;font-weight:300\">Banca del Sempione<strong> (Overseas)<\/strong><\/h3>\n<\/div>\n\n\n\n<div class=\"wp-block-column is-layout-flow wp-block-column-is-layout-flow\" style=\"padding-top:0vw\"><\/div>\n\n\n\n<div class=\"wp-block-column is-layout-flow wp-block-column-is-layout-flow\" style=\"flex-basis:50%\">\n<h4 class=\"wp-block-heading has-titolo-font-size\" style=\"font-style:normal;font-weight:300\">Un ventana abierta al mundo<\/h4>\n\n\n\n<p><strong>Una alternativa fiable para la gesti\u00f3n de patrimonios<\/strong> en el archipi\u00e9lago de las Bahamas. Banca del Sempione (Overseas) Ltd., se cre\u00f3 en el a\u00f1o 2000 en Nassau y est\u00e1 <strong>controlada al 100%<\/strong> por la casa madre suiza.<\/p>\n\n\n\n<div class=\"wp-block-buttons is-layout-flex wp-block-buttons-is-layout-flex\">\n<div class=\"wp-block-button\"><a class=\"wp-block-button__link wp-element-button\" href=\"https:\/\/bancasempione.ch\/es\/el-grupo\/banca-del-sempione-overseas-ltd\/\">descubra m\u00e1s<\/a><\/div>\n<\/div>\n<\/div>\n<\/div>\n<\/div>\n","protected":false},"excerpt":{"rendered":"<p>Su socio para la gesti\u00f3n de patrimonios y para los servicios de planificaci\u00f3n financiera y auxiliar. Las otras sociedades del Grupo SOCIEDAD SempioneSIM Las ra\u00edces de un hist\u00f3rico Grupo suizo en Italia Sempione SIM Spa te ofrece un paquete de servicios exclusivos que comprenden&nbsp;gesti\u00f3n patrimonial,&nbsp;asesoramiento personalizado,&nbsp;compraventa&nbsp;instrumentos financieros,&nbsp;recogida y ejecuci\u00f3n&nbsp;de \u00f3rdenes y&nbsp;colocaci\u00f3n en el mercado&nbsp;de nuevas [&hellip;]<\/p>\n","protected":false},"author":7,"featured_media":7251,"parent":5474,"menu_order":0,"comment_status":"closed","ping_status":"closed","template":"Light Header","meta":{"_acf_changed":false,"footnotes":""},"class_list":["post-7388","page","type-page","status-publish","has-post-thumbnail","hentry"],"acf":[],"yoast_head":"<!-- This site is optimized with the Yoast SEO plugin v27.4 - https:\/\/yoast.com\/product\/yoast-seo-wordpress\/ -->\n<title>Banca del Sempione (Middle East) Ltd. - Banca del Sempione<\/title>\n<meta name=\"robots\" content=\"index, follow, max-snippet:-1, max-image-preview:large, max-video-preview:-1\" \/>\n<link rel=\"canonical\" href=\"https:\/\/www.bancasempione.ch\/es\/el-grupo\/banca-del-sempione-middle-east-ltd\/\" \/>\n<meta property=\"og:locale\" content=\"es_ES\" \/>\n<meta property=\"og:type\" content=\"article\" \/>\n<meta property=\"og:title\" content=\"Banca del Sempione (Middle East) Ltd. - Banca del Sempione\" \/>\n<meta property=\"og:description\" content=\"Su socio para la gesti\u00f3n de patrimonios y para los servicios de planificaci\u00f3n financiera y auxiliar. Las otras sociedades del Grupo SOCIEDAD SempioneSIM Las ra\u00edces de un hist\u00f3rico Grupo suizo en Italia Sempione SIM Spa te ofrece un paquete de servicios exclusivos que comprenden&nbsp;gesti\u00f3n patrimonial,&nbsp;asesoramiento personalizado,&nbsp;compraventa&nbsp;instrumentos financieros,&nbsp;recogida y ejecuci\u00f3n&nbsp;de \u00f3rdenes y&nbsp;colocaci\u00f3n en el mercado&nbsp;de nuevas [&hellip;]\" \/>\n<meta property=\"og:url\" content=\"https:\/\/www.bancasempione.ch\/es\/el-grupo\/banca-del-sempione-middle-east-ltd\/\" \/>\n<meta property=\"og:site_name\" content=\"Banca del Sempione\" \/>\n<meta property=\"article:publisher\" content=\"https:\/\/www.facebook.com\/profile.php?id=100075458006919\" \/>\n<meta property=\"article:modified_time\" content=\"2024-03-13T16:19:26+00:00\" \/>\n<meta property=\"og:image\" content=\"https:\/\/www.bancasempione.ch\/wp-content\/uploads\/Dubai-Financial-Centre-scaled.jpg\" \/>\n\t<meta property=\"og:image:width\" content=\"2560\" \/>\n\t<meta property=\"og:image:height\" content=\"1707\" \/>\n\t<meta property=\"og:image:type\" content=\"image\/jpeg\" \/>\n<meta name=\"twitter:card\" content=\"summary_large_image\" \/>\n<meta name=\"twitter:label1\" content=\"Tiempo de lectura\" \/>\n\t<meta name=\"twitter:data1\" content=\"2 minutos\" \/>\n<script type=\"application\/ld+json\" class=\"yoast-schema-graph\">{\"@context\":\"https:\\\/\\\/schema.org\",\"@graph\":[{\"@type\":\"WebPage\",\"@id\":\"https:\\\/\\\/www.bancasempione.ch\\\/es\\\/el-grupo\\\/banca-del-sempione-middle-east-ltd\\\/\",\"url\":\"https:\\\/\\\/www.bancasempione.ch\\\/es\\\/el-grupo\\\/banca-del-sempione-middle-east-ltd\\\/\",\"name\":\"Banca del Sempione (Middle East) Ltd. - Banca del Sempione\",\"isPartOf\":{\"@id\":\"https:\\\/\\\/www.bancasempione.ch\\\/es\\\/#website\"},\"primaryImageOfPage\":{\"@id\":\"https:\\\/\\\/www.bancasempione.ch\\\/es\\\/el-grupo\\\/banca-del-sempione-middle-east-ltd\\\/#primaryimage\"},\"image\":{\"@id\":\"https:\\\/\\\/www.bancasempione.ch\\\/es\\\/el-grupo\\\/banca-del-sempione-middle-east-ltd\\\/#primaryimage\"},\"thumbnailUrl\":\"https:\\\/\\\/www.bancasempione.ch\\\/wp-content\\\/uploads\\\/Dubai-Financial-Centre-scaled.jpg\",\"datePublished\":\"2024-03-05T14:35:09+00:00\",\"dateModified\":\"2024-03-13T16:19:26+00:00\",\"breadcrumb\":{\"@id\":\"https:\\\/\\\/www.bancasempione.ch\\\/es\\\/el-grupo\\\/banca-del-sempione-middle-east-ltd\\\/#breadcrumb\"},\"inLanguage\":\"es\",\"potentialAction\":[{\"@type\":\"ReadAction\",\"target\":[\"https:\\\/\\\/www.bancasempione.ch\\\/es\\\/el-grupo\\\/banca-del-sempione-middle-east-ltd\\\/\"]}]},{\"@type\":\"ImageObject\",\"inLanguage\":\"es\",\"@id\":\"https:\\\/\\\/www.bancasempione.ch\\\/es\\\/el-grupo\\\/banca-del-sempione-middle-east-ltd\\\/#primaryimage\",\"url\":\"https:\\\/\\\/www.bancasempione.ch\\\/wp-content\\\/uploads\\\/Dubai-Financial-Centre-scaled.jpg\",\"contentUrl\":\"https:\\\/\\\/www.bancasempione.ch\\\/wp-content\\\/uploads\\\/Dubai-Financial-Centre-scaled.jpg\",\"width\":2560,\"height\":1707},{\"@type\":\"BreadcrumbList\",\"@id\":\"https:\\\/\\\/www.bancasempione.ch\\\/es\\\/el-grupo\\\/banca-del-sempione-middle-east-ltd\\\/#breadcrumb\",\"itemListElement\":[{\"@type\":\"ListItem\",\"position\":1,\"name\":\"Home\",\"item\":\"https:\\\/\\\/www.bancasempione.ch\\\/es\\\/\"},{\"@type\":\"ListItem\",\"position\":2,\"name\":\"El grupo\",\"item\":\"https:\\\/\\\/www.bancasempione.ch\\\/es\\\/el-grupo\\\/\"},{\"@type\":\"ListItem\",\"position\":3,\"name\":\"Banca del Sempione (Middle East) Ltd.\"}]},{\"@type\":\"WebSite\",\"@id\":\"https:\\\/\\\/www.bancasempione.ch\\\/es\\\/#website\",\"url\":\"https:\\\/\\\/www.bancasempione.ch\\\/es\\\/\",\"name\":\"Banca del Sempione\",\"description\":\"\",\"publisher\":{\"@id\":\"https:\\\/\\\/www.bancasempione.ch\\\/es\\\/#organization\"},\"potentialAction\":[{\"@type\":\"SearchAction\",\"target\":{\"@type\":\"EntryPoint\",\"urlTemplate\":\"https:\\\/\\\/www.bancasempione.ch\\\/es\\\/?s={search_term_string}\"},\"query-input\":{\"@type\":\"PropertyValueSpecification\",\"valueRequired\":true,\"valueName\":\"search_term_string\"}}],\"inLanguage\":\"es\"},{\"@type\":\"Organization\",\"@id\":\"https:\\\/\\\/www.bancasempione.ch\\\/es\\\/#organization\",\"name\":\"Banca del Sempione\",\"url\":\"https:\\\/\\\/www.bancasempione.ch\\\/es\\\/\",\"logo\":{\"@type\":\"ImageObject\",\"inLanguage\":\"es\",\"@id\":\"https:\\\/\\\/www.bancasempione.ch\\\/es\\\/#\\\/schema\\\/logo\\\/image\\\/\",\"url\":\"https:\\\/\\\/www.bancasempione.ch\\\/wp-content\\\/uploads\\\/bancadelsempione_eng.svg\",\"contentUrl\":\"https:\\\/\\\/www.bancasempione.ch\\\/wp-content\\\/uploads\\\/bancadelsempione_eng.svg\",\"caption\":\"Banca del Sempione\"},\"image\":{\"@id\":\"https:\\\/\\\/www.bancasempione.ch\\\/es\\\/#\\\/schema\\\/logo\\\/image\\\/\"},\"sameAs\":[\"https:\\\/\\\/www.facebook.com\\\/profile.php?id=100075458006919\",\"https:\\\/\\\/www.linkedin.com\\\/company\\\/bancasempione\\\/\",\"https:\\\/\\\/www.instagram.com\\\/bancasempione\\\/\"]}]}<\/script>\n<!-- \/ Yoast SEO plugin. -->","yoast_head_json":{"title":"Banca del Sempione (Middle East) Ltd. - Banca del Sempione","robots":{"index":"index","follow":"follow","max-snippet":"max-snippet:-1","max-image-preview":"max-image-preview:large","max-video-preview":"max-video-preview:-1"},"canonical":"https:\/\/www.bancasempione.ch\/es\/el-grupo\/banca-del-sempione-middle-east-ltd\/","og_locale":"es_ES","og_type":"article","og_title":"Banca del Sempione (Middle East) Ltd. - Banca del Sempione","og_description":"Su socio para la gesti\u00f3n de patrimonios y para los servicios de planificaci\u00f3n financiera y auxiliar. Las otras sociedades del Grupo SOCIEDAD SempioneSIM Las ra\u00edces de un hist\u00f3rico Grupo suizo en Italia Sempione SIM Spa te ofrece un paquete de servicios exclusivos que comprenden&nbsp;gesti\u00f3n patrimonial,&nbsp;asesoramiento personalizado,&nbsp;compraventa&nbsp;instrumentos financieros,&nbsp;recogida y ejecuci\u00f3n&nbsp;de \u00f3rdenes y&nbsp;colocaci\u00f3n en el mercado&nbsp;de nuevas [&hellip;]","og_url":"https:\/\/www.bancasempione.ch\/es\/el-grupo\/banca-del-sempione-middle-east-ltd\/","og_site_name":"Banca del Sempione","article_publisher":"https:\/\/www.facebook.com\/profile.php?id=100075458006919","article_modified_time":"2024-03-13T16:19:26+00:00","og_image":[{"width":2560,"height":1707,"url":"https:\/\/www.bancasempione.ch\/wp-content\/uploads\/Dubai-Financial-Centre-scaled.jpg","type":"image\/jpeg"}],"twitter_card":"summary_large_image","twitter_misc":{"Tiempo de lectura":"2 minutos"},"schema":{"@context":"https:\/\/schema.org","@graph":[{"@type":"WebPage","@id":"https:\/\/www.bancasempione.ch\/es\/el-grupo\/banca-del-sempione-middle-east-ltd\/","url":"https:\/\/www.bancasempione.ch\/es\/el-grupo\/banca-del-sempione-middle-east-ltd\/","name":"Banca del Sempione (Middle East) Ltd. - Banca del Sempione","isPartOf":{"@id":"https:\/\/www.bancasempione.ch\/es\/#website"},"primaryImageOfPage":{"@id":"https:\/\/www.bancasempione.ch\/es\/el-grupo\/banca-del-sempione-middle-east-ltd\/#primaryimage"},"image":{"@id":"https:\/\/www.bancasempione.ch\/es\/el-grupo\/banca-del-sempione-middle-east-ltd\/#primaryimage"},"thumbnailUrl":"https:\/\/www.bancasempione.ch\/wp-content\/uploads\/Dubai-Financial-Centre-scaled.jpg","datePublished":"2024-03-05T14:35:09+00:00","dateModified":"2024-03-13T16:19:26+00:00","breadcrumb":{"@id":"https:\/\/www.bancasempione.ch\/es\/el-grupo\/banca-del-sempione-middle-east-ltd\/#breadcrumb"},"inLanguage":"es","potentialAction":[{"@type":"ReadAction","target":["https:\/\/www.bancasempione.ch\/es\/el-grupo\/banca-del-sempione-middle-east-ltd\/"]}]},{"@type":"ImageObject","inLanguage":"es","@id":"https:\/\/www.bancasempione.ch\/es\/el-grupo\/banca-del-sempione-middle-east-ltd\/#primaryimage","url":"https:\/\/www.bancasempione.ch\/wp-content\/uploads\/Dubai-Financial-Centre-scaled.jpg","contentUrl":"https:\/\/www.bancasempione.ch\/wp-content\/uploads\/Dubai-Financial-Centre-scaled.jpg","width":2560,"height":1707},{"@type":"BreadcrumbList","@id":"https:\/\/www.bancasempione.ch\/es\/el-grupo\/banca-del-sempione-middle-east-ltd\/#breadcrumb","itemListElement":[{"@type":"ListItem","position":1,"name":"Home","item":"https:\/\/www.bancasempione.ch\/es\/"},{"@type":"ListItem","position":2,"name":"El grupo","item":"https:\/\/www.bancasempione.ch\/es\/el-grupo\/"},{"@type":"ListItem","position":3,"name":"Banca del Sempione (Middle East) Ltd."}]},{"@type":"WebSite","@id":"https:\/\/www.bancasempione.ch\/es\/#website","url":"https:\/\/www.bancasempione.ch\/es\/","name":"Banca del Sempione","description":"","publisher":{"@id":"https:\/\/www.bancasempione.ch\/es\/#organization"},"potentialAction":[{"@type":"SearchAction","target":{"@type":"EntryPoint","urlTemplate":"https:\/\/www.bancasempione.ch\/es\/?s={search_term_string}"},"query-input":{"@type":"PropertyValueSpecification","valueRequired":true,"valueName":"search_term_string"}}],"inLanguage":"es"},{"@type":"Organization","@id":"https:\/\/www.bancasempione.ch\/es\/#organization","name":"Banca del Sempione","url":"https:\/\/www.bancasempione.ch\/es\/","logo":{"@type":"ImageObject","inLanguage":"es","@id":"https:\/\/www.bancasempione.ch\/es\/#\/schema\/logo\/image\/","url":"https:\/\/www.bancasempione.ch\/wp-content\/uploads\/bancadelsempione_eng.svg","contentUrl":"https:\/\/www.bancasempione.ch\/wp-content\/uploads\/bancadelsempione_eng.svg","caption":"Banca del Sempione"},"image":{"@id":"https:\/\/www.bancasempione.ch\/es\/#\/schema\/logo\/image\/"},"sameAs":["https:\/\/www.facebook.com\/profile.php?id=100075458006919","https:\/\/www.linkedin.com\/company\/bancasempione\/","https:\/\/www.instagram.com\/bancasempione\/"]}]}},"_links":{"self":[{"href":"https:\/\/www.bancasempione.ch\/es\/wp-json\/wp\/v2\/pages\/7388","targetHints":{"allow":["GET"]}}],"collection":[{"href":"https:\/\/www.bancasempione.ch\/es\/wp-json\/wp\/v2\/pages"}],"about":[{"href":"https:\/\/www.bancasempione.ch\/es\/wp-json\/wp\/v2\/types\/page"}],"author":[{"embeddable":true,"href":"https:\/\/www.bancasempione.ch\/es\/wp-json\/wp\/v2\/users\/7"}],"replies":[{"embeddable":true,"href":"https:\/\/www.bancasempione.ch\/es\/wp-json\/wp\/v2\/comments?post=7388"}],"version-history":[{"count":8,"href":"https:\/\/www.bancasempione.ch\/es\/wp-json\/wp\/v2\/pages\/7388\/revisions"}],"predecessor-version":[{"id":8106,"href":"https:\/\/www.bancasempione.ch\/es\/wp-json\/wp\/v2\/pages\/7388\/revisions\/8106"}],"up":[{"embeddable":true,"href":"https:\/\/www.bancasempione.ch\/es\/wp-json\/wp\/v2\/pages\/5474"}],"wp:featuredmedia":[{"embeddable":true,"href":"https:\/\/www.bancasempione.ch\/es\/wp-json\/wp\/v2\/media\/7251"}],"wp:attachment":[{"href":"https:\/\/www.bancasempione.ch\/es\/wp-json\/wp\/v2\/media?parent=7388"}],"curies":[{"name":"wp","href":"https:\/\/api.w.org\/{rel}","templated":true}]}}