{"id":8234,"date":"2024-04-05T08:42:19","date_gmt":"2024-04-05T07:42:19","guid":{"rendered":"https:\/\/bancasempione.ch\/?page_id=8234"},"modified":"2024-04-05T09:13:21","modified_gmt":"2024-04-05T08:13:21","slug":"garantia-de-depositos","status":"publish","type":"page","link":"https:\/\/www.bancasempione.ch\/es\/area-legal\/garantia-de-depositos\/","title":{"rendered":"Garant\u00eda de dep\u00f3sitos"},"content":{"rendered":"\n<p class=\"has-titolo-xl-font-size\"><strong>Garant\u00eda de dep\u00f3sitos<\/strong><\/p>\n\n<p>Como todos los bancos y operadores de valores mobiliarios de Suiza, Banca del Sempione SA ha suscrito el acuerdo suizo sobre Garant\u00eda de Dep\u00f3sitos y, por lo tanto, es miembro de Esisuisse.<\/p>\n\n<p>La garant\u00eda de dep\u00f3sito protege los saldos de la cuentas de clientes privados y corporativos en caso de quiebra de un banco o operadores de valores mobiliarios. La garant\u00eda se rige por la ley. <\/p>\n\n<p>La garant\u00eda est\u00e1 limitada a un importe m\u00e1ximo de CHF 100.000 por cliente y instituci\u00f3n. Si hay varias cuentas, se sumar\u00e1n.<\/p>\n\n<p>Tambi\u00e9n se debe tener en cuenta que si varias personas son titulares de una cuenta conjunta, forman una comuni\u00f3n, que se trata de la misma manera que un cliente independiente en t\u00e9rminos de garant\u00eda, y los activos a nombre de esta comuni\u00f3n est\u00e1n garantizados hasta un importe total de CHF 100.000. Si dicha comuni\u00f3n tiene varias cuentas, se sumar\u00e1n.<\/p>\n\n<p>Esisuisse garantiza la cobertura de activos garantizados bajo la Autorregulaci\u00f3n de bancos y operadores de valores mobiliarios suizos<\/p>\n\n<p>Los dep\u00f3sitos en Banca del Sempione SA est\u00e1n cubiertos por la garant\u00eda de dep\u00f3sito. <\/p>\n\n<p>La informaci\u00f3n detallada est\u00e1 disponible en <a href=\"https:\/\/www.esisuisse.ch\/it\">www.esisuisse.ch<\/a>. Banca del Sempione SA est\u00e1 siempre a su completa disposici\u00f3n para cualquier aclaraci\u00f3n.<\/p>\n\n<p class=\"has-primario-color has-text-color has-link-color wp-elements-99233873190b00a6c036edecaeb04546\" style=\"font-size:clamp(14px, 0.875rem + ((1vw - 3.2px) * 0.377), 18px);\"><\/p>\n","protected":false},"excerpt":{"rendered":"<p>Garant\u00eda de dep\u00f3sitos Como todos los bancos y operadores de valores mobiliarios de Suiza, Banca del Sempione SA ha suscrito el acuerdo suizo sobre Garant\u00eda de Dep\u00f3sitos y, por lo tanto, es miembro de Esisuisse. La garant\u00eda de dep\u00f3sito protege los saldos de la cuentas de clientes privados y corporativos en caso de quiebra de [&hellip;]<\/p>\n","protected":false},"author":7,"featured_media":5401,"parent":5418,"menu_order":0,"comment_status":"closed","ping_status":"closed","template":"No Hero","meta":{"_acf_changed":false,"footnotes":""},"class_list":["post-8234","page","type-page","status-publish","has-post-thumbnail","hentry"],"acf":[],"yoast_head":"<!-- This site is optimized with the Yoast SEO plugin v27.4 - https:\/\/yoast.com\/product\/yoast-seo-wordpress\/ -->\n<title>Garant\u00eda de dep\u00f3sitos - Banca del Sempione<\/title>\n<meta name=\"robots\" content=\"index, follow, max-snippet:-1, max-image-preview:large, max-video-preview:-1\" \/>\n<link rel=\"canonical\" href=\"https:\/\/www.bancasempione.ch\/es\/area-legal\/garantia-de-depositos\/\" \/>\n<meta property=\"og:locale\" content=\"es_ES\" \/>\n<meta property=\"og:type\" content=\"article\" \/>\n<meta property=\"og:title\" content=\"Garant\u00eda de dep\u00f3sitos - Banca del Sempione\" \/>\n<meta property=\"og:description\" content=\"Garant\u00eda de dep\u00f3sitos Como todos los bancos y operadores de valores mobiliarios de Suiza, Banca del Sempione SA ha suscrito el acuerdo suizo sobre Garant\u00eda de Dep\u00f3sitos y, por lo tanto, es miembro de Esisuisse. La garant\u00eda de dep\u00f3sito protege los saldos de la cuentas de clientes privados y corporativos en caso de quiebra de [&hellip;]\" \/>\n<meta property=\"og:url\" content=\"https:\/\/www.bancasempione.ch\/es\/area-legal\/garantia-de-depositos\/\" \/>\n<meta property=\"og:site_name\" content=\"Banca del Sempione\" \/>\n<meta property=\"article:publisher\" content=\"https:\/\/www.facebook.com\/profile.php?id=100075458006919\" \/>\n<meta property=\"article:modified_time\" content=\"2024-04-05T08:13:21+00:00\" \/>\n<meta property=\"og:image\" content=\"https:\/\/www.bancasempione.ch\/wp-content\/uploads\/Banca-Sempione-Team-210565-2.jpg\" \/>\n\t<meta property=\"og:image:width\" content=\"1708\" \/>\n\t<meta property=\"og:image:height\" content=\"1138\" \/>\n\t<meta property=\"og:image:type\" content=\"image\/jpeg\" \/>\n<meta name=\"twitter:card\" content=\"summary_large_image\" \/>\n<meta name=\"twitter:label1\" content=\"Tiempo de lectura\" \/>\n\t<meta name=\"twitter:data1\" content=\"2 minutos\" \/>\n<script type=\"application\/ld+json\" class=\"yoast-schema-graph\">{\"@context\":\"https:\\\/\\\/schema.org\",\"@graph\":[{\"@type\":\"WebPage\",\"@id\":\"https:\\\/\\\/www.bancasempione.ch\\\/es\\\/area-legal\\\/garantia-de-depositos\\\/\",\"url\":\"https:\\\/\\\/www.bancasempione.ch\\\/es\\\/area-legal\\\/garantia-de-depositos\\\/\",\"name\":\"Garant\u00eda de dep\u00f3sitos - Banca del Sempione\",\"isPartOf\":{\"@id\":\"https:\\\/\\\/www.bancasempione.ch\\\/es\\\/#website\"},\"primaryImageOfPage\":{\"@id\":\"https:\\\/\\\/www.bancasempione.ch\\\/es\\\/area-legal\\\/garantia-de-depositos\\\/#primaryimage\"},\"image\":{\"@id\":\"https:\\\/\\\/www.bancasempione.ch\\\/es\\\/area-legal\\\/garantia-de-depositos\\\/#primaryimage\"},\"thumbnailUrl\":\"https:\\\/\\\/www.bancasempione.ch\\\/wp-content\\\/uploads\\\/Banca-Sempione-Team-210565-2.jpg\",\"datePublished\":\"2024-04-05T07:42:19+00:00\",\"dateModified\":\"2024-04-05T08:13:21+00:00\",\"breadcrumb\":{\"@id\":\"https:\\\/\\\/www.bancasempione.ch\\\/es\\\/area-legal\\\/garantia-de-depositos\\\/#breadcrumb\"},\"inLanguage\":\"es\",\"potentialAction\":[{\"@type\":\"ReadAction\",\"target\":[\"https:\\\/\\\/www.bancasempione.ch\\\/es\\\/area-legal\\\/garantia-de-depositos\\\/\"]}]},{\"@type\":\"ImageObject\",\"inLanguage\":\"es\",\"@id\":\"https:\\\/\\\/www.bancasempione.ch\\\/es\\\/area-legal\\\/garantia-de-depositos\\\/#primaryimage\",\"url\":\"https:\\\/\\\/www.bancasempione.ch\\\/wp-content\\\/uploads\\\/Banca-Sempione-Team-210565-2.jpg\",\"contentUrl\":\"https:\\\/\\\/www.bancasempione.ch\\\/wp-content\\\/uploads\\\/Banca-Sempione-Team-210565-2.jpg\",\"width\":1708,\"height\":1138},{\"@type\":\"BreadcrumbList\",\"@id\":\"https:\\\/\\\/www.bancasempione.ch\\\/es\\\/area-legal\\\/garantia-de-depositos\\\/#breadcrumb\",\"itemListElement\":[{\"@type\":\"ListItem\",\"position\":1,\"name\":\"Home\",\"item\":\"https:\\\/\\\/www.bancasempione.ch\\\/es\\\/\"},{\"@type\":\"ListItem\",\"position\":2,\"name\":\"\u00c1rea Legal\",\"item\":\"https:\\\/\\\/www.bancasempione.ch\\\/es\\\/area-legal\\\/\"},{\"@type\":\"ListItem\",\"position\":3,\"name\":\"Garant\u00eda de dep\u00f3sitos\"}]},{\"@type\":\"WebSite\",\"@id\":\"https:\\\/\\\/www.bancasempione.ch\\\/es\\\/#website\",\"url\":\"https:\\\/\\\/www.bancasempione.ch\\\/es\\\/\",\"name\":\"Banca del Sempione\",\"description\":\"\",\"publisher\":{\"@id\":\"https:\\\/\\\/www.bancasempione.ch\\\/es\\\/#organization\"},\"potentialAction\":[{\"@type\":\"SearchAction\",\"target\":{\"@type\":\"EntryPoint\",\"urlTemplate\":\"https:\\\/\\\/www.bancasempione.ch\\\/es\\\/?s={search_term_string}\"},\"query-input\":{\"@type\":\"PropertyValueSpecification\",\"valueRequired\":true,\"valueName\":\"search_term_string\"}}],\"inLanguage\":\"es\"},{\"@type\":\"Organization\",\"@id\":\"https:\\\/\\\/www.bancasempione.ch\\\/es\\\/#organization\",\"name\":\"Banca del Sempione\",\"url\":\"https:\\\/\\\/www.bancasempione.ch\\\/es\\\/\",\"logo\":{\"@type\":\"ImageObject\",\"inLanguage\":\"es\",\"@id\":\"https:\\\/\\\/www.bancasempione.ch\\\/es\\\/#\\\/schema\\\/logo\\\/image\\\/\",\"url\":\"https:\\\/\\\/www.bancasempione.ch\\\/wp-content\\\/uploads\\\/bancadelsempione_eng.svg\",\"contentUrl\":\"https:\\\/\\\/www.bancasempione.ch\\\/wp-content\\\/uploads\\\/bancadelsempione_eng.svg\",\"caption\":\"Banca del Sempione\"},\"image\":{\"@id\":\"https:\\\/\\\/www.bancasempione.ch\\\/es\\\/#\\\/schema\\\/logo\\\/image\\\/\"},\"sameAs\":[\"https:\\\/\\\/www.facebook.com\\\/profile.php?id=100075458006919\",\"https:\\\/\\\/www.linkedin.com\\\/company\\\/bancasempione\\\/\",\"https:\\\/\\\/www.instagram.com\\\/bancasempione\\\/\"]}]}<\/script>\n<!-- \/ Yoast SEO plugin. -->","yoast_head_json":{"title":"Garant\u00eda de dep\u00f3sitos - Banca del Sempione","robots":{"index":"index","follow":"follow","max-snippet":"max-snippet:-1","max-image-preview":"max-image-preview:large","max-video-preview":"max-video-preview:-1"},"canonical":"https:\/\/www.bancasempione.ch\/es\/area-legal\/garantia-de-depositos\/","og_locale":"es_ES","og_type":"article","og_title":"Garant\u00eda de dep\u00f3sitos - Banca del Sempione","og_description":"Garant\u00eda de dep\u00f3sitos Como todos los bancos y operadores de valores mobiliarios de Suiza, Banca del Sempione SA ha suscrito el acuerdo suizo sobre Garant\u00eda de Dep\u00f3sitos y, por lo tanto, es miembro de Esisuisse. La garant\u00eda de dep\u00f3sito protege los saldos de la cuentas de clientes privados y corporativos en caso de quiebra de [&hellip;]","og_url":"https:\/\/www.bancasempione.ch\/es\/area-legal\/garantia-de-depositos\/","og_site_name":"Banca del Sempione","article_publisher":"https:\/\/www.facebook.com\/profile.php?id=100075458006919","article_modified_time":"2024-04-05T08:13:21+00:00","og_image":[{"width":1708,"height":1138,"url":"https:\/\/www.bancasempione.ch\/wp-content\/uploads\/Banca-Sempione-Team-210565-2.jpg","type":"image\/jpeg"}],"twitter_card":"summary_large_image","twitter_misc":{"Tiempo de lectura":"2 minutos"},"schema":{"@context":"https:\/\/schema.org","@graph":[{"@type":"WebPage","@id":"https:\/\/www.bancasempione.ch\/es\/area-legal\/garantia-de-depositos\/","url":"https:\/\/www.bancasempione.ch\/es\/area-legal\/garantia-de-depositos\/","name":"Garant\u00eda de dep\u00f3sitos - Banca del Sempione","isPartOf":{"@id":"https:\/\/www.bancasempione.ch\/es\/#website"},"primaryImageOfPage":{"@id":"https:\/\/www.bancasempione.ch\/es\/area-legal\/garantia-de-depositos\/#primaryimage"},"image":{"@id":"https:\/\/www.bancasempione.ch\/es\/area-legal\/garantia-de-depositos\/#primaryimage"},"thumbnailUrl":"https:\/\/www.bancasempione.ch\/wp-content\/uploads\/Banca-Sempione-Team-210565-2.jpg","datePublished":"2024-04-05T07:42:19+00:00","dateModified":"2024-04-05T08:13:21+00:00","breadcrumb":{"@id":"https:\/\/www.bancasempione.ch\/es\/area-legal\/garantia-de-depositos\/#breadcrumb"},"inLanguage":"es","potentialAction":[{"@type":"ReadAction","target":["https:\/\/www.bancasempione.ch\/es\/area-legal\/garantia-de-depositos\/"]}]},{"@type":"ImageObject","inLanguage":"es","@id":"https:\/\/www.bancasempione.ch\/es\/area-legal\/garantia-de-depositos\/#primaryimage","url":"https:\/\/www.bancasempione.ch\/wp-content\/uploads\/Banca-Sempione-Team-210565-2.jpg","contentUrl":"https:\/\/www.bancasempione.ch\/wp-content\/uploads\/Banca-Sempione-Team-210565-2.jpg","width":1708,"height":1138},{"@type":"BreadcrumbList","@id":"https:\/\/www.bancasempione.ch\/es\/area-legal\/garantia-de-depositos\/#breadcrumb","itemListElement":[{"@type":"ListItem","position":1,"name":"Home","item":"https:\/\/www.bancasempione.ch\/es\/"},{"@type":"ListItem","position":2,"name":"\u00c1rea Legal","item":"https:\/\/www.bancasempione.ch\/es\/area-legal\/"},{"@type":"ListItem","position":3,"name":"Garant\u00eda de dep\u00f3sitos"}]},{"@type":"WebSite","@id":"https:\/\/www.bancasempione.ch\/es\/#website","url":"https:\/\/www.bancasempione.ch\/es\/","name":"Banca del Sempione","description":"","publisher":{"@id":"https:\/\/www.bancasempione.ch\/es\/#organization"},"potentialAction":[{"@type":"SearchAction","target":{"@type":"EntryPoint","urlTemplate":"https:\/\/www.bancasempione.ch\/es\/?s={search_term_string}"},"query-input":{"@type":"PropertyValueSpecification","valueRequired":true,"valueName":"search_term_string"}}],"inLanguage":"es"},{"@type":"Organization","@id":"https:\/\/www.bancasempione.ch\/es\/#organization","name":"Banca del Sempione","url":"https:\/\/www.bancasempione.ch\/es\/","logo":{"@type":"ImageObject","inLanguage":"es","@id":"https:\/\/www.bancasempione.ch\/es\/#\/schema\/logo\/image\/","url":"https:\/\/www.bancasempione.ch\/wp-content\/uploads\/bancadelsempione_eng.svg","contentUrl":"https:\/\/www.bancasempione.ch\/wp-content\/uploads\/bancadelsempione_eng.svg","caption":"Banca del Sempione"},"image":{"@id":"https:\/\/www.bancasempione.ch\/es\/#\/schema\/logo\/image\/"},"sameAs":["https:\/\/www.facebook.com\/profile.php?id=100075458006919","https:\/\/www.linkedin.com\/company\/bancasempione\/","https:\/\/www.instagram.com\/bancasempione\/"]}]}},"_links":{"self":[{"href":"https:\/\/www.bancasempione.ch\/es\/wp-json\/wp\/v2\/pages\/8234","targetHints":{"allow":["GET"]}}],"collection":[{"href":"https:\/\/www.bancasempione.ch\/es\/wp-json\/wp\/v2\/pages"}],"about":[{"href":"https:\/\/www.bancasempione.ch\/es\/wp-json\/wp\/v2\/types\/page"}],"author":[{"embeddable":true,"href":"https:\/\/www.bancasempione.ch\/es\/wp-json\/wp\/v2\/users\/7"}],"replies":[{"embeddable":true,"href":"https:\/\/www.bancasempione.ch\/es\/wp-json\/wp\/v2\/comments?post=8234"}],"version-history":[{"count":5,"href":"https:\/\/www.bancasempione.ch\/es\/wp-json\/wp\/v2\/pages\/8234\/revisions"}],"predecessor-version":[{"id":8244,"href":"https:\/\/www.bancasempione.ch\/es\/wp-json\/wp\/v2\/pages\/8234\/revisions\/8244"}],"up":[{"embeddable":true,"href":"https:\/\/www.bancasempione.ch\/es\/wp-json\/wp\/v2\/pages\/5418"}],"wp:featuredmedia":[{"embeddable":true,"href":"https:\/\/www.bancasempione.ch\/es\/wp-json\/wp\/v2\/media\/5401"}],"wp:attachment":[{"href":"https:\/\/www.bancasempione.ch\/es\/wp-json\/wp\/v2\/media?parent=8234"}],"curies":[{"name":"wp","href":"https:\/\/api.w.org\/{rel}","templated":true}]}}