{"id":9831,"date":"2024-06-21T15:15:42","date_gmt":"2024-06-21T13:15:42","guid":{"rendered":"https:\/\/bancasempione.ch\/trabaja-con-nosotros\/"},"modified":"2025-07-07T09:01:21","modified_gmt":"2025-07-07T07:01:21","slug":"trabaja-con-nosotros","status":"publish","type":"page","link":"https:\/\/www.bancasempione.ch\/es\/trabaja-con-nosotros\/","title":{"rendered":"Trabaja con Nosotros"},"content":{"rendered":"<section class=\"content-block-bg alignfull\" style=\"background: linear-gradient(0deg, rgba(0, 0, 0, 50%), rgba(0, 0, 0, 50%)), url(https:\/\/www.bancasempione.ch\/wp-content\/uploads\/banca_sempione_lavora_con_noi.jpg) ;  background-position-x: 50% !important;  min-height:70vh;\"><div class=\"content-block is-position-bottom-left   \" style=\" min-height:70vh;\" ><div class=\"wp-block-cover__inner-container\">\n\n<p class=\"has-primario-color has-text-color\">TRABAJA CON NOSOTROS<\/p>\n\n\n\n<h1 class=\"wp-block-heading has-white-color has-text-color has-titolo-xxxl-font-size\" style=\"font-style:normal;font-weight:300\">Ti ofrecemos la <strong>seguridad<\/strong>, la experiencia y los <strong>valores<\/strong> de un grupo s\u00f3lido y establecido.<\/h1>\n\n<\/div><\/div><\/section>\n<div class=\"wp-block-group alignfull has-background is-layout-flow wp-block-group-is-layout-flow\" style=\"background-color:#eeeeee\"><section class=\"content-block-bg alignfull\" style=\" min-height:10vh;\"><div class=\"content-block is-position-center-center  has-black-color has-text-color \" style=\" min-height:10vh;\" ><div class=\"wp-block-cover__inner-container\">\n\n<div class=\"wp-block-columns is-layout-flex wp-container-core-columns-is-layout-24c49c62 wp-block-columns-is-layout-flex\" style=\"margin-top:0;padding-top:0;padding-right:0;padding-bottom:0;padding-left:0\">\n<div class=\"wp-block-column is-vertically-aligned-top is-layout-flow wp-block-column-is-layout-flow\" style=\"flex-basis:40%\">\n<p class=\"has-text-align-left has-primario-color has-text-color\" style=\"text-transform:uppercase\">TRABAJA CON NOSOTROS<\/p>\n\n\n\n<h3 class=\"wp-block-heading has-text-align-left has-titolo-xl-font-size\" style=\"font-style:normal;font-weight:300\"><strong>3 excelentes razones<\/strong> para unirse a nuestro equipo.<br\/><\/h3>\n<\/div>\n\n\n\n<div class=\"wp-block-column is-layout-flow wp-block-column-is-layout-flow\">\n<p><\/p>\n<\/div>\n\n\n\n<div class=\"wp-block-column is-layout-flow wp-block-column-is-layout-flow\" style=\"flex-basis:50%\">\n<div style=\"height:80px\" aria-hidden=\"true\" class=\"wp-block-spacer no-mobile\"><\/div>\n\n\n\n<p class=\"has-titolo-font-size\" style=\"font-style:normal;font-weight:300\">1. Las <strong>personas<\/strong> en primer lugar.<\/p>\n\n\n\n<p class=\"has-black-color has-text-color\">Nuestra banco est\u00e1 construida sobre el valor m\u00e1s precioso: las personas. Reconocemos y valoramos el talento \u00fanico de cada colaborador y colaboradora, el coraz\u00f3n latente de nuestra organizaci\u00f3n.<\/p>\n\n\n\n<hr class=\"wp-block-separator has-text-color has-cyan-bluish-gray-color has-alpha-channel-opacity has-cyan-bluish-gray-background-color has-background is-style-wide\" style=\"margin-top:var(--wp--preset--spacing--30);margin-bottom:0\"\/>\n\n\n\n<p class=\"has-titolo-font-size\" style=\"font-style:normal;font-weight:300\">2. Una <strong>Banca Privada Suiza<\/strong> con visi\u00f3n global<\/p>\n\n\n\n<p>Nuestras ra\u00edces est\u00e1n arraigadas en el Ticino y nuestra sede principal est\u00e1 en Lugano, pero nuestra mirada siempre est\u00e1 dirigida hacia el mundo.<\/p>\n\n\n\n<hr class=\"wp-block-separator has-text-color has-cyan-bluish-gray-color has-alpha-channel-opacity has-cyan-bluish-gray-background-color has-background is-style-wide\" style=\"margin-top:var(--wp--preset--spacing--30);margin-bottom:0\"\/>\n\n\n\n<p class=\"has-titolo-font-size\" style=\"font-style:normal;font-weight:300\">3. <strong>Bienestar y equilibrio<\/strong><\/p>\n\n\n\n<p>Ofrecemos un entorno de trabajo saludable, un elemento esencial para el bienestar de nuestros colaboradores, que a su vez fomente la mejora del rendimiento tanto individual como colectivo. Cada semana ofrecemos fruta fresca para fomentar buenos h\u00e1bitos, tenemos un huerto donde se puede disfrutar de un descanso \u00abalternativo\u00bb y proporcionamos a cada uno plataformas de bienestar y facilidades de todo tipo.<br\/>Promovemos el respeto mutuo, la transparencia, la equidad y la inclusi\u00f3n, adoptando un enfoque hol\u00edstico que facilite el equilibrio entre la vida personal y profesional gracias, por ejemplo, a nuestra pol\u00edtica de teletrabajo flexible.<\/p>\n<\/div>\n<\/div>\n\n<\/div><\/div><\/section><\/div>\n\n<div class=\"wp-block-group has-global-padding is-layout-constrained wp-block-group-is-layout-constrained\">\n<div style=\"height:50px\" aria-hidden=\"true\" class=\"wp-block-spacer\"><\/div>\n\n\n\n<h2 class=\"wp-block-heading has-titolo-xl-font-size\" style=\"font-style:normal;font-weight:300\">Descubre nuestras <strong>posiciones abiertas<\/strong><\/h2>\n\n\n\n<div style=\"height:50px\" aria-hidden=\"true\" class=\"wp-block-spacer\"><\/div>\n\n\n\n<div class=\"wp-block-query alignfull has-global-padding is-layout-constrained wp-block-query-is-layout-constrained\"><ul class=\"wp-block-post-template is-layout-flow wp-block-post-template-is-layout-flow\"><li class=\"wp-block-post post-17364 job type-job status-publish hentry\">\n<div class=\"wp-block-post-date has-text-color has-light-gray-color\"><time datetime=\"2025-07-02T16:12:39+02:00\">2 de julio de 2025<\/time><\/div>\n\n<h4 style=\"font-style:normal;font-weight:400; padding-top:0;padding-bottom:0;margin-top:var(--wp--preset--spacing--20);margin-bottom:var(--wp--preset--spacing--20);\" class=\"arrow-title wp-block-post-title has-titolo-font-size\"><a href=\"https:\/\/www.bancasempione.ch\/es\/job\/private-banking-assistant\/\" target=\"_self\" >Private Banking Assistant<\/a><\/h4>\n\n\n<div class=\"wp-block-group has-primario-color has-text-color is-layout-flow wp-block-group-is-layout-flow\" style=\"margin-top:0;margin-bottom:0;padding-top:0;padding-bottom:0;text-transform:uppercase\"><div class=\"luogo-job fade-up\">Zurich, Full time<\/div><\/div>\n\n\n\n<hr class=\"wp-block-separator has-alpha-channel-opacity is-style-wide\" style=\"margin-top:5vh;margin-bottom:5vh\"\/>\n\n<\/li><\/ul>\n\n\n\n<\/div>\n<\/div>\n\n<div class=\"wp-block-group alignfull has-background has-global-padding is-layout-constrained wp-block-group-is-layout-constrained\" style=\"background-color:#eeeeee;margin-top:0vh;margin-bottom:0vw;padding-top:8vh;padding-bottom:8vh\">\n<p class=\"has-text-align-center has-titolo-xl-font-size\" style=\"margin-bottom:0;padding-right:0;padding-left:0\">\u00a1Claro! Si no has encontrado la posici\u00f3n que te interesa, \u00a1env\u00eda igualmente tu candidatura!<\/p>\n\n\n\n\n<div class=\"wp-block-buttons wp-block-button is-content-justification-center is-layout-flex wp-container-core-buttons-is-layout-0b1bf01a wp-block-buttons-is-layout-flex\">\n<div class=\"wp-block-frm-modal-button wp-block-button\"><a data-toggle=\"modal\" data-bs-toggle=\"modal\" data-target=\"#frm-modal-0\" data-bs-target=\"#frm-modal-0\" class=\"wp-block-frm-modal-button__link wp-block-button__link wp-element-button\">CANDIDATURA ESPONT\u00c1NEA<\/a><\/div><br>\n<\/div>\n\n\n\n<\/div>\n","protected":false},"excerpt":{"rendered":"<p>Descubre nuestras posiciones abiertas \u00a1Claro! Si no has encontrado la posici\u00f3n que te interesa, \u00a1env\u00eda igualmente tu candidatura!<\/p>\n","protected":false},"author":1,"featured_media":0,"parent":0,"menu_order":0,"comment_status":"closed","ping_status":"closed","template":"Light Header","meta":{"_acf_changed":false,"footnotes":""},"class_list":["post-9831","page","type-page","status-publish","hentry"],"acf":[],"yoast_head":"<!-- This site is optimized with the Yoast SEO plugin v27.4 - https:\/\/yoast.com\/product\/yoast-seo-wordpress\/ -->\n<title>Trabaja con Nosotros - Banca del Sempione<\/title>\n<meta name=\"robots\" content=\"index, follow, max-snippet:-1, max-image-preview:large, max-video-preview:-1\" \/>\n<link rel=\"canonical\" href=\"https:\/\/www.bancasempione.ch\/es\/trabaja-con-nosotros\/\" \/>\n<meta property=\"og:locale\" content=\"es_ES\" \/>\n<meta property=\"og:type\" content=\"article\" \/>\n<meta property=\"og:title\" content=\"Trabaja con Nosotros - Banca del Sempione\" \/>\n<meta property=\"og:description\" content=\"Descubre nuestras posiciones abiertas \u00a1Claro! Si no has encontrado la posici\u00f3n que te interesa, \u00a1env\u00eda igualmente tu candidatura!\" \/>\n<meta property=\"og:url\" content=\"https:\/\/www.bancasempione.ch\/es\/trabaja-con-nosotros\/\" \/>\n<meta property=\"og:site_name\" content=\"Banca del Sempione\" \/>\n<meta property=\"article:publisher\" content=\"https:\/\/www.facebook.com\/profile.php?id=100075458006919\" \/>\n<meta property=\"article:modified_time\" content=\"2025-07-07T07:01:21+00:00\" \/>\n<meta name=\"twitter:card\" content=\"summary_large_image\" \/>\n<meta name=\"twitter:label1\" content=\"Tiempo de lectura\" \/>\n\t<meta name=\"twitter:data1\" content=\"2 minutos\" \/>\n<script type=\"application\/ld+json\" class=\"yoast-schema-graph\">{\"@context\":\"https:\\\/\\\/schema.org\",\"@graph\":[{\"@type\":\"WebPage\",\"@id\":\"https:\\\/\\\/www.bancasempione.ch\\\/es\\\/trabaja-con-nosotros\\\/\",\"url\":\"https:\\\/\\\/www.bancasempione.ch\\\/es\\\/trabaja-con-nosotros\\\/\",\"name\":\"Trabaja con Nosotros - Banca del Sempione\",\"isPartOf\":{\"@id\":\"https:\\\/\\\/www.bancasempione.ch\\\/es\\\/#website\"},\"datePublished\":\"2024-06-21T13:15:42+00:00\",\"dateModified\":\"2025-07-07T07:01:21+00:00\",\"breadcrumb\":{\"@id\":\"https:\\\/\\\/www.bancasempione.ch\\\/es\\\/trabaja-con-nosotros\\\/#breadcrumb\"},\"inLanguage\":\"es\",\"potentialAction\":[{\"@type\":\"ReadAction\",\"target\":[\"https:\\\/\\\/www.bancasempione.ch\\\/es\\\/trabaja-con-nosotros\\\/\"]}]},{\"@type\":\"BreadcrumbList\",\"@id\":\"https:\\\/\\\/www.bancasempione.ch\\\/es\\\/trabaja-con-nosotros\\\/#breadcrumb\",\"itemListElement\":[{\"@type\":\"ListItem\",\"position\":1,\"name\":\"Home\",\"item\":\"https:\\\/\\\/www.bancasempione.ch\\\/es\\\/\"},{\"@type\":\"ListItem\",\"position\":2,\"name\":\"Trabaja con Nosotros\"}]},{\"@type\":\"WebSite\",\"@id\":\"https:\\\/\\\/www.bancasempione.ch\\\/es\\\/#website\",\"url\":\"https:\\\/\\\/www.bancasempione.ch\\\/es\\\/\",\"name\":\"Banca del Sempione\",\"description\":\"\",\"publisher\":{\"@id\":\"https:\\\/\\\/www.bancasempione.ch\\\/es\\\/#organization\"},\"potentialAction\":[{\"@type\":\"SearchAction\",\"target\":{\"@type\":\"EntryPoint\",\"urlTemplate\":\"https:\\\/\\\/www.bancasempione.ch\\\/es\\\/?s={search_term_string}\"},\"query-input\":{\"@type\":\"PropertyValueSpecification\",\"valueRequired\":true,\"valueName\":\"search_term_string\"}}],\"inLanguage\":\"es\"},{\"@type\":\"Organization\",\"@id\":\"https:\\\/\\\/www.bancasempione.ch\\\/es\\\/#organization\",\"name\":\"Banca del Sempione\",\"url\":\"https:\\\/\\\/www.bancasempione.ch\\\/es\\\/\",\"logo\":{\"@type\":\"ImageObject\",\"inLanguage\":\"es\",\"@id\":\"https:\\\/\\\/www.bancasempione.ch\\\/es\\\/#\\\/schema\\\/logo\\\/image\\\/\",\"url\":\"https:\\\/\\\/www.bancasempione.ch\\\/wp-content\\\/uploads\\\/bancadelsempione_eng.svg\",\"contentUrl\":\"https:\\\/\\\/www.bancasempione.ch\\\/wp-content\\\/uploads\\\/bancadelsempione_eng.svg\",\"caption\":\"Banca del Sempione\"},\"image\":{\"@id\":\"https:\\\/\\\/www.bancasempione.ch\\\/es\\\/#\\\/schema\\\/logo\\\/image\\\/\"},\"sameAs\":[\"https:\\\/\\\/www.facebook.com\\\/profile.php?id=100075458006919\",\"https:\\\/\\\/www.linkedin.com\\\/company\\\/bancasempione\\\/\",\"https:\\\/\\\/www.instagram.com\\\/bancasempione\\\/\"]}]}<\/script>\n<!-- \/ Yoast SEO plugin. -->","yoast_head_json":{"title":"Trabaja con Nosotros - Banca del Sempione","robots":{"index":"index","follow":"follow","max-snippet":"max-snippet:-1","max-image-preview":"max-image-preview:large","max-video-preview":"max-video-preview:-1"},"canonical":"https:\/\/www.bancasempione.ch\/es\/trabaja-con-nosotros\/","og_locale":"es_ES","og_type":"article","og_title":"Trabaja con Nosotros - Banca del Sempione","og_description":"Descubre nuestras posiciones abiertas \u00a1Claro! Si no has encontrado la posici\u00f3n que te interesa, \u00a1env\u00eda igualmente tu candidatura!","og_url":"https:\/\/www.bancasempione.ch\/es\/trabaja-con-nosotros\/","og_site_name":"Banca del Sempione","article_publisher":"https:\/\/www.facebook.com\/profile.php?id=100075458006919","article_modified_time":"2025-07-07T07:01:21+00:00","twitter_card":"summary_large_image","twitter_misc":{"Tiempo de lectura":"2 minutos"},"schema":{"@context":"https:\/\/schema.org","@graph":[{"@type":"WebPage","@id":"https:\/\/www.bancasempione.ch\/es\/trabaja-con-nosotros\/","url":"https:\/\/www.bancasempione.ch\/es\/trabaja-con-nosotros\/","name":"Trabaja con Nosotros - Banca del Sempione","isPartOf":{"@id":"https:\/\/www.bancasempione.ch\/es\/#website"},"datePublished":"2024-06-21T13:15:42+00:00","dateModified":"2025-07-07T07:01:21+00:00","breadcrumb":{"@id":"https:\/\/www.bancasempione.ch\/es\/trabaja-con-nosotros\/#breadcrumb"},"inLanguage":"es","potentialAction":[{"@type":"ReadAction","target":["https:\/\/www.bancasempione.ch\/es\/trabaja-con-nosotros\/"]}]},{"@type":"BreadcrumbList","@id":"https:\/\/www.bancasempione.ch\/es\/trabaja-con-nosotros\/#breadcrumb","itemListElement":[{"@type":"ListItem","position":1,"name":"Home","item":"https:\/\/www.bancasempione.ch\/es\/"},{"@type":"ListItem","position":2,"name":"Trabaja con Nosotros"}]},{"@type":"WebSite","@id":"https:\/\/www.bancasempione.ch\/es\/#website","url":"https:\/\/www.bancasempione.ch\/es\/","name":"Banca del Sempione","description":"","publisher":{"@id":"https:\/\/www.bancasempione.ch\/es\/#organization"},"potentialAction":[{"@type":"SearchAction","target":{"@type":"EntryPoint","urlTemplate":"https:\/\/www.bancasempione.ch\/es\/?s={search_term_string}"},"query-input":{"@type":"PropertyValueSpecification","valueRequired":true,"valueName":"search_term_string"}}],"inLanguage":"es"},{"@type":"Organization","@id":"https:\/\/www.bancasempione.ch\/es\/#organization","name":"Banca del Sempione","url":"https:\/\/www.bancasempione.ch\/es\/","logo":{"@type":"ImageObject","inLanguage":"es","@id":"https:\/\/www.bancasempione.ch\/es\/#\/schema\/logo\/image\/","url":"https:\/\/www.bancasempione.ch\/wp-content\/uploads\/bancadelsempione_eng.svg","contentUrl":"https:\/\/www.bancasempione.ch\/wp-content\/uploads\/bancadelsempione_eng.svg","caption":"Banca del Sempione"},"image":{"@id":"https:\/\/www.bancasempione.ch\/es\/#\/schema\/logo\/image\/"},"sameAs":["https:\/\/www.facebook.com\/profile.php?id=100075458006919","https:\/\/www.linkedin.com\/company\/bancasempione\/","https:\/\/www.instagram.com\/bancasempione\/"]}]}},"_links":{"self":[{"href":"https:\/\/www.bancasempione.ch\/es\/wp-json\/wp\/v2\/pages\/9831","targetHints":{"allow":["GET"]}}],"collection":[{"href":"https:\/\/www.bancasempione.ch\/es\/wp-json\/wp\/v2\/pages"}],"about":[{"href":"https:\/\/www.bancasempione.ch\/es\/wp-json\/wp\/v2\/types\/page"}],"author":[{"embeddable":true,"href":"https:\/\/www.bancasempione.ch\/es\/wp-json\/wp\/v2\/users\/1"}],"replies":[{"embeddable":true,"href":"https:\/\/www.bancasempione.ch\/es\/wp-json\/wp\/v2\/comments?post=9831"}],"version-history":[{"count":7,"href":"https:\/\/www.bancasempione.ch\/es\/wp-json\/wp\/v2\/pages\/9831\/revisions"}],"predecessor-version":[{"id":17601,"href":"https:\/\/www.bancasempione.ch\/es\/wp-json\/wp\/v2\/pages\/9831\/revisions\/17601"}],"wp:attachment":[{"href":"https:\/\/www.bancasempione.ch\/es\/wp-json\/wp\/v2\/media?parent=9831"}],"curies":[{"name":"wp","href":"https:\/\/api.w.org\/{rel}","templated":true}]}}